{"id":22485,"date":"2023-11-24T12:29:55","date_gmt":"2023-11-24T11:29:55","guid":{"rendered":"https:\/\/newlooxs.nl\/?page_id=22485"},"modified":"2025-04-04T13:13:45","modified_gmt":"2025-04-04T11:13:45","slug":"doppeltaschen","status":"publish","type":"page","link":"https:\/\/newlooxs.nl\/de\/produkte\/doppeltaschen\/","title":{"rendered":"Doppeltaschen"},"content":{"rendered":"\n<div id=\"algemeen\" class=\"wp-block-group is-layout-constrained wp-block-group-is-layout-constrained\">\n<div id=\"collectie-header\" class=\"wp-block-group is-layout-constrained wp-block-group-is-layout-constrained\">\n<div class=\"wp-block-columns alignfull has-color-4-background-color has-background is-layout-flex wp-container-core-columns-is-layout-763660d3 wp-block-columns-is-layout-flex\" style=\"margin-top:0px;margin-bottom:0px;padding-top:0px;padding-right:0px;padding-bottom:0px;padding-left:0px\">\n<div class=\"wp-block-column column-marge is-layout-flow wp-block-column-is-layout-flow\"><\/div>\n\n\n\n<div class=\"wp-block-column is-vertically-aligned-center column-text has-color-4-background-color has-background is-layout-flow wp-container-core-column-is-layout-58caa531 wp-block-column-is-layout-flow\" style=\"border-left-style:none;border-left-width:0px;padding-top:var(--wp--preset--spacing--50);padding-right:0;padding-bottom:var(--wp--preset--spacing--50);padding-left:var(--wp--preset--spacing--50);flex-basis:660px\">\n<div class=\"wp-block-group has-color-4-background-color has-background is-layout-constrained wp-container-core-group-is-layout-309ce678 wp-block-group-is-layout-constrained\" style=\"border-left-color:var(--wp--preset--color--color-1);border-left-width:30px;margin-top:0px;margin-bottom:0px;padding-top:var(--wp--preset--spacing--80);padding-right:var(--wp--preset--spacing--80);padding-bottom:var(--wp--preset--spacing--80);padding-left:var(--wp--preset--spacing--80)\"><div class=\"yoast-breadcrumbs wp-block-yoast-seo-breadcrumbs\"><span><span><a href=\"https:\/\/newlooxs.nl\/de\/\">Home<\/a><\/span> \u00bb <span><a href=\"https:\/\/newlooxs.nl\/de\/produkte\/\">Produkte<\/a><\/span> \u00bb <span class=\"breadcrumb_last\" aria-current=\"page\">Doppeltaschen<\/span><\/span><\/div>\n\n\n<div style=\"height:40px;--spacer-height:40px\" aria-hidden=\"true\" class=\"wp-block-spacer\"><\/div>\n\n\n\n<div class=\"wp-block-group is-nowrap is-layout-flex wp-container-core-group-is-layout-ee308172 wp-block-group-is-layout-flex\" style=\"margin-top:0px;margin-bottom:0px\">\n<h1 class=\"wp-block-heading collection-title\" id=\"h-doppeltaschen\" style=\"font-size:40px;line-height:1.2\"><mark style=\"background-color:#f04923\" class=\"has-inline-color has-color-5-color\">Doppeltaschen<\/mark><\/h1>\n\n\n\n<figure class=\"wp-block-image size-full title-logo\"><img loading=\"lazy\" decoding=\"async\" width=\"50\" height=\"45\" src=\"https:\/\/newlooxs.nl\/wp-content\/uploads\/2023\/06\/newloox-beeldmerk-50.png\"alt=\"New Looxs - newloox-beeldmerk-50\"class=\"wp-image-1286\"\/><\/figure>\n<\/div>\n\n\n\n<p class=\"has-extra-large-font-size\">Mit einer Doppeltasche haben Sie doppelt so viel Platz, um Ihre Sachen auf dem Fahrrad mitzunehmen. Ob f\u00fcr den t\u00e4glichen Einkauf oder eine sportliche Fahrt, was immer Sie mitnehmen m\u00f6chten, passt problemlos hinein. <\/p>\n\n\n\n<div class=\"wp-block-buttons is-layout-flex wp-block-buttons-is-layout-flex\">\n<div class=\"wp-block-button is-style-fill\"><a class=\"wp-block-button__link has-color-1-background-color has-background wp-element-button\" href=\"https:\/\/newlooxs.nl\/de\/produkte\/?_sft_dubbel_of_enkel_cat=doppel\">Alle Doppeltaschen ansehen<\/a><\/div>\n\n\n\n<div class=\"wp-block-button is-style-fill\"><a class=\"wp-block-button__link has-color-2-color has-color-5-background-color has-text-color has-background wp-element-button\" href=\"https:\/\/newlooxs.nl\/de\/vertriebsadressen-new-looxs\/\">Verkaufsstellen ansehen<\/a><\/div>\n<\/div>\n<\/div>\n<\/div>\n\n\n\n<div class=\"wp-block-column is-layout-flow wp-block-column-is-layout-flow\" style=\"flex-basis:50%\">\n<div class=\"wp-block-cover is-light\" style=\"margin-top:0px;margin-bottom:0px;padding-top:0px;padding-right:0px;padding-bottom:0px;padding-left:0px;min-height:100%;aspect-ratio:unset;\"><span aria-hidden=\"true\" class=\"wp-block-cover__background has-background-dim-0 has-background-dim\" style=\"background-color:#a59c8d\"><\/span><img loading=\"lazy\" decoding=\"async\" width=\"2560\" height=\"1707\" class=\"wp-block-cover__image-background wp-image-33962\" alt=\"\" src=\"https:\/\/newlooxs.nl\/wp-content\/uploads\/2025\/04\/15A1325-scaled.jpg\" style=\"object-position:52% 83%\" data-object-fit=\"cover\" data-object-position=\"52% 83%\" srcset=\"https:\/\/newlooxs.nl\/wp-content\/uploads\/2025\/04\/15A1325-scaled.jpg 2560w, https:\/\/newlooxs.nl\/wp-content\/uploads\/2025\/04\/15A1325-768x512.jpg 768w, https:\/\/newlooxs.nl\/wp-content\/uploads\/2025\/04\/15A1325-1280x854.jpg 1280w, https:\/\/newlooxs.nl\/wp-content\/uploads\/2025\/04\/15A1325-300x200.jpg 300w, https:\/\/newlooxs.nl\/wp-content\/uploads\/2025\/04\/15A1325-50x33.jpg 50w, https:\/\/newlooxs.nl\/wp-content\/uploads\/2025\/04\/15A1325-1600x1067.jpg 1600w, https:\/\/newlooxs.nl\/wp-content\/uploads\/2025\/04\/15A1325-1536x1024.jpg 1536w, https:\/\/newlooxs.nl\/wp-content\/uploads\/2025\/04\/15A1325-2048x1366.jpg 2048w\" sizes=\"auto, (max-width: 2560px) 100vw, 2560px\" \/><div class=\"wp-block-cover__inner-container is-layout-flow wp-block-cover-is-layout-flow\">\n<p class=\"has-text-align-center has-large-font-size\"><\/p>\n<\/div><\/div>\n<\/div>\n<\/div>\n\n\n\n<div style=\"height:29px;--spacer-height:29px\" aria-hidden=\"true\" class=\"wp-block-spacer\"><\/div>\n<\/div>\n\n\n\r\n<div id=\"block_c42999ddb8f039c57f20eda016b55914\" class=\"wp-block-acf-prode-archive alignnone \">\r\n\t<div class=\"container\">\r\n\t\t<div class=\"row cards-wrapper g-2\">\r\n\t\t\t<ul class=\"related-products\"><li>\r\n\t<a href=\"https:\/\/newlooxs.nl\/de\/produkt\/nyborg-double-393539\/\">\r\n\t\t\t\t\t<div class=\"img-wrap product-card new-image\">\r\n\t\t\t\t<picture><source srcset=\"https:\/\/newlooxs.nl\/wp-content\/uploads\/product-images\/Collection%20LR\/Nyborg\/Nyborg%20Double\/393539%20Nyborg%20Double%20Red%20-%20Black%20(1)-card.webp\" type=\"image\/webp\"><img decoding=\"async\" src=\"https:\/\/newlooxs.nl\/product_images_new\/Collection%20LR\/Nyborg\/Nyborg%20Double\/393539%20Nyborg%20Double%20Red%20-%20Black%20(1).JPG\" alt=\"Nyborg Double &#8211; 393,539\" style=\"height: 150px; transform: none;\"><\/picture>\t\t\t\t\t<span class=\"price\">\r\n\t\t\t\t\t\t\u20ac89,95\t\t\t\t\t<\/span>\r\n\t\t\t\t\t\t\t\t<\/div>\r\n\t\t\t\t\t<div class=\"info-wrap\">\r\n\t\t\t<p class=\"has-text-align-left\" style=\"margin-top:0px;margin-right:0px;margin-bottom:0px;margin-left:0px;padding-top:10px;padding-right:0px;padding-bottom:0px;padding-left:0px\">\r\n\t\t\t\tNyborg Double\t\t\t<\/p>\r\n\t\t\t<p class=\"has-text-align-left has-medium-font-size\" style=\"margin-top:0px;margin-right:0px;margin-bottom:0px;margin-left:0px;padding-top:0px;padding-right:0px;padding-bottom:0px;padding-left:0px\">\r\n    \t\t\tDoppelpacktasche\t\t\t\t &#8211; Red \/ Black\t\t\t<\/p>\r\n\r\n\t\t<\/div>\r\n\t<\/a>\r\n<\/li>\r\n<li>\r\n\t<a href=\"https:\/\/newlooxs.nl\/de\/produkt\/odense-double-mik-224-511mik\/\">\r\n\t\t\t\t\t<div class=\"img-wrap product-card new-image\">\r\n\t\t\t\t<picture><source srcset=\"https:\/\/newlooxs.nl\/wp-content\/uploads\/product-images\/Collection%20LR\/Odense\/Odense%20Double%20MIK\/224511MIK%20Odense%20Double%20MIK%20Green%20(1)-card.webp\" type=\"image\/webp\"><img decoding=\"async\" src=\"https:\/\/newlooxs.nl\/product_images_new\/Collection%20LR\/Odense\/Odense%20Double%20MIK\/224511MIK%20Odense%20Double%20MIK%20Green%20(1).JPG\" alt=\"Odense Double MIK &#8211; 224.511MIK\" style=\"height: 150px; transform: none;\"><\/picture>\t\t\t\t\t<span class=\"price\">\r\n\t\t\t\t\t\t\u20ac138,95\t\t\t\t\t<\/span>\r\n\t\t\t\t\t\t\t\t<\/div>\r\n\t\t\t\t\t<div class=\"info-wrap\">\r\n\t\t\t<p class=\"has-text-align-left\" style=\"margin-top:0px;margin-right:0px;margin-bottom:0px;margin-left:0px;padding-top:10px;padding-right:0px;padding-bottom:0px;padding-left:0px\">\r\n\t\t\t\tOdense Double MIK\t\t\t<\/p>\r\n\t\t\t<p class=\"has-text-align-left has-medium-font-size\" style=\"margin-top:0px;margin-right:0px;margin-bottom:0px;margin-left:0px;padding-top:0px;padding-right:0px;padding-bottom:0px;padding-left:0px\">\r\n    \t\t\tDoppelpacktasche\t\t\t\t &#8211; Green\t\t\t<\/p>\r\n\r\n\t\t<\/div>\r\n\t<\/a>\r\n<\/li>\r\n<li>\r\n\t<a href=\"https:\/\/newlooxs.nl\/de\/produkt\/varo-double-pannier-racktime-195-330rt\/\">\r\n\t\t\t\t\t<div class=\"img-wrap product-card new-image\">\r\n\t\t\t\t<picture><source srcset=\"https:\/\/newlooxs.nl\/wp-content\/uploads\/product-images\/Collection%20LR\/Varo\/Varo%20Double%20Pannier%20Racktime\/195330RT%20Varo%20Double%20Racktime%20Black%20(1)-card.webp\" type=\"image\/webp\"><img decoding=\"async\" src=\"https:\/\/newlooxs.nl\/product_images_new\/Collection%20LR\/Varo\/Varo%20Double%20Pannier%20Racktime\/195330RT%20Varo%20Double%20Racktime%20Black%20(1).JPG\" alt=\"Varo Double Pannier Racktime &#8211; 195.330RT\" style=\"height: 150px; transform: none;\"><\/picture>\t\t\t\t\t<span class=\"price\">\r\n\t\t\t\t\t\t\u20ac159,95\t\t\t\t\t<\/span>\r\n\t\t\t\t\t\t\t\t<\/div>\r\n\t\t\t\t\t<div class=\"info-wrap\">\r\n\t\t\t<p class=\"has-text-align-left\" style=\"margin-top:0px;margin-right:0px;margin-bottom:0px;margin-left:0px;padding-top:10px;padding-right:0px;padding-bottom:0px;padding-left:0px\">\r\n\t\t\t\tVaro Double Pannier Racktime\t\t\t<\/p>\r\n\t\t\t<p class=\"has-text-align-left has-medium-font-size\" style=\"margin-top:0px;margin-right:0px;margin-bottom:0px;margin-left:0px;padding-top:0px;padding-right:0px;padding-bottom:0px;padding-left:0px\">\r\n    \t\t\tDoppelpacktasche\t\t\t\t &#8211; Black\t\t\t<\/p>\r\n\r\n\t\t<\/div>\r\n\t<\/a>\r\n<\/li>\r\n<\/ul>\t\t<\/div>\r\n\t<\/div>\r\n<\/div>\r\n\n\n\n<div class=\"wp-block-buttons is-layout-flex wp-block-buttons-is-layout-flex\">\n<div class=\"wp-block-button\"><a class=\"wp-block-button__link wp-element-button\" href=\"https:\/\/newlooxs.nl\/de\/produkte\/?_sft_dubbel_of_enkel_cat=doppel\">Alle Doppeltaschen ansehen<\/a><\/div>\n<\/div>\n\n\n\n<div style=\"height:29px;--spacer-height:29px\" aria-hidden=\"true\" class=\"wp-block-spacer\"><\/div>\n\n\n\n<div id=\"collectie-tekst\" class=\"wp-block-group is-content-justification-left is-layout-constrained wp-container-core-group-is-layout-3ac27376 wp-block-group-is-layout-constrained\">\n<h2 class=\"wp-block-heading\" id=\"h-montage\">Montage<\/h2>\n\n\n\n<p>Meistens lassen Sie die Doppeltaschen an Ihrem Fahrrad. Egal wohin Sie fahren, Sie haben immer ger\u00e4umige Taschen zur Verf\u00fcgung, um Ihre Sachen zu transportieren. <\/p>\n\n\n\n<p>M\u00f6chten Sie sie vom Fahrrad abnehmen k\u00f6nnen, wenn Sie nicht fahren? W\u00e4hlen Sie einen Adapter von <a href=\"https:\/\/newlooxs.nl\/de\/produkte\/?_sft_bevestiging_cat=mik-adapter-de\">MIK<\/a> oder <a href=\"https:\/\/newlooxs.nl\/de\/produkte\/?_sft_bevestiging_cat=racktime-snapit-2-0-adapter-de,racktime-snapit-adapter-de\">Racktime.<\/a> Damit k\u00f6nnen Sie die Taschen schnell auf Ihr Fahrrad klicken und sie mit einer Bewegung wieder abnehmen. Sehr praktisch, wenn Sie Ihren Fahrrad auf dem Gep\u00e4cktr\u00e4ger Ihres Autos mitnimmen oder wenn Sie Ihren Fahrrad immer drau\u00dfen abstellen m\u00fcssen.<\/p>\n<\/div>\n\n\n\n<div style=\"height:29px;--spacer-height:29px\" aria-hidden=\"true\" class=\"wp-block-spacer\"><\/div>\n\n\n\n<div id=\"locaties-kaart\" class=\"wp-block-group is-layout-constrained wp-block-group-is-layout-constrained\">\n<div class=\"wp-block-columns is-layout-flex wp-container-core-columns-is-layout-51c0b34d wp-block-columns-is-layout-flex\" style=\"padding-top:var(--wp--preset--spacing--50);padding-bottom:var(--wp--preset--spacing--50);gap:32px\">\n<div class=\"wp-block-column is-vertically-aligned-center is-layout-flow wp-block-column-is-layout-flow\" style=\"flex-basis:35%\">\n<h2 class=\"wp-block-heading has-color-2-color has-text-color\" id=\"h-finde-ein-geschaft-in-der-nahe\">Finde ein <mark style=\"background-color:rgba(0, 0, 0, 0)\" class=\"has-inline-color has-color-1-color\">Gesch\u00e4ft <\/mark>in der N\u00e4he!<\/h2>\n\n\n\n<p class=\"has-color-2-color has-text-color has-extra-large-font-size\">Sind Sie interessiert an unserem Programm? Bitte dr\u00fccken Sie auf die Taste um ein Gesch\u00e4ft in Ihrer Umgebung zu finden.<\/p>\n\n\n\n<div class=\"wp-block-buttons is-content-justification-left is-layout-flex wp-container-core-buttons-is-layout-fc4fd283 wp-block-buttons-is-layout-flex\">\n<div class=\"wp-block-button\"><a class=\"wp-block-button__link has-color-5-color has-color-1-background-color has-text-color has-background has-text-align-center wp-element-button\" href=\"https:\/\/newlooxs.nl\/de\/vertriebsadressen-new-looxs\/\">H\u00e4ndler suchen<\/a><\/div>\n<\/div>\n<\/div>\n\n\n\n<div class=\"wp-block-column is-layout-flow wp-block-column-is-layout-flow\">\n<figure class=\"wp-block-image size-large is-resized\"><a href=\"https:\/\/newlooxs.nl\/de\/vertriebsadressen-new-looxs\/\"><img decoding=\"async\" src=\"https:\/\/newlooxs.nl\/wp-content\/uploads\/2023\/06\/afbeelding-1.png\"alt=\"New Looxs - afbeelding-1\"style=\"width:477px;height:auto\"\/><\/a><\/figure>\n<\/div>\n<\/div>\n<\/div>\n<\/div>\n","protected":false},"excerpt":{"rendered":"<p>Doppeltaschen Mit einer Doppeltasche haben Sie doppelt so viel Platz, um Ihre Sachen auf dem Fahrrad mitzunehmen. Ob f\u00fcr den t\u00e4glichen Einkauf oder eine sportliche Fahrt, was immer Sie mitnehmen m\u00f6chten, passt problemlos hinein. Montage Meistens lassen Sie die Doppeltaschen an Ihrem Fahrrad. Egal wohin Sie fahren, Sie haben immer ger\u00e4umige Taschen zur Verf\u00fcgung, um [&hellip;]<\/p>\n","protected":false},"author":9,"featured_media":33962,"parent":5144,"menu_order":2,"comment_status":"closed","ping_status":"closed","template":"","meta":{"_acf_changed":false,"_eb_attr":"","_relevanssi_hide_post":"","_relevanssi_hide_content":"","_relevanssi_pin_for_all":"","_relevanssi_pin_keywords":"","_relevanssi_unpin_keywords":"","_relevanssi_related_keywords":"","_relevanssi_related_include_ids":"","_relevanssi_related_exclude_ids":"","_relevanssi_related_no_append":"","_relevanssi_related_not_related":"","_relevanssi_related_posts":"3974,3915,3743,3980,3831,4021","_relevanssi_noindex_reason":"","inline_featured_image":false,"footnotes":""},"class_list":["post-22485","page","type-page","status-publish","has-post-thumbnail","hentry"],"acf":[],"yoast_head":"<!-- This site is optimized with the Yoast SEO Premium plugin v22.0 (Yoast SEO v27.5) - https:\/\/yoast.com\/product\/yoast-seo-premium-wordpress\/ -->\n<title>Doppeltaschen | New Looxs | Verschiedene Modelle entdecken<\/title>\n<meta name=\"description\" content=\"New Looxs bietet eine gro\u00dfe Auswahl an ger\u00e4umigen und alltagstauglichen Doppeltaschen. St\u00f6bern Sie in der Kollektion und finden Sie einen H\u00e4ndler in Ihrer N\u00e4he.\" \/>\n<meta name=\"robots\" content=\"index, follow, max-snippet:-1, max-image-preview:large, max-video-preview:-1\" \/>\n<link rel=\"canonical\" href=\"https:\/\/newlooxs.nl\/de\/produkte\/doppeltaschen\/\" \/>\n<meta property=\"og:locale\" content=\"de_DE\" \/>\n<meta property=\"og:type\" content=\"article\" \/>\n<meta property=\"og:title\" content=\"Doppeltaschen\" \/>\n<meta property=\"og:description\" content=\"New Looxs bietet eine gro\u00dfe Auswahl an ger\u00e4umigen und alltagstauglichen Doppeltaschen. St\u00f6bern Sie in der Kollektion und finden Sie einen H\u00e4ndler in Ihrer N\u00e4he.\" \/>\n<meta property=\"og:url\" content=\"https:\/\/newlooxs.nl\/de\/produkte\/doppeltaschen\/\" \/>\n<meta property=\"og:site_name\" content=\"New Looxs\" \/>\n<meta property=\"article:publisher\" content=\"https:\/\/www.facebook.com\/NewLooxs\/\" \/>\n<meta property=\"article:modified_time\" content=\"2025-04-04T11:13:45+00:00\" \/>\n<meta property=\"og:image\" content=\"https:\/\/newlooxs.nl\/wp-content\/uploads\/2025\/04\/15A1325-scaled.jpg\" \/>\n\t<meta property=\"og:image:width\" content=\"2560\" \/>\n\t<meta property=\"og:image:height\" content=\"1707\" \/>\n\t<meta property=\"og:image:type\" content=\"image\/jpeg\" \/>\n<meta name=\"twitter:card\" content=\"summary_large_image\" \/>\n<meta name=\"twitter:label1\" content=\"Gesch\u00e4tzte Lesezeit\" \/>\n\t<meta name=\"twitter:data1\" content=\"3\u00a0Minuten\" \/>\n<script type=\"application\/ld+json\" class=\"yoast-schema-graph\">{\"@context\":\"https:\\\/\\\/schema.org\",\"@graph\":[{\"@type\":\"WebPage\",\"@id\":\"https:\\\/\\\/newlooxs.nl\\\/de\\\/produkte\\\/doppeltaschen\\\/\",\"url\":\"https:\\\/\\\/newlooxs.nl\\\/de\\\/produkte\\\/doppeltaschen\\\/\",\"name\":\"Doppeltaschen | New Looxs | Verschiedene Modelle entdecken\",\"isPartOf\":{\"@id\":\"https:\\\/\\\/newlooxs.nl\\\/de\\\/#website\"},\"primaryImageOfPage\":{\"@id\":\"https:\\\/\\\/newlooxs.nl\\\/de\\\/produkte\\\/doppeltaschen\\\/#primaryimage\"},\"image\":{\"@id\":\"https:\\\/\\\/newlooxs.nl\\\/de\\\/produkte\\\/doppeltaschen\\\/#primaryimage\"},\"thumbnailUrl\":\"https:\\\/\\\/newlooxs.nl\\\/wp-content\\\/uploads\\\/2025\\\/04\\\/15A1325-scaled.jpg\",\"datePublished\":\"2023-11-24T11:29:55+00:00\",\"dateModified\":\"2025-04-04T11:13:45+00:00\",\"description\":\"New Looxs bietet eine gro\u00dfe Auswahl an ger\u00e4umigen und alltagstauglichen Doppeltaschen. St\u00f6bern Sie in der Kollektion und finden Sie einen H\u00e4ndler in Ihrer N\u00e4he.\",\"breadcrumb\":{\"@id\":\"https:\\\/\\\/newlooxs.nl\\\/de\\\/produkte\\\/doppeltaschen\\\/#breadcrumb\"},\"inLanguage\":\"de\",\"potentialAction\":[{\"@type\":\"ReadAction\",\"target\":[\"https:\\\/\\\/newlooxs.nl\\\/de\\\/produkte\\\/doppeltaschen\\\/\"]}]},{\"@type\":\"ImageObject\",\"inLanguage\":\"de\",\"@id\":\"https:\\\/\\\/newlooxs.nl\\\/de\\\/produkte\\\/doppeltaschen\\\/#primaryimage\",\"url\":\"https:\\\/\\\/newlooxs.nl\\\/wp-content\\\/uploads\\\/2025\\\/04\\\/15A1325-scaled.jpg\",\"contentUrl\":\"https:\\\/\\\/newlooxs.nl\\\/wp-content\\\/uploads\\\/2025\\\/04\\\/15A1325-scaled.jpg\",\"width\":2560,\"height\":1707},{\"@type\":\"BreadcrumbList\",\"@id\":\"https:\\\/\\\/newlooxs.nl\\\/de\\\/produkte\\\/doppeltaschen\\\/#breadcrumb\",\"itemListElement\":[{\"@type\":\"ListItem\",\"position\":1,\"name\":\"Home\",\"item\":\"https:\\\/\\\/newlooxs.nl\\\/de\\\/\"},{\"@type\":\"ListItem\",\"position\":2,\"name\":\"Produkte\",\"item\":\"https:\\\/\\\/newlooxs.nl\\\/de\\\/produkte\\\/\"},{\"@type\":\"ListItem\",\"position\":3,\"name\":\"Doppeltaschen\"}]},{\"@type\":\"WebSite\",\"@id\":\"https:\\\/\\\/newlooxs.nl\\\/de\\\/#website\",\"url\":\"https:\\\/\\\/newlooxs.nl\\\/de\\\/\",\"name\":\"New Looxs\",\"description\":\"\",\"publisher\":{\"@id\":\"https:\\\/\\\/newlooxs.nl\\\/de\\\/#organization\"},\"potentialAction\":[{\"@type\":\"SearchAction\",\"target\":{\"@type\":\"EntryPoint\",\"urlTemplate\":\"https:\\\/\\\/newlooxs.nl\\\/de\\\/?s={search_term_string}\"},\"query-input\":{\"@type\":\"PropertyValueSpecification\",\"valueRequired\":true,\"valueName\":\"search_term_string\"}}],\"inLanguage\":\"de\"},{\"@type\":\"Organization\",\"@id\":\"https:\\\/\\\/newlooxs.nl\\\/de\\\/#organization\",\"name\":\"New Looxs\",\"url\":\"https:\\\/\\\/newlooxs.nl\\\/de\\\/\",\"logo\":{\"@type\":\"ImageObject\",\"inLanguage\":\"de\",\"@id\":\"https:\\\/\\\/newlooxs.nl\\\/de\\\/#\\\/schema\\\/logo\\\/image\\\/\",\"url\":\"https:\\\/\\\/newlooxs.nl\\\/wp-content\\\/uploads\\\/2023\\\/06\\\/logo1.svg\",\"contentUrl\":\"https:\\\/\\\/newlooxs.nl\\\/wp-content\\\/uploads\\\/2023\\\/06\\\/logo1.svg\",\"caption\":\"New Looxs\"},\"image\":{\"@id\":\"https:\\\/\\\/newlooxs.nl\\\/de\\\/#\\\/schema\\\/logo\\\/image\\\/\"},\"sameAs\":[\"https:\\\/\\\/www.facebook.com\\\/NewLooxs\\\/\",\"https:\\\/\\\/www.instagram.com\\\/newlooxs\\\/\",\"https:\\\/\\\/www.linkedin.com\\\/company\\\/newlooxs\\\/\",\"https:\\\/\\\/www.youtube.com\\\/@newlooxs-bicyclebagsbaskets\"]}]}<\/script>\n<!-- \/ Yoast SEO Premium plugin. -->","yoast_head_json":{"title":"Doppeltaschen | New Looxs | Verschiedene Modelle entdecken","description":"New Looxs bietet eine gro\u00dfe Auswahl an ger\u00e4umigen und alltagstauglichen Doppeltaschen. St\u00f6bern Sie in der Kollektion und finden Sie einen H\u00e4ndler in Ihrer N\u00e4he.","robots":{"index":"index","follow":"follow","max-snippet":"max-snippet:-1","max-image-preview":"max-image-preview:large","max-video-preview":"max-video-preview:-1"},"canonical":"https:\/\/newlooxs.nl\/de\/produkte\/doppeltaschen\/","og_locale":"de_DE","og_type":"article","og_title":"Doppeltaschen","og_description":"New Looxs bietet eine gro\u00dfe Auswahl an ger\u00e4umigen und alltagstauglichen Doppeltaschen. St\u00f6bern Sie in der Kollektion und finden Sie einen H\u00e4ndler in Ihrer N\u00e4he.","og_url":"https:\/\/newlooxs.nl\/de\/produkte\/doppeltaschen\/","og_site_name":"New Looxs","article_publisher":"https:\/\/www.facebook.com\/NewLooxs\/","article_modified_time":"2025-04-04T11:13:45+00:00","og_image":[{"width":2560,"height":1707,"url":"https:\/\/newlooxs.nl\/wp-content\/uploads\/2025\/04\/15A1325-scaled.jpg","type":"image\/jpeg"}],"twitter_card":"summary_large_image","twitter_misc":{"Gesch\u00e4tzte Lesezeit":"3\u00a0Minuten"},"schema":{"@context":"https:\/\/schema.org","@graph":[{"@type":"WebPage","@id":"https:\/\/newlooxs.nl\/de\/produkte\/doppeltaschen\/","url":"https:\/\/newlooxs.nl\/de\/produkte\/doppeltaschen\/","name":"Doppeltaschen | New Looxs | Verschiedene Modelle entdecken","isPartOf":{"@id":"https:\/\/newlooxs.nl\/de\/#website"},"primaryImageOfPage":{"@id":"https:\/\/newlooxs.nl\/de\/produkte\/doppeltaschen\/#primaryimage"},"image":{"@id":"https:\/\/newlooxs.nl\/de\/produkte\/doppeltaschen\/#primaryimage"},"thumbnailUrl":"https:\/\/newlooxs.nl\/wp-content\/uploads\/2025\/04\/15A1325-scaled.jpg","datePublished":"2023-11-24T11:29:55+00:00","dateModified":"2025-04-04T11:13:45+00:00","description":"New Looxs bietet eine gro\u00dfe Auswahl an ger\u00e4umigen und alltagstauglichen Doppeltaschen. St\u00f6bern Sie in der Kollektion und finden Sie einen H\u00e4ndler in Ihrer N\u00e4he.","breadcrumb":{"@id":"https:\/\/newlooxs.nl\/de\/produkte\/doppeltaschen\/#breadcrumb"},"inLanguage":"de","potentialAction":[{"@type":"ReadAction","target":["https:\/\/newlooxs.nl\/de\/produkte\/doppeltaschen\/"]}]},{"@type":"ImageObject","inLanguage":"de","@id":"https:\/\/newlooxs.nl\/de\/produkte\/doppeltaschen\/#primaryimage","url":"https:\/\/newlooxs.nl\/wp-content\/uploads\/2025\/04\/15A1325-scaled.jpg","contentUrl":"https:\/\/newlooxs.nl\/wp-content\/uploads\/2025\/04\/15A1325-scaled.jpg","width":2560,"height":1707},{"@type":"BreadcrumbList","@id":"https:\/\/newlooxs.nl\/de\/produkte\/doppeltaschen\/#breadcrumb","itemListElement":[{"@type":"ListItem","position":1,"name":"Home","item":"https:\/\/newlooxs.nl\/de\/"},{"@type":"ListItem","position":2,"name":"Produkte","item":"https:\/\/newlooxs.nl\/de\/produkte\/"},{"@type":"ListItem","position":3,"name":"Doppeltaschen"}]},{"@type":"WebSite","@id":"https:\/\/newlooxs.nl\/de\/#website","url":"https:\/\/newlooxs.nl\/de\/","name":"New Looxs","description":"","publisher":{"@id":"https:\/\/newlooxs.nl\/de\/#organization"},"potentialAction":[{"@type":"SearchAction","target":{"@type":"EntryPoint","urlTemplate":"https:\/\/newlooxs.nl\/de\/?s={search_term_string}"},"query-input":{"@type":"PropertyValueSpecification","valueRequired":true,"valueName":"search_term_string"}}],"inLanguage":"de"},{"@type":"Organization","@id":"https:\/\/newlooxs.nl\/de\/#organization","name":"New Looxs","url":"https:\/\/newlooxs.nl\/de\/","logo":{"@type":"ImageObject","inLanguage":"de","@id":"https:\/\/newlooxs.nl\/de\/#\/schema\/logo\/image\/","url":"https:\/\/newlooxs.nl\/wp-content\/uploads\/2023\/06\/logo1.svg","contentUrl":"https:\/\/newlooxs.nl\/wp-content\/uploads\/2023\/06\/logo1.svg","caption":"New Looxs"},"image":{"@id":"https:\/\/newlooxs.nl\/de\/#\/schema\/logo\/image\/"},"sameAs":["https:\/\/www.facebook.com\/NewLooxs\/","https:\/\/www.instagram.com\/newlooxs\/","https:\/\/www.linkedin.com\/company\/newlooxs\/","https:\/\/www.youtube.com\/@newlooxs-bicyclebagsbaskets"]}]}},"_links":{"self":[{"href":"https:\/\/newlooxs.nl\/de\/wp-json\/wp\/v2\/pages\/22485","targetHints":{"allow":["GET"]}}],"collection":[{"href":"https:\/\/newlooxs.nl\/de\/wp-json\/wp\/v2\/pages"}],"about":[{"href":"https:\/\/newlooxs.nl\/de\/wp-json\/wp\/v2\/types\/page"}],"author":[{"embeddable":true,"href":"https:\/\/newlooxs.nl\/de\/wp-json\/wp\/v2\/users\/9"}],"replies":[{"embeddable":true,"href":"https:\/\/newlooxs.nl\/de\/wp-json\/wp\/v2\/comments?post=22485"}],"version-history":[{"count":7,"href":"https:\/\/newlooxs.nl\/de\/wp-json\/wp\/v2\/pages\/22485\/revisions"}],"predecessor-version":[{"id":33967,"href":"https:\/\/newlooxs.nl\/de\/wp-json\/wp\/v2\/pages\/22485\/revisions\/33967"}],"up":[{"embeddable":true,"href":"https:\/\/newlooxs.nl\/de\/wp-json\/wp\/v2\/pages\/5144"}],"wp:featuredmedia":[{"embeddable":true,"href":"https:\/\/newlooxs.nl\/de\/wp-json\/wp\/v2\/media\/33962"}],"wp:attachment":[{"href":"https:\/\/newlooxs.nl\/de\/wp-json\/wp\/v2\/media?parent=22485"}],"curies":[{"name":"wp","href":"https:\/\/api.w.org\/{rel}","templated":true}]}}