{"id":5112,"date":"2023-09-12T14:30:10","date_gmt":"2023-09-12T12:30:10","guid":{"rendered":"https:\/\/newlooxs.nl\/fietsaccessoires\/"},"modified":"2024-08-29T08:53:38","modified_gmt":"2024-08-29T06:53:38","slug":"zubehor","status":"publish","type":"page","link":"https:\/\/newlooxs.nl\/de\/produkte\/zubehor\/","title":{"rendered":"Zubeh\u00f6r"},"content":{"rendered":"\n<div id=\"algemeen\" class=\"wp-block-group is-layout-constrained wp-block-group-is-layout-constrained\">\n<div id=\"collectie-header\" class=\"wp-block-group is-layout-constrained wp-block-group-is-layout-constrained\">\n<div class=\"wp-block-columns alignfull has-color-4-background-color has-background is-layout-flex wp-container-core-columns-is-layout-763660d3 wp-block-columns-is-layout-flex\" style=\"margin-top:0px;margin-bottom:0px;padding-top:0px;padding-right:0px;padding-bottom:0px;padding-left:0px\">\n<div class=\"wp-block-column column-marge is-layout-flow wp-block-column-is-layout-flow\"><\/div>\n\n\n\n<div class=\"wp-block-column is-vertically-aligned-center column-text has-color-4-background-color has-background is-layout-flow wp-container-core-column-is-layout-58caa531 wp-block-column-is-layout-flow\" style=\"border-left-style:none;border-left-width:0px;padding-top:var(--wp--preset--spacing--50);padding-right:0;padding-bottom:var(--wp--preset--spacing--50);padding-left:var(--wp--preset--spacing--50);flex-basis:660px\">\n<div class=\"wp-block-group has-color-4-background-color has-background is-layout-constrained wp-container-core-group-is-layout-309ce678 wp-block-group-is-layout-constrained\" style=\"border-left-color:var(--wp--preset--color--color-1);border-left-width:30px;margin-top:0px;margin-bottom:0px;padding-top:var(--wp--preset--spacing--80);padding-right:var(--wp--preset--spacing--80);padding-bottom:var(--wp--preset--spacing--80);padding-left:var(--wp--preset--spacing--80)\"><div class=\"yoast-breadcrumbs wp-block-yoast-seo-breadcrumbs\"><span><span><a href=\"https:\/\/newlooxs.nl\/de\/\">Home<\/a><\/span> \u00bb <span><a href=\"https:\/\/newlooxs.nl\/de\/produkte\/\">Produkte<\/a><\/span> \u00bb <span class=\"breadcrumb_last\" aria-current=\"page\">Zubeh\u00f6r<\/span><\/span><\/div>\n\n\n<div style=\"height:40px;--spacer-height:40px\" aria-hidden=\"true\" class=\"wp-block-spacer\"><\/div>\n\n\n\n<div class=\"wp-block-group is-nowrap is-layout-flex wp-container-core-group-is-layout-ee308172 wp-block-group-is-layout-flex\" style=\"margin-top:0px;margin-bottom:0px\">\n<h1 class=\"wp-block-heading collection-title\" id=\"h-zubehor\" style=\"font-size:40px;line-height:1.2\"><mark style=\"background-color:#f04923\" class=\"has-inline-color has-color-5-color\">Zubeh\u00f6r <\/mark><\/h1>\n\n\n\n<figure class=\"wp-block-image size-full title-logo\"><img loading=\"lazy\" decoding=\"async\" width=\"50\" height=\"45\" src=\"https:\/\/newlooxs.nl\/wp-content\/uploads\/2023\/06\/newloox-beeldmerk-50.png\"alt=\"New Looxs - newloox-beeldmerk-50\"class=\"wp-image-1286\"\/><\/figure>\n<\/div>\n\n\n\n<p class=\"has-extra-large-font-size\">Von Regenschutz bis Abstandshalter, unter Zubeh\u00f6r finden Sie alles, was Ihre Fahrradtasche erg\u00e4nzt. Mit diesem Sortiment sorgen Sie daf\u00fcr, dass Ihre Fahrradtasche l\u00e4nger h\u00e4lt oder Ihre Sachen in der Tasche trocken bleiben. New Looxs hat zum Beispiel auch Taschen zum Schutz des Displays Ihres Elektrofahrrads. <\/p>\n\n\n\n<div class=\"wp-block-buttons is-layout-flex wp-block-buttons-is-layout-flex\">\n<div class=\"wp-block-button is-style-fill\"><a class=\"wp-block-button__link has-color-1-background-color has-background wp-element-button\" href=\"https:\/\/newlooxs.nl\/de\/produkte\/?_sft_soort_cat=zubehoer\">Alle <mark style=\"background-color:#f04923\" class=\"has-inline-color has-color-5-color\">Zubeh\u00f6r <\/mark>ansehen<\/a><\/div>\n\n\n\n<div class=\"wp-block-button is-style-fill\"><a class=\"wp-block-button__link has-color-2-color has-color-5-background-color has-text-color has-background wp-element-button\" href=\"https:\/\/newlooxs.nl\/verkooppunten\/\">Verkaufsstellen ansehen<\/a><\/div>\n<\/div>\n<\/div>\n<\/div>\n\n\n\n<div class=\"wp-block-column is-layout-flow wp-block-column-is-layout-flow\" style=\"flex-basis:50%\">\n<div class=\"wp-block-cover is-light\" style=\"margin-top:0px;margin-bottom:0px;padding-top:0px;padding-right:0px;padding-bottom:0px;padding-left:0px;min-height:100%;aspect-ratio:unset;\"><span aria-hidden=\"true\" class=\"wp-block-cover__background has-background-dim-0 has-background-dim\" style=\"background-color:#ececec\"><\/span><img loading=\"lazy\" decoding=\"async\" width=\"840\" height=\"460\" class=\"wp-block-cover__image-background wp-image-32145\" alt=\"\" src=\"https:\/\/newlooxs.nl\/wp-content\/uploads\/2024\/07\/Zonder-titel-840-x-460-px.png\" data-object-fit=\"cover\" srcset=\"https:\/\/newlooxs.nl\/wp-content\/uploads\/2024\/07\/Zonder-titel-840-x-460-px.png 840w, https:\/\/newlooxs.nl\/wp-content\/uploads\/2024\/07\/Zonder-titel-840-x-460-px-768x421.png 768w, https:\/\/newlooxs.nl\/wp-content\/uploads\/2024\/07\/Zonder-titel-840-x-460-px-300x164.png 300w, https:\/\/newlooxs.nl\/wp-content\/uploads\/2024\/07\/Zonder-titel-840-x-460-px-50x27.png 50w\" sizes=\"auto, (max-width: 840px) 100vw, 840px\" \/><div class=\"wp-block-cover__inner-container is-layout-flow wp-block-cover-is-layout-flow\">\n<p class=\"has-text-align-center has-large-font-size\"><\/p>\n<\/div><\/div>\n<\/div>\n<\/div>\n\n\n\n<div style=\"height:30px;--spacer-height:30px\" aria-hidden=\"true\" class=\"wp-block-spacer\"><\/div>\n<\/div>\n\n\n\r\n<div id=\"block_0f3a0700b31316435fc7c1977778ba52\" class=\"wp-block-acf-prode-archive alignnone \">\r\n\t<div class=\"container\">\r\n\t\t<div class=\"row cards-wrapper g-2\">\r\n\t\t\t<ul class=\"related-products\"><li>\r\n\t<a href=\"https:\/\/newlooxs.nl\/de\/produkt\/clipper-pet-package-153330\/\">\r\n\t\t\t\t\t<div class=\"img-wrap product-card new-image\">\r\n\t\t\t\t<img decoding=\"async\" src=\"https:\/\/newlooxs.nl\/product_images_new\/Collection%20LR\/Accessoire\/Clipper%20Pet%20Package\/153330%20Clipper%20Pet%20Package%20(1).jpg\" alt=\"Clipper Pet Package &#8211; 153,330\" style=\"height: 150px; transform: none;\">\r\n\t\t\t\t\t\t\t\t\t<span class=\"price\">\r\n\t\t\t\t\t\t\u20ac37,95\t\t\t\t\t<\/span>\r\n\t\t\t\t\t\t\t\t<\/div>\r\n\t\t\t\t\t<div class=\"info-wrap\">\r\n\t\t\t<p class=\"has-text-align-left\" style=\"margin-top:0px;margin-right:0px;margin-bottom:0px;margin-left:0px;padding-top:10px;padding-right:0px;padding-bottom:0px;padding-left:0px\">\r\n\t\t\t\tClipper Pet Package\t\t\t<\/p>\r\n\t\t\t<p class=\"has-text-align-left has-medium-font-size\" style=\"margin-top:0px;margin-right:0px;margin-bottom:0px;margin-left:0px;padding-top:0px;padding-right:0px;padding-bottom:0px;padding-left:0px\">\r\n    \t\t\tAccessoires\t\t\t\t &#8211; Black\t\t\t<\/p>\r\n\r\n\t\t<\/div>\r\n\t<\/a>\r\n<\/li>\r\n<li>\r\n\t<a href=\"https:\/\/newlooxs.nl\/de\/produkt\/clipper-shopping-package-129330\/\">\r\n\t\t\t\t\t<div class=\"img-wrap product-card new-image\">\r\n\t\t\t\t<img decoding=\"async\" src=\"https:\/\/newlooxs.nl\/product_images_new\/Collection%20LR\/Accessoire\/Clipper%20Shopping%20Package\/129330%20Clipper%20Anthracite%20Shopping%20Package%20(1).jpg\" alt=\"Clipper Shopping Package &#8211; 129,330\" style=\"height: 150px; transform: none;\">\r\n\t\t\t\t\t\t\t\t\t<span class=\"price\">\r\n\t\t\t\t\t\t\u20ac24,95\t\t\t\t\t<\/span>\r\n\t\t\t\t\t\t\t\t<\/div>\r\n\t\t\t\t\t<div class=\"info-wrap\">\r\n\t\t\t<p class=\"has-text-align-left\" style=\"margin-top:0px;margin-right:0px;margin-bottom:0px;margin-left:0px;padding-top:10px;padding-right:0px;padding-bottom:0px;padding-left:0px\">\r\n\t\t\t\tClipper Shopping Package\t\t\t<\/p>\r\n\t\t\t<p class=\"has-text-align-left has-medium-font-size\" style=\"margin-top:0px;margin-right:0px;margin-bottom:0px;margin-left:0px;padding-top:0px;padding-right:0px;padding-bottom:0px;padding-left:0px\">\r\n    \t\t\tAccessoires\t\t\t\t &#8211; Black\t\t\t<\/p>\r\n\r\n\t\t<\/div>\r\n\t<\/a>\r\n<\/li>\r\n<li>\r\n\t<a href=\"https:\/\/newlooxs.nl\/de\/produkt\/regenhuelle-doppeltasche-143330\/\">\r\n\t\t\t\t\t<div class=\"img-wrap product-card new-image\">\r\n\t\t\t\t<img decoding=\"async\" src=\"https:\/\/newlooxs.nl\/product_images_new\/Collection%20LR\/Accessoire\/Raincover%20Single%20pannier\/143330%20Raincover%20Double%20bag%20Black%20(1).JPG\" alt=\"Regenh\u00fclle Doppeltasche &#8211; 143,330\" style=\"height: 150px; transform: none;\">\r\n\t\t\t\t\t\t\t\t\t<span class=\"price\">\r\n\t\t\t\t\t\t\u20ac15,95\t\t\t\t\t<\/span>\r\n\t\t\t\t\t\t\t\t<\/div>\r\n\t\t\t\t\t<div class=\"info-wrap\">\r\n\t\t\t<p class=\"has-text-align-left\" style=\"margin-top:0px;margin-right:0px;margin-bottom:0px;margin-left:0px;padding-top:10px;padding-right:0px;padding-bottom:0px;padding-left:0px\">\r\n\t\t\t\tRaincover Double pannier\t\t\t<\/p>\r\n\t\t\t<p class=\"has-text-align-left has-medium-font-size\" style=\"margin-top:0px;margin-right:0px;margin-bottom:0px;margin-left:0px;padding-top:0px;padding-right:0px;padding-bottom:0px;padding-left:0px\">\r\n    \t\t\tAccessoires, Zubeh\u00f6r\t\t\t\t &#8211; Black\t\t\t<\/p>\r\n\r\n\t\t<\/div>\r\n\t<\/a>\r\n<\/li>\r\n<li>\r\n\t<a href=\"https:\/\/newlooxs.nl\/de\/produkt\/display-bag-bosch-263330\/\">\r\n\t\t\t\t\t<div class=\"img-wrap product-card new-image\">\r\n\t\t\t\t<img decoding=\"async\" src=\"https:\/\/newlooxs.nl\/product_images_new\/Collection%20LR\/Accessoire\/Display%20Bag%20Bosch\/263330%20Basic%20Display%20bag%20Bosch%20(1).jpg\" alt=\"Display Bag Bosch &#8211; 263,330\" style=\"height: 150px; transform: none;\">\r\n\t\t\t\t\t\t\t\t\t<span class=\"price\">\r\n\t\t\t\t\t\t\u20ac11,95\t\t\t\t\t<\/span>\r\n\t\t\t\t\t\t\t\t<\/div>\r\n\t\t\t\t\t<div class=\"info-wrap\">\r\n\t\t\t<p class=\"has-text-align-left\" style=\"margin-top:0px;margin-right:0px;margin-bottom:0px;margin-left:0px;padding-top:10px;padding-right:0px;padding-bottom:0px;padding-left:0px\">\r\n\t\t\t\tDisplay Bag Bosch\t\t\t<\/p>\r\n\t\t\t<p class=\"has-text-align-left has-medium-font-size\" style=\"margin-top:0px;margin-right:0px;margin-bottom:0px;margin-left:0px;padding-top:0px;padding-right:0px;padding-bottom:0px;padding-left:0px\">\r\n    \t\t\tAccessoires, Zubeh\u00f6r\t\t\t\t &#8211; Black\t\t\t<\/p>\r\n\r\n\t\t<\/div>\r\n\t<\/a>\r\n<\/li>\r\n<li>\r\n\t<a href=\"https:\/\/newlooxs.nl\/de\/produkt\/abstandhalter-49\/\">\r\n\t\t\t\t\t<div class=\"img-wrap product-card new-image\">\r\n\t\t\t\t<img decoding=\"async\" src=\"https:\/\/newlooxs.nl\/product_images_new\/Collection%20LR\/Accessoire\/Distance%20Holder%20Standard\/49%20Distance%20holder%20standard%20(2).jpg\" alt=\"Abstandhalter &#8211; 49\" style=\"height: 150px; transform: none;\">\r\n\t\t\t\t\t\t\t\t\t<span class=\"price\">\r\n\t\t\t\t\t\t\u20ac4,95\t\t\t\t\t<\/span>\r\n\t\t\t\t\t\t\t\t<\/div>\r\n\t\t\t\t\t<div class=\"info-wrap\">\r\n\t\t\t<p class=\"has-text-align-left\" style=\"margin-top:0px;margin-right:0px;margin-bottom:0px;margin-left:0px;padding-top:10px;padding-right:0px;padding-bottom:0px;padding-left:0px\">\r\n\t\t\t\tDistance Holder Standard\t\t\t<\/p>\r\n\t\t\t<p class=\"has-text-align-left has-medium-font-size\" style=\"margin-top:0px;margin-right:0px;margin-bottom:0px;margin-left:0px;padding-top:0px;padding-right:0px;padding-bottom:0px;padding-left:0px\">\r\n    \t\t\tAccessoires, Zubeh\u00f6r\t\t\t\t &#8211; Black\t\t\t<\/p>\r\n\r\n\t\t<\/div>\r\n\t<\/a>\r\n<\/li>\r\n<\/ul>\t\t<\/div>\r\n\t<\/div>\r\n<\/div>\r\n\n\n\n<div class=\"wp-block-buttons is-layout-flex wp-block-buttons-is-layout-flex\">\n<div class=\"wp-block-button\"><a class=\"wp-block-button__link wp-element-button\" href=\"https:\/\/newlooxs.nl\/de\/produkte\/?_sft_soort_cat=zubehoer\">Alle <mark style=\"background-color:#f04923\" class=\"has-inline-color has-color-5-color\">Zubeh\u00f6r <\/mark>ansehen<\/a><\/div>\n<\/div>\n\n\n\n<div style=\"height:50px;--spacer-height:50px\" aria-hidden=\"true\" class=\"wp-block-spacer\"><\/div>\n\n\n\n<div id=\"locaties-kaart\" class=\"wp-block-group is-layout-constrained wp-block-group-is-layout-constrained\">\n<div class=\"wp-block-columns is-layout-flex wp-container-core-columns-is-layout-51c0b34d wp-block-columns-is-layout-flex\" style=\"padding-top:var(--wp--preset--spacing--50);padding-bottom:var(--wp--preset--spacing--50);gap:32px\">\n<div class=\"wp-block-column is-vertically-aligned-center is-layout-flow wp-block-column-is-layout-flow\" style=\"flex-basis:35%\">\n<h2 class=\"wp-block-heading has-color-2-color has-text-color\" id=\"h-finde-ein-geschaft-in-der-nahe\">Finde ein <mark style=\"background-color:rgba(0, 0, 0, 0)\" class=\"has-inline-color has-color-1-color\">Gesch\u00e4ft <\/mark>in der N\u00e4he!<\/h2>\n\n\n\n<p class=\"has-color-2-color has-text-color has-extra-large-font-size\">Sind Sie interessiert an unserem Programm? Bitte dr\u00fccken Sie auf die Taste um ein Gesch\u00e4ft in Ihrer Umgebung zu finden.<\/p>\n\n\n\n<div class=\"wp-block-buttons is-content-justification-left is-layout-flex wp-container-core-buttons-is-layout-fc4fd283 wp-block-buttons-is-layout-flex\">\n<div class=\"wp-block-button\"><a class=\"wp-block-button__link has-color-5-color has-color-1-background-color has-text-color has-background has-text-align-center wp-element-button\" href=\"https:\/\/newlooxs.nl\/de\/vertriebsadressen-new-looxs\/\">H\u00e4ndler suchen<\/a><\/div>\n<\/div>\n<\/div>\n\n\n\n<div class=\"wp-block-column is-layout-flow wp-block-column-is-layout-flow\">\n<figure class=\"wp-block-image size-large is-resized\"><a href=\"https:\/\/newlooxs.nl\/de\/vertriebsadressen-new-looxs\/\"><img decoding=\"async\" src=\"https:\/\/newlooxs.nl\/wp-content\/uploads\/2023\/06\/afbeelding-1.png\"alt=\"New Looxs - afbeelding-1\"style=\"width:477px;height:auto\"\/><\/a><\/figure>\n<\/div>\n<\/div>\n<\/div>\n<\/div>\n","protected":false},"excerpt":{"rendered":"<p>Zubeh\u00f6r Von Regenschutz bis Abstandshalter, unter Zubeh\u00f6r finden Sie alles, was Ihre Fahrradtasche erg\u00e4nzt. Mit diesem Sortiment sorgen Sie daf\u00fcr, dass Ihre Fahrradtasche l\u00e4nger h\u00e4lt oder Ihre Sachen in der Tasche trocken bleiben. New Looxs hat zum Beispiel auch Taschen zum Schutz des Displays Ihres Elektrofahrrads.<\/p>\n","protected":false},"author":9,"featured_media":0,"parent":5144,"menu_order":7,"comment_status":"closed","ping_status":"closed","template":"","meta":{"_acf_changed":false,"_eb_attr":"","_relevanssi_hide_post":"","_relevanssi_hide_content":"","_relevanssi_pin_for_all":"","_relevanssi_pin_keywords":"","_relevanssi_unpin_keywords":"","_relevanssi_related_keywords":"","_relevanssi_related_include_ids":"","_relevanssi_related_exclude_ids":"","_relevanssi_related_no_append":"","_relevanssi_related_not_related":"","_relevanssi_related_posts":"4021,4108,3842,3712,3762,3845","_relevanssi_noindex_reason":"","inline_featured_image":false,"footnotes":""},"class_list":["post-5112","page","type-page","status-publish","hentry"],"acf":[],"yoast_head":"<!-- This site is optimized with the Yoast SEO Premium plugin v22.0 (Yoast SEO v27.4) - https:\/\/yoast.com\/product\/yoast-seo-premium-wordpress\/ -->\n<title>Zubeh\u00f6r - New Looxs<\/title>\n<meta name=\"robots\" content=\"index, follow, max-snippet:-1, max-image-preview:large, max-video-preview:-1\" \/>\n<link rel=\"canonical\" href=\"https:\/\/newlooxs.nl\/de\/produkte\/zubehor\/\" \/>\n<meta property=\"og:locale\" content=\"de_DE\" \/>\n<meta property=\"og:type\" content=\"article\" \/>\n<meta property=\"og:title\" content=\"Zubeh\u00f6r\" \/>\n<meta property=\"og:description\" content=\"Zubeh\u00f6r Von Regenschutz bis Abstandshalter, unter Zubeh\u00f6r finden Sie alles, was Ihre Fahrradtasche erg\u00e4nzt. Mit diesem Sortiment sorgen Sie daf\u00fcr, dass Ihre Fahrradtasche l\u00e4nger h\u00e4lt oder Ihre Sachen in der Tasche trocken bleiben. New Looxs hat zum Beispiel auch Taschen zum Schutz des Displays Ihres Elektrofahrrads.\" \/>\n<meta property=\"og:url\" content=\"https:\/\/newlooxs.nl\/de\/produkte\/zubehor\/\" \/>\n<meta property=\"og:site_name\" content=\"New Looxs\" \/>\n<meta property=\"article:publisher\" content=\"https:\/\/www.facebook.com\/NewLooxs\/\" \/>\n<meta property=\"article:modified_time\" content=\"2024-08-29T06:53:38+00:00\" \/>\n<meta property=\"og:image\" content=\"https:\/\/newlooxs.nl\/wp-content\/uploads\/2023\/06\/newloox-beeldmerk-50.png\" \/>\n<meta name=\"twitter:card\" content=\"summary_large_image\" \/>\n<meta name=\"twitter:label1\" content=\"Gesch\u00e4tzte Lesezeit\" \/>\n\t<meta name=\"twitter:data1\" content=\"2\u00a0Minuten\" \/>\n<script type=\"application\/ld+json\" class=\"yoast-schema-graph\">{\"@context\":\"https:\\\/\\\/schema.org\",\"@graph\":[{\"@type\":\"WebPage\",\"@id\":\"https:\\\/\\\/newlooxs.nl\\\/de\\\/produkte\\\/zubehor\\\/\",\"url\":\"https:\\\/\\\/newlooxs.nl\\\/de\\\/produkte\\\/zubehor\\\/\",\"name\":\"Zubeh\u00f6r - New Looxs\",\"isPartOf\":{\"@id\":\"https:\\\/\\\/newlooxs.nl\\\/de\\\/#website\"},\"primaryImageOfPage\":{\"@id\":\"https:\\\/\\\/newlooxs.nl\\\/de\\\/produkte\\\/zubehor\\\/#primaryimage\"},\"image\":{\"@id\":\"https:\\\/\\\/newlooxs.nl\\\/de\\\/produkte\\\/zubehor\\\/#primaryimage\"},\"thumbnailUrl\":\"https:\\\/\\\/newlooxs.nl\\\/wp-content\\\/uploads\\\/2023\\\/06\\\/newloox-beeldmerk-50.png\",\"datePublished\":\"2023-09-12T12:30:10+00:00\",\"dateModified\":\"2024-08-29T06:53:38+00:00\",\"breadcrumb\":{\"@id\":\"https:\\\/\\\/newlooxs.nl\\\/de\\\/produkte\\\/zubehor\\\/#breadcrumb\"},\"inLanguage\":\"de\",\"potentialAction\":[{\"@type\":\"ReadAction\",\"target\":[\"https:\\\/\\\/newlooxs.nl\\\/de\\\/produkte\\\/zubehor\\\/\"]}]},{\"@type\":\"ImageObject\",\"inLanguage\":\"de\",\"@id\":\"https:\\\/\\\/newlooxs.nl\\\/de\\\/produkte\\\/zubehor\\\/#primaryimage\",\"url\":\"https:\\\/\\\/newlooxs.nl\\\/wp-content\\\/uploads\\\/2023\\\/06\\\/newloox-beeldmerk-50.png\",\"contentUrl\":\"https:\\\/\\\/newlooxs.nl\\\/wp-content\\\/uploads\\\/2023\\\/06\\\/newloox-beeldmerk-50.png\"},{\"@type\":\"BreadcrumbList\",\"@id\":\"https:\\\/\\\/newlooxs.nl\\\/de\\\/produkte\\\/zubehor\\\/#breadcrumb\",\"itemListElement\":[{\"@type\":\"ListItem\",\"position\":1,\"name\":\"Home\",\"item\":\"https:\\\/\\\/newlooxs.nl\\\/de\\\/\"},{\"@type\":\"ListItem\",\"position\":2,\"name\":\"Produkte\",\"item\":\"https:\\\/\\\/newlooxs.nl\\\/de\\\/produkte\\\/\"},{\"@type\":\"ListItem\",\"position\":3,\"name\":\"Zubeh\u00f6r\"}]},{\"@type\":\"WebSite\",\"@id\":\"https:\\\/\\\/newlooxs.nl\\\/de\\\/#website\",\"url\":\"https:\\\/\\\/newlooxs.nl\\\/de\\\/\",\"name\":\"New Looxs\",\"description\":\"\",\"publisher\":{\"@id\":\"https:\\\/\\\/newlooxs.nl\\\/de\\\/#organization\"},\"potentialAction\":[{\"@type\":\"SearchAction\",\"target\":{\"@type\":\"EntryPoint\",\"urlTemplate\":\"https:\\\/\\\/newlooxs.nl\\\/de\\\/?s={search_term_string}\"},\"query-input\":{\"@type\":\"PropertyValueSpecification\",\"valueRequired\":true,\"valueName\":\"search_term_string\"}}],\"inLanguage\":\"de\"},{\"@type\":\"Organization\",\"@id\":\"https:\\\/\\\/newlooxs.nl\\\/de\\\/#organization\",\"name\":\"New Looxs\",\"url\":\"https:\\\/\\\/newlooxs.nl\\\/de\\\/\",\"logo\":{\"@type\":\"ImageObject\",\"inLanguage\":\"de\",\"@id\":\"https:\\\/\\\/newlooxs.nl\\\/de\\\/#\\\/schema\\\/logo\\\/image\\\/\",\"url\":\"https:\\\/\\\/newlooxs.nl\\\/wp-content\\\/uploads\\\/2023\\\/06\\\/logo1.svg\",\"contentUrl\":\"https:\\\/\\\/newlooxs.nl\\\/wp-content\\\/uploads\\\/2023\\\/06\\\/logo1.svg\",\"caption\":\"New Looxs\"},\"image\":{\"@id\":\"https:\\\/\\\/newlooxs.nl\\\/de\\\/#\\\/schema\\\/logo\\\/image\\\/\"},\"sameAs\":[\"https:\\\/\\\/www.facebook.com\\\/NewLooxs\\\/\",\"https:\\\/\\\/www.instagram.com\\\/newlooxs\\\/\",\"https:\\\/\\\/www.linkedin.com\\\/company\\\/newlooxs\\\/\",\"https:\\\/\\\/www.youtube.com\\\/@newlooxs-bicyclebagsbaskets\"]}]}<\/script>\n<!-- \/ Yoast SEO Premium plugin. -->","yoast_head_json":{"title":"Zubeh\u00f6r - New Looxs","robots":{"index":"index","follow":"follow","max-snippet":"max-snippet:-1","max-image-preview":"max-image-preview:large","max-video-preview":"max-video-preview:-1"},"canonical":"https:\/\/newlooxs.nl\/de\/produkte\/zubehor\/","og_locale":"de_DE","og_type":"article","og_title":"Zubeh\u00f6r","og_description":"Zubeh\u00f6r Von Regenschutz bis Abstandshalter, unter Zubeh\u00f6r finden Sie alles, was Ihre Fahrradtasche erg\u00e4nzt. Mit diesem Sortiment sorgen Sie daf\u00fcr, dass Ihre Fahrradtasche l\u00e4nger h\u00e4lt oder Ihre Sachen in der Tasche trocken bleiben. New Looxs hat zum Beispiel auch Taschen zum Schutz des Displays Ihres Elektrofahrrads.","og_url":"https:\/\/newlooxs.nl\/de\/produkte\/zubehor\/","og_site_name":"New Looxs","article_publisher":"https:\/\/www.facebook.com\/NewLooxs\/","article_modified_time":"2024-08-29T06:53:38+00:00","og_image":[{"url":"https:\/\/newlooxs.nl\/wp-content\/uploads\/2023\/06\/newloox-beeldmerk-50.png","type":"","width":"","height":""}],"twitter_card":"summary_large_image","twitter_misc":{"Gesch\u00e4tzte Lesezeit":"2\u00a0Minuten"},"schema":{"@context":"https:\/\/schema.org","@graph":[{"@type":"WebPage","@id":"https:\/\/newlooxs.nl\/de\/produkte\/zubehor\/","url":"https:\/\/newlooxs.nl\/de\/produkte\/zubehor\/","name":"Zubeh\u00f6r - New Looxs","isPartOf":{"@id":"https:\/\/newlooxs.nl\/de\/#website"},"primaryImageOfPage":{"@id":"https:\/\/newlooxs.nl\/de\/produkte\/zubehor\/#primaryimage"},"image":{"@id":"https:\/\/newlooxs.nl\/de\/produkte\/zubehor\/#primaryimage"},"thumbnailUrl":"https:\/\/newlooxs.nl\/wp-content\/uploads\/2023\/06\/newloox-beeldmerk-50.png","datePublished":"2023-09-12T12:30:10+00:00","dateModified":"2024-08-29T06:53:38+00:00","breadcrumb":{"@id":"https:\/\/newlooxs.nl\/de\/produkte\/zubehor\/#breadcrumb"},"inLanguage":"de","potentialAction":[{"@type":"ReadAction","target":["https:\/\/newlooxs.nl\/de\/produkte\/zubehor\/"]}]},{"@type":"ImageObject","inLanguage":"de","@id":"https:\/\/newlooxs.nl\/de\/produkte\/zubehor\/#primaryimage","url":"https:\/\/newlooxs.nl\/wp-content\/uploads\/2023\/06\/newloox-beeldmerk-50.png","contentUrl":"https:\/\/newlooxs.nl\/wp-content\/uploads\/2023\/06\/newloox-beeldmerk-50.png"},{"@type":"BreadcrumbList","@id":"https:\/\/newlooxs.nl\/de\/produkte\/zubehor\/#breadcrumb","itemListElement":[{"@type":"ListItem","position":1,"name":"Home","item":"https:\/\/newlooxs.nl\/de\/"},{"@type":"ListItem","position":2,"name":"Produkte","item":"https:\/\/newlooxs.nl\/de\/produkte\/"},{"@type":"ListItem","position":3,"name":"Zubeh\u00f6r"}]},{"@type":"WebSite","@id":"https:\/\/newlooxs.nl\/de\/#website","url":"https:\/\/newlooxs.nl\/de\/","name":"New Looxs","description":"","publisher":{"@id":"https:\/\/newlooxs.nl\/de\/#organization"},"potentialAction":[{"@type":"SearchAction","target":{"@type":"EntryPoint","urlTemplate":"https:\/\/newlooxs.nl\/de\/?s={search_term_string}"},"query-input":{"@type":"PropertyValueSpecification","valueRequired":true,"valueName":"search_term_string"}}],"inLanguage":"de"},{"@type":"Organization","@id":"https:\/\/newlooxs.nl\/de\/#organization","name":"New Looxs","url":"https:\/\/newlooxs.nl\/de\/","logo":{"@type":"ImageObject","inLanguage":"de","@id":"https:\/\/newlooxs.nl\/de\/#\/schema\/logo\/image\/","url":"https:\/\/newlooxs.nl\/wp-content\/uploads\/2023\/06\/logo1.svg","contentUrl":"https:\/\/newlooxs.nl\/wp-content\/uploads\/2023\/06\/logo1.svg","caption":"New Looxs"},"image":{"@id":"https:\/\/newlooxs.nl\/de\/#\/schema\/logo\/image\/"},"sameAs":["https:\/\/www.facebook.com\/NewLooxs\/","https:\/\/www.instagram.com\/newlooxs\/","https:\/\/www.linkedin.com\/company\/newlooxs\/","https:\/\/www.youtube.com\/@newlooxs-bicyclebagsbaskets"]}]}},"_links":{"self":[{"href":"https:\/\/newlooxs.nl\/de\/wp-json\/wp\/v2\/pages\/5112","targetHints":{"allow":["GET"]}}],"collection":[{"href":"https:\/\/newlooxs.nl\/de\/wp-json\/wp\/v2\/pages"}],"about":[{"href":"https:\/\/newlooxs.nl\/de\/wp-json\/wp\/v2\/types\/page"}],"author":[{"embeddable":true,"href":"https:\/\/newlooxs.nl\/de\/wp-json\/wp\/v2\/users\/9"}],"replies":[{"embeddable":true,"href":"https:\/\/newlooxs.nl\/de\/wp-json\/wp\/v2\/comments?post=5112"}],"version-history":[{"count":3,"href":"https:\/\/newlooxs.nl\/de\/wp-json\/wp\/v2\/pages\/5112\/revisions"}],"predecessor-version":[{"id":32679,"href":"https:\/\/newlooxs.nl\/de\/wp-json\/wp\/v2\/pages\/5112\/revisions\/32679"}],"up":[{"embeddable":true,"href":"https:\/\/newlooxs.nl\/de\/wp-json\/wp\/v2\/pages\/5144"}],"wp:attachment":[{"href":"https:\/\/newlooxs.nl\/de\/wp-json\/wp\/v2\/media?parent=5112"}],"curies":[{"name":"wp","href":"https:\/\/api.w.org\/{rel}","templated":true}]}}