{"id":5115,"date":"2023-09-12T14:29:56","date_gmt":"2023-09-12T12:29:56","guid":{"rendered":"https:\/\/newlooxs.nl\/laptoptassen\/"},"modified":"2025-04-04T14:36:05","modified_gmt":"2025-04-04T12:36:05","slug":"laptoptaschen","status":"publish","type":"page","link":"https:\/\/newlooxs.nl\/de\/produkte\/laptoptaschen\/","title":{"rendered":"Laptoptaschen"},"content":{"rendered":"\n<div id=\"algemeen\" class=\"wp-block-group is-layout-constrained wp-block-group-is-layout-constrained\">\n<div id=\"collectie-header\" class=\"wp-block-group is-layout-constrained wp-block-group-is-layout-constrained\">\n<div class=\"wp-block-columns alignfull has-color-4-background-color has-background is-layout-flex wp-container-core-columns-is-layout-763660d3 wp-block-columns-is-layout-flex\" style=\"margin-top:0px;margin-bottom:0px;padding-top:0px;padding-right:0px;padding-bottom:0px;padding-left:0px\">\n<div class=\"wp-block-column column-marge is-layout-flow wp-block-column-is-layout-flow\"><\/div>\n\n\n\n<div class=\"wp-block-column is-vertically-aligned-center column-text has-color-4-background-color has-background is-layout-flow wp-container-core-column-is-layout-58caa531 wp-block-column-is-layout-flow\" style=\"border-left-style:none;border-left-width:0px;padding-top:var(--wp--preset--spacing--50);padding-right:0;padding-bottom:var(--wp--preset--spacing--50);padding-left:var(--wp--preset--spacing--50);flex-basis:660px\">\n<div class=\"wp-block-group has-color-4-background-color has-background is-layout-constrained wp-container-core-group-is-layout-309ce678 wp-block-group-is-layout-constrained\" style=\"border-left-color:var(--wp--preset--color--color-1);border-left-width:30px;margin-top:0px;margin-bottom:0px;padding-top:var(--wp--preset--spacing--80);padding-right:var(--wp--preset--spacing--80);padding-bottom:var(--wp--preset--spacing--80);padding-left:var(--wp--preset--spacing--80)\"><div class=\"yoast-breadcrumbs wp-block-yoast-seo-breadcrumbs\"><span><span><a href=\"https:\/\/newlooxs.nl\/de\/\">Home<\/a><\/span> \u00bb <span><a href=\"https:\/\/newlooxs.nl\/de\/produkte\/\">Produkte<\/a><\/span> \u00bb <span class=\"breadcrumb_last\" aria-current=\"page\">Laptoptaschen<\/span><\/span><\/div>\n\n\n<div style=\"height:40px;--spacer-height:40px\" aria-hidden=\"true\" class=\"wp-block-spacer\"><\/div>\n\n\n\n<div class=\"wp-block-group is-nowrap is-layout-flex wp-container-core-group-is-layout-ee308172 wp-block-group-is-layout-flex\" style=\"margin-top:0px;margin-bottom:0px\">\n<h1 class=\"wp-block-heading collection-title\" id=\"h-laptoptaschen\" style=\"font-size:40px;line-height:1.2\"><mark style=\"background-color:#f04923\" class=\"has-inline-color has-color-5-color\">Laptoptaschen<\/mark><\/h1>\n\n\n\n<figure class=\"wp-block-image size-full title-logo\"><img loading=\"lazy\" decoding=\"async\" width=\"50\" height=\"45\" src=\"https:\/\/newlooxs.nl\/wp-content\/uploads\/2023\/06\/newloox-beeldmerk-50.png\"alt=\"New Looxs - newloox-beeldmerk-50\"class=\"wp-image-1286\"\/><\/figure>\n<\/div>\n\n\n\n<p class=\"has-extra-large-font-size\">Wenn Sie regelm\u00e4\u00dfig mit dem Fahrrad zur Arbeit fahren, ist es wichtig, dass Sie Ihre Sachen bequem, praktisch und sicher mitnehmen k\u00f6nnen. Eine Fahrradtasche zum Pendeln ist daher eine gute L\u00f6sung. New Looxs hat verschiedene Fahrradtaschen mit einem speziellen Fach f\u00fcr den Laptop, um ihn sicher auf dem Fahrrad mitzunehmen. <\/p>\n\n\n\n<div class=\"wp-block-buttons is-layout-flex wp-block-buttons-is-layout-flex\">\n<div class=\"wp-block-button is-style-fill\"><a class=\"wp-block-button__link has-color-1-background-color has-background wp-element-button\" href=\"https:\/\/newlooxs.nl\/de\/produkte\/?_sft_soort_cat=laptoptasche\">Alle Laptoptaschen ansehen<\/a><\/div>\n\n\n\n<div class=\"wp-block-button is-style-fill\"><a class=\"wp-block-button__link has-color-2-color has-color-5-background-color has-text-color has-background wp-element-button\" href=\"https:\/\/newlooxs.nl\/de\/vertriebsadressen-new-looxs\/\">Verkaufsstellen ansehen<\/a><\/div>\n<\/div>\n<\/div>\n<\/div>\n\n\n\n<div class=\"wp-block-column is-layout-flow wp-block-column-is-layout-flow\" style=\"flex-basis:50%\">\n<div class=\"wp-block-cover is-light\" style=\"margin-top:0px;margin-bottom:0px;padding-top:0px;padding-right:0px;padding-bottom:0px;padding-left:0px;min-height:100%;aspect-ratio:unset;\"><span aria-hidden=\"true\" class=\"wp-block-cover__background has-background-dim-0 has-background-dim\"><\/span><img loading=\"lazy\" decoding=\"async\" width=\"2400\" height=\"1600\" class=\"wp-block-cover__image-background wp-image-3881\" alt=\"\" src=\"https:\/\/newlooxs.nl\/wp-content\/uploads\/2023\/09\/00A9193.jpg\" style=\"object-position:45% 80%\" data-object-fit=\"cover\" data-object-position=\"45% 80%\" srcset=\"https:\/\/newlooxs.nl\/wp-content\/uploads\/2023\/09\/00A9193.jpg 2400w, https:\/\/newlooxs.nl\/wp-content\/uploads\/2023\/09\/00A9193-768x512.jpg 768w, https:\/\/newlooxs.nl\/wp-content\/uploads\/2023\/09\/00A9193-1280x853.jpg 1280w, https:\/\/newlooxs.nl\/wp-content\/uploads\/2023\/09\/00A9193-300x200.jpg 300w, https:\/\/newlooxs.nl\/wp-content\/uploads\/2023\/09\/00A9193-1600x1067.jpg 1600w, https:\/\/newlooxs.nl\/wp-content\/uploads\/2023\/09\/00A9193-1536x1024.jpg 1536w, https:\/\/newlooxs.nl\/wp-content\/uploads\/2023\/09\/00A9193-2048x1365.jpg 2048w\" sizes=\"auto, (max-width: 2400px) 100vw, 2400px\" \/><div class=\"wp-block-cover__inner-container is-layout-flow wp-block-cover-is-layout-flow\">\n<p class=\"has-text-align-center has-large-font-size\"><\/p>\n<\/div><\/div>\n<\/div>\n<\/div>\n\n\n\n<div style=\"height:29px;--spacer-height:29px\" aria-hidden=\"true\" class=\"wp-block-spacer\"><\/div>\n<\/div>\n\n\n\n<div id=\"collectie-archive\" class=\"wp-block-group is-layout-constrained wp-block-group-is-layout-constrained\">\r\n<div id=\"block_0ab45c5896251621141bdd1f719197f2\" class=\"wp-block-acf-prode-archive alignnone \">\r\n\t<div class=\"container\">\r\n\t\t<div class=\"row cards-wrapper g-2\">\r\n\t\t\t<ul class=\"related-products\"><li>\r\n\t<a href=\"https:\/\/newlooxs.nl\/de\/produkt\/leather-luko-347802\/\">\r\n\t\t\t\t\t<div class=\"img-wrap product-card new-image\">\r\n\t\t\t\t<picture><source srcset=\"https:\/\/newlooxs.nl\/wp-content\/uploads\/product-images\/Collection%20LR\/Leather\/Leather%20Luko\/347802%20Luko%20Cognac%20(1)-card.webp\" type=\"image\/webp\"><img decoding=\"async\" src=\"https:\/\/newlooxs.nl\/product_images_new\/Collection%20LR\/Leather\/Leather%20Luko\/347802%20Luko%20Cognac%20(1).jpg\" alt=\"Leather Luko &#8211; 347,802\" style=\"height: 150px; transform: none;\"><\/picture>\t\t\t\t\t<span class=\"price\">\r\n\t\t\t\t\t\t\u20ac227,95\t\t\t\t\t<\/span>\r\n\t\t\t\t\t\t\t\t<\/div>\r\n\t\t\t\t\t<div class=\"info-wrap\">\r\n\t\t\t<p class=\"has-text-align-left\" style=\"margin-top:0px;margin-right:0px;margin-bottom:0px;margin-left:0px;padding-top:10px;padding-right:0px;padding-bottom:0px;padding-left:0px\">\r\n\t\t\t\tLeather Luko\t\t\t<\/p>\r\n\t\t\t<p class=\"has-text-align-left has-medium-font-size\" style=\"margin-top:0px;margin-right:0px;margin-bottom:0px;margin-left:0px;padding-top:0px;padding-right:0px;padding-bottom:0px;padding-left:0px\">\r\n    \t\t\tEinzeltasche, Laptoptasche\t\t\t\t &#8211; Cognac\t\t\t<\/p>\r\n\r\n\t\t<\/div>\r\n\t<\/a>\r\n<\/li>\r\n<li>\r\n\t<a href=\"https:\/\/newlooxs.nl\/de\/produkt\/leather-fellini-337800\/\">\r\n\t\t\t\t\t<div class=\"img-wrap product-card new-image\">\r\n\t\t\t\t<picture><source srcset=\"https:\/\/newlooxs.nl\/wp-content\/uploads\/product-images\/Collection%20LR\/Leather\/Leather%20Fellini\/337800%20Fellini%20Black%20(1)-card.webp\" type=\"image\/webp\"><img decoding=\"async\" src=\"https:\/\/newlooxs.nl\/product_images_new\/Collection%20LR\/Leather\/Leather%20Fellini\/337800%20Fellini%20Black%20(1).jpg\" alt=\"Leather Fellini &#8211; 337,800\" style=\"height: 150px; transform: none;\"><\/picture>\t\t\t\t\t<span class=\"price\">\r\n\t\t\t\t\t\t\u20ac254,95\t\t\t\t\t<\/span>\r\n\t\t\t\t\t\t\t\t<\/div>\r\n\t\t\t\t\t<div class=\"info-wrap\">\r\n\t\t\t<p class=\"has-text-align-left\" style=\"margin-top:0px;margin-right:0px;margin-bottom:0px;margin-left:0px;padding-top:10px;padding-right:0px;padding-bottom:0px;padding-left:0px\">\r\n\t\t\t\tLeather Fellini\t\t\t<\/p>\r\n\t\t\t<p class=\"has-text-align-left has-medium-font-size\" style=\"margin-top:0px;margin-right:0px;margin-bottom:0px;margin-left:0px;padding-top:0px;padding-right:0px;padding-bottom:0px;padding-left:0px\">\r\n    \t\t\tEinzeltasche, Laptoptasche\t\t\t\t &#8211; Black\t\t\t<\/p>\r\n\r\n\t\t<\/div>\r\n\t<\/a>\r\n<\/li>\r\n<li>\r\n\t<a href=\"https:\/\/newlooxs.nl\/de\/produkt\/nyborg-single-391537\/\">\r\n\t\t\t\t\t<div class=\"img-wrap product-card new-image\">\r\n\t\t\t\t<picture><source srcset=\"https:\/\/newlooxs.nl\/wp-content\/uploads\/product-images\/Collection%20LR\/Nyborg\/Nyborg%20Single\/391537%20Nyborg%20Single%20Light%20Grey%20-%20Black%20(1)-card.webp\" type=\"image\/webp\"><img decoding=\"async\" src=\"https:\/\/newlooxs.nl\/product_images_new\/Collection%20LR\/Nyborg\/Nyborg%20Single\/391537%20Nyborg%20Single%20Light%20Grey%20-%20Black%20(1).JPG\" alt=\"Nyborg Single &#8211; 391,537\" style=\"height: 150px; transform: none;\"><\/picture>\t\t\t\t\t<span class=\"price\">\r\n\t\t\t\t\t\t\u20ac69,95\t\t\t\t\t<\/span>\r\n\t\t\t\t\t\t\t\t<\/div>\r\n\t\t\t\t\t<div class=\"info-wrap\">\r\n\t\t\t<p class=\"has-text-align-left\" style=\"margin-top:0px;margin-right:0px;margin-bottom:0px;margin-left:0px;padding-top:10px;padding-right:0px;padding-bottom:0px;padding-left:0px\">\r\n\t\t\t\tNyborg Single\t\t\t<\/p>\r\n\t\t\t<p class=\"has-text-align-left has-medium-font-size\" style=\"margin-top:0px;margin-right:0px;margin-bottom:0px;margin-left:0px;padding-top:0px;padding-right:0px;padding-bottom:0px;padding-left:0px\">\r\n    \t\t\tEinzeltasche, Laptoptasche\t\t\t\t &#8211; Light Grey \/ Black\t\t\t<\/p>\r\n\r\n\t\t<\/div>\r\n\t<\/a>\r\n<\/li>\r\n<\/ul>\t\t<\/div>\r\n\t<\/div>\r\n<\/div>\r\n\n\n\n<div class=\"wp-block-buttons is-layout-flex wp-block-buttons-is-layout-flex\">\n<div class=\"wp-block-button\"><a class=\"wp-block-button__link wp-element-button\" href=\"https:\/\/newlooxs.nl\/de\/produkte\/?_sft_soort_cat=laptoptasche\">Alle Laptoptaschen ansehen<\/a><\/div>\n<\/div>\n<\/div>\n\n\n\n<div style=\"height:29px;--spacer-height:29px\" aria-hidden=\"true\" class=\"wp-block-spacer\"><\/div>\n\n\n\n<div id=\"collectie-tekst\" class=\"wp-block-group is-content-justification-left is-layout-constrained wp-container-core-group-is-layout-3ac27376 wp-block-group-is-layout-constrained\">\n<h2 class=\"wp-block-heading\" id=\"h-gepolstertes-laptopfach\">Gepolstertes <mark style=\"background-color:rgba(0, 0, 0, 0)\" class=\"has-inline-color has-color-1-color\">Laptopfach<\/mark><\/h2>\n\n\n\n<p>Alle New Looxs Laptoptaschen verf\u00fcgen \u00fcber ein Laptopfach f\u00fcr einen 15&#8243; Laptop. Haben Sie einen gr\u00f6\u00dferen Laptop? Werfen Sie einen Blick auf den <a href=\"https:\/\/newlooxs.nl\/de\/producten-archive\/nevada-backpack-242501\/\">Nevada-Rucksack<\/a>, in den ein 17\u201d Laptop passt. Das Laptopfach ist gepolstert, damit der Laptop gut gesch\u00fctzt ist.<\/p>\n\n\n\n<h4 class=\"wp-block-heading\" id=\"h-wasserdichte-fahrradtaschen\">Wasserdichte Fahrradtaschen<\/h4>\n\n\n\n<p>Nat\u00fcrlich m\u00f6chten Sie Ihren Laptop gut vor Regen sch\u00fctzen. Die meisten New Looxs Laptoptaschen werden mit einer Regenh\u00fclle geliefert. Diese <a href=\"https:\/\/newlooxs.nl\/de\/produkte\/?_sft_soort_cat=accessoires\">Regenh\u00fcllen <\/a>k\u00f6nnen auch separat gekauft werden. Die Varo Taschen sind von sich aus 100% wasserdicht und ben\u00f6tigen keine Regenh\u00fclle.<\/p>\n<\/div>\n\n\n\n<div style=\"height:29px;--spacer-height:29px\" aria-hidden=\"true\" class=\"wp-block-spacer\"><\/div>\n\n\n\n<div id=\"locaties-kaart\" class=\"wp-block-group is-layout-constrained wp-block-group-is-layout-constrained\">\n<div class=\"wp-block-columns is-layout-flex wp-container-core-columns-is-layout-51c0b34d wp-block-columns-is-layout-flex\" style=\"padding-top:var(--wp--preset--spacing--50);padding-bottom:var(--wp--preset--spacing--50);gap:32px\">\n<div class=\"wp-block-column is-vertically-aligned-center is-layout-flow wp-block-column-is-layout-flow\" style=\"flex-basis:35%\">\n<h2 class=\"wp-block-heading has-color-2-color has-text-color\" id=\"h-finde-ein-geschaft-in-der-nahe\">Finde ein <mark style=\"background-color:rgba(0, 0, 0, 0)\" class=\"has-inline-color has-color-1-color\">Gesch\u00e4ft <\/mark>in der N\u00e4he!<\/h2>\n\n\n\n<p class=\"has-color-2-color has-text-color has-extra-large-font-size\">Sind Sie interessiert an unserem Programm? Bitte dr\u00fccken Sie auf die Taste um ein Gesch\u00e4ft in Ihrer Umgebung zu finden.<\/p>\n\n\n\n<div class=\"wp-block-buttons is-content-justification-left is-layout-flex wp-container-core-buttons-is-layout-fc4fd283 wp-block-buttons-is-layout-flex\">\n<div class=\"wp-block-button\"><a class=\"wp-block-button__link has-color-5-color has-color-1-background-color has-text-color has-background has-text-align-center wp-element-button\" href=\"https:\/\/newlooxs.nl\/de\/vertriebsadressen-new-looxs\/\">H\u00e4ndler suchen<\/a><\/div>\n<\/div>\n<\/div>\n\n\n\n<div class=\"wp-block-column is-layout-flow wp-block-column-is-layout-flow\">\n<figure class=\"wp-block-image size-large is-resized\"><a href=\"https:\/\/newlooxs.nl\/de\/vertriebsadressen-new-looxs\/\"><img decoding=\"async\" src=\"https:\/\/newlooxs.nl\/wp-content\/uploads\/2023\/06\/afbeelding-1.png\"alt=\"New Looxs - afbeelding-1\"style=\"width:477px;height:auto\"\/><\/a><\/figure>\n<\/div>\n<\/div>\n<\/div>\n<\/div>\n","protected":false},"excerpt":{"rendered":"<p>Laptoptaschen Wenn Sie regelm\u00e4\u00dfig mit dem Fahrrad zur Arbeit fahren, ist es wichtig, dass Sie Ihre Sachen bequem, praktisch und sicher mitnehmen k\u00f6nnen. Eine Fahrradtasche zum Pendeln ist daher eine gute L\u00f6sung. New Looxs hat verschiedene Fahrradtaschen mit einem speziellen Fach f\u00fcr den Laptop, um ihn sicher auf dem Fahrrad mitzunehmen. Gepolstertes Laptopfach Alle New [&hellip;]<\/p>\n","protected":false},"author":9,"featured_media":27964,"parent":5144,"menu_order":4,"comment_status":"closed","ping_status":"closed","template":"","meta":{"_acf_changed":false,"_eb_attr":"","_relevanssi_hide_post":"","_relevanssi_hide_content":"","_relevanssi_pin_for_all":"","_relevanssi_pin_keywords":"","_relevanssi_unpin_keywords":"","_relevanssi_related_keywords":"","_relevanssi_related_include_ids":"","_relevanssi_related_exclude_ids":"","_relevanssi_related_no_append":"","_relevanssi_related_not_related":"","_relevanssi_related_posts":"3723,4088,3896,3831,4108,3713","_relevanssi_noindex_reason":"","inline_featured_image":false,"footnotes":""},"class_list":["post-5115","page","type-page","status-publish","has-post-thumbnail","hentry"],"acf":[],"yoast_head":"<!-- This site is optimized with the Yoast SEO Premium plugin v22.0 (Yoast SEO v27.5) - https:\/\/yoast.com\/product\/yoast-seo-premium-wordpress\/ -->\n<title>Laptoptaschen f\u00fcrs Fahrrad \u2013 Stilvoll &amp; praktisch | New Looxs<\/title>\n<meta name=\"description\" content=\"Entdecken Sie die Fahrrad-Laptoptaschen von New Looxs: perfekt f\u00fcr den Arbeitsweg mit Komfort, Stil und Schutz f\u00fcr Laptop und Gep\u00e4ck.\" \/>\n<meta name=\"robots\" content=\"index, follow, max-snippet:-1, max-image-preview:large, max-video-preview:-1\" \/>\n<link rel=\"canonical\" href=\"https:\/\/newlooxs.nl\/de\/produkte\/laptoptaschen\/\" \/>\n<meta property=\"og:locale\" content=\"de_DE\" \/>\n<meta property=\"og:type\" content=\"article\" \/>\n<meta property=\"og:title\" content=\"Laptoptaschen\" \/>\n<meta property=\"og:description\" content=\"Entdecken Sie die Fahrrad-Laptoptaschen von New Looxs: perfekt f\u00fcr den Arbeitsweg mit Komfort, Stil und Schutz f\u00fcr Laptop und Gep\u00e4ck.\" \/>\n<meta property=\"og:url\" content=\"https:\/\/newlooxs.nl\/de\/produkte\/laptoptaschen\/\" \/>\n<meta property=\"og:site_name\" content=\"New Looxs\" \/>\n<meta property=\"article:publisher\" content=\"https:\/\/www.facebook.com\/NewLooxs\/\" \/>\n<meta property=\"article:modified_time\" content=\"2025-04-04T12:36:05+00:00\" \/>\n<meta property=\"og:image\" content=\"https:\/\/newlooxs.nl\/wp-content\/uploads\/2023\/09\/337800-Fellini-Black-3-scaled.jpg\" \/>\n\t<meta property=\"og:image:width\" content=\"2560\" \/>\n\t<meta property=\"og:image:height\" content=\"1707\" \/>\n\t<meta property=\"og:image:type\" content=\"image\/jpeg\" \/>\n<meta name=\"twitter:card\" content=\"summary_large_image\" \/>\n<meta name=\"twitter:label1\" content=\"Gesch\u00e4tzte Lesezeit\" \/>\n\t<meta name=\"twitter:data1\" content=\"3\u00a0Minuten\" \/>\n<script type=\"application\/ld+json\" class=\"yoast-schema-graph\">{\"@context\":\"https:\\\/\\\/schema.org\",\"@graph\":[{\"@type\":\"WebPage\",\"@id\":\"https:\\\/\\\/newlooxs.nl\\\/de\\\/produkte\\\/laptoptaschen\\\/\",\"url\":\"https:\\\/\\\/newlooxs.nl\\\/de\\\/produkte\\\/laptoptaschen\\\/\",\"name\":\"Laptoptaschen f\u00fcrs Fahrrad \u2013 Stilvoll & praktisch | New Looxs\",\"isPartOf\":{\"@id\":\"https:\\\/\\\/newlooxs.nl\\\/de\\\/#website\"},\"primaryImageOfPage\":{\"@id\":\"https:\\\/\\\/newlooxs.nl\\\/de\\\/produkte\\\/laptoptaschen\\\/#primaryimage\"},\"image\":{\"@id\":\"https:\\\/\\\/newlooxs.nl\\\/de\\\/produkte\\\/laptoptaschen\\\/#primaryimage\"},\"thumbnailUrl\":\"https:\\\/\\\/newlooxs.nl\\\/wp-content\\\/uploads\\\/2023\\\/09\\\/337800-Fellini-Black-3-scaled.jpg\",\"datePublished\":\"2023-09-12T12:29:56+00:00\",\"dateModified\":\"2025-04-04T12:36:05+00:00\",\"description\":\"Entdecken Sie die Fahrrad-Laptoptaschen von New Looxs: perfekt f\u00fcr den Arbeitsweg mit Komfort, Stil und Schutz f\u00fcr Laptop und Gep\u00e4ck.\",\"breadcrumb\":{\"@id\":\"https:\\\/\\\/newlooxs.nl\\\/de\\\/produkte\\\/laptoptaschen\\\/#breadcrumb\"},\"inLanguage\":\"de\",\"potentialAction\":[{\"@type\":\"ReadAction\",\"target\":[\"https:\\\/\\\/newlooxs.nl\\\/de\\\/produkte\\\/laptoptaschen\\\/\"]}]},{\"@type\":\"ImageObject\",\"inLanguage\":\"de\",\"@id\":\"https:\\\/\\\/newlooxs.nl\\\/de\\\/produkte\\\/laptoptaschen\\\/#primaryimage\",\"url\":\"https:\\\/\\\/newlooxs.nl\\\/wp-content\\\/uploads\\\/2023\\\/09\\\/337800-Fellini-Black-3-scaled.jpg\",\"contentUrl\":\"https:\\\/\\\/newlooxs.nl\\\/wp-content\\\/uploads\\\/2023\\\/09\\\/337800-Fellini-Black-3-scaled.jpg\",\"width\":2560,\"height\":1707},{\"@type\":\"BreadcrumbList\",\"@id\":\"https:\\\/\\\/newlooxs.nl\\\/de\\\/produkte\\\/laptoptaschen\\\/#breadcrumb\",\"itemListElement\":[{\"@type\":\"ListItem\",\"position\":1,\"name\":\"Home\",\"item\":\"https:\\\/\\\/newlooxs.nl\\\/de\\\/\"},{\"@type\":\"ListItem\",\"position\":2,\"name\":\"Produkte\",\"item\":\"https:\\\/\\\/newlooxs.nl\\\/de\\\/produkte\\\/\"},{\"@type\":\"ListItem\",\"position\":3,\"name\":\"Laptoptaschen\"}]},{\"@type\":\"WebSite\",\"@id\":\"https:\\\/\\\/newlooxs.nl\\\/de\\\/#website\",\"url\":\"https:\\\/\\\/newlooxs.nl\\\/de\\\/\",\"name\":\"New Looxs\",\"description\":\"\",\"publisher\":{\"@id\":\"https:\\\/\\\/newlooxs.nl\\\/de\\\/#organization\"},\"potentialAction\":[{\"@type\":\"SearchAction\",\"target\":{\"@type\":\"EntryPoint\",\"urlTemplate\":\"https:\\\/\\\/newlooxs.nl\\\/de\\\/?s={search_term_string}\"},\"query-input\":{\"@type\":\"PropertyValueSpecification\",\"valueRequired\":true,\"valueName\":\"search_term_string\"}}],\"inLanguage\":\"de\"},{\"@type\":\"Organization\",\"@id\":\"https:\\\/\\\/newlooxs.nl\\\/de\\\/#organization\",\"name\":\"New Looxs\",\"url\":\"https:\\\/\\\/newlooxs.nl\\\/de\\\/\",\"logo\":{\"@type\":\"ImageObject\",\"inLanguage\":\"de\",\"@id\":\"https:\\\/\\\/newlooxs.nl\\\/de\\\/#\\\/schema\\\/logo\\\/image\\\/\",\"url\":\"https:\\\/\\\/newlooxs.nl\\\/wp-content\\\/uploads\\\/2023\\\/06\\\/logo1.svg\",\"contentUrl\":\"https:\\\/\\\/newlooxs.nl\\\/wp-content\\\/uploads\\\/2023\\\/06\\\/logo1.svg\",\"caption\":\"New Looxs\"},\"image\":{\"@id\":\"https:\\\/\\\/newlooxs.nl\\\/de\\\/#\\\/schema\\\/logo\\\/image\\\/\"},\"sameAs\":[\"https:\\\/\\\/www.facebook.com\\\/NewLooxs\\\/\",\"https:\\\/\\\/www.instagram.com\\\/newlooxs\\\/\",\"https:\\\/\\\/www.linkedin.com\\\/company\\\/newlooxs\\\/\",\"https:\\\/\\\/www.youtube.com\\\/@newlooxs-bicyclebagsbaskets\"]}]}<\/script>\n<!-- \/ Yoast SEO Premium plugin. -->","yoast_head_json":{"title":"Laptoptaschen f\u00fcrs Fahrrad \u2013 Stilvoll & praktisch | New Looxs","description":"Entdecken Sie die Fahrrad-Laptoptaschen von New Looxs: perfekt f\u00fcr den Arbeitsweg mit Komfort, Stil und Schutz f\u00fcr Laptop und Gep\u00e4ck.","robots":{"index":"index","follow":"follow","max-snippet":"max-snippet:-1","max-image-preview":"max-image-preview:large","max-video-preview":"max-video-preview:-1"},"canonical":"https:\/\/newlooxs.nl\/de\/produkte\/laptoptaschen\/","og_locale":"de_DE","og_type":"article","og_title":"Laptoptaschen","og_description":"Entdecken Sie die Fahrrad-Laptoptaschen von New Looxs: perfekt f\u00fcr den Arbeitsweg mit Komfort, Stil und Schutz f\u00fcr Laptop und Gep\u00e4ck.","og_url":"https:\/\/newlooxs.nl\/de\/produkte\/laptoptaschen\/","og_site_name":"New Looxs","article_publisher":"https:\/\/www.facebook.com\/NewLooxs\/","article_modified_time":"2025-04-04T12:36:05+00:00","og_image":[{"width":2560,"height":1707,"url":"https:\/\/newlooxs.nl\/wp-content\/uploads\/2023\/09\/337800-Fellini-Black-3-scaled.jpg","type":"image\/jpeg"}],"twitter_card":"summary_large_image","twitter_misc":{"Gesch\u00e4tzte Lesezeit":"3\u00a0Minuten"},"schema":{"@context":"https:\/\/schema.org","@graph":[{"@type":"WebPage","@id":"https:\/\/newlooxs.nl\/de\/produkte\/laptoptaschen\/","url":"https:\/\/newlooxs.nl\/de\/produkte\/laptoptaschen\/","name":"Laptoptaschen f\u00fcrs Fahrrad \u2013 Stilvoll & praktisch | New Looxs","isPartOf":{"@id":"https:\/\/newlooxs.nl\/de\/#website"},"primaryImageOfPage":{"@id":"https:\/\/newlooxs.nl\/de\/produkte\/laptoptaschen\/#primaryimage"},"image":{"@id":"https:\/\/newlooxs.nl\/de\/produkte\/laptoptaschen\/#primaryimage"},"thumbnailUrl":"https:\/\/newlooxs.nl\/wp-content\/uploads\/2023\/09\/337800-Fellini-Black-3-scaled.jpg","datePublished":"2023-09-12T12:29:56+00:00","dateModified":"2025-04-04T12:36:05+00:00","description":"Entdecken Sie die Fahrrad-Laptoptaschen von New Looxs: perfekt f\u00fcr den Arbeitsweg mit Komfort, Stil und Schutz f\u00fcr Laptop und Gep\u00e4ck.","breadcrumb":{"@id":"https:\/\/newlooxs.nl\/de\/produkte\/laptoptaschen\/#breadcrumb"},"inLanguage":"de","potentialAction":[{"@type":"ReadAction","target":["https:\/\/newlooxs.nl\/de\/produkte\/laptoptaschen\/"]}]},{"@type":"ImageObject","inLanguage":"de","@id":"https:\/\/newlooxs.nl\/de\/produkte\/laptoptaschen\/#primaryimage","url":"https:\/\/newlooxs.nl\/wp-content\/uploads\/2023\/09\/337800-Fellini-Black-3-scaled.jpg","contentUrl":"https:\/\/newlooxs.nl\/wp-content\/uploads\/2023\/09\/337800-Fellini-Black-3-scaled.jpg","width":2560,"height":1707},{"@type":"BreadcrumbList","@id":"https:\/\/newlooxs.nl\/de\/produkte\/laptoptaschen\/#breadcrumb","itemListElement":[{"@type":"ListItem","position":1,"name":"Home","item":"https:\/\/newlooxs.nl\/de\/"},{"@type":"ListItem","position":2,"name":"Produkte","item":"https:\/\/newlooxs.nl\/de\/produkte\/"},{"@type":"ListItem","position":3,"name":"Laptoptaschen"}]},{"@type":"WebSite","@id":"https:\/\/newlooxs.nl\/de\/#website","url":"https:\/\/newlooxs.nl\/de\/","name":"New Looxs","description":"","publisher":{"@id":"https:\/\/newlooxs.nl\/de\/#organization"},"potentialAction":[{"@type":"SearchAction","target":{"@type":"EntryPoint","urlTemplate":"https:\/\/newlooxs.nl\/de\/?s={search_term_string}"},"query-input":{"@type":"PropertyValueSpecification","valueRequired":true,"valueName":"search_term_string"}}],"inLanguage":"de"},{"@type":"Organization","@id":"https:\/\/newlooxs.nl\/de\/#organization","name":"New Looxs","url":"https:\/\/newlooxs.nl\/de\/","logo":{"@type":"ImageObject","inLanguage":"de","@id":"https:\/\/newlooxs.nl\/de\/#\/schema\/logo\/image\/","url":"https:\/\/newlooxs.nl\/wp-content\/uploads\/2023\/06\/logo1.svg","contentUrl":"https:\/\/newlooxs.nl\/wp-content\/uploads\/2023\/06\/logo1.svg","caption":"New Looxs"},"image":{"@id":"https:\/\/newlooxs.nl\/de\/#\/schema\/logo\/image\/"},"sameAs":["https:\/\/www.facebook.com\/NewLooxs\/","https:\/\/www.instagram.com\/newlooxs\/","https:\/\/www.linkedin.com\/company\/newlooxs\/","https:\/\/www.youtube.com\/@newlooxs-bicyclebagsbaskets"]}]}},"_links":{"self":[{"href":"https:\/\/newlooxs.nl\/de\/wp-json\/wp\/v2\/pages\/5115","targetHints":{"allow":["GET"]}}],"collection":[{"href":"https:\/\/newlooxs.nl\/de\/wp-json\/wp\/v2\/pages"}],"about":[{"href":"https:\/\/newlooxs.nl\/de\/wp-json\/wp\/v2\/types\/page"}],"author":[{"embeddable":true,"href":"https:\/\/newlooxs.nl\/de\/wp-json\/wp\/v2\/users\/9"}],"replies":[{"embeddable":true,"href":"https:\/\/newlooxs.nl\/de\/wp-json\/wp\/v2\/comments?post=5115"}],"version-history":[{"count":4,"href":"https:\/\/newlooxs.nl\/de\/wp-json\/wp\/v2\/pages\/5115\/revisions"}],"predecessor-version":[{"id":33987,"href":"https:\/\/newlooxs.nl\/de\/wp-json\/wp\/v2\/pages\/5115\/revisions\/33987"}],"up":[{"embeddable":true,"href":"https:\/\/newlooxs.nl\/de\/wp-json\/wp\/v2\/pages\/5144"}],"wp:featuredmedia":[{"embeddable":true,"href":"https:\/\/newlooxs.nl\/de\/wp-json\/wp\/v2\/media\/27964"}],"wp:attachment":[{"href":"https:\/\/newlooxs.nl\/de\/wp-json\/wp\/v2\/media?parent=5115"}],"curies":[{"name":"wp","href":"https:\/\/api.w.org\/{rel}","templated":true}]}}