{"id":5128,"date":"2023-09-12T14:25:34","date_gmt":"2023-09-12T12:25:34","guid":{"rendered":"https:\/\/newlooxs.nl\/fietstassen\/"},"modified":"2025-04-04T10:47:37","modified_gmt":"2025-04-04T08:47:37","slug":"fahrradtaschen","status":"publish","type":"page","link":"https:\/\/newlooxs.nl\/de\/produkte\/fahrradtaschen\/","title":{"rendered":"Fahrradtaschen"},"content":{"rendered":"\n<div id=\"algemeen\" class=\"wp-block-group is-layout-constrained wp-block-group-is-layout-constrained\">\n<div id=\"collectie-header\" class=\"wp-block-group is-layout-constrained wp-block-group-is-layout-constrained\">\n<div class=\"wp-block-columns alignfull has-color-4-background-color has-background is-layout-flex wp-container-core-columns-is-layout-763660d3 wp-block-columns-is-layout-flex\" style=\"margin-top:0px;margin-bottom:0px;padding-top:0px;padding-right:0px;padding-bottom:0px;padding-left:0px\">\n<div class=\"wp-block-column column-marge is-layout-flow wp-block-column-is-layout-flow\"><\/div>\n\n\n\n<div class=\"wp-block-column is-vertically-aligned-center column-text has-color-4-background-color has-background is-layout-flow wp-container-core-column-is-layout-58caa531 wp-block-column-is-layout-flow\" style=\"border-left-style:none;border-left-width:0px;padding-top:var(--wp--preset--spacing--50);padding-right:0;padding-bottom:var(--wp--preset--spacing--50);padding-left:var(--wp--preset--spacing--50);flex-basis:660px\">\n<div class=\"wp-block-group has-color-4-background-color has-background is-layout-constrained wp-container-core-group-is-layout-309ce678 wp-block-group-is-layout-constrained\" style=\"border-left-color:var(--wp--preset--color--color-1);border-left-width:30px;margin-top:0px;margin-bottom:0px;padding-top:var(--wp--preset--spacing--80);padding-right:var(--wp--preset--spacing--80);padding-bottom:var(--wp--preset--spacing--80);padding-left:var(--wp--preset--spacing--80)\"><div class=\"yoast-breadcrumbs wp-block-yoast-seo-breadcrumbs\"><span><span><a href=\"https:\/\/newlooxs.nl\/de\/\">Home<\/a><\/span> \u00bb <span><a href=\"https:\/\/newlooxs.nl\/de\/produkte\/\">Produkte<\/a><\/span> \u00bb <span class=\"breadcrumb_last\" aria-current=\"page\">Fahrradtaschen<\/span><\/span><\/div>\n\n\n<div style=\"height:40px;--spacer-height:40px\" aria-hidden=\"true\" class=\"wp-block-spacer\"><\/div>\n\n\n\n<div class=\"wp-block-group is-nowrap is-layout-flex wp-container-core-group-is-layout-ee308172 wp-block-group-is-layout-flex\" style=\"margin-top:0px;margin-bottom:0px\">\n<h1 class=\"wp-block-heading collection-title\" id=\"h-fahrradtaschen\" style=\"font-size:40px;line-height:1.2\"><mark style=\"background-color:#f04923\" class=\"has-inline-color has-color-5-color\">Fahrradtaschen<\/mark><\/h1>\n\n\n\n<figure class=\"wp-block-image size-full title-logo\"><img loading=\"lazy\" decoding=\"async\" width=\"50\" height=\"45\" src=\"https:\/\/newlooxs.nl\/wp-content\/uploads\/2023\/06\/newloox-beeldmerk-50.png\"alt=\"New Looxs - newloox-beeldmerk-50\"class=\"wp-image-1286\"\/><\/figure>\n<\/div>\n\n\n\n<p class=\"has-extra-large-font-size\">Die New Looxs Fahrradtaschen gibt es in allen m\u00f6glichen Arten und Gr\u00f6\u00dfen. Nehmen Sie gerne viele Sachen mit auf Ihrem Fahrrad? Dann nehmen Sie am besten eine doppeltasche. Diese gibt es mit Verschlussb\u00e4ndern aber auch als abnehmbare Tasche mit  Racktime- oder MIK-Adapter. M\u00f6chten Sie die Tasche auch als normale Umh\u00e4ngetasche oder Shopper f\u00fcr z. B. Eink\u00e4ufe nutzen? Dann ist eine Einzeltasche vielleicht besser f\u00fcr Sie geeignet.<\/p>\n\n\n\n<div class=\"wp-block-buttons is-layout-flex wp-block-buttons-is-layout-flex\">\n<div class=\"wp-block-button is-style-fill\"><a class=\"wp-block-button__link has-color-1-background-color has-background wp-element-button\" href=\"https:\/\/newlooxs.nl\/de\/produkte\/\">Bekijk alle fietstassen<\/a><\/div>\n\n\n\n<div class=\"wp-block-button is-style-fill\"><a class=\"wp-block-button__link has-color-2-color has-color-5-background-color has-text-color has-background wp-element-button\" href=\"https:\/\/newlooxs.nl\/de\/vertriebsadressen-new-looxs\/\">Verkaufsstellen ansehen<\/a><\/div>\n<\/div>\n<\/div>\n<\/div>\n\n\n\n<div class=\"wp-block-column is-layout-flow wp-block-column-is-layout-flow\" style=\"flex-basis:50%\">\n<div class=\"wp-block-cover\" style=\"margin-top:0px;margin-bottom:0px;padding-top:0px;padding-right:0px;padding-bottom:0px;padding-left:0px;min-height:100%;aspect-ratio:unset;\"><span aria-hidden=\"true\" class=\"wp-block-cover__background has-background-dim-0 has-background-dim\" style=\"background-color:#86726f\"><\/span><img loading=\"lazy\" decoding=\"async\" width=\"2067\" height=\"1379\" class=\"wp-block-cover__image-background wp-image-33949\" alt=\"\" src=\"https:\/\/newlooxs.nl\/wp-content\/uploads\/2025\/04\/15A0814.jpg\" style=\"object-position:38% 70%\" data-object-fit=\"cover\" data-object-position=\"38% 70%\" srcset=\"https:\/\/newlooxs.nl\/wp-content\/uploads\/2025\/04\/15A0814.jpg 2067w, https:\/\/newlooxs.nl\/wp-content\/uploads\/2025\/04\/15A0814-768x512.jpg 768w, https:\/\/newlooxs.nl\/wp-content\/uploads\/2025\/04\/15A0814-1280x854.jpg 1280w, https:\/\/newlooxs.nl\/wp-content\/uploads\/2025\/04\/15A0814-300x200.jpg 300w, https:\/\/newlooxs.nl\/wp-content\/uploads\/2025\/04\/15A0814-50x33.jpg 50w, https:\/\/newlooxs.nl\/wp-content\/uploads\/2025\/04\/15A0814-1600x1067.jpg 1600w, https:\/\/newlooxs.nl\/wp-content\/uploads\/2025\/04\/15A0814-1536x1025.jpg 1536w, https:\/\/newlooxs.nl\/wp-content\/uploads\/2025\/04\/15A0814-2048x1366.jpg 2048w\" sizes=\"auto, (max-width: 2067px) 100vw, 2067px\" \/><div class=\"wp-block-cover__inner-container is-layout-flow wp-block-cover-is-layout-flow\">\n<p class=\"has-text-align-center has-large-font-size\"><\/p>\n<\/div><\/div>\n<\/div>\n<\/div>\n\n\n\n<div style=\"height:30px;--spacer-height:30px\" aria-hidden=\"true\" class=\"wp-block-spacer\"><\/div>\n<\/div>\n\n\n\n<div id=\"collectie-tekst\" class=\"wp-block-group is-content-justification-left is-layout-constrained wp-container-core-group-is-layout-3ac27376 wp-block-group-is-layout-constrained\">\n<h2 class=\"wp-block-heading\" id=\"h-eine-grosse-auswahl-an-trendigen-und-praktischen-fahrradtaschen\">Eine gro\u00dfe Auswahl an trendigen und praktischen <mark style=\"background-color:rgba(0, 0, 0, 0)\" class=\"has-inline-color has-color-1-color\">Fahrradtaschen<\/mark><\/h2>\n\n\n\n<p>Kleine Fahrradtaschen, gro\u00dfe Doppeltaschen, Fahrradrucks\u00e4cke, Speziell f\u00fcr den Fahrrad entwickelte Laptoptaschen, Office-Taschen aus Leder, sportliche Fahrradtaschen oder Fahrradtaschen f\u00fcr E-Bikes. Dar\u00fcber hinaus haben wir eine gro\u00dfe Auswahl an verschiedenen Drucken und Farben. So gibt es f\u00fcr jeden die passende Tasche.<\/p>\n\n\n\n<h4 class=\"wp-block-heading\" id=\"h-wasserdichte-fahrradtasche\"><strong>Wasserdichte Fahrradtasche<\/strong><\/h4>\n\n\n\n<p>Lassen Sie sich von einem Regenschauer nicht behindern? Alle New Looxs-Taschen sind aus wasserdichtem Polyester gefertigt (mit Ausnahme der Ledertaschen). Das bedeutet, dass sie auch einem kleinen Regenschauer aushalten k\u00f6nnen. Wenn Sie 100% wasserdichte Taschen suchen, schauen Sie sich die  <a href=\"https:\/\/newlooxs.nl\/de\/collecties-archive\/varo\/\">Varo<\/a>-Taschenserie an oder w\u00e4hlen Sie eine Tasche mit Regenh\u00fclle.<\/p>\n\n\n\n<div style=\"height:50px;--spacer-height:50px\" aria-hidden=\"true\" class=\"wp-block-spacer\"><\/div>\n<\/div>\n\n\n\r\n<div id=\"block_7eed46b2414bb37c3d35582445493f99\" class=\"wp-block-acf-prode-archive alignnone \">\r\n\t<div class=\"container\">\r\n\t\t<div class=\"row cards-wrapper g-2\">\r\n\t\t\t<ul class=\"related-products\"><li>\r\n\t<a href=\"https:\/\/newlooxs.nl\/de\/produkt\/nyborg-single-391539\/\">\r\n\t\t\t\t\t<div class=\"img-wrap product-card new-image\">\r\n\t\t\t\t<img decoding=\"async\" src=\"https:\/\/newlooxs.nl\/product_images_new\/Collection%20LR\/Nyborg\/Nyborg%20Single\/391539%20Nyborg%20Single%20Red%20-%20Black%20(1).JPG\" alt=\"Nyborg Single &#8211; 391,539\" style=\"height: 150px; transform: none;\">\r\n\t\t\t\t\t\t\t\t\t<span class=\"price\">\r\n\t\t\t\t\t\t\u20ac69,95\t\t\t\t\t<\/span>\r\n\t\t\t\t\t\t\t\t<\/div>\r\n\t\t\t\t\t<div class=\"info-wrap\">\r\n\t\t\t<p class=\"has-text-align-left\" style=\"margin-top:0px;margin-right:0px;margin-bottom:0px;margin-left:0px;padding-top:10px;padding-right:0px;padding-bottom:0px;padding-left:0px\">\r\n\t\t\t\tNyborg Single\t\t\t<\/p>\r\n\t\t\t<p class=\"has-text-align-left has-medium-font-size\" style=\"margin-top:0px;margin-right:0px;margin-bottom:0px;margin-left:0px;padding-top:0px;padding-right:0px;padding-bottom:0px;padding-left:0px\">\r\n    \t\t\tEinzeltasche, Laptoptasche\t\t\t\t &#8211; Red \/ Black\t\t\t<\/p>\r\n\r\n\t\t<\/div>\r\n\t<\/a>\r\n<\/li>\r\n<li>\r\n\t<a href=\"https:\/\/newlooxs.nl\/de\/produkt\/odense-double-224501\/\">\r\n\t\t\t\t\t<div class=\"img-wrap product-card new-image\">\r\n\t\t\t\t<img decoding=\"async\" src=\"https:\/\/newlooxs.nl\/product_images_new\/Collection%20LR\/Odense\/Odense%20Double\/224501%20Odense%20Double%20Black%20(1).JPG\" alt=\"Odense Double &#8211; 224,501\" style=\"height: 150px; transform: none;\">\r\n\t\t\t\t\t\t\t\t\t<span class=\"price\">\r\n\t\t\t\t\t\t\u20ac106,95\t\t\t\t\t<\/span>\r\n\t\t\t\t\t\t\t\t<\/div>\r\n\t\t\t\t\t<div class=\"info-wrap\">\r\n\t\t\t<p class=\"has-text-align-left\" style=\"margin-top:0px;margin-right:0px;margin-bottom:0px;margin-left:0px;padding-top:10px;padding-right:0px;padding-bottom:0px;padding-left:0px\">\r\n\t\t\t\tOdense Double\t\t\t<\/p>\r\n\t\t\t<p class=\"has-text-align-left has-medium-font-size\" style=\"margin-top:0px;margin-right:0px;margin-bottom:0px;margin-left:0px;padding-top:0px;padding-right:0px;padding-bottom:0px;padding-left:0px\">\r\n    \t\t\tDoppelpacktasche\t\t\t\t &#8211; Black\t\t\t<\/p>\r\n\r\n\t\t<\/div>\r\n\t<\/a>\r\n<\/li>\r\n<li>\r\n\t<a href=\"https:\/\/newlooxs.nl\/de\/produkt\/leather-luko-347802\/\">\r\n\t\t\t\t\t<div class=\"img-wrap product-card new-image\">\r\n\t\t\t\t<img decoding=\"async\" src=\"https:\/\/newlooxs.nl\/product_images_new\/Collection%20LR\/Leather\/Leather%20Luko\/347802%20Luko%20Cognac%20(1).jpg\" alt=\"Leather Luko &#8211; 347,802\" style=\"height: 150px; transform: none;\">\r\n\t\t\t\t\t\t\t\t\t<span class=\"price\">\r\n\t\t\t\t\t\t\u20ac227,95\t\t\t\t\t<\/span>\r\n\t\t\t\t\t\t\t\t<\/div>\r\n\t\t\t\t\t<div class=\"info-wrap\">\r\n\t\t\t<p class=\"has-text-align-left\" style=\"margin-top:0px;margin-right:0px;margin-bottom:0px;margin-left:0px;padding-top:10px;padding-right:0px;padding-bottom:0px;padding-left:0px\">\r\n\t\t\t\tLeather Luko\t\t\t<\/p>\r\n\t\t\t<p class=\"has-text-align-left has-medium-font-size\" style=\"margin-top:0px;margin-right:0px;margin-bottom:0px;margin-left:0px;padding-top:0px;padding-right:0px;padding-bottom:0px;padding-left:0px\">\r\n    \t\t\tEinzeltasche, Laptoptasche\t\t\t\t &#8211; Cognac\t\t\t<\/p>\r\n\r\n\t\t<\/div>\r\n\t<\/a>\r\n<\/li>\r\n<li>\r\n\t<a href=\"https:\/\/newlooxs.nl\/de\/produkt\/tulum-camella-208446\/\">\r\n\t\t\t\t\t<div class=\"img-wrap product-card new-image\">\r\n\t\t\t\t<img decoding=\"async\" src=\"https:\/\/newlooxs.nl\/product_images_new\/Collection%20LR\/Tulum\/Tulum%20Camella\/208.446%20Tulum%20Camella%20Grey%20Green\/208446%20Tulum%20Camella%20Grey%20Green%20(1).JPG\" alt=\"Tulum Camella &#8211; 208,446\" style=\"height: 150px; transform: none;\">\r\n\t\t\t\t\t\t\t\t\t<span class=\"price\">\r\n\t\t\t\t\t\t\u20ac79,95\t\t\t\t\t<\/span>\r\n\t\t\t\t\t\t\t\t<\/div>\r\n\t\t\t\t\t<div class=\"info-wrap\">\r\n\t\t\t<p class=\"has-text-align-left\" style=\"margin-top:0px;margin-right:0px;margin-bottom:0px;margin-left:0px;padding-top:10px;padding-right:0px;padding-bottom:0px;padding-left:0px\">\r\n\t\t\t\tTulum Camella\t\t\t<\/p>\r\n\t\t\t<p class=\"has-text-align-left has-medium-font-size\" style=\"margin-top:0px;margin-right:0px;margin-bottom:0px;margin-left:0px;padding-top:0px;padding-right:0px;padding-bottom:0px;padding-left:0px\">\r\n    \t\t\tEinzeltasche\t\t\t\t &#8211; Grey Green\t\t\t<\/p>\r\n\r\n\t\t<\/div>\r\n\t<\/a>\r\n<\/li>\r\n<li>\r\n\t<a href=\"https:\/\/newlooxs.nl\/de\/produkt\/oslo-shopper-kota-272160\/\">\r\n\t\t\t\t\t<div class=\"img-wrap product-card new-image\">\r\n\t\t\t\t<img decoding=\"async\" src=\"https:\/\/newlooxs.nl\/product_images_new\/Collection%20LR\/Oslo\/Oslo%20Shopper%20Kota\/272160%20Kota%20Olive%20Yellow%20(1).jpg\" alt=\"Oslo Shopper Kota &#8211; 272,160\" style=\"height: 150px; transform: none;\">\r\n\t\t\t\t\t\t\t\t\t<span class=\"price\">\r\n\t\t\t\t\t\t\u20ac66,95\t\t\t\t\t<\/span>\r\n\t\t\t\t\t\t\t\t<\/div>\r\n\t\t\t\t\t<div class=\"info-wrap\">\r\n\t\t\t<p class=\"has-text-align-left\" style=\"margin-top:0px;margin-right:0px;margin-bottom:0px;margin-left:0px;padding-top:10px;padding-right:0px;padding-bottom:0px;padding-left:0px\">\r\n\t\t\t\tOslo Shopper Kota\t\t\t<\/p>\r\n\t\t\t<p class=\"has-text-align-left has-medium-font-size\" style=\"margin-top:0px;margin-right:0px;margin-bottom:0px;margin-left:0px;padding-top:0px;padding-right:0px;padding-bottom:0px;padding-left:0px\">\r\n    \t\t\tEinzeltasche\t\t\t\t &#8211; Olive \/ Yellow\t\t\t<\/p>\r\n\r\n\t\t<\/div>\r\n\t<\/a>\r\n<\/li>\r\n<\/ul>\t\t<\/div>\r\n\t<\/div>\r\n<\/div>\r\n\n\n\n<div class=\"wp-block-buttons is-layout-flex wp-block-buttons-is-layout-flex\">\n<div class=\"wp-block-button\"><a class=\"wp-block-button__link wp-element-button\" href=\"https:\/\/newlooxs.nl\/de\/produkte\/\">Bekijk alle fietstassen<\/a><\/div>\n<\/div>\n\n\n\n<div style=\"height:50px;--spacer-height:50px\" aria-hidden=\"true\" class=\"wp-block-spacer\"><\/div>\n\n\n\n<div id=\"locaties-kaart\" class=\"wp-block-group is-layout-constrained wp-block-group-is-layout-constrained\">\n<div class=\"wp-block-columns is-layout-flex wp-container-core-columns-is-layout-51c0b34d wp-block-columns-is-layout-flex\" style=\"padding-top:var(--wp--preset--spacing--50);padding-bottom:var(--wp--preset--spacing--50);gap:32px\">\n<div class=\"wp-block-column is-vertically-aligned-center is-layout-flow wp-block-column-is-layout-flow\" style=\"flex-basis:35%\">\n<h2 class=\"wp-block-heading has-color-2-color has-text-color\" id=\"h-finde-ein-geschaft-in-der-nahe\">Finde ein <mark style=\"background-color:rgba(0, 0, 0, 0)\" class=\"has-inline-color has-color-1-color\">Gesch\u00e4ft <\/mark>in der N\u00e4he!<\/h2>\n\n\n\n<p class=\"has-color-2-color has-text-color has-extra-large-font-size\">Sind Sie interessiert an unserem Programm? Bitte dr\u00fccken Sie auf die Taste um ein Gesch\u00e4ft in Ihrer Umgebung zu finden.<\/p>\n\n\n\n<div class=\"wp-block-buttons is-content-justification-left is-layout-flex wp-container-core-buttons-is-layout-fc4fd283 wp-block-buttons-is-layout-flex\">\n<div class=\"wp-block-button\"><a class=\"wp-block-button__link has-color-5-color has-color-1-background-color has-text-color has-background has-text-align-center wp-element-button\" href=\"https:\/\/newlooxs.nl\/de\/vertriebsadressen-new-looxs\/\">H\u00e4ndler suchen<\/a><\/div>\n<\/div>\n<\/div>\n\n\n\n<div class=\"wp-block-column is-layout-flow wp-block-column-is-layout-flow\">\n<figure class=\"wp-block-image size-large is-resized\"><a href=\"https:\/\/newlooxs.nl\/de\/vertriebsadressen-new-looxs\/\"><img decoding=\"async\" src=\"https:\/\/newlooxs.nl\/wp-content\/uploads\/2023\/06\/afbeelding-1.png\"alt=\"New Looxs - afbeelding-1\"style=\"width:477px;height:auto\"\/><\/a><\/figure>\n<\/div>\n<\/div>\n<\/div>\n<\/div>\n","protected":false},"excerpt":{"rendered":"<p>Fahrradtaschen Die New Looxs Fahrradtaschen gibt es in allen m\u00f6glichen Arten und Gr\u00f6\u00dfen. Nehmen Sie gerne viele Sachen mit auf Ihrem Fahrrad? Dann nehmen Sie am besten eine doppeltasche. Diese gibt es mit Verschlussb\u00e4ndern aber auch als abnehmbare Tasche mit Racktime- oder MIK-Adapter. M\u00f6chten Sie die Tasche auch als normale Umh\u00e4ngetasche oder Shopper f\u00fcr z. [&hellip;]<\/p>\n","protected":false},"author":9,"featured_media":33949,"parent":5144,"menu_order":0,"comment_status":"closed","ping_status":"closed","template":"","meta":{"_acf_changed":false,"_eb_attr":"","_relevanssi_hide_post":"","_relevanssi_hide_content":"","_relevanssi_pin_for_all":"","_relevanssi_pin_keywords":"","_relevanssi_unpin_keywords":"","_relevanssi_related_keywords":"","_relevanssi_related_include_ids":"","_relevanssi_related_exclude_ids":"","_relevanssi_related_no_append":"","_relevanssi_related_not_related":"","_relevanssi_related_posts":"3974,3915,3743,3980,3831,4021","_relevanssi_noindex_reason":"","inline_featured_image":false,"footnotes":""},"class_list":["post-5128","page","type-page","status-publish","has-post-thumbnail","hentry"],"acf":[],"yoast_head":"<!-- This site is optimized with the Yoast SEO Premium plugin v22.0 (Yoast SEO v27.4) - https:\/\/yoast.com\/product\/yoast-seo-premium-wordpress\/ -->\n<title>Fahrradtaschen von New Looxs \u2013 F\u00fcr jeden die passende Tasche<\/title>\n<meta name=\"description\" content=\"Entdecke praktische und modische Fahrradtaschen von New Looxs. Rucks\u00e4cke, Laptoptaschen und sportliche Modelle f\u00fcr jeden Radfahrer.\" \/>\n<meta name=\"robots\" content=\"index, follow, max-snippet:-1, max-image-preview:large, max-video-preview:-1\" \/>\n<link rel=\"canonical\" href=\"https:\/\/newlooxs.nl\/de\/produkte\/fahrradtaschen\/\" \/>\n<meta property=\"og:locale\" content=\"de_DE\" \/>\n<meta property=\"og:type\" content=\"article\" \/>\n<meta property=\"og:title\" content=\"Fahrradtaschen\" \/>\n<meta property=\"og:description\" content=\"Entdecke praktische und modische Fahrradtaschen von New Looxs. Rucks\u00e4cke, Laptoptaschen und sportliche Modelle f\u00fcr jeden Radfahrer.\" \/>\n<meta property=\"og:url\" content=\"https:\/\/newlooxs.nl\/de\/produkte\/fahrradtaschen\/\" \/>\n<meta property=\"og:site_name\" content=\"New Looxs\" \/>\n<meta property=\"article:publisher\" content=\"https:\/\/www.facebook.com\/NewLooxs\/\" \/>\n<meta property=\"article:modified_time\" content=\"2025-04-04T08:47:37+00:00\" \/>\n<meta property=\"og:image\" content=\"https:\/\/newlooxs.nl\/wp-content\/uploads\/2025\/04\/15A0814.jpg\" \/>\n\t<meta property=\"og:image:width\" content=\"2067\" \/>\n\t<meta property=\"og:image:height\" content=\"1379\" \/>\n\t<meta property=\"og:image:type\" content=\"image\/jpeg\" \/>\n<meta name=\"twitter:card\" content=\"summary_large_image\" \/>\n<meta name=\"twitter:label1\" content=\"Gesch\u00e4tzte Lesezeit\" \/>\n\t<meta name=\"twitter:data1\" content=\"3\u00a0Minuten\" \/>\n<script type=\"application\/ld+json\" class=\"yoast-schema-graph\">{\"@context\":\"https:\\\/\\\/schema.org\",\"@graph\":[{\"@type\":\"WebPage\",\"@id\":\"https:\\\/\\\/newlooxs.nl\\\/de\\\/produkte\\\/fahrradtaschen\\\/\",\"url\":\"https:\\\/\\\/newlooxs.nl\\\/de\\\/produkte\\\/fahrradtaschen\\\/\",\"name\":\"Fahrradtaschen von New Looxs \u2013 F\u00fcr jeden die passende Tasche\",\"isPartOf\":{\"@id\":\"https:\\\/\\\/newlooxs.nl\\\/de\\\/#website\"},\"primaryImageOfPage\":{\"@id\":\"https:\\\/\\\/newlooxs.nl\\\/de\\\/produkte\\\/fahrradtaschen\\\/#primaryimage\"},\"image\":{\"@id\":\"https:\\\/\\\/newlooxs.nl\\\/de\\\/produkte\\\/fahrradtaschen\\\/#primaryimage\"},\"thumbnailUrl\":\"https:\\\/\\\/newlooxs.nl\\\/wp-content\\\/uploads\\\/2025\\\/04\\\/15A0814.jpg\",\"datePublished\":\"2023-09-12T12:25:34+00:00\",\"dateModified\":\"2025-04-04T08:47:37+00:00\",\"description\":\"Entdecke praktische und modische Fahrradtaschen von New Looxs. Rucks\u00e4cke, Laptoptaschen und sportliche Modelle f\u00fcr jeden Radfahrer.\",\"breadcrumb\":{\"@id\":\"https:\\\/\\\/newlooxs.nl\\\/de\\\/produkte\\\/fahrradtaschen\\\/#breadcrumb\"},\"inLanguage\":\"de\",\"potentialAction\":[{\"@type\":\"ReadAction\",\"target\":[\"https:\\\/\\\/newlooxs.nl\\\/de\\\/produkte\\\/fahrradtaschen\\\/\"]}]},{\"@type\":\"ImageObject\",\"inLanguage\":\"de\",\"@id\":\"https:\\\/\\\/newlooxs.nl\\\/de\\\/produkte\\\/fahrradtaschen\\\/#primaryimage\",\"url\":\"https:\\\/\\\/newlooxs.nl\\\/wp-content\\\/uploads\\\/2025\\\/04\\\/15A0814.jpg\",\"contentUrl\":\"https:\\\/\\\/newlooxs.nl\\\/wp-content\\\/uploads\\\/2025\\\/04\\\/15A0814.jpg\",\"width\":2067,\"height\":1379,\"caption\":\"Nyborg fietstassen New Looxs\"},{\"@type\":\"BreadcrumbList\",\"@id\":\"https:\\\/\\\/newlooxs.nl\\\/de\\\/produkte\\\/fahrradtaschen\\\/#breadcrumb\",\"itemListElement\":[{\"@type\":\"ListItem\",\"position\":1,\"name\":\"Home\",\"item\":\"https:\\\/\\\/newlooxs.nl\\\/de\\\/\"},{\"@type\":\"ListItem\",\"position\":2,\"name\":\"Produkte\",\"item\":\"https:\\\/\\\/newlooxs.nl\\\/de\\\/produkte\\\/\"},{\"@type\":\"ListItem\",\"position\":3,\"name\":\"Fahrradtaschen\"}]},{\"@type\":\"WebSite\",\"@id\":\"https:\\\/\\\/newlooxs.nl\\\/de\\\/#website\",\"url\":\"https:\\\/\\\/newlooxs.nl\\\/de\\\/\",\"name\":\"New Looxs\",\"description\":\"\",\"publisher\":{\"@id\":\"https:\\\/\\\/newlooxs.nl\\\/de\\\/#organization\"},\"potentialAction\":[{\"@type\":\"SearchAction\",\"target\":{\"@type\":\"EntryPoint\",\"urlTemplate\":\"https:\\\/\\\/newlooxs.nl\\\/de\\\/?s={search_term_string}\"},\"query-input\":{\"@type\":\"PropertyValueSpecification\",\"valueRequired\":true,\"valueName\":\"search_term_string\"}}],\"inLanguage\":\"de\"},{\"@type\":\"Organization\",\"@id\":\"https:\\\/\\\/newlooxs.nl\\\/de\\\/#organization\",\"name\":\"New Looxs\",\"url\":\"https:\\\/\\\/newlooxs.nl\\\/de\\\/\",\"logo\":{\"@type\":\"ImageObject\",\"inLanguage\":\"de\",\"@id\":\"https:\\\/\\\/newlooxs.nl\\\/de\\\/#\\\/schema\\\/logo\\\/image\\\/\",\"url\":\"https:\\\/\\\/newlooxs.nl\\\/wp-content\\\/uploads\\\/2023\\\/06\\\/logo1.svg\",\"contentUrl\":\"https:\\\/\\\/newlooxs.nl\\\/wp-content\\\/uploads\\\/2023\\\/06\\\/logo1.svg\",\"caption\":\"New Looxs\"},\"image\":{\"@id\":\"https:\\\/\\\/newlooxs.nl\\\/de\\\/#\\\/schema\\\/logo\\\/image\\\/\"},\"sameAs\":[\"https:\\\/\\\/www.facebook.com\\\/NewLooxs\\\/\",\"https:\\\/\\\/www.instagram.com\\\/newlooxs\\\/\",\"https:\\\/\\\/www.linkedin.com\\\/company\\\/newlooxs\\\/\",\"https:\\\/\\\/www.youtube.com\\\/@newlooxs-bicyclebagsbaskets\"]}]}<\/script>\n<!-- \/ Yoast SEO Premium plugin. -->","yoast_head_json":{"title":"Fahrradtaschen von New Looxs \u2013 F\u00fcr jeden die passende Tasche","description":"Entdecke praktische und modische Fahrradtaschen von New Looxs. Rucks\u00e4cke, Laptoptaschen und sportliche Modelle f\u00fcr jeden Radfahrer.","robots":{"index":"index","follow":"follow","max-snippet":"max-snippet:-1","max-image-preview":"max-image-preview:large","max-video-preview":"max-video-preview:-1"},"canonical":"https:\/\/newlooxs.nl\/de\/produkte\/fahrradtaschen\/","og_locale":"de_DE","og_type":"article","og_title":"Fahrradtaschen","og_description":"Entdecke praktische und modische Fahrradtaschen von New Looxs. Rucks\u00e4cke, Laptoptaschen und sportliche Modelle f\u00fcr jeden Radfahrer.","og_url":"https:\/\/newlooxs.nl\/de\/produkte\/fahrradtaschen\/","og_site_name":"New Looxs","article_publisher":"https:\/\/www.facebook.com\/NewLooxs\/","article_modified_time":"2025-04-04T08:47:37+00:00","og_image":[{"width":2067,"height":1379,"url":"https:\/\/newlooxs.nl\/wp-content\/uploads\/2025\/04\/15A0814.jpg","type":"image\/jpeg"}],"twitter_card":"summary_large_image","twitter_misc":{"Gesch\u00e4tzte Lesezeit":"3\u00a0Minuten"},"schema":{"@context":"https:\/\/schema.org","@graph":[{"@type":"WebPage","@id":"https:\/\/newlooxs.nl\/de\/produkte\/fahrradtaschen\/","url":"https:\/\/newlooxs.nl\/de\/produkte\/fahrradtaschen\/","name":"Fahrradtaschen von New Looxs \u2013 F\u00fcr jeden die passende Tasche","isPartOf":{"@id":"https:\/\/newlooxs.nl\/de\/#website"},"primaryImageOfPage":{"@id":"https:\/\/newlooxs.nl\/de\/produkte\/fahrradtaschen\/#primaryimage"},"image":{"@id":"https:\/\/newlooxs.nl\/de\/produkte\/fahrradtaschen\/#primaryimage"},"thumbnailUrl":"https:\/\/newlooxs.nl\/wp-content\/uploads\/2025\/04\/15A0814.jpg","datePublished":"2023-09-12T12:25:34+00:00","dateModified":"2025-04-04T08:47:37+00:00","description":"Entdecke praktische und modische Fahrradtaschen von New Looxs. Rucks\u00e4cke, Laptoptaschen und sportliche Modelle f\u00fcr jeden Radfahrer.","breadcrumb":{"@id":"https:\/\/newlooxs.nl\/de\/produkte\/fahrradtaschen\/#breadcrumb"},"inLanguage":"de","potentialAction":[{"@type":"ReadAction","target":["https:\/\/newlooxs.nl\/de\/produkte\/fahrradtaschen\/"]}]},{"@type":"ImageObject","inLanguage":"de","@id":"https:\/\/newlooxs.nl\/de\/produkte\/fahrradtaschen\/#primaryimage","url":"https:\/\/newlooxs.nl\/wp-content\/uploads\/2025\/04\/15A0814.jpg","contentUrl":"https:\/\/newlooxs.nl\/wp-content\/uploads\/2025\/04\/15A0814.jpg","width":2067,"height":1379,"caption":"Nyborg fietstassen New Looxs"},{"@type":"BreadcrumbList","@id":"https:\/\/newlooxs.nl\/de\/produkte\/fahrradtaschen\/#breadcrumb","itemListElement":[{"@type":"ListItem","position":1,"name":"Home","item":"https:\/\/newlooxs.nl\/de\/"},{"@type":"ListItem","position":2,"name":"Produkte","item":"https:\/\/newlooxs.nl\/de\/produkte\/"},{"@type":"ListItem","position":3,"name":"Fahrradtaschen"}]},{"@type":"WebSite","@id":"https:\/\/newlooxs.nl\/de\/#website","url":"https:\/\/newlooxs.nl\/de\/","name":"New Looxs","description":"","publisher":{"@id":"https:\/\/newlooxs.nl\/de\/#organization"},"potentialAction":[{"@type":"SearchAction","target":{"@type":"EntryPoint","urlTemplate":"https:\/\/newlooxs.nl\/de\/?s={search_term_string}"},"query-input":{"@type":"PropertyValueSpecification","valueRequired":true,"valueName":"search_term_string"}}],"inLanguage":"de"},{"@type":"Organization","@id":"https:\/\/newlooxs.nl\/de\/#organization","name":"New Looxs","url":"https:\/\/newlooxs.nl\/de\/","logo":{"@type":"ImageObject","inLanguage":"de","@id":"https:\/\/newlooxs.nl\/de\/#\/schema\/logo\/image\/","url":"https:\/\/newlooxs.nl\/wp-content\/uploads\/2023\/06\/logo1.svg","contentUrl":"https:\/\/newlooxs.nl\/wp-content\/uploads\/2023\/06\/logo1.svg","caption":"New Looxs"},"image":{"@id":"https:\/\/newlooxs.nl\/de\/#\/schema\/logo\/image\/"},"sameAs":["https:\/\/www.facebook.com\/NewLooxs\/","https:\/\/www.instagram.com\/newlooxs\/","https:\/\/www.linkedin.com\/company\/newlooxs\/","https:\/\/www.youtube.com\/@newlooxs-bicyclebagsbaskets"]}]}},"_links":{"self":[{"href":"https:\/\/newlooxs.nl\/de\/wp-json\/wp\/v2\/pages\/5128","targetHints":{"allow":["GET"]}}],"collection":[{"href":"https:\/\/newlooxs.nl\/de\/wp-json\/wp\/v2\/pages"}],"about":[{"href":"https:\/\/newlooxs.nl\/de\/wp-json\/wp\/v2\/types\/page"}],"author":[{"embeddable":true,"href":"https:\/\/newlooxs.nl\/de\/wp-json\/wp\/v2\/users\/9"}],"replies":[{"embeddable":true,"href":"https:\/\/newlooxs.nl\/de\/wp-json\/wp\/v2\/comments?post=5128"}],"version-history":[{"count":3,"href":"https:\/\/newlooxs.nl\/de\/wp-json\/wp\/v2\/pages\/5128\/revisions"}],"predecessor-version":[{"id":33953,"href":"https:\/\/newlooxs.nl\/de\/wp-json\/wp\/v2\/pages\/5128\/revisions\/33953"}],"up":[{"embeddable":true,"href":"https:\/\/newlooxs.nl\/de\/wp-json\/wp\/v2\/pages\/5144"}],"wp:featuredmedia":[{"embeddable":true,"href":"https:\/\/newlooxs.nl\/de\/wp-json\/wp\/v2\/media\/33949"}],"wp:attachment":[{"href":"https:\/\/newlooxs.nl\/de\/wp-json\/wp\/v2\/media?parent=5128"}],"curies":[{"name":"wp","href":"https:\/\/api.w.org\/{rel}","templated":true}]}}