{"id":5132,"date":"2023-09-12T14:23:55","date_gmt":"2023-09-12T12:23:55","guid":{"rendered":"https:\/\/newlooxs.nl\/over-ons\/"},"modified":"2024-07-22T12:45:58","modified_gmt":"2024-07-22T10:45:58","slug":"uber-uns","status":"publish","type":"page","link":"https:\/\/newlooxs.nl\/de\/uber-uns\/","title":{"rendered":"\u00dcber uns"},"content":{"rendered":"\n<div id=\"over-ons\" class=\"wp-block-group is-layout-constrained wp-block-group-is-layout-constrained\">\n<div id=\"header-algemeen\" class=\"wp-block-group is-layout-constrained wp-block-group-is-layout-constrained\">\n<div class=\"wp-block-cover alignfull is-light\" style=\"margin-top:0px;margin-bottom:0px;padding-top:0px;padding-right:0px;padding-bottom:0px;padding-left:0px\"><span aria-hidden=\"true\" class=\"wp-block-cover__background has-background-dim-100 has-background-dim has-background-gradient\" style=\"background:linear-gradient(270deg,rgb(255,255,255) 37%,rgb(243,243,243) 37%)\"><\/span><div class=\"wp-block-cover__inner-container is-layout-flow wp-block-cover-is-layout-flow\">\n<div class=\"wp-block-group is-layout-constrained wp-block-group-is-layout-constrained\">\n<div class=\"wp-block-columns alignfull is-layout-flex wp-container-core-columns-is-layout-6c7bba7e wp-block-columns-is-layout-flex\" style=\"margin-top:0px;margin-bottom:0px;padding-top:0px;padding-right:0px;padding-bottom:0px;padding-left:0px;gap:32px\">\n<div class=\"wp-block-column is-layout-flow wp-block-column-is-layout-flow\"><\/div>\n\n\n\n<div class=\"wp-block-column is-vertically-aligned-center is-layout-flow wp-block-column-is-layout-flow\" style=\"flex-basis:520px\">\n<h1 class=\"wp-block-heading\" id=\"h-uber-new-looxs\">\u00dcber <mark style=\"background-color:rgba(0, 0, 0, 0)\" class=\"has-inline-color has-color-1-color\">New Looxs<\/mark><\/h1>\n\n\n\n<p>Die sch\u00f6nsten Stoffe, die besten Entw\u00fcrfe und die intelligentesten L\u00f6sungen; das sind die festen Zutaten jeder neuen New Looxs Kollektion. Al Familienunternehmen k\u00f6nnen wir n\u00e4mlich nicht anders als unserer DNS zu folgen. Das Auge f\u00fcrs Detail und die leidenschaftliche Handwerkskunst des Gr\u00fcnders Wim Burgers werden daher auch mit viel Stolz von Generation zu Generation weitergereicht.<\/p>\n\n\n\n<div class=\"wp-block-buttons is-layout-flex wp-container-core-buttons-is-layout-fbcf6490 wp-block-buttons-is-layout-flex\">\n<div class=\"wp-block-button is-style-fill\"><a class=\"wp-block-button__link has-white-color has-text-color wp-element-button\" href=\"https:\/\/newlooxs.nl\/de\/kollektion\/\">Kollektionen anschauen<\/a><\/div>\n\n\n\n<div class=\"wp-block-button is-style-fill\"><a class=\"wp-block-button__link has-color-2-color has-color-5-background-color has-text-color has-background wp-element-button\" href=\"https:\/\/newlooxs.nl\/de\/contact\/\">Kontaktieren Sie uns<\/a><\/div>\n<\/div>\n<\/div>\n\n\n\n<div class=\"wp-block-column is-layout-flow wp-block-column-is-layout-flow\" style=\"flex-basis:50%\">\n<div class=\"wp-block-cover is-light\" style=\"min-height:477px;aspect-ratio:unset;\"><span aria-hidden=\"true\" class=\"wp-block-cover__background has-background-dim-0 has-background-dim\"><\/span><img loading=\"lazy\" decoding=\"async\" width=\"800\" height=\"533\" class=\"wp-block-cover__image-background wp-image-4582\" alt=\"Over New Looxs\" src=\"https:\/\/newlooxs.nl\/wp-content\/uploads\/2023\/09\/NewLooxsWijchen_1867-1-800x0-c-default1.jpg\" data-object-fit=\"cover\" srcset=\"https:\/\/newlooxs.nl\/wp-content\/uploads\/2023\/09\/NewLooxsWijchen_1867-1-800x0-c-default1.jpg 800w, https:\/\/newlooxs.nl\/wp-content\/uploads\/2023\/09\/NewLooxsWijchen_1867-1-800x0-c-default1-768x512.jpg 768w, https:\/\/newlooxs.nl\/wp-content\/uploads\/2023\/09\/NewLooxsWijchen_1867-1-800x0-c-default1-300x200.jpg 300w\" sizes=\"auto, (max-width: 800px) 100vw, 800px\" \/><div class=\"wp-block-cover__inner-container is-layout-flow wp-block-cover-is-layout-flow\">\n<p class=\"has-text-align-center has-large-font-size\"><\/p>\n<\/div><\/div>\n<\/div>\n<\/div>\n<\/div>\n<\/div><\/div>\n\n\n\n<div style=\"height:30px;--spacer-height:30px\" aria-hidden=\"true\" class=\"wp-block-spacer\"><\/div>\n<\/div>\n\n\n\n<div id=\"over-tekst\" class=\"wp-block-group is-content-justification-left is-layout-constrained wp-container-core-group-is-layout-3ac27376 wp-block-group-is-layout-constrained\">\n<p>Ob sie nun zur Arbeit gehen, die Eink\u00e4ufe erledigen oder gem\u00fctlich einen Tagesausflug mit dem Rad unternehmen, New Looxs fertigt f\u00fcr jeden Radfahrer eine Tasche her, die ebenso stilvoll wie praktisch ist. Die Taschen wurden 1948 noch von Hand in den Niederlanden gefertigt, heutzutage arbeiten wir mit internationalen Partnern zusammen, die unseren Qualit\u00e4tsanspr\u00fcchen entsprechen und unsere Leidenschaft teilen.<\/p>\n\n\n\n<div style=\"height:50px;--spacer-height:50px\" aria-hidden=\"true\" class=\"wp-block-spacer\"><\/div>\n<\/div>\n\n\n\n<figure class=\"wp-block-gallery alignwide has-nested-images columns-default is-cropped wp-block-gallery-1 is-layout-flex wp-block-gallery-is-layout-flex\">\n<figure class=\"wp-block-image size-full\"><img loading=\"lazy\" decoding=\"async\" width=\"600\" height=\"410\" data-id=\"4585\" src=\"https:\/\/newlooxs.nl\/wp-content\/uploads\/2023\/09\/NewLooxsWijchen_1854-600x410-c-default1.jpg\" alt=\"Over NEw Looxs - fietstas ontwerp\" class=\"wp-image-4585\" srcset=\"https:\/\/newlooxs.nl\/wp-content\/uploads\/2023\/09\/NewLooxsWijchen_1854-600x410-c-default1.jpg 600w, https:\/\/newlooxs.nl\/wp-content\/uploads\/2023\/09\/NewLooxsWijchen_1854-600x410-c-default1-300x205.jpg 300w\" sizes=\"auto, (max-width: 600px) 100vw, 600px\" \/><\/figure>\n\n\n\n<figure class=\"wp-block-image size-full\"><img loading=\"lazy\" decoding=\"async\" width=\"800\" height=\"533\" data-id=\"4545\" src=\"https:\/\/newlooxs.nl\/wp-content\/uploads\/2023\/09\/NewLooxsWijchen_1896-800x0-c-default1.jpg\" alt=\"Over New Looxs familiebedrijf\" class=\"wp-image-4545\" srcset=\"https:\/\/newlooxs.nl\/wp-content\/uploads\/2023\/09\/NewLooxsWijchen_1896-800x0-c-default1.jpg 800w, https:\/\/newlooxs.nl\/wp-content\/uploads\/2023\/09\/NewLooxsWijchen_1896-800x0-c-default1-768x512.jpg 768w, https:\/\/newlooxs.nl\/wp-content\/uploads\/2023\/09\/NewLooxsWijchen_1896-800x0-c-default1-300x200.jpg 300w\" sizes=\"auto, (max-width: 800px) 100vw, 800px\" \/><\/figure>\n\n\n\n<figure class=\"wp-block-image size-full\"><img loading=\"lazy\" decoding=\"async\" width=\"831\" height=\"739\" data-id=\"4262\" src=\"https:\/\/newlooxs.nl\/wp-content\/uploads\/2023\/09\/Julia-Burgers.jpg\" alt=\"\u00dcber New Looxs \u2013 altes Handwerk\" class=\"wp-image-4262\" srcset=\"https:\/\/newlooxs.nl\/wp-content\/uploads\/2023\/09\/Julia-Burgers.jpg 831w, https:\/\/newlooxs.nl\/wp-content\/uploads\/2023\/09\/Julia-Burgers-576x512.jpg 576w, https:\/\/newlooxs.nl\/wp-content\/uploads\/2023\/09\/Julia-Burgers-300x267.jpg 300w, https:\/\/newlooxs.nl\/wp-content\/uploads\/2023\/09\/Julia-Burgers-768x683.jpg 768w\" sizes=\"auto, (max-width: 831px) 100vw, 831px\" \/><\/figure>\n<\/figure>\n\n\n\n<div id=\"over-tekst\" class=\"wp-block-group is-content-justification-left is-layout-constrained wp-container-core-group-is-layout-3ac27376 wp-block-group-is-layout-constrained\">\n<div style=\"height:50px;--spacer-height:50px\" aria-hidden=\"true\" class=\"wp-block-spacer\"><\/div>\n\n\n\n<h2 class=\"wp-block-heading\" id=\"h-wie-ein-altes-handwerk-weiterlebt\">Wie ein <mark style=\"background-color:rgba(0, 0, 0, 0)\" class=\"has-inline-color has-color-1-color\">altes Handwerk <\/mark>weiterlebt<\/h2>\n\n\n\n<h4 class=\"wp-block-heading\" id=\"h-der-anfang-1948\">Der Anfang: 1948<\/h4>\n\n\n\n<p>In den Nachkriegs-Niederlanden wird der Lebensfaden wieder aufgenommen. Der Wiederaufbau bringt eine Menge Gesch\u00e4ftigkeit mit sich und bietet M\u00f6glichkeiten f\u00fcr kleine und gro\u00dfe Unternehmer, um ihr Handwerk wieder auszu\u00fcben. So auch in Wijchen, einer Kleinstadt in der N\u00e4he von Nijmegen, die an die Gerber-Region in Nordbrabant angrenzt. Dort, in einem kleinen Schuppen hinter dem Haus, begann mein Gro\u00dfvater, Wim Burger, mit der Fertigung von handwerklichen Lederwaren.<\/p>\n\n\n\n<h4 class=\"wp-block-heading\" id=\"h-nur-die-beste-qualitat\"><strong>Nur die <mark style=\"background-color:rgba(0, 0, 0, 0)\" class=\"has-inline-color has-color-1-color\"> beste Qualit\u00e4t<\/mark><\/strong><\/h4>\n\n\n\n<p>Mit einer N\u00e4hmaschine fertigte er unter anderem Planen f\u00fcr Traktoren, Handsch\u00fctzer und Taschen f\u00fcr Fahrr\u00e4der. Er war ein geschickter Handwerker, hatte ein Auge f\u00fcrs Detail und verwendete nur die besten Materialien. Mit der Qualit\u00e4t seiner Lederwaren unterschied er sich schnell von anderen und sah sein Unternehmen wachsen. Es kamen zus\u00e4tzliche N\u00e4hmaschinen hinzu, der Fokus wurde ganz auf Taschen f\u00fcr Fahrr\u00e4der gerichtet, Materialien ver\u00e4nderten sich, jedoch blieb mein Gro\u00dfvater mit Burgers Lederwaren sich selbst treu: sein Handwerk, seine Fachkompetenz und vor allem auch seine Liebe zum Beruf blieben unver\u00e4ndert.<\/p>\n\n\n\n<h4 class=\"wp-block-heading\" id=\"h-als-kleines-madchen-nbsp\"><strong>Als kleines M\u00e4dchen \u2026&nbsp;<\/strong><\/h4>\n\n\n\n<p>Als kleines M\u00e4dchen war ich fr\u00fcher oft im Atelier zu finden und sah zu, wie mein Gro\u00dfvater und sp\u00e4ter auch mein Vater immer wieder sch\u00f6ne Dinge gestalteten. Wie sie mit unendlicher Geduld alle Details einer Tasche untersuchten bis sie stimmten. Ich h\u00f6rte die Geschichten meines Gro\u00dfvaters \u00fcber die Anfangsjahre des Unternehmens, in denen es wirklich nicht immer einfach war, in denen er jedoch stets auf sein Streben nach Qualit\u00e4t beharrte.<\/p>\n<\/div>\n\n\n\n<div id=\"over-tekst\" class=\"wp-block-group is-content-justification-left is-layout-constrained wp-container-core-group-is-layout-3ac27376 wp-block-group-is-layout-constrained\">\n<h4 class=\"wp-block-heading\" id=\"h-der-dritten-generation-nbsp-burgers-lederwaren\"><strong><mark style=\"background-color:rgba(0, 0, 0, 0)\" class=\"has-inline-color has-color-1-color\">Der dritten Generation<\/mark>&nbsp;Burgers Lederwaren<\/strong><\/h4>\n\n\n\n<p>Burgers Lederwaren hat sich im Laufe der Jahre entwickelt. Ich habe es hautnah miterlebt, dass Textil als Erg\u00e4nzung zu den Lederwaren eingef\u00fchrt wurde, dass wir die Zusammenarbeit mit anderen Partnern suchten und dass wir die ersten Schritte \u00fcber die Grenze setzten. Gleichzeitig sehe ich, dass wir im Kern noch immer das Familienunternehmen von fr\u00fcher sind und darauf bin ich stolz. Zusammen mit meinem Mann stehe ich als dritte Generation der Burgers am Ruder und wir k\u00f6nnen sagen, dass wir mit der Zeit gewachsen sind, jedoch die Werte, an die mein Gro\u00dfvater glaubte, beibehalten haben: Qualit\u00e4t, Fachkompetenz und Leidenschaft f\u00fcr den Beruf.<\/p>\n\n\n\n<h4 class=\"wp-block-heading\" id=\"h-new-looxs\"><strong>New Looxs<\/strong><\/h4>\n\n\n\n<p>Unter dem internationalen Label \u201eNew Looxs\u201c bieten wir eine breite Kollektion von Taschen f\u00fcr Fahrr\u00e4der, die das Beste aus beiden Welten kombiniert. Technisch perfektes Design, ein Auge f\u00fcr Details und gleichzeitig modisches Aussehen. Taschen, in denen Sie Ihre pers\u00f6nlichen Sachen einfach auf dem Fahrrad mitnehmen und mit denen Sie alle Fahrten mit Ihrem Fahrrad mit Stil genie\u00dfen k\u00f6nnen, sowohl funktionell als auch in der Freizeit und nach der Arbeit. Wir reisen durch die ganze Welt, um die sch\u00f6nsten Stoffe zu beschaffen und arbeiten nur mit Partnern zusammen, welche die Taschen so herstellen, wie wir sie fertigen. Denn nur dann erhalten sie das Pr\u00e4dikat \u201cBurgers Lederwaren\u201d.<\/p>\n\n\n\n<p><em>\u2014 Laura Burgers<\/em><\/p>\n\n\n\n<div style=\"height:50px;--spacer-height:50px\" aria-hidden=\"true\" class=\"wp-block-spacer\"><\/div>\n<\/div>\n<\/div>\n","protected":false},"excerpt":{"rendered":"<p>Ob sie nun zur Arbeit gehen, die Eink\u00e4ufe erledigen oder gem\u00fctlich einen Tagesausflug mit dem Rad unternehmen, New Looxs fertigt f\u00fcr jeden Radfahrer eine Tasche her, die ebenso stilvoll wie praktisch ist. Die Taschen wurden 1948 noch von Hand in den Niederlanden gefertigt, heutzutage arbeiten wir mit internationalen Partnern zusammen, die unseren Qualit\u00e4tsanspr\u00fcchen entsprechen und [&hellip;]<\/p>\n","protected":false},"author":9,"featured_media":0,"parent":0,"menu_order":3,"comment_status":"closed","ping_status":"closed","template":"","meta":{"_acf_changed":false,"_eb_attr":"","_relevanssi_hide_post":"","_relevanssi_hide_content":"","_relevanssi_pin_for_all":"","_relevanssi_pin_keywords":"","_relevanssi_unpin_keywords":"","_relevanssi_related_keywords":"","_relevanssi_related_include_ids":"","_relevanssi_related_exclude_ids":"","_relevanssi_related_no_append":"","_relevanssi_related_not_related":"","_relevanssi_related_posts":"","_relevanssi_noindex_reason":"","inline_featured_image":false,"footnotes":""},"class_list":["post-5132","page","type-page","status-publish","hentry"],"acf":[],"yoast_head":"<!-- This site is optimized with the Yoast SEO Premium plugin v22.0 (Yoast SEO v27.4) - https:\/\/yoast.com\/product\/yoast-seo-premium-wordpress\/ -->\n<title>\u00dcber uns - New Looxs<\/title>\n<meta name=\"robots\" content=\"index, follow, max-snippet:-1, max-image-preview:large, max-video-preview:-1\" \/>\n<link rel=\"canonical\" href=\"https:\/\/newlooxs.nl\/de\/uber-uns\/\" \/>\n<meta property=\"og:locale\" content=\"de_DE\" \/>\n<meta property=\"og:type\" content=\"article\" \/>\n<meta property=\"og:title\" content=\"\u00dcber uns\" \/>\n<meta property=\"og:description\" content=\"Ob sie nun zur Arbeit gehen, die Eink\u00e4ufe erledigen oder gem\u00fctlich einen Tagesausflug mit dem Rad unternehmen, New Looxs fertigt f\u00fcr jeden Radfahrer eine Tasche her, die ebenso stilvoll wie praktisch ist. Die Taschen wurden 1948 noch von Hand in den Niederlanden gefertigt, heutzutage arbeiten wir mit internationalen Partnern zusammen, die unseren Qualit\u00e4tsanspr\u00fcchen entsprechen und [&hellip;]\" \/>\n<meta property=\"og:url\" content=\"https:\/\/newlooxs.nl\/de\/uber-uns\/\" \/>\n<meta property=\"og:site_name\" content=\"New Looxs\" \/>\n<meta property=\"article:publisher\" content=\"https:\/\/www.facebook.com\/NewLooxs\/\" \/>\n<meta property=\"article:modified_time\" content=\"2024-07-22T10:45:58+00:00\" \/>\n<meta property=\"og:image\" content=\"https:\/\/newlooxs.nl\/wp-content\/uploads\/2023\/09\/NewLooxsWijchen_1867-1-800x0-c-default1.jpg\" \/>\n<meta name=\"twitter:card\" content=\"summary_large_image\" \/>\n<meta name=\"twitter:label1\" content=\"Gesch\u00e4tzte Lesezeit\" \/>\n\t<meta name=\"twitter:data1\" content=\"4\u00a0Minuten\" \/>\n<script type=\"application\/ld+json\" class=\"yoast-schema-graph\">{\"@context\":\"https:\\\/\\\/schema.org\",\"@graph\":[{\"@type\":\"WebPage\",\"@id\":\"https:\\\/\\\/newlooxs.nl\\\/de\\\/uber-uns\\\/\",\"url\":\"https:\\\/\\\/newlooxs.nl\\\/de\\\/uber-uns\\\/\",\"name\":\"\u00dcber uns - New Looxs\",\"isPartOf\":{\"@id\":\"https:\\\/\\\/newlooxs.nl\\\/de\\\/#website\"},\"primaryImageOfPage\":{\"@id\":\"https:\\\/\\\/newlooxs.nl\\\/de\\\/uber-uns\\\/#primaryimage\"},\"image\":{\"@id\":\"https:\\\/\\\/newlooxs.nl\\\/de\\\/uber-uns\\\/#primaryimage\"},\"thumbnailUrl\":\"https:\\\/\\\/newlooxs.nl\\\/wp-content\\\/uploads\\\/2023\\\/09\\\/NewLooxsWijchen_1867-1-800x0-c-default1.jpg\",\"datePublished\":\"2023-09-12T12:23:55+00:00\",\"dateModified\":\"2024-07-22T10:45:58+00:00\",\"breadcrumb\":{\"@id\":\"https:\\\/\\\/newlooxs.nl\\\/de\\\/uber-uns\\\/#breadcrumb\"},\"inLanguage\":\"de\",\"potentialAction\":[{\"@type\":\"ReadAction\",\"target\":[\"https:\\\/\\\/newlooxs.nl\\\/de\\\/uber-uns\\\/\"]}]},{\"@type\":\"ImageObject\",\"inLanguage\":\"de\",\"@id\":\"https:\\\/\\\/newlooxs.nl\\\/de\\\/uber-uns\\\/#primaryimage\",\"url\":\"https:\\\/\\\/newlooxs.nl\\\/wp-content\\\/uploads\\\/2023\\\/09\\\/NewLooxsWijchen_1867-1-800x0-c-default1.jpg\",\"contentUrl\":\"https:\\\/\\\/newlooxs.nl\\\/wp-content\\\/uploads\\\/2023\\\/09\\\/NewLooxsWijchen_1867-1-800x0-c-default1.jpg\"},{\"@type\":\"BreadcrumbList\",\"@id\":\"https:\\\/\\\/newlooxs.nl\\\/de\\\/uber-uns\\\/#breadcrumb\",\"itemListElement\":[{\"@type\":\"ListItem\",\"position\":1,\"name\":\"Home\",\"item\":\"https:\\\/\\\/newlooxs.nl\\\/de\\\/\"},{\"@type\":\"ListItem\",\"position\":2,\"name\":\"\u00dcber uns\"}]},{\"@type\":\"WebSite\",\"@id\":\"https:\\\/\\\/newlooxs.nl\\\/de\\\/#website\",\"url\":\"https:\\\/\\\/newlooxs.nl\\\/de\\\/\",\"name\":\"New Looxs\",\"description\":\"\",\"publisher\":{\"@id\":\"https:\\\/\\\/newlooxs.nl\\\/de\\\/#organization\"},\"potentialAction\":[{\"@type\":\"SearchAction\",\"target\":{\"@type\":\"EntryPoint\",\"urlTemplate\":\"https:\\\/\\\/newlooxs.nl\\\/de\\\/?s={search_term_string}\"},\"query-input\":{\"@type\":\"PropertyValueSpecification\",\"valueRequired\":true,\"valueName\":\"search_term_string\"}}],\"inLanguage\":\"de\"},{\"@type\":\"Organization\",\"@id\":\"https:\\\/\\\/newlooxs.nl\\\/de\\\/#organization\",\"name\":\"New Looxs\",\"url\":\"https:\\\/\\\/newlooxs.nl\\\/de\\\/\",\"logo\":{\"@type\":\"ImageObject\",\"inLanguage\":\"de\",\"@id\":\"https:\\\/\\\/newlooxs.nl\\\/de\\\/#\\\/schema\\\/logo\\\/image\\\/\",\"url\":\"https:\\\/\\\/newlooxs.nl\\\/wp-content\\\/uploads\\\/2023\\\/06\\\/logo1.svg\",\"contentUrl\":\"https:\\\/\\\/newlooxs.nl\\\/wp-content\\\/uploads\\\/2023\\\/06\\\/logo1.svg\",\"caption\":\"New Looxs\"},\"image\":{\"@id\":\"https:\\\/\\\/newlooxs.nl\\\/de\\\/#\\\/schema\\\/logo\\\/image\\\/\"},\"sameAs\":[\"https:\\\/\\\/www.facebook.com\\\/NewLooxs\\\/\",\"https:\\\/\\\/www.instagram.com\\\/newlooxs\\\/\",\"https:\\\/\\\/www.linkedin.com\\\/company\\\/newlooxs\\\/\",\"https:\\\/\\\/www.youtube.com\\\/@newlooxs-bicyclebagsbaskets\"]}]}<\/script>\n<!-- \/ Yoast SEO Premium plugin. -->","yoast_head_json":{"title":"\u00dcber uns - New Looxs","robots":{"index":"index","follow":"follow","max-snippet":"max-snippet:-1","max-image-preview":"max-image-preview:large","max-video-preview":"max-video-preview:-1"},"canonical":"https:\/\/newlooxs.nl\/de\/uber-uns\/","og_locale":"de_DE","og_type":"article","og_title":"\u00dcber uns","og_description":"Ob sie nun zur Arbeit gehen, die Eink\u00e4ufe erledigen oder gem\u00fctlich einen Tagesausflug mit dem Rad unternehmen, New Looxs fertigt f\u00fcr jeden Radfahrer eine Tasche her, die ebenso stilvoll wie praktisch ist. Die Taschen wurden 1948 noch von Hand in den Niederlanden gefertigt, heutzutage arbeiten wir mit internationalen Partnern zusammen, die unseren Qualit\u00e4tsanspr\u00fcchen entsprechen und [&hellip;]","og_url":"https:\/\/newlooxs.nl\/de\/uber-uns\/","og_site_name":"New Looxs","article_publisher":"https:\/\/www.facebook.com\/NewLooxs\/","article_modified_time":"2024-07-22T10:45:58+00:00","og_image":[{"url":"https:\/\/newlooxs.nl\/wp-content\/uploads\/2023\/09\/NewLooxsWijchen_1867-1-800x0-c-default1.jpg","type":"","width":"","height":""}],"twitter_card":"summary_large_image","twitter_misc":{"Gesch\u00e4tzte Lesezeit":"4\u00a0Minuten"},"schema":{"@context":"https:\/\/schema.org","@graph":[{"@type":"WebPage","@id":"https:\/\/newlooxs.nl\/de\/uber-uns\/","url":"https:\/\/newlooxs.nl\/de\/uber-uns\/","name":"\u00dcber uns - New Looxs","isPartOf":{"@id":"https:\/\/newlooxs.nl\/de\/#website"},"primaryImageOfPage":{"@id":"https:\/\/newlooxs.nl\/de\/uber-uns\/#primaryimage"},"image":{"@id":"https:\/\/newlooxs.nl\/de\/uber-uns\/#primaryimage"},"thumbnailUrl":"https:\/\/newlooxs.nl\/wp-content\/uploads\/2023\/09\/NewLooxsWijchen_1867-1-800x0-c-default1.jpg","datePublished":"2023-09-12T12:23:55+00:00","dateModified":"2024-07-22T10:45:58+00:00","breadcrumb":{"@id":"https:\/\/newlooxs.nl\/de\/uber-uns\/#breadcrumb"},"inLanguage":"de","potentialAction":[{"@type":"ReadAction","target":["https:\/\/newlooxs.nl\/de\/uber-uns\/"]}]},{"@type":"ImageObject","inLanguage":"de","@id":"https:\/\/newlooxs.nl\/de\/uber-uns\/#primaryimage","url":"https:\/\/newlooxs.nl\/wp-content\/uploads\/2023\/09\/NewLooxsWijchen_1867-1-800x0-c-default1.jpg","contentUrl":"https:\/\/newlooxs.nl\/wp-content\/uploads\/2023\/09\/NewLooxsWijchen_1867-1-800x0-c-default1.jpg"},{"@type":"BreadcrumbList","@id":"https:\/\/newlooxs.nl\/de\/uber-uns\/#breadcrumb","itemListElement":[{"@type":"ListItem","position":1,"name":"Home","item":"https:\/\/newlooxs.nl\/de\/"},{"@type":"ListItem","position":2,"name":"\u00dcber uns"}]},{"@type":"WebSite","@id":"https:\/\/newlooxs.nl\/de\/#website","url":"https:\/\/newlooxs.nl\/de\/","name":"New Looxs","description":"","publisher":{"@id":"https:\/\/newlooxs.nl\/de\/#organization"},"potentialAction":[{"@type":"SearchAction","target":{"@type":"EntryPoint","urlTemplate":"https:\/\/newlooxs.nl\/de\/?s={search_term_string}"},"query-input":{"@type":"PropertyValueSpecification","valueRequired":true,"valueName":"search_term_string"}}],"inLanguage":"de"},{"@type":"Organization","@id":"https:\/\/newlooxs.nl\/de\/#organization","name":"New Looxs","url":"https:\/\/newlooxs.nl\/de\/","logo":{"@type":"ImageObject","inLanguage":"de","@id":"https:\/\/newlooxs.nl\/de\/#\/schema\/logo\/image\/","url":"https:\/\/newlooxs.nl\/wp-content\/uploads\/2023\/06\/logo1.svg","contentUrl":"https:\/\/newlooxs.nl\/wp-content\/uploads\/2023\/06\/logo1.svg","caption":"New Looxs"},"image":{"@id":"https:\/\/newlooxs.nl\/de\/#\/schema\/logo\/image\/"},"sameAs":["https:\/\/www.facebook.com\/NewLooxs\/","https:\/\/www.instagram.com\/newlooxs\/","https:\/\/www.linkedin.com\/company\/newlooxs\/","https:\/\/www.youtube.com\/@newlooxs-bicyclebagsbaskets"]}]}},"_links":{"self":[{"href":"https:\/\/newlooxs.nl\/de\/wp-json\/wp\/v2\/pages\/5132","targetHints":{"allow":["GET"]}}],"collection":[{"href":"https:\/\/newlooxs.nl\/de\/wp-json\/wp\/v2\/pages"}],"about":[{"href":"https:\/\/newlooxs.nl\/de\/wp-json\/wp\/v2\/types\/page"}],"author":[{"embeddable":true,"href":"https:\/\/newlooxs.nl\/de\/wp-json\/wp\/v2\/users\/9"}],"replies":[{"embeddable":true,"href":"https:\/\/newlooxs.nl\/de\/wp-json\/wp\/v2\/comments?post=5132"}],"version-history":[{"count":2,"href":"https:\/\/newlooxs.nl\/de\/wp-json\/wp\/v2\/pages\/5132\/revisions"}],"predecessor-version":[{"id":32101,"href":"https:\/\/newlooxs.nl\/de\/wp-json\/wp\/v2\/pages\/5132\/revisions\/32101"}],"wp:attachment":[{"href":"https:\/\/newlooxs.nl\/de\/wp-json\/wp\/v2\/media?parent=5132"}],"curies":[{"name":"wp","href":"https:\/\/api.w.org\/{rel}","templated":true}]}}