{"id":5157,"date":"2023-01-24T13:59:07","date_gmt":"2023-01-24T12:59:07","guid":{"rendered":"https:\/\/newlooxs.nl\/nieuws\/"},"modified":"2024-01-10T12:19:52","modified_gmt":"2024-01-10T11:19:52","slug":"neuigkeiten","status":"publish","type":"page","link":"https:\/\/newlooxs.nl\/de\/neuigkeiten\/","title":{"rendered":"Neuigkeiten"},"content":{"rendered":"\n<div style=\"height:30px;--spacer-height:30px\" aria-hidden=\"true\" class=\"wp-block-spacer\"><\/div>\n\n\n\n<h1 class=\"wp-block-heading\" style=\"font-size:40px\">Neuigkeiten<\/h1>\n\n\n\r\n<div id=\"block_fba8357c782c48e8d6926f46f5615b4a\" class=\"wp-block-acf-prode-archive alignnone \">\r\n\t<div class=\"container\">\r\n\t\t<div class=\"row cards-wrapper g-5\">\r\n\t\t\t\t\t\t\t\t<div class=\"col-12 col-md-4 d-flex\">\r\n\t\t\t\t\t\t<a href=\"https:\/\/newlooxs.nl\/de\/alles-ueber-das-mik-system-und-mik-2-0-intelligente-befestigung-mit-nur-einem-klick\/\" class=\"prode-card\" style=\"background-color: #FFFFFF; font-size: 16px\">\r\n\t\t\t\t\t\t\t<img loading=\"lazy\" src=\"https:\/\/newlooxs.nl\/wp-content\/uploads\/2025\/08\/15A1699-768x512.jpg\" class=\"wp-post-image\" alt=\"Alles \u00fcber das MIK-System und MIK 2.0: Intelligente Befestigung mit nur einem Klick\" decoding=\"async\" style=\"height: 250px;\"><span class=\"meta date has-icon px-2 pt-2\">07-01-2026<\/span><h2 class=\"px-2\">Alles \u00fcber das MIK-System und MIK 2.0: Intelligente Befestigung mit nur einem Klick<\/h2><p class=\"px-2\">Egal, ob Sie t\u00e4glich zur Arbeit pendeln, einkaufen oder einfach nur freizeitm\u00e4\u00dfig unterwegs sind: Mit dem MIK-System befestigen Sie Ihre Fahrradtasche oder Ihren Korb schnell und sicher am Fahrrad. In diesem Artikel erfahren Sie alles dar\u00fcber, wie MIK funktioniert, welche Vorteile es gegen\u00fcber anderen Befestigungssystemen bietet, welche Neuerungen MIK 2.0&hellip;<\/p><div class=\"wp-block-button is-style-fill read-more px-2 pb-2\"><span class=\"wp-block-button__link wp-element-button\">Mehr lesen<\/span><\/div>\t\t\t\t\t\t<\/a>\r\n\t\t\t\t\t<\/div>\r\n\t\t\t\t\t\t\t\t\t\t<div class=\"col-12 col-md-4 d-flex\">\r\n\t\t\t\t\t\t<a href=\"https:\/\/newlooxs.nl\/de\/kollektion-2026\/\" class=\"prode-card\" style=\"background-color: #FFFFFF; font-size: 16px\">\r\n\t\t\t\t\t\t\t<img loading=\"lazy\" src=\"https:\/\/newlooxs.nl\/wp-content\/uploads\/2025\/12\/Mix_collectie_752x362-2.png\" class=\"wp-post-image\" alt=\"Kollektion 2026\" decoding=\"async\" style=\"height: 250px;\"><span class=\"meta date has-icon px-2 pt-2\">17-12-2025<\/span><h2 class=\"px-2\">Kollektion 2026<\/h2><p class=\"px-2\">Entdecken Sie die Vielseitigkeit unserer Fahrradtaschen Die neue New Looxs Kollektion 2026: eine Tasche f\u00fcr jeden Moment. Mehr als nur eine Fahrradtasche, verwenden Sie sie f\u00fcr die Arbeit, die Schule, Eink\u00e4ufe oder einen Tagesausflug. Entworfen, um den Bed\u00fcrfnissen des modernen Radfahrers gerecht zu werden. Wir pr\u00e4sentieren stolz die neuen Kollektionen&hellip;<\/p><div class=\"wp-block-button is-style-fill read-more px-2 pb-2\"><span class=\"wp-block-button__link wp-element-button\">Mehr lesen<\/span><\/div>\t\t\t\t\t\t<\/a>\r\n\t\t\t\t\t<\/div>\r\n\t\t\t\t\t\t\t\t\t\t<div class=\"col-12 col-md-4 d-flex\">\r\n\t\t\t\t\t\t<a href=\"https:\/\/newlooxs.nl\/de\/new-looxs-auf-der-eurobike-2025-wir-laden-sie-herzlich-ein\/\" class=\"prode-card\" style=\"background-color: #FFFFFF; font-size: 16px\">\r\n\t\t\t\t\t\t\t<img loading=\"lazy\" src=\"https:\/\/newlooxs.nl\/wp-content\/uploads\/2025\/06\/EB25_ShareImage_1200x630px_DE-768x403.jpg\" class=\"wp-post-image\" alt=\"New Looxs auf der Eurobike 2025 \u2013 Wir laden Sie herzlich ein!\" decoding=\"async\" style=\"height: 250px;\"><span class=\"meta date has-icon px-2 pt-2\">04-06-2025<\/span><h2 class=\"px-2\">New Looxs auf der Eurobike 2025 \u2013 Wir laden Sie herzlich ein!<\/h2><p class=\"px-2\">Nat\u00fcrlich ist New Looxs auch dieses Jahr wieder auf der Eurobike vertreten. Wir laden Sie herzlich ein, uns zu besuchen und unsere neuesten Kollektionen kennenzulernen \u2013 selbstverst\u00e4ndlich bei einer guten Tasse Kaffee. Weitere Informationen zur Eurobike 2025 in Frankfurt finden Sie hier. Am Samstag, den 28. Juni, und Sonntag, den&hellip;<\/p><div class=\"wp-block-button is-style-fill read-more px-2 pb-2\"><span class=\"wp-block-button__link wp-element-button\">Mehr lesen<\/span><\/div>\t\t\t\t\t\t<\/a>\r\n\t\t\t\t\t<\/div>\r\n\t\t\t\t\t\t\t\t\t\t<div class=\"col-12 col-md-4 d-flex\">\r\n\t\t\t\t\t\t<a href=\"https:\/\/newlooxs.nl\/de\/kollektion-2025\/\" class=\"prode-card\" style=\"background-color: #FFFFFF; font-size: 16px\">\r\n\t\t\t\t\t\t\t<img loading=\"lazy\" src=\"https:\/\/newlooxs.nl\/wp-content\/uploads\/2024\/09\/LR_15A9674-768x512.jpg\" class=\"wp-post-image\" alt=\"Kollektion 2025\" decoding=\"async\" style=\"height: 250px;\"><span class=\"meta date has-icon px-2 pt-2\">19-11-2024<\/span><h2 class=\"px-2\">Kollektion 2025<\/h2><p class=\"px-2\">Langlebig, multifunktional und farbenfroh Wir freuen uns, Ihnen unsere neue New Looxs Kollektion 2025 sowie die Erweiterung der bestehenden Odense-Kollektion um eine neue Farbe vorstellen zu k\u00f6nnen. Die moderne Oslo-Serie, die funktionelle Tulum-Serie und die sportliche Sports-Serie sind jetzt erh\u00e4ltlich. Die bekannte Odense-Kollektion wird um die modische Farbe Dark Blue&hellip;<\/p><div class=\"wp-block-button is-style-fill read-more px-2 pb-2\"><span class=\"wp-block-button__link wp-element-button\">Mehr lesen<\/span><\/div>\t\t\t\t\t\t<\/a>\r\n\t\t\t\t\t<\/div>\r\n\t\t\t\t\t\t\t\t\t\t<div class=\"col-12 col-md-4 d-flex\">\r\n\t\t\t\t\t\t<a href=\"https:\/\/newlooxs.nl\/de\/new-looxs-eurobike-2024\/\" class=\"prode-card\" style=\"background-color: #FFFFFF; font-size: 16px\">\r\n\t\t\t\t\t\t\t<img loading=\"lazy\" src=\"https:\/\/newlooxs.nl\/wp-content\/uploads\/2024\/05\/EB24_OGImage_1200x630px_EN-768x403.jpg\" class=\"wp-post-image\" alt=\"New Looxs Eurobike 2024\" decoding=\"async\" style=\"height: 250px;\"><span class=\"meta date has-icon px-2 pt-2\">31-05-2024<\/span><h2 class=\"px-2\">New Looxs Eurobike 2024<\/h2><p class=\"px-2\">Hello Future &#8211; New Looxs Eurobike 2024 Nat\u00fcrlich ist New Looxs auch dieses Jahr wieder auf der Eurobike vertreten. Wir laden Sie herzlich ein, uns zu besuchen und unsere neuesten Kollektionen anzuschauen \u2013 nat\u00fcrlich bei einer Tasse Kaffee. Weitere Informationen zur Eurobike in Frankfurt finden Sie hier. Termin Vereinbaren Kommen&hellip;<\/p><div class=\"wp-block-button is-style-fill read-more px-2 pb-2\"><span class=\"wp-block-button__link wp-element-button\">Mehr lesen<\/span><\/div>\t\t\t\t\t\t<\/a>\r\n\t\t\t\t\t<\/div>\r\n\t\t\t\t\t\t\t\t\t\t<div class=\"col-12 col-md-4 d-flex\">\r\n\t\t\t\t\t\t<a href=\"https:\/\/newlooxs.nl\/de\/downloadmanager-new-looxs\/\" class=\"prode-card\" style=\"background-color: #FFFFFF; font-size: 16px\">\r\n\t\t\t\t\t\t\t<img loading=\"lazy\" src=\"https:\/\/newlooxs.nl\/wp-content\/uploads\/2024\/05\/DE_Website-vierkant-12.7-x-9-cm-722x512.jpg\" class=\"wp-post-image\" alt=\"Downloadmanager &#8211; Informationen zu New Looxs\" decoding=\"async\" style=\"height: 250px;\"><span class=\"meta date has-icon px-2 pt-2\">01-05-2024<\/span><h2 class=\"px-2\">Downloadmanager &#8211; Informationen zu New Looxs<\/h2><p class=\"px-2\">Wir erhalten regelm\u00e4\u00dfig Anfragen von Fahrradh\u00e4ndlern oder Gro\u00dfh\u00e4ndlern: &#8222;Kann ich irgendwo Produktfotos oder Stimmungsbilder herunterladen, um sie f\u00fcr meine eigene Website oder Social Media zu verwenden?&#8220;. Ab heute ist dies in unserem Downloadmanager m\u00f6glich. Downloadmanager In diesem Download-Tool finden Sie einen \u00dcberblick \u00fcber alle verf\u00fcgbaren Informationen zu New Looxs. Sie&hellip;<\/p><div class=\"wp-block-button is-style-fill read-more px-2 pb-2\"><span class=\"wp-block-button__link wp-element-button\">Mehr lesen<\/span><\/div>\t\t\t\t\t\t<\/a>\r\n\t\t\t\t\t<\/div>\r\n\t\t\t\t\t\t\t\t\t\t<div class=\"col-12 col-md-4 d-flex\">\r\n\t\t\t\t\t\t<a href=\"https:\/\/newlooxs.nl\/de\/erweiterung-des-new-looxs-teams\/\" class=\"prode-card\" style=\"background-color: #FFFFFF; font-size: 16px\">\r\n\t\t\t\t\t\t\t<img loading=\"lazy\" src=\"https:\/\/newlooxs.nl\/wp-content\/uploads\/2024\/04\/Voorstellen-collegas_website-25-x-15-cm-e1714038457574-768x369.jpg\" class=\"wp-post-image\" alt=\"Erweiterung des New Looxs Teams\" decoding=\"async\" style=\"height: 250px;\"><span class=\"meta date has-icon px-2 pt-2\">25-04-2024<\/span><h2 class=\"px-2\">Erweiterung des New Looxs Teams<\/h2><p class=\"px-2\">Neue Zug\u00e4nge Neben neuen Taschen f\u00fcgt New Looxs auch neue Kollegen zur Mannschaft hinzu. Sie m\u00f6chten sich gerne kurz vorstellen: Kevin Ein echter Macher, der in seiner Freizeit gerne PSV ansieht. Der neue Lagerleiter sorgt daf\u00fcr, dass Bestellungen schnell und korrekt bearbeitet werden. Er liefert auch regelm\u00e4\u00dfig Bestellungen an Gro\u00dfh\u00e4ndler&hellip;<\/p><div class=\"wp-block-button is-style-fill read-more px-2 pb-2\"><span class=\"wp-block-button__link wp-element-button\">Mehr lesen<\/span><\/div>\t\t\t\t\t\t<\/a>\r\n\t\t\t\t\t<\/div>\r\n\t\t\t\t\t\t\t\t\t\t<div class=\"col-12 col-md-4 d-flex\">\r\n\t\t\t\t\t\t<a href=\"https:\/\/newlooxs.nl\/de\/new-looxs-kommt-mit-neuer-multifunktionaler-kollektion\/\" class=\"prode-card\" style=\"background-color: #FFFFFF; font-size: 16px\">\r\n\t\t\t\t\t\t\t<img loading=\"lazy\" src=\"https:\/\/newlooxs.nl\/wp-content\/uploads\/2023\/09\/226511-Odense-Backpack-Green-8-768x512.jpg\" class=\"wp-post-image\" alt=\"New Looxs kommt mit neuer multifunktionaler Kollektion\" decoding=\"async\" style=\"height: 250px;\"><span class=\"meta date has-icon px-2 pt-2\">04-11-2020<\/span><h2 class=\"px-2\">New Looxs kommt mit neuer multifunktionaler Kollektion<\/h2><p class=\"px-2\">Wachsende Nachfrage nach Taschen f\u00fcr den Weg zwischen Wohnung und Arbeitsplatz Praktisch, zeitgem\u00e4\u00df und sicher. Dies ist die beste Art und Weise, unsere neue Packtaschenkollektion zu beschreiben. Die Kollektion f\u00fcr 2021 besteht aus neuen Modellen, verbesserten Designs und bekannten Taschen in einem neuen Aussehen. Damit erweitern wir unser Sortiment um&hellip;<\/p><div class=\"wp-block-button is-style-fill read-more px-2 pb-2\"><span class=\"wp-block-button__link wp-element-button\">Mehr lesen<\/span><\/div>\t\t\t\t\t\t<\/a>\r\n\t\t\t\t\t<\/div>\r\n\t\t\t\t\t\t\t\t\t\t<div class=\"col-12 col-md-4 d-flex\">\r\n\t\t\t\t\t\t<a href=\"https:\/\/newlooxs.nl\/de\/staerker-durch-zusammenarbeit\/\" class=\"prode-card\" style=\"background-color: #FFFFFF; font-size: 16px\">\r\n\t\t\t\t\t\t\t<img loading=\"lazy\" src=\"https:\/\/newlooxs.nl\/wp-content\/uploads\/2023\/09\/Nova-dbl-Racktime-1-768x512.jpg\" class=\"wp-post-image\" alt=\"St\u00e4rker durch Zusammenarbeit\" decoding=\"async\" style=\"height: 250px;\"><span class=\"meta date has-icon px-2 pt-2\">08-05-2019<\/span><h2 class=\"px-2\">St\u00e4rker durch Zusammenarbeit<\/h2><p class=\"px-2\">New Looxs kooperiert mit namhaften Anbietern von Befestigungssystemen f\u00fcr ihre Fahrradtaschen. &#8222;Marken wie Racktime und Klickfix sind die absoluten Experten auf dem Gebiet der Befestigungssysteme, und wir sind stolz darauf, dass wir die New Looxs-Packtaschen mit diesen Systemen ausstatten k\u00f6nnen&#8220;, sagt Laura Burgers von New Burgers. Die Zusammenarbeit hat dazu&hellip;<\/p><div class=\"wp-block-button is-style-fill read-more px-2 pb-2\"><span class=\"wp-block-button__link wp-element-button\">Mehr lesen<\/span><\/div>\t\t\t\t\t\t<\/a>\r\n\t\t\t\t\t<\/div>\r\n\t\t\t\t\t\t\t<\/div>\r\n\t<\/div>\r\n<\/div>\r\n","protected":false},"excerpt":{"rendered":"<p>Neuigkeiten<\/p>\n","protected":false},"author":9,"featured_media":0,"parent":0,"menu_order":6,"comment_status":"closed","ping_status":"closed","template":"","meta":{"_acf_changed":false,"_eb_attr":"","_relevanssi_hide_post":"","_relevanssi_hide_content":"","_relevanssi_pin_for_all":"","_relevanssi_pin_keywords":"","_relevanssi_unpin_keywords":"","_relevanssi_related_keywords":"","_relevanssi_related_include_ids":"","_relevanssi_related_exclude_ids":"","_relevanssi_related_no_append":"","_relevanssi_related_not_related":"","_relevanssi_related_posts":"","_relevanssi_noindex_reason":"","inline_featured_image":false,"footnotes":""},"class_list":["post-5157","page","type-page","status-publish","hentry"],"acf":[],"yoast_head":"<!-- This site is optimized with the Yoast SEO Premium plugin v22.0 (Yoast SEO v27.4) - https:\/\/yoast.com\/product\/yoast-seo-premium-wordpress\/ -->\n<title>Neuigkeiten - New Looxs<\/title>\n<meta name=\"robots\" content=\"index, follow, max-snippet:-1, max-image-preview:large, max-video-preview:-1\" \/>\n<link rel=\"canonical\" href=\"https:\/\/newlooxs.nl\/de\/neuigkeiten\/\" \/>\n<meta property=\"og:locale\" content=\"de_DE\" \/>\n<meta property=\"og:type\" content=\"article\" \/>\n<meta property=\"og:title\" content=\"Neuigkeiten\" \/>\n<meta property=\"og:description\" content=\"Neuigkeiten\" \/>\n<meta property=\"og:url\" content=\"https:\/\/newlooxs.nl\/de\/neuigkeiten\/\" \/>\n<meta property=\"og:site_name\" content=\"New Looxs\" \/>\n<meta property=\"article:publisher\" content=\"https:\/\/www.facebook.com\/NewLooxs\/\" \/>\n<meta property=\"article:modified_time\" content=\"2024-01-10T11:19:52+00:00\" \/>\n<meta name=\"twitter:card\" content=\"summary_large_image\" \/>\n<meta name=\"twitter:label1\" content=\"Gesch\u00e4tzte Lesezeit\" \/>\n\t<meta name=\"twitter:data1\" content=\"1\u00a0Minute\" \/>\n<script type=\"application\/ld+json\" class=\"yoast-schema-graph\">{\"@context\":\"https:\\\/\\\/schema.org\",\"@graph\":[{\"@type\":\"WebPage\",\"@id\":\"https:\\\/\\\/newlooxs.nl\\\/de\\\/neuigkeiten\\\/\",\"url\":\"https:\\\/\\\/newlooxs.nl\\\/de\\\/neuigkeiten\\\/\",\"name\":\"Neuigkeiten - New Looxs\",\"isPartOf\":{\"@id\":\"https:\\\/\\\/newlooxs.nl\\\/de\\\/#website\"},\"datePublished\":\"2023-01-24T12:59:07+00:00\",\"dateModified\":\"2024-01-10T11:19:52+00:00\",\"breadcrumb\":{\"@id\":\"https:\\\/\\\/newlooxs.nl\\\/de\\\/neuigkeiten\\\/#breadcrumb\"},\"inLanguage\":\"de\",\"potentialAction\":[{\"@type\":\"ReadAction\",\"target\":[\"https:\\\/\\\/newlooxs.nl\\\/de\\\/neuigkeiten\\\/\"]}]},{\"@type\":\"BreadcrumbList\",\"@id\":\"https:\\\/\\\/newlooxs.nl\\\/de\\\/neuigkeiten\\\/#breadcrumb\",\"itemListElement\":[{\"@type\":\"ListItem\",\"position\":1,\"name\":\"Home\",\"item\":\"https:\\\/\\\/newlooxs.nl\\\/de\\\/\"},{\"@type\":\"ListItem\",\"position\":2,\"name\":\"Neuigkeiten\"}]},{\"@type\":\"WebSite\",\"@id\":\"https:\\\/\\\/newlooxs.nl\\\/de\\\/#website\",\"url\":\"https:\\\/\\\/newlooxs.nl\\\/de\\\/\",\"name\":\"New Looxs\",\"description\":\"\",\"publisher\":{\"@id\":\"https:\\\/\\\/newlooxs.nl\\\/de\\\/#organization\"},\"potentialAction\":[{\"@type\":\"SearchAction\",\"target\":{\"@type\":\"EntryPoint\",\"urlTemplate\":\"https:\\\/\\\/newlooxs.nl\\\/de\\\/?s={search_term_string}\"},\"query-input\":{\"@type\":\"PropertyValueSpecification\",\"valueRequired\":true,\"valueName\":\"search_term_string\"}}],\"inLanguage\":\"de\"},{\"@type\":\"Organization\",\"@id\":\"https:\\\/\\\/newlooxs.nl\\\/de\\\/#organization\",\"name\":\"New Looxs\",\"url\":\"https:\\\/\\\/newlooxs.nl\\\/de\\\/\",\"logo\":{\"@type\":\"ImageObject\",\"inLanguage\":\"de\",\"@id\":\"https:\\\/\\\/newlooxs.nl\\\/de\\\/#\\\/schema\\\/logo\\\/image\\\/\",\"url\":\"https:\\\/\\\/newlooxs.nl\\\/wp-content\\\/uploads\\\/2023\\\/06\\\/logo1.svg\",\"contentUrl\":\"https:\\\/\\\/newlooxs.nl\\\/wp-content\\\/uploads\\\/2023\\\/06\\\/logo1.svg\",\"caption\":\"New Looxs\"},\"image\":{\"@id\":\"https:\\\/\\\/newlooxs.nl\\\/de\\\/#\\\/schema\\\/logo\\\/image\\\/\"},\"sameAs\":[\"https:\\\/\\\/www.facebook.com\\\/NewLooxs\\\/\",\"https:\\\/\\\/www.instagram.com\\\/newlooxs\\\/\",\"https:\\\/\\\/www.linkedin.com\\\/company\\\/newlooxs\\\/\",\"https:\\\/\\\/www.youtube.com\\\/@newlooxs-bicyclebagsbaskets\"]}]}<\/script>\n<!-- \/ Yoast SEO Premium plugin. -->","yoast_head_json":{"title":"Neuigkeiten - New Looxs","robots":{"index":"index","follow":"follow","max-snippet":"max-snippet:-1","max-image-preview":"max-image-preview:large","max-video-preview":"max-video-preview:-1"},"canonical":"https:\/\/newlooxs.nl\/de\/neuigkeiten\/","og_locale":"de_DE","og_type":"article","og_title":"Neuigkeiten","og_description":"Neuigkeiten","og_url":"https:\/\/newlooxs.nl\/de\/neuigkeiten\/","og_site_name":"New Looxs","article_publisher":"https:\/\/www.facebook.com\/NewLooxs\/","article_modified_time":"2024-01-10T11:19:52+00:00","twitter_card":"summary_large_image","twitter_misc":{"Gesch\u00e4tzte Lesezeit":"1\u00a0Minute"},"schema":{"@context":"https:\/\/schema.org","@graph":[{"@type":"WebPage","@id":"https:\/\/newlooxs.nl\/de\/neuigkeiten\/","url":"https:\/\/newlooxs.nl\/de\/neuigkeiten\/","name":"Neuigkeiten - New Looxs","isPartOf":{"@id":"https:\/\/newlooxs.nl\/de\/#website"},"datePublished":"2023-01-24T12:59:07+00:00","dateModified":"2024-01-10T11:19:52+00:00","breadcrumb":{"@id":"https:\/\/newlooxs.nl\/de\/neuigkeiten\/#breadcrumb"},"inLanguage":"de","potentialAction":[{"@type":"ReadAction","target":["https:\/\/newlooxs.nl\/de\/neuigkeiten\/"]}]},{"@type":"BreadcrumbList","@id":"https:\/\/newlooxs.nl\/de\/neuigkeiten\/#breadcrumb","itemListElement":[{"@type":"ListItem","position":1,"name":"Home","item":"https:\/\/newlooxs.nl\/de\/"},{"@type":"ListItem","position":2,"name":"Neuigkeiten"}]},{"@type":"WebSite","@id":"https:\/\/newlooxs.nl\/de\/#website","url":"https:\/\/newlooxs.nl\/de\/","name":"New Looxs","description":"","publisher":{"@id":"https:\/\/newlooxs.nl\/de\/#organization"},"potentialAction":[{"@type":"SearchAction","target":{"@type":"EntryPoint","urlTemplate":"https:\/\/newlooxs.nl\/de\/?s={search_term_string}"},"query-input":{"@type":"PropertyValueSpecification","valueRequired":true,"valueName":"search_term_string"}}],"inLanguage":"de"},{"@type":"Organization","@id":"https:\/\/newlooxs.nl\/de\/#organization","name":"New Looxs","url":"https:\/\/newlooxs.nl\/de\/","logo":{"@type":"ImageObject","inLanguage":"de","@id":"https:\/\/newlooxs.nl\/de\/#\/schema\/logo\/image\/","url":"https:\/\/newlooxs.nl\/wp-content\/uploads\/2023\/06\/logo1.svg","contentUrl":"https:\/\/newlooxs.nl\/wp-content\/uploads\/2023\/06\/logo1.svg","caption":"New Looxs"},"image":{"@id":"https:\/\/newlooxs.nl\/de\/#\/schema\/logo\/image\/"},"sameAs":["https:\/\/www.facebook.com\/NewLooxs\/","https:\/\/www.instagram.com\/newlooxs\/","https:\/\/www.linkedin.com\/company\/newlooxs\/","https:\/\/www.youtube.com\/@newlooxs-bicyclebagsbaskets"]}]}},"_links":{"self":[{"href":"https:\/\/newlooxs.nl\/de\/wp-json\/wp\/v2\/pages\/5157","targetHints":{"allow":["GET"]}}],"collection":[{"href":"https:\/\/newlooxs.nl\/de\/wp-json\/wp\/v2\/pages"}],"about":[{"href":"https:\/\/newlooxs.nl\/de\/wp-json\/wp\/v2\/types\/page"}],"author":[{"embeddable":true,"href":"https:\/\/newlooxs.nl\/de\/wp-json\/wp\/v2\/users\/9"}],"replies":[{"embeddable":true,"href":"https:\/\/newlooxs.nl\/de\/wp-json\/wp\/v2\/comments?post=5157"}],"version-history":[{"count":0,"href":"https:\/\/newlooxs.nl\/de\/wp-json\/wp\/v2\/pages\/5157\/revisions"}],"wp:attachment":[{"href":"https:\/\/newlooxs.nl\/de\/wp-json\/wp\/v2\/media?parent=5157"}],"curies":[{"name":"wp","href":"https:\/\/api.w.org\/{rel}","templated":true}]}}