{"id":22487,"date":"2023-11-24T12:29:55","date_gmt":"2023-11-24T11:29:55","guid":{"rendered":"https:\/\/newlooxs.nl\/?page_id=22487"},"modified":"2025-04-04T13:10:11","modified_gmt":"2025-04-04T11:10:11","slug":"sacoches-velo-doubles","status":"publish","type":"page","link":"https:\/\/newlooxs.nl\/fr\/des-produits\/sacoches-velo-doubles\/","title":{"rendered":"Sacoches v\u00e9lo doubles"},"content":{"rendered":"\n<div id=\"algemeen\" class=\"wp-block-group is-layout-constrained wp-block-group-is-layout-constrained\">\n<div id=\"collectie-header\" class=\"wp-block-group is-layout-constrained wp-block-group-is-layout-constrained\">\n<div class=\"wp-block-columns alignfull has-color-4-background-color has-background is-layout-flex wp-container-core-columns-is-layout-763660d3 wp-block-columns-is-layout-flex\" style=\"margin-top:0px;margin-bottom:0px;padding-top:0px;padding-right:0px;padding-bottom:0px;padding-left:0px\">\n<div class=\"wp-block-column column-marge is-layout-flow wp-block-column-is-layout-flow\"><\/div>\n\n\n\n<div class=\"wp-block-column is-vertically-aligned-center column-text has-color-4-background-color has-background is-layout-flow wp-container-core-column-is-layout-58caa531 wp-block-column-is-layout-flow\" style=\"border-left-style:none;border-left-width:0px;padding-top:var(--wp--preset--spacing--50);padding-right:0;padding-bottom:var(--wp--preset--spacing--50);padding-left:var(--wp--preset--spacing--50);flex-basis:660px\">\n<div class=\"wp-block-group has-color-4-background-color has-background is-layout-constrained wp-container-core-group-is-layout-309ce678 wp-block-group-is-layout-constrained\" style=\"border-left-color:var(--wp--preset--color--color-1);border-left-width:30px;margin-top:0px;margin-bottom:0px;padding-top:var(--wp--preset--spacing--80);padding-right:var(--wp--preset--spacing--80);padding-bottom:var(--wp--preset--spacing--80);padding-left:var(--wp--preset--spacing--80)\"><div class=\"yoast-breadcrumbs wp-block-yoast-seo-breadcrumbs\"><span><span><a href=\"https:\/\/newlooxs.nl\/fr\/\">Home<\/a><\/span> \u00bb <span><a href=\"https:\/\/newlooxs.nl\/fr\/des-produits\/\">Des produits<\/a><\/span> \u00bb <span class=\"breadcrumb_last\" aria-current=\"page\">Sacoches v\u00e9lo doubles<\/span><\/span><\/div>\n\n\n<div style=\"height:40px;--spacer-height:40px\" aria-hidden=\"true\" class=\"wp-block-spacer\"><\/div>\n\n\n\n<div class=\"wp-block-group is-nowrap is-layout-flex wp-container-core-group-is-layout-ee308172 wp-block-group-is-layout-flex\" style=\"margin-top:0px;margin-bottom:0px\">\n<h1 class=\"wp-block-heading collection-title\" id=\"h-sacoches-velo-doubles\" style=\"font-size:40px;line-height:1.2\"><mark style=\"background-color:#f04923\" class=\"has-inline-color has-color-5-color\">Sacoches v\u00e9lo doubles<\/mark><\/h1>\n\n\n\n<figure class=\"wp-block-image size-full title-logo\"><img loading=\"lazy\" decoding=\"async\" width=\"50\" height=\"45\" src=\"https:\/\/newlooxs.nl\/wp-content\/uploads\/2023\/06\/newloox-beeldmerk-50.png\"alt=\"New Looxs - newloox-beeldmerk-50\"class=\"wp-image-1286\"\/><\/figure>\n<\/div>\n\n\n\n<p class=\"has-extra-large-font-size\">Avec une sacoche double, vous disposez de deux fois plus d\u2019espace pour emporter vos affaires sur votre v\u00e9lo. Que ce soit pour vos courses quotidiennes ou pour une balade sportive, tout ce que vous voulez emporter tiendra facilement \u00e0 l\u2019int\u00e9rieur des sacoches. <\/p>\n\n\n\n<div class=\"wp-block-buttons is-layout-flex wp-block-buttons-is-layout-flex\">\n<div class=\"wp-block-button is-style-fill\"><a class=\"wp-block-button__link has-color-1-background-color has-background wp-element-button\" href=\"https:\/\/newlooxs.nl\/fr\/des-produits\/?_sft_dubbel_of_enkel_cat=double-fr\">Voir tous les Sacoches v\u00e9lo doubles<\/a><\/div>\n\n\n\n<div class=\"wp-block-button is-style-fill\"><a class=\"wp-block-button__link has-color-2-color has-color-5-background-color has-text-color has-background wp-element-button\" href=\"https:\/\/newlooxs.nl\/fr\/adresses-de-vente-new-looxs\/\">Voir les points de vente<\/a><\/div>\n<\/div>\n<\/div>\n<\/div>\n\n\n\n<div class=\"wp-block-column is-layout-flow wp-block-column-is-layout-flow\" style=\"flex-basis:50%\">\n<div class=\"wp-block-cover is-light\" style=\"margin-top:0px;margin-bottom:0px;padding-top:0px;padding-right:0px;padding-bottom:0px;padding-left:0px;min-height:100%;aspect-ratio:unset;\"><span aria-hidden=\"true\" class=\"wp-block-cover__background has-background-dim-0 has-background-dim\" style=\"background-color:#a59c8d\"><\/span><img loading=\"lazy\" decoding=\"async\" width=\"2560\" height=\"1707\" class=\"wp-block-cover__image-background wp-image-33961\" alt=\"\" src=\"https:\/\/newlooxs.nl\/wp-content\/uploads\/2025\/04\/15A1325-scaled.jpg\" style=\"object-position:51% 77%\" data-object-fit=\"cover\" data-object-position=\"51% 77%\" srcset=\"https:\/\/newlooxs.nl\/wp-content\/uploads\/2025\/04\/15A1325-scaled.jpg 2560w, https:\/\/newlooxs.nl\/wp-content\/uploads\/2025\/04\/15A1325-768x512.jpg 768w, https:\/\/newlooxs.nl\/wp-content\/uploads\/2025\/04\/15A1325-1280x854.jpg 1280w, https:\/\/newlooxs.nl\/wp-content\/uploads\/2025\/04\/15A1325-300x200.jpg 300w, https:\/\/newlooxs.nl\/wp-content\/uploads\/2025\/04\/15A1325-50x33.jpg 50w, https:\/\/newlooxs.nl\/wp-content\/uploads\/2025\/04\/15A1325-1600x1067.jpg 1600w, https:\/\/newlooxs.nl\/wp-content\/uploads\/2025\/04\/15A1325-1536x1024.jpg 1536w, https:\/\/newlooxs.nl\/wp-content\/uploads\/2025\/04\/15A1325-2048x1366.jpg 2048w\" sizes=\"auto, (max-width: 2560px) 100vw, 2560px\" \/><div class=\"wp-block-cover__inner-container is-layout-flow wp-block-cover-is-layout-flow\">\n<p class=\"has-text-align-center has-large-font-size\"><\/p>\n<\/div><\/div>\n<\/div>\n<\/div>\n\n\n\n<div style=\"height:29px;--spacer-height:29px\" aria-hidden=\"true\" class=\"wp-block-spacer\"><\/div>\n<\/div>\n\n\n\r\n<div id=\"block_effa86dc180d5d11dad9d64ddfe54e6d\" class=\"wp-block-acf-prode-archive alignnone \">\r\n\t<div class=\"container\">\r\n\t\t<div class=\"row cards-wrapper g-2\">\r\n\t\t\t<ul class=\"related-products\"><li>\r\n\t<a href=\"https:\/\/newlooxs.nl\/fr\/produit\/nyborg-double-393539\/\">\r\n\t\t\t\t\t<div class=\"img-wrap product-card new-image\">\r\n\t\t\t\t<img decoding=\"async\" src=\"https:\/\/newlooxs.nl\/product_images_new\/Collection%20LR\/Nyborg\/Nyborg%20Double\/393539%20Nyborg%20Double%20Red%20-%20Black%20(1).JPG\" alt=\"Nyborg Double &#8211; 393,539\" style=\"height: 150px; transform: none;\">\r\n\t\t\t\t\t\t\t\t\t<span class=\"price\">\r\n\t\t\t\t\t\t\u20ac86,95\t\t\t\t\t<\/span>\r\n\t\t\t\t\t\t\t\t<\/div>\r\n\t\t\t\t\t<div class=\"info-wrap\">\r\n\t\t\t<p class=\"has-text-align-left\" style=\"margin-top:0px;margin-right:0px;margin-bottom:0px;margin-left:0px;padding-top:10px;padding-right:0px;padding-bottom:0px;padding-left:0px\">\r\n\t\t\t\tNyborg Double\t\t\t<\/p>\r\n\t\t\t<p class=\"has-text-align-left has-medium-font-size\" style=\"margin-top:0px;margin-right:0px;margin-bottom:0px;margin-left:0px;padding-top:0px;padding-right:0px;padding-bottom:0px;padding-left:0px\">\r\n    \t\t\tSac double\t\t\t\t &#8211; Red \/ Black\t\t\t<\/p>\r\n\r\n\t\t<\/div>\r\n\t<\/a>\r\n<\/li>\r\n<li>\r\n\t<a href=\"https:\/\/newlooxs.nl\/fr\/produit\/odense-double-mik-224-511mik\/\">\r\n\t\t\t\t\t<div class=\"img-wrap product-card new-image\">\r\n\t\t\t\t<img decoding=\"async\" src=\"https:\/\/newlooxs.nl\/product_images_new\/Collection%20LR\/Odense\/Odense%20Double%20MIK\/224511MIK%20Odense%20Double%20MIK%20Green%20(1).JPG\" alt=\"Odense Double MIK &#8211; 224.511MIK\" style=\"height: 150px; transform: none;\">\r\n\t\t\t\t\t\t\t\t\t<span class=\"price\">\r\n\t\t\t\t\t\t\u20ac129,95\t\t\t\t\t<\/span>\r\n\t\t\t\t\t\t\t\t<\/div>\r\n\t\t\t\t\t<div class=\"info-wrap\">\r\n\t\t\t<p class=\"has-text-align-left\" style=\"margin-top:0px;margin-right:0px;margin-bottom:0px;margin-left:0px;padding-top:10px;padding-right:0px;padding-bottom:0px;padding-left:0px\">\r\n\t\t\t\tOdense Double MIK\t\t\t<\/p>\r\n\t\t\t<p class=\"has-text-align-left has-medium-font-size\" style=\"margin-top:0px;margin-right:0px;margin-bottom:0px;margin-left:0px;padding-top:0px;padding-right:0px;padding-bottom:0px;padding-left:0px\">\r\n    \t\t\tSac double\t\t\t\t &#8211; Green\t\t\t<\/p>\r\n\r\n\t\t<\/div>\r\n\t<\/a>\r\n<\/li>\r\n<li>\r\n\t<a href=\"https:\/\/newlooxs.nl\/fr\/produit\/varo-double-pannier-racktime-195-330rt\/\">\r\n\t\t\t\t\t<div class=\"img-wrap product-card new-image\">\r\n\t\t\t\t<img decoding=\"async\" src=\"https:\/\/newlooxs.nl\/product_images_new\/Collection%20LR\/Varo\/Varo%20Double%20Pannier%20Racktime\/195330RT%20Varo%20Double%20Racktime%20Black%20(1).JPG\" alt=\"Varo Double Pannier Racktime &#8211; 195.330RT\" style=\"height: 150px; transform: none;\">\r\n\t\t\t\t\t\t\t\t\t<span class=\"price\">\r\n\t\t\t\t\t\t\u20ac147,95\t\t\t\t\t<\/span>\r\n\t\t\t\t\t\t\t\t<\/div>\r\n\t\t\t\t\t<div class=\"info-wrap\">\r\n\t\t\t<p class=\"has-text-align-left\" style=\"margin-top:0px;margin-right:0px;margin-bottom:0px;margin-left:0px;padding-top:10px;padding-right:0px;padding-bottom:0px;padding-left:0px\">\r\n\t\t\t\tVaro Double Pannier Racktime\t\t\t<\/p>\r\n\t\t\t<p class=\"has-text-align-left has-medium-font-size\" style=\"margin-top:0px;margin-right:0px;margin-bottom:0px;margin-left:0px;padding-top:0px;padding-right:0px;padding-bottom:0px;padding-left:0px\">\r\n    \t\t\tSac double\t\t\t\t &#8211; Black\t\t\t<\/p>\r\n\r\n\t\t<\/div>\r\n\t<\/a>\r\n<\/li>\r\n<\/ul>\t\t<\/div>\r\n\t<\/div>\r\n<\/div>\r\n\n\n\n<div class=\"wp-block-buttons is-layout-flex wp-block-buttons-is-layout-flex\">\n<div class=\"wp-block-button\"><a class=\"wp-block-button__link wp-element-button\" href=\"https:\/\/newlooxs.nl\/fr\/des-produits\/?_sft_dubbel_of_enkel_cat=double-fr\">Voir tous les Sacoches v\u00e9lo doubles<\/a><\/div>\n<\/div>\n\n\n\n<div style=\"height:29px;--spacer-height:29px\" aria-hidden=\"true\" class=\"wp-block-spacer\"><\/div>\n\n\n\n<div id=\"collectie-tekst\" class=\"wp-block-group is-content-justification-left is-layout-constrained wp-container-core-group-is-layout-3ac27376 wp-block-group-is-layout-constrained\">\n<h2 class=\"wp-block-heading\" id=\"h-fixation\">Fixation<\/h2>\n\n\n\n<p>On laisse g\u00e9n\u00e9ralement des sacoches doubles sur son v\u00e9lo \u00e0 tout moment. De cette mani\u00e8re, on dispose toujours d\u2019un espace de chargement suffisant, o\u00f9 que l\u2019on aille. <\/p>\n\n\n\n<p>Si vous souhaitez retirer facilement vos sacoches, il est judicieux d\u2019opter pour un adaptateur <a href=\"https:\/\/newlooxs.nl\/fr\/des-produits\/?_sft_bevestiging_cat=mik-adapter-en\">MIK<\/a> ou <a href=\"https:\/\/newlooxs.nl\/fr\/des-produits\/?_sft_bevestiging_cat=racktime-snapit-2-0-adapter-fr,racktime-systeme-de-crochet\">Racktime<\/a>. Vous pouvez ainsi fixer rapidement les sacoches sur votre v\u00e9lo, mais aussi les retirer d\u2019un seul geste de la main. C\u2019est pratique si vous transportez le v\u00e9lo sur votre voiture ou si votre v\u00e9lo se trouve toujours \u00e0 l\u2019ext\u00e9rieur.<\/p>\n<\/div>\n\n\n\n<div style=\"height:29px;--spacer-height:29px\" aria-hidden=\"true\" class=\"wp-block-spacer\"><\/div>\n\n\n\n<div id=\"locaties-kaart\" class=\"wp-block-group is-layout-constrained wp-block-group-is-layout-constrained\">\n<div class=\"wp-block-columns is-layout-flex wp-container-core-columns-is-layout-51c0b34d wp-block-columns-is-layout-flex\" style=\"padding-top:var(--wp--preset--spacing--50);padding-bottom:var(--wp--preset--spacing--50);gap:32px\">\n<div class=\"wp-block-column is-vertically-aligned-center is-layout-flow wp-block-column-is-layout-flow\" style=\"flex-basis:35%\">\n<h2 class=\"wp-block-heading has-color-2-color has-text-color\" id=\"h-trouvez-un-magasin-a-proximite\">Trouvez un <mark style=\"background-color:rgba(0, 0, 0, 0)\" class=\"has-inline-color has-color-1-color\">magasin<\/mark> \u00e0 proximit\u00e9!<\/h2>\n\n\n\n<p class=\"has-color-2-color has-text-color has-extra-large-font-size\">\u00cates-vous int\u00e9ress\u00e9 par un sac de la collection New Looxs ? Cliquez sur le bouton ci-dessous pour trouver un magasin pr\u00e8s de chez vous.<\/p>\n\n\n\n<div class=\"wp-block-buttons is-content-justification-left is-layout-flex wp-container-core-buttons-is-layout-fc4fd283 wp-block-buttons-is-layout-flex\">\n<div class=\"wp-block-button\"><a class=\"wp-block-button__link has-color-5-color has-color-1-background-color has-text-color has-background has-text-align-center wp-element-button\" href=\"https:\/\/newlooxs.nl\/fr\/adresses-de-vente-new-looxs\/\">Trouver un revendeur<\/a><\/div>\n<\/div>\n<\/div>\n\n\n\n<div class=\"wp-block-column is-layout-flow wp-block-column-is-layout-flow\">\n<figure class=\"wp-block-image size-large is-resized\"><a href=\"https:\/\/newlooxs.nl\/fr\/adresses-de-vente-new-looxs\/\"><img decoding=\"async\" src=\"https:\/\/newlooxs.nl\/wp-content\/uploads\/2023\/06\/afbeelding-1.png\"alt=\"New Looxs - afbeelding-1\"style=\"width:404px;height:auto\"\/><\/a><\/figure>\n<\/div>\n<\/div>\n<\/div>\n<\/div>\n","protected":false},"excerpt":{"rendered":"<p>Sacoches v\u00e9lo doubles Avec une sacoche double, vous disposez de deux fois plus d\u2019espace pour emporter vos affaires sur votre v\u00e9lo. Que ce soit pour vos courses quotidiennes ou pour une balade sportive, tout ce que vous voulez emporter tiendra facilement \u00e0 l\u2019int\u00e9rieur des sacoches. Fixation On laisse g\u00e9n\u00e9ralement des sacoches doubles sur son v\u00e9lo [&hellip;]<\/p>\n","protected":false},"author":9,"featured_media":33961,"parent":5143,"menu_order":2,"comment_status":"closed","ping_status":"closed","template":"","meta":{"_acf_changed":false,"_eb_attr":"","_relevanssi_hide_post":"","_relevanssi_hide_content":"","_relevanssi_pin_for_all":"","_relevanssi_pin_keywords":"","_relevanssi_unpin_keywords":"","_relevanssi_related_keywords":"","_relevanssi_related_include_ids":"","_relevanssi_related_exclude_ids":"","_relevanssi_related_no_append":"","_relevanssi_related_not_related":"","_relevanssi_related_posts":"3974,3915,3743,3980,3831,4021","_relevanssi_noindex_reason":"","inline_featured_image":false,"footnotes":""},"class_list":["post-22487","page","type-page","status-publish","has-post-thumbnail","hentry"],"acf":[],"yoast_head":"<!-- This site is optimized with the Yoast SEO Premium plugin v22.0 (Yoast SEO v27.4) - https:\/\/yoast.com\/product\/yoast-seo-premium-wordpress\/ -->\n<title>Sacoches doubles | New Looxs | Choisissez votre mod\u00e8le pr\u00e9f\u00e9r\u00e9<\/title>\n<meta name=\"description\" content=\"New Looxs propose un large choix de sacoches v\u00e9lo doubles, pratiques et g\u00e9n\u00e9reuses en volume. Consultez la collection et localisez un point de vente.\" \/>\n<meta name=\"robots\" content=\"index, follow, max-snippet:-1, max-image-preview:large, max-video-preview:-1\" \/>\n<link rel=\"canonical\" href=\"https:\/\/newlooxs.nl\/fr\/des-produits\/sacoches-velo-doubles\/\" \/>\n<meta property=\"og:locale\" content=\"fr_FR\" \/>\n<meta property=\"og:type\" content=\"article\" \/>\n<meta property=\"og:title\" content=\"Sacoches v\u00e9lo doubles\" \/>\n<meta property=\"og:description\" content=\"New Looxs propose un large choix de sacoches v\u00e9lo doubles, pratiques et g\u00e9n\u00e9reuses en volume. Consultez la collection et localisez un point de vente.\" \/>\n<meta property=\"og:url\" content=\"https:\/\/newlooxs.nl\/fr\/des-produits\/sacoches-velo-doubles\/\" \/>\n<meta property=\"og:site_name\" content=\"New Looxs\" \/>\n<meta property=\"article:publisher\" content=\"https:\/\/www.facebook.com\/NewLooxs\/\" \/>\n<meta property=\"article:modified_time\" content=\"2025-04-04T11:10:11+00:00\" \/>\n<meta property=\"og:image\" content=\"https:\/\/newlooxs.nl\/wp-content\/uploads\/2025\/04\/15A1325-scaled.jpg\" \/>\n\t<meta property=\"og:image:width\" content=\"2560\" \/>\n\t<meta property=\"og:image:height\" content=\"1707\" \/>\n\t<meta property=\"og:image:type\" content=\"image\/jpeg\" \/>\n<meta name=\"twitter:card\" content=\"summary_large_image\" \/>\n<meta name=\"twitter:label1\" content=\"Dur\u00e9e de lecture estim\u00e9e\" \/>\n\t<meta name=\"twitter:data1\" content=\"3 minutes\" \/>\n<script type=\"application\/ld+json\" class=\"yoast-schema-graph\">{\"@context\":\"https:\\\/\\\/schema.org\",\"@graph\":[{\"@type\":\"WebPage\",\"@id\":\"https:\\\/\\\/newlooxs.nl\\\/fr\\\/des-produits\\\/sacoches-velo-doubles\\\/\",\"url\":\"https:\\\/\\\/newlooxs.nl\\\/fr\\\/des-produits\\\/sacoches-velo-doubles\\\/\",\"name\":\"Sacoches doubles | New Looxs | Choisissez votre mod\u00e8le pr\u00e9f\u00e9r\u00e9\",\"isPartOf\":{\"@id\":\"https:\\\/\\\/newlooxs.nl\\\/fr\\\/#website\"},\"primaryImageOfPage\":{\"@id\":\"https:\\\/\\\/newlooxs.nl\\\/fr\\\/des-produits\\\/sacoches-velo-doubles\\\/#primaryimage\"},\"image\":{\"@id\":\"https:\\\/\\\/newlooxs.nl\\\/fr\\\/des-produits\\\/sacoches-velo-doubles\\\/#primaryimage\"},\"thumbnailUrl\":\"https:\\\/\\\/newlooxs.nl\\\/wp-content\\\/uploads\\\/2025\\\/04\\\/15A1325-scaled.jpg\",\"datePublished\":\"2023-11-24T11:29:55+00:00\",\"dateModified\":\"2025-04-04T11:10:11+00:00\",\"description\":\"New Looxs propose un large choix de sacoches v\u00e9lo doubles, pratiques et g\u00e9n\u00e9reuses en volume. Consultez la collection et localisez un point de vente.\",\"breadcrumb\":{\"@id\":\"https:\\\/\\\/newlooxs.nl\\\/fr\\\/des-produits\\\/sacoches-velo-doubles\\\/#breadcrumb\"},\"inLanguage\":\"fr-FR\",\"potentialAction\":[{\"@type\":\"ReadAction\",\"target\":[\"https:\\\/\\\/newlooxs.nl\\\/fr\\\/des-produits\\\/sacoches-velo-doubles\\\/\"]}]},{\"@type\":\"ImageObject\",\"inLanguage\":\"fr-FR\",\"@id\":\"https:\\\/\\\/newlooxs.nl\\\/fr\\\/des-produits\\\/sacoches-velo-doubles\\\/#primaryimage\",\"url\":\"https:\\\/\\\/newlooxs.nl\\\/wp-content\\\/uploads\\\/2025\\\/04\\\/15A1325-scaled.jpg\",\"contentUrl\":\"https:\\\/\\\/newlooxs.nl\\\/wp-content\\\/uploads\\\/2025\\\/04\\\/15A1325-scaled.jpg\",\"width\":2560,\"height\":1707},{\"@type\":\"BreadcrumbList\",\"@id\":\"https:\\\/\\\/newlooxs.nl\\\/fr\\\/des-produits\\\/sacoches-velo-doubles\\\/#breadcrumb\",\"itemListElement\":[{\"@type\":\"ListItem\",\"position\":1,\"name\":\"Home\",\"item\":\"https:\\\/\\\/newlooxs.nl\\\/fr\\\/\"},{\"@type\":\"ListItem\",\"position\":2,\"name\":\"Des produits\",\"item\":\"https:\\\/\\\/newlooxs.nl\\\/fr\\\/des-produits\\\/\"},{\"@type\":\"ListItem\",\"position\":3,\"name\":\"Sacoches v\u00e9lo doubles\"}]},{\"@type\":\"WebSite\",\"@id\":\"https:\\\/\\\/newlooxs.nl\\\/fr\\\/#website\",\"url\":\"https:\\\/\\\/newlooxs.nl\\\/fr\\\/\",\"name\":\"New Looxs\",\"description\":\"\",\"publisher\":{\"@id\":\"https:\\\/\\\/newlooxs.nl\\\/fr\\\/#organization\"},\"potentialAction\":[{\"@type\":\"SearchAction\",\"target\":{\"@type\":\"EntryPoint\",\"urlTemplate\":\"https:\\\/\\\/newlooxs.nl\\\/fr\\\/?s={search_term_string}\"},\"query-input\":{\"@type\":\"PropertyValueSpecification\",\"valueRequired\":true,\"valueName\":\"search_term_string\"}}],\"inLanguage\":\"fr-FR\"},{\"@type\":\"Organization\",\"@id\":\"https:\\\/\\\/newlooxs.nl\\\/fr\\\/#organization\",\"name\":\"New Looxs\",\"url\":\"https:\\\/\\\/newlooxs.nl\\\/fr\\\/\",\"logo\":{\"@type\":\"ImageObject\",\"inLanguage\":\"fr-FR\",\"@id\":\"https:\\\/\\\/newlooxs.nl\\\/fr\\\/#\\\/schema\\\/logo\\\/image\\\/\",\"url\":\"https:\\\/\\\/newlooxs.nl\\\/wp-content\\\/uploads\\\/2023\\\/06\\\/logo1.svg\",\"contentUrl\":\"https:\\\/\\\/newlooxs.nl\\\/wp-content\\\/uploads\\\/2023\\\/06\\\/logo1.svg\",\"caption\":\"New Looxs\"},\"image\":{\"@id\":\"https:\\\/\\\/newlooxs.nl\\\/fr\\\/#\\\/schema\\\/logo\\\/image\\\/\"},\"sameAs\":[\"https:\\\/\\\/www.facebook.com\\\/NewLooxs\\\/\",\"https:\\\/\\\/www.instagram.com\\\/newlooxs\\\/\",\"https:\\\/\\\/www.linkedin.com\\\/company\\\/newlooxs\\\/\",\"https:\\\/\\\/www.youtube.com\\\/@newlooxs-bicyclebagsbaskets\"]}]}<\/script>\n<!-- \/ Yoast SEO Premium plugin. -->","yoast_head_json":{"title":"Sacoches doubles | New Looxs | Choisissez votre mod\u00e8le pr\u00e9f\u00e9r\u00e9","description":"New Looxs propose un large choix de sacoches v\u00e9lo doubles, pratiques et g\u00e9n\u00e9reuses en volume. Consultez la collection et localisez un point de vente.","robots":{"index":"index","follow":"follow","max-snippet":"max-snippet:-1","max-image-preview":"max-image-preview:large","max-video-preview":"max-video-preview:-1"},"canonical":"https:\/\/newlooxs.nl\/fr\/des-produits\/sacoches-velo-doubles\/","og_locale":"fr_FR","og_type":"article","og_title":"Sacoches v\u00e9lo doubles","og_description":"New Looxs propose un large choix de sacoches v\u00e9lo doubles, pratiques et g\u00e9n\u00e9reuses en volume. Consultez la collection et localisez un point de vente.","og_url":"https:\/\/newlooxs.nl\/fr\/des-produits\/sacoches-velo-doubles\/","og_site_name":"New Looxs","article_publisher":"https:\/\/www.facebook.com\/NewLooxs\/","article_modified_time":"2025-04-04T11:10:11+00:00","og_image":[{"width":2560,"height":1707,"url":"https:\/\/newlooxs.nl\/wp-content\/uploads\/2025\/04\/15A1325-scaled.jpg","type":"image\/jpeg"}],"twitter_card":"summary_large_image","twitter_misc":{"Dur\u00e9e de lecture estim\u00e9e":"3 minutes"},"schema":{"@context":"https:\/\/schema.org","@graph":[{"@type":"WebPage","@id":"https:\/\/newlooxs.nl\/fr\/des-produits\/sacoches-velo-doubles\/","url":"https:\/\/newlooxs.nl\/fr\/des-produits\/sacoches-velo-doubles\/","name":"Sacoches doubles | New Looxs | Choisissez votre mod\u00e8le pr\u00e9f\u00e9r\u00e9","isPartOf":{"@id":"https:\/\/newlooxs.nl\/fr\/#website"},"primaryImageOfPage":{"@id":"https:\/\/newlooxs.nl\/fr\/des-produits\/sacoches-velo-doubles\/#primaryimage"},"image":{"@id":"https:\/\/newlooxs.nl\/fr\/des-produits\/sacoches-velo-doubles\/#primaryimage"},"thumbnailUrl":"https:\/\/newlooxs.nl\/wp-content\/uploads\/2025\/04\/15A1325-scaled.jpg","datePublished":"2023-11-24T11:29:55+00:00","dateModified":"2025-04-04T11:10:11+00:00","description":"New Looxs propose un large choix de sacoches v\u00e9lo doubles, pratiques et g\u00e9n\u00e9reuses en volume. Consultez la collection et localisez un point de vente.","breadcrumb":{"@id":"https:\/\/newlooxs.nl\/fr\/des-produits\/sacoches-velo-doubles\/#breadcrumb"},"inLanguage":"fr-FR","potentialAction":[{"@type":"ReadAction","target":["https:\/\/newlooxs.nl\/fr\/des-produits\/sacoches-velo-doubles\/"]}]},{"@type":"ImageObject","inLanguage":"fr-FR","@id":"https:\/\/newlooxs.nl\/fr\/des-produits\/sacoches-velo-doubles\/#primaryimage","url":"https:\/\/newlooxs.nl\/wp-content\/uploads\/2025\/04\/15A1325-scaled.jpg","contentUrl":"https:\/\/newlooxs.nl\/wp-content\/uploads\/2025\/04\/15A1325-scaled.jpg","width":2560,"height":1707},{"@type":"BreadcrumbList","@id":"https:\/\/newlooxs.nl\/fr\/des-produits\/sacoches-velo-doubles\/#breadcrumb","itemListElement":[{"@type":"ListItem","position":1,"name":"Home","item":"https:\/\/newlooxs.nl\/fr\/"},{"@type":"ListItem","position":2,"name":"Des produits","item":"https:\/\/newlooxs.nl\/fr\/des-produits\/"},{"@type":"ListItem","position":3,"name":"Sacoches v\u00e9lo doubles"}]},{"@type":"WebSite","@id":"https:\/\/newlooxs.nl\/fr\/#website","url":"https:\/\/newlooxs.nl\/fr\/","name":"New Looxs","description":"","publisher":{"@id":"https:\/\/newlooxs.nl\/fr\/#organization"},"potentialAction":[{"@type":"SearchAction","target":{"@type":"EntryPoint","urlTemplate":"https:\/\/newlooxs.nl\/fr\/?s={search_term_string}"},"query-input":{"@type":"PropertyValueSpecification","valueRequired":true,"valueName":"search_term_string"}}],"inLanguage":"fr-FR"},{"@type":"Organization","@id":"https:\/\/newlooxs.nl\/fr\/#organization","name":"New Looxs","url":"https:\/\/newlooxs.nl\/fr\/","logo":{"@type":"ImageObject","inLanguage":"fr-FR","@id":"https:\/\/newlooxs.nl\/fr\/#\/schema\/logo\/image\/","url":"https:\/\/newlooxs.nl\/wp-content\/uploads\/2023\/06\/logo1.svg","contentUrl":"https:\/\/newlooxs.nl\/wp-content\/uploads\/2023\/06\/logo1.svg","caption":"New Looxs"},"image":{"@id":"https:\/\/newlooxs.nl\/fr\/#\/schema\/logo\/image\/"},"sameAs":["https:\/\/www.facebook.com\/NewLooxs\/","https:\/\/www.instagram.com\/newlooxs\/","https:\/\/www.linkedin.com\/company\/newlooxs\/","https:\/\/www.youtube.com\/@newlooxs-bicyclebagsbaskets"]}]}},"_links":{"self":[{"href":"https:\/\/newlooxs.nl\/fr\/wp-json\/wp\/v2\/pages\/22487","targetHints":{"allow":["GET"]}}],"collection":[{"href":"https:\/\/newlooxs.nl\/fr\/wp-json\/wp\/v2\/pages"}],"about":[{"href":"https:\/\/newlooxs.nl\/fr\/wp-json\/wp\/v2\/types\/page"}],"author":[{"embeddable":true,"href":"https:\/\/newlooxs.nl\/fr\/wp-json\/wp\/v2\/users\/9"}],"replies":[{"embeddable":true,"href":"https:\/\/newlooxs.nl\/fr\/wp-json\/wp\/v2\/comments?post=22487"}],"version-history":[{"count":8,"href":"https:\/\/newlooxs.nl\/fr\/wp-json\/wp\/v2\/pages\/22487\/revisions"}],"predecessor-version":[{"id":33966,"href":"https:\/\/newlooxs.nl\/fr\/wp-json\/wp\/v2\/pages\/22487\/revisions\/33966"}],"up":[{"embeddable":true,"href":"https:\/\/newlooxs.nl\/fr\/wp-json\/wp\/v2\/pages\/5143"}],"wp:featuredmedia":[{"embeddable":true,"href":"https:\/\/newlooxs.nl\/fr\/wp-json\/wp\/v2\/media\/33961"}],"wp:attachment":[{"href":"https:\/\/newlooxs.nl\/fr\/wp-json\/wp\/v2\/media?parent=22487"}],"curies":[{"name":"wp","href":"https:\/\/api.w.org\/{rel}","templated":true}]}}