{"id":5110,"date":"2023-09-12T14:30:10","date_gmt":"2023-09-12T12:30:10","guid":{"rendered":"https:\/\/newlooxs.nl\/fietsaccessoires\/"},"modified":"2024-08-29T08:54:54","modified_gmt":"2024-08-29T06:54:54","slug":"accessoires","status":"publish","type":"page","link":"https:\/\/newlooxs.nl\/fr\/des-produits\/accessoires\/","title":{"rendered":"Accessoires"},"content":{"rendered":"\n<div id=\"algemeen\" class=\"wp-block-group is-layout-constrained wp-block-group-is-layout-constrained\">\n<div id=\"collectie-header\" class=\"wp-block-group is-layout-constrained wp-block-group-is-layout-constrained\">\n<div class=\"wp-block-columns alignfull has-color-4-background-color has-background is-layout-flex wp-container-core-columns-is-layout-763660d3 wp-block-columns-is-layout-flex\" style=\"margin-top:0px;margin-bottom:0px;padding-top:0px;padding-right:0px;padding-bottom:0px;padding-left:0px\">\n<div class=\"wp-block-column column-marge is-layout-flow wp-block-column-is-layout-flow\"><\/div>\n\n\n\n<div class=\"wp-block-column is-vertically-aligned-center column-text has-color-4-background-color has-background is-layout-flow wp-container-core-column-is-layout-58caa531 wp-block-column-is-layout-flow\" style=\"border-left-style:none;border-left-width:0px;padding-top:var(--wp--preset--spacing--50);padding-right:0;padding-bottom:var(--wp--preset--spacing--50);padding-left:var(--wp--preset--spacing--50);flex-basis:660px\">\n<div class=\"wp-block-group has-color-4-background-color has-background is-layout-constrained wp-container-core-group-is-layout-309ce678 wp-block-group-is-layout-constrained\" style=\"border-left-color:var(--wp--preset--color--color-1);border-left-width:30px;margin-top:0px;margin-bottom:0px;padding-top:var(--wp--preset--spacing--80);padding-right:var(--wp--preset--spacing--80);padding-bottom:var(--wp--preset--spacing--80);padding-left:var(--wp--preset--spacing--80)\"><div class=\"yoast-breadcrumbs wp-block-yoast-seo-breadcrumbs\"><span><span><a href=\"https:\/\/newlooxs.nl\/fr\/\">Home<\/a><\/span> \u00bb <span><a href=\"https:\/\/newlooxs.nl\/fr\/des-produits\/\">Des produits<\/a><\/span> \u00bb <span class=\"breadcrumb_last\" aria-current=\"page\">Accessoires<\/span><\/span><\/div>\n\n\n<div style=\"height:40px;--spacer-height:40px\" aria-hidden=\"true\" class=\"wp-block-spacer\"><\/div>\n\n\n\n<div class=\"wp-block-group is-nowrap is-layout-flex wp-container-core-group-is-layout-ee308172 wp-block-group-is-layout-flex\" style=\"margin-top:0px;margin-bottom:0px\">\n<h1 class=\"wp-block-heading collection-title\" id=\"h-accessoires\" style=\"font-size:40px;line-height:1.2\"><mark style=\"background-color:#f04923\" class=\"has-inline-color has-color-5-color\">Accessoires<\/mark> <\/h1>\n\n\n\n<figure class=\"wp-block-image size-full title-logo\"><img loading=\"lazy\" decoding=\"async\" width=\"50\" height=\"45\" src=\"https:\/\/newlooxs.nl\/wp-content\/uploads\/2023\/06\/newloox-beeldmerk-50.png\"alt=\"New Looxs - newloox-beeldmerk-50\"class=\"wp-image-1286\"\/><\/figure>\n<\/div>\n\n\n\n<p class=\"has-extra-large-font-size\">Des housses de pluie aux entretoises, la rubrique accessoires contient tout ce qu\u2019il faut pour compl\u00e9ter votre sacoche de v\u00e9lo. Cela vous permettra de prolonger la dur\u00e9e de vie de votre sacoche de v\u00e9lo et de garder vos affaires au sec. New Looxs propose \u00e9galement des housses pour prot\u00e9ger l\u2019\u00e9cran de votre v\u00e9lo \u00e9lectrique.<\/p>\n\n\n\n<div class=\"wp-block-buttons is-layout-flex wp-block-buttons-is-layout-flex\">\n<div class=\"wp-block-button is-style-fill\"><a class=\"wp-block-button__link has-color-1-background-color has-background wp-element-button\" href=\"https:\/\/newlooxs.nl\/fr\/des-produits\/?_sft_soort_cat=accessoire-fr\">Voir tous les<mark style=\"background-color:#f04923\" class=\"has-inline-color has-color-5-color\"> Accessoires<\/mark><\/a><\/div>\n\n\n\n<div class=\"wp-block-button is-style-fill\"><a class=\"wp-block-button__link has-color-2-color has-color-5-background-color has-text-color has-background wp-element-button\" href=\"https:\/\/newlooxs.nl\/verkooppunten\/\">Voir les points de vente<\/a><\/div>\n<\/div>\n<\/div>\n<\/div>\n\n\n\n<div class=\"wp-block-column is-layout-flow wp-block-column-is-layout-flow\" style=\"flex-basis:50%\">\n<div class=\"wp-block-cover is-light\" style=\"margin-top:0px;margin-bottom:0px;padding-top:0px;padding-right:0px;padding-bottom:0px;padding-left:0px;min-height:100%;aspect-ratio:unset;\"><span aria-hidden=\"true\" class=\"wp-block-cover__background has-background-dim-0 has-background-dim\" style=\"background-color:#ececec\"><\/span><img loading=\"lazy\" decoding=\"async\" width=\"840\" height=\"460\" class=\"wp-block-cover__image-background wp-image-32144\" alt=\"\" src=\"https:\/\/newlooxs.nl\/wp-content\/uploads\/2024\/07\/Zonder-titel-840-x-460-px.png\" data-object-fit=\"cover\" srcset=\"https:\/\/newlooxs.nl\/wp-content\/uploads\/2024\/07\/Zonder-titel-840-x-460-px.png 840w, https:\/\/newlooxs.nl\/wp-content\/uploads\/2024\/07\/Zonder-titel-840-x-460-px-768x421.png 768w, https:\/\/newlooxs.nl\/wp-content\/uploads\/2024\/07\/Zonder-titel-840-x-460-px-300x164.png 300w, https:\/\/newlooxs.nl\/wp-content\/uploads\/2024\/07\/Zonder-titel-840-x-460-px-50x27.png 50w\" sizes=\"auto, (max-width: 840px) 100vw, 840px\" \/><div class=\"wp-block-cover__inner-container is-layout-flow wp-block-cover-is-layout-flow\">\n<p class=\"has-text-align-center has-large-font-size\"><\/p>\n<\/div><\/div>\n<\/div>\n<\/div>\n\n\n\n<div style=\"height:30px;--spacer-height:30px\" aria-hidden=\"true\" class=\"wp-block-spacer\"><\/div>\n<\/div>\n\n\n\r\n<div id=\"block_72e0c43ef0cb5e0e3108b0b50eea861a\" class=\"wp-block-acf-prode-archive alignnone \">\r\n\t<div class=\"container\">\r\n\t\t<div class=\"row cards-wrapper g-2\">\r\n\t\t\t<ul class=\"related-products\"><li>\r\n\t<a href=\"https:\/\/newlooxs.nl\/fr\/produit\/clipper-pet-package-153330\/\">\r\n\t\t\t\t\t<div class=\"img-wrap product-card new-image\">\r\n\t\t\t\t<img decoding=\"async\" src=\"https:\/\/newlooxs.nl\/product_images_new\/Collection%20LR\/Clipper\/Clipper%20Pet%20Package\/153330%20Clipper%20Pet%20Package%20(1).jpg\" alt=\"Clipper Pet Package &#8211; 153,330\" style=\"height: 150px; transform: none;\">\r\n\t\t\t\t\t\t\t\t\t<span class=\"price\">\r\n\t\t\t\t\t\t\u20ac36,95\t\t\t\t\t<\/span>\r\n\t\t\t\t\t\t\t\t<\/div>\r\n\t\t\t\t\t<div class=\"info-wrap\">\r\n\t\t\t<p class=\"has-text-align-left\" style=\"margin-top:0px;margin-right:0px;margin-bottom:0px;margin-left:0px;padding-top:10px;padding-right:0px;padding-bottom:0px;padding-left:0px\">\r\n\t\t\t\tClipper Pet Package\t\t\t<\/p>\r\n\t\t\t<p class=\"has-text-align-left has-medium-font-size\" style=\"margin-top:0px;margin-right:0px;margin-bottom:0px;margin-left:0px;padding-top:0px;padding-right:0px;padding-bottom:0px;padding-left:0px\">\r\n    \t\t\tAccessoire\t\t\t\t &#8211; Black\t\t\t<\/p>\r\n\r\n\t\t<\/div>\r\n\t<\/a>\r\n<\/li>\r\n<li>\r\n\t<a href=\"https:\/\/newlooxs.nl\/fr\/produit\/clipper-shopping-package-129330\/\">\r\n\t\t\t\t\t<div class=\"img-wrap product-card new-image\">\r\n\t\t\t\t<img decoding=\"async\" src=\"https:\/\/newlooxs.nl\/product_images_new\/Collection%20LR\/Clipper\/Clipper%20Shopping%20Package\/129330%20Clipper%20Anthracite%20Shopping%20Package%20(1).jpg\" alt=\"Clipper Shopping Package &#8211; 129,330\" style=\"height: 150px; transform: none;\">\r\n\t\t\t\t\t\t\t\t\t<span class=\"price\">\r\n\t\t\t\t\t\t\u20ac22,95\t\t\t\t\t<\/span>\r\n\t\t\t\t\t\t\t\t<\/div>\r\n\t\t\t\t\t<div class=\"info-wrap\">\r\n\t\t\t<p class=\"has-text-align-left\" style=\"margin-top:0px;margin-right:0px;margin-bottom:0px;margin-left:0px;padding-top:10px;padding-right:0px;padding-bottom:0px;padding-left:0px\">\r\n\t\t\t\tClipper Shopping Package\t\t\t<\/p>\r\n\t\t\t<p class=\"has-text-align-left has-medium-font-size\" style=\"margin-top:0px;margin-right:0px;margin-bottom:0px;margin-left:0px;padding-top:0px;padding-right:0px;padding-bottom:0px;padding-left:0px\">\r\n    \t\t\tAccessoire\t\t\t\t &#8211; Black\t\t\t<\/p>\r\n\r\n\t\t<\/div>\r\n\t<\/a>\r\n<\/li>\r\n<li>\r\n\t<a href=\"https:\/\/newlooxs.nl\/fr\/produit\/housse-de-pluie-le-sac-double-143330\/\">\r\n\t\t\t\t\t<div class=\"img-wrap product-card new-image\">\r\n\t\t\t\t<img decoding=\"async\" src=\"https:\/\/newlooxs.nl\/product_images_new\/Collection%20LR\/Accessoire\/Raincover%20Single%20pannier\/143330%20Raincover%20Double%20bag%20Black%20(1).JPG\" alt=\"Housse de pluie Le sac double &#8211; 143,330\" style=\"height: 150px; transform: none;\">\r\n\t\t\t\t\t\t\t\t\t<span class=\"price\">\r\n\t\t\t\t\t\t\u20ac14,95\t\t\t\t\t<\/span>\r\n\t\t\t\t\t\t\t\t<\/div>\r\n\t\t\t\t\t<div class=\"info-wrap\">\r\n\t\t\t<p class=\"has-text-align-left\" style=\"margin-top:0px;margin-right:0px;margin-bottom:0px;margin-left:0px;padding-top:10px;padding-right:0px;padding-bottom:0px;padding-left:0px\">\r\n\t\t\t\tRaincover Double pannier\t\t\t<\/p>\r\n\t\t\t<p class=\"has-text-align-left has-medium-font-size\" style=\"margin-top:0px;margin-right:0px;margin-bottom:0px;margin-left:0px;padding-top:0px;padding-right:0px;padding-bottom:0px;padding-left:0px\">\r\n    \t\t\tAccessoire\t\t\t\t &#8211; Black\t\t\t<\/p>\r\n\r\n\t\t<\/div>\r\n\t<\/a>\r\n<\/li>\r\n<li>\r\n\t<a href=\"https:\/\/newlooxs.nl\/fr\/produit\/display-bag-bosch-263330\/\">\r\n\t\t\t\t\t<div class=\"img-wrap product-card new-image\">\r\n\t\t\t\t<img decoding=\"async\" src=\"https:\/\/newlooxs.nl\/product_images_new\/Collection%20LR\/Accessoire\/Display%20Bag%20Bosch\/263330%20Basic%20Display%20bag%20Bosch%20(1).jpg\" alt=\"Display Bag Bosch &#8211; 263,330\" style=\"height: 150px; transform: none;\">\r\n\t\t\t\t\t\t\t\t\t<span class=\"price\">\r\n\t\t\t\t\t\t\u20ac11,95\t\t\t\t\t<\/span>\r\n\t\t\t\t\t\t\t\t<\/div>\r\n\t\t\t\t\t<div class=\"info-wrap\">\r\n\t\t\t<p class=\"has-text-align-left\" style=\"margin-top:0px;margin-right:0px;margin-bottom:0px;margin-left:0px;padding-top:10px;padding-right:0px;padding-bottom:0px;padding-left:0px\">\r\n\t\t\t\tDisplay Bag Bosch\t\t\t<\/p>\r\n\t\t\t<p class=\"has-text-align-left has-medium-font-size\" style=\"margin-top:0px;margin-right:0px;margin-bottom:0px;margin-left:0px;padding-top:0px;padding-right:0px;padding-bottom:0px;padding-left:0px\">\r\n    \t\t\tAccessoire\t\t\t\t &#8211; Black\t\t\t<\/p>\r\n\r\n\t\t<\/div>\r\n\t<\/a>\r\n<\/li>\r\n<li>\r\n\t<a href=\"https:\/\/newlooxs.nl\/fr\/produit\/entretoise-49\/\">\r\n\t\t\t\t\t<div class=\"img-wrap product-card new-image\">\r\n\t\t\t\t<img decoding=\"async\" src=\"https:\/\/newlooxs.nl\/product_images_new\/Collection%20LR\/Accessoire\/Distance%20Holder%20Standard\/49%20Distance%20holder%20standard%20(2).jpg\" alt=\"Entretoise &#8211; 49\" style=\"height: 150px; transform: none;\">\r\n\t\t\t\t\t\t\t\t\t<span class=\"price\">\r\n\t\t\t\t\t\t\u20ac4,95\t\t\t\t\t<\/span>\r\n\t\t\t\t\t\t\t\t<\/div>\r\n\t\t\t\t\t<div class=\"info-wrap\">\r\n\t\t\t<p class=\"has-text-align-left\" style=\"margin-top:0px;margin-right:0px;margin-bottom:0px;margin-left:0px;padding-top:10px;padding-right:0px;padding-bottom:0px;padding-left:0px\">\r\n\t\t\t\tDistance Holder Standard\t\t\t<\/p>\r\n\t\t\t<p class=\"has-text-align-left has-medium-font-size\" style=\"margin-top:0px;margin-right:0px;margin-bottom:0px;margin-left:0px;padding-top:0px;padding-right:0px;padding-bottom:0px;padding-left:0px\">\r\n    \t\t\tAccessoire\t\t\t\t &#8211; Black\t\t\t<\/p>\r\n\r\n\t\t<\/div>\r\n\t<\/a>\r\n<\/li>\r\n<\/ul>\t\t<\/div>\r\n\t<\/div>\r\n<\/div>\r\n\n\n\n<div class=\"wp-block-buttons is-layout-flex wp-block-buttons-is-layout-flex\">\n<div class=\"wp-block-button\"><a class=\"wp-block-button__link wp-element-button\" href=\"https:\/\/newlooxs.nl\/fr\/des-produits\/?_sft_soort_cat=accessoire-fr\">Voir tous les<mark style=\"background-color:#f04923\" class=\"has-inline-color has-color-5-color\"> Accessoires<\/mark><\/a><\/div>\n<\/div>\n\n\n\n<div style=\"height:50px;--spacer-height:50px\" aria-hidden=\"true\" class=\"wp-block-spacer\"><\/div>\n\n\n\n<div id=\"locaties-kaart\" class=\"wp-block-group is-layout-constrained wp-block-group-is-layout-constrained\">\n<div class=\"wp-block-columns is-layout-flex wp-container-core-columns-is-layout-51c0b34d wp-block-columns-is-layout-flex\" style=\"padding-top:var(--wp--preset--spacing--50);padding-bottom:var(--wp--preset--spacing--50);gap:32px\">\n<div class=\"wp-block-column is-vertically-aligned-center is-layout-flow wp-block-column-is-layout-flow\" style=\"flex-basis:35%\">\n<h2 class=\"wp-block-heading has-color-2-color has-text-color\" id=\"h-trouvez-un-magasin-a-proximite\">Trouvez un <mark style=\"background-color:rgba(0, 0, 0, 0)\" class=\"has-inline-color has-color-1-color\">magasin<\/mark> \u00e0 proximit\u00e9!<\/h2>\n\n\n\n<p class=\"has-color-2-color has-text-color has-extra-large-font-size\">\u00cates-vous int\u00e9ress\u00e9 par un sac de la collection New Looxs ? Cliquez sur le bouton ci-dessous pour trouver un magasin pr\u00e8s de chez vous.<\/p>\n\n\n\n<div class=\"wp-block-buttons is-content-justification-left is-layout-flex wp-container-core-buttons-is-layout-fc4fd283 wp-block-buttons-is-layout-flex\">\n<div class=\"wp-block-button\"><a class=\"wp-block-button__link has-color-5-color has-color-1-background-color has-text-color has-background has-text-align-center wp-element-button\" href=\"https:\/\/newlooxs.nl\/fr\/adresses-de-vente-new-looxs\/\">Trouver un revendeur<\/a><\/div>\n<\/div>\n<\/div>\n\n\n\n<div class=\"wp-block-column is-layout-flow wp-block-column-is-layout-flow\">\n<figure class=\"wp-block-image size-large is-resized\"><a href=\"https:\/\/newlooxs.nl\/fr\/adresses-de-vente-new-looxs\/\"><img decoding=\"async\" src=\"https:\/\/newlooxs.nl\/wp-content\/uploads\/2023\/06\/afbeelding-1.png\"alt=\"New Looxs - afbeelding-1\"style=\"width:404px;height:auto\"\/><\/a><\/figure>\n<\/div>\n<\/div>\n<\/div>\n<\/div>\n","protected":false},"excerpt":{"rendered":"<p>Accessoires Des housses de pluie aux entretoises, la rubrique accessoires contient tout ce qu\u2019il faut pour compl\u00e9ter votre sacoche de v\u00e9lo. Cela vous permettra de prolonger la dur\u00e9e de vie de votre sacoche de v\u00e9lo et de garder vos affaires au sec. New Looxs propose \u00e9galement des housses pour prot\u00e9ger l\u2019\u00e9cran de votre v\u00e9lo \u00e9lectrique.<\/p>\n","protected":false},"author":9,"featured_media":0,"parent":5143,"menu_order":7,"comment_status":"closed","ping_status":"closed","template":"","meta":{"_acf_changed":false,"_eb_attr":"","_relevanssi_hide_post":"","_relevanssi_hide_content":"","_relevanssi_pin_for_all":"","_relevanssi_pin_keywords":"","_relevanssi_unpin_keywords":"","_relevanssi_related_keywords":"","_relevanssi_related_include_ids":"","_relevanssi_related_exclude_ids":"","_relevanssi_related_no_append":"","_relevanssi_related_not_related":"","_relevanssi_related_posts":"4021,4108,3842,3712,3762,3845","_relevanssi_noindex_reason":"","inline_featured_image":false,"footnotes":""},"class_list":["post-5110","page","type-page","status-publish","hentry"],"acf":[],"yoast_head":"<!-- This site is optimized with the Yoast SEO Premium plugin v22.0 (Yoast SEO v27.4) - https:\/\/yoast.com\/product\/yoast-seo-premium-wordpress\/ -->\n<title>Accessoires - New Looxs<\/title>\n<meta name=\"robots\" content=\"index, follow, max-snippet:-1, max-image-preview:large, max-video-preview:-1\" \/>\n<link rel=\"canonical\" href=\"https:\/\/newlooxs.nl\/fr\/des-produits\/accessoires\/\" \/>\n<meta property=\"og:locale\" content=\"fr_FR\" \/>\n<meta property=\"og:type\" content=\"article\" \/>\n<meta property=\"og:title\" content=\"Accessoires\" \/>\n<meta property=\"og:description\" content=\"Accessoires Des housses de pluie aux entretoises, la rubrique accessoires contient tout ce qu\u2019il faut pour compl\u00e9ter votre sacoche de v\u00e9lo. Cela vous permettra de prolonger la dur\u00e9e de vie de votre sacoche de v\u00e9lo et de garder vos affaires au sec. New Looxs propose \u00e9galement des housses pour prot\u00e9ger l\u2019\u00e9cran de votre v\u00e9lo \u00e9lectrique.\" \/>\n<meta property=\"og:url\" content=\"https:\/\/newlooxs.nl\/fr\/des-produits\/accessoires\/\" \/>\n<meta property=\"og:site_name\" content=\"New Looxs\" \/>\n<meta property=\"article:publisher\" content=\"https:\/\/www.facebook.com\/NewLooxs\/\" \/>\n<meta property=\"article:modified_time\" content=\"2024-08-29T06:54:54+00:00\" \/>\n<meta property=\"og:image\" content=\"https:\/\/newlooxs.nl\/wp-content\/uploads\/2023\/06\/newloox-beeldmerk-50.png\" \/>\n<meta name=\"twitter:card\" content=\"summary_large_image\" \/>\n<meta name=\"twitter:label1\" content=\"Dur\u00e9e de lecture estim\u00e9e\" \/>\n\t<meta name=\"twitter:data1\" content=\"2 minutes\" \/>\n<script type=\"application\/ld+json\" class=\"yoast-schema-graph\">{\"@context\":\"https:\\\/\\\/schema.org\",\"@graph\":[{\"@type\":\"WebPage\",\"@id\":\"https:\\\/\\\/newlooxs.nl\\\/fr\\\/des-produits\\\/accessoires\\\/\",\"url\":\"https:\\\/\\\/newlooxs.nl\\\/fr\\\/des-produits\\\/accessoires\\\/\",\"name\":\"Accessoires - New Looxs\",\"isPartOf\":{\"@id\":\"https:\\\/\\\/newlooxs.nl\\\/fr\\\/#website\"},\"primaryImageOfPage\":{\"@id\":\"https:\\\/\\\/newlooxs.nl\\\/fr\\\/des-produits\\\/accessoires\\\/#primaryimage\"},\"image\":{\"@id\":\"https:\\\/\\\/newlooxs.nl\\\/fr\\\/des-produits\\\/accessoires\\\/#primaryimage\"},\"thumbnailUrl\":\"https:\\\/\\\/newlooxs.nl\\\/wp-content\\\/uploads\\\/2023\\\/06\\\/newloox-beeldmerk-50.png\",\"datePublished\":\"2023-09-12T12:30:10+00:00\",\"dateModified\":\"2024-08-29T06:54:54+00:00\",\"breadcrumb\":{\"@id\":\"https:\\\/\\\/newlooxs.nl\\\/fr\\\/des-produits\\\/accessoires\\\/#breadcrumb\"},\"inLanguage\":\"fr-FR\",\"potentialAction\":[{\"@type\":\"ReadAction\",\"target\":[\"https:\\\/\\\/newlooxs.nl\\\/fr\\\/des-produits\\\/accessoires\\\/\"]}]},{\"@type\":\"ImageObject\",\"inLanguage\":\"fr-FR\",\"@id\":\"https:\\\/\\\/newlooxs.nl\\\/fr\\\/des-produits\\\/accessoires\\\/#primaryimage\",\"url\":\"https:\\\/\\\/newlooxs.nl\\\/wp-content\\\/uploads\\\/2023\\\/06\\\/newloox-beeldmerk-50.png\",\"contentUrl\":\"https:\\\/\\\/newlooxs.nl\\\/wp-content\\\/uploads\\\/2023\\\/06\\\/newloox-beeldmerk-50.png\"},{\"@type\":\"BreadcrumbList\",\"@id\":\"https:\\\/\\\/newlooxs.nl\\\/fr\\\/des-produits\\\/accessoires\\\/#breadcrumb\",\"itemListElement\":[{\"@type\":\"ListItem\",\"position\":1,\"name\":\"Home\",\"item\":\"https:\\\/\\\/newlooxs.nl\\\/fr\\\/\"},{\"@type\":\"ListItem\",\"position\":2,\"name\":\"Des produits\",\"item\":\"https:\\\/\\\/newlooxs.nl\\\/fr\\\/des-produits\\\/\"},{\"@type\":\"ListItem\",\"position\":3,\"name\":\"Accessoires\"}]},{\"@type\":\"WebSite\",\"@id\":\"https:\\\/\\\/newlooxs.nl\\\/fr\\\/#website\",\"url\":\"https:\\\/\\\/newlooxs.nl\\\/fr\\\/\",\"name\":\"New Looxs\",\"description\":\"\",\"publisher\":{\"@id\":\"https:\\\/\\\/newlooxs.nl\\\/fr\\\/#organization\"},\"potentialAction\":[{\"@type\":\"SearchAction\",\"target\":{\"@type\":\"EntryPoint\",\"urlTemplate\":\"https:\\\/\\\/newlooxs.nl\\\/fr\\\/?s={search_term_string}\"},\"query-input\":{\"@type\":\"PropertyValueSpecification\",\"valueRequired\":true,\"valueName\":\"search_term_string\"}}],\"inLanguage\":\"fr-FR\"},{\"@type\":\"Organization\",\"@id\":\"https:\\\/\\\/newlooxs.nl\\\/fr\\\/#organization\",\"name\":\"New Looxs\",\"url\":\"https:\\\/\\\/newlooxs.nl\\\/fr\\\/\",\"logo\":{\"@type\":\"ImageObject\",\"inLanguage\":\"fr-FR\",\"@id\":\"https:\\\/\\\/newlooxs.nl\\\/fr\\\/#\\\/schema\\\/logo\\\/image\\\/\",\"url\":\"https:\\\/\\\/newlooxs.nl\\\/wp-content\\\/uploads\\\/2023\\\/06\\\/logo1.svg\",\"contentUrl\":\"https:\\\/\\\/newlooxs.nl\\\/wp-content\\\/uploads\\\/2023\\\/06\\\/logo1.svg\",\"caption\":\"New Looxs\"},\"image\":{\"@id\":\"https:\\\/\\\/newlooxs.nl\\\/fr\\\/#\\\/schema\\\/logo\\\/image\\\/\"},\"sameAs\":[\"https:\\\/\\\/www.facebook.com\\\/NewLooxs\\\/\",\"https:\\\/\\\/www.instagram.com\\\/newlooxs\\\/\",\"https:\\\/\\\/www.linkedin.com\\\/company\\\/newlooxs\\\/\",\"https:\\\/\\\/www.youtube.com\\\/@newlooxs-bicyclebagsbaskets\"]}]}<\/script>\n<!-- \/ Yoast SEO Premium plugin. -->","yoast_head_json":{"title":"Accessoires - New Looxs","robots":{"index":"index","follow":"follow","max-snippet":"max-snippet:-1","max-image-preview":"max-image-preview:large","max-video-preview":"max-video-preview:-1"},"canonical":"https:\/\/newlooxs.nl\/fr\/des-produits\/accessoires\/","og_locale":"fr_FR","og_type":"article","og_title":"Accessoires","og_description":"Accessoires Des housses de pluie aux entretoises, la rubrique accessoires contient tout ce qu\u2019il faut pour compl\u00e9ter votre sacoche de v\u00e9lo. Cela vous permettra de prolonger la dur\u00e9e de vie de votre sacoche de v\u00e9lo et de garder vos affaires au sec. New Looxs propose \u00e9galement des housses pour prot\u00e9ger l\u2019\u00e9cran de votre v\u00e9lo \u00e9lectrique.","og_url":"https:\/\/newlooxs.nl\/fr\/des-produits\/accessoires\/","og_site_name":"New Looxs","article_publisher":"https:\/\/www.facebook.com\/NewLooxs\/","article_modified_time":"2024-08-29T06:54:54+00:00","og_image":[{"url":"https:\/\/newlooxs.nl\/wp-content\/uploads\/2023\/06\/newloox-beeldmerk-50.png","type":"","width":"","height":""}],"twitter_card":"summary_large_image","twitter_misc":{"Dur\u00e9e de lecture estim\u00e9e":"2 minutes"},"schema":{"@context":"https:\/\/schema.org","@graph":[{"@type":"WebPage","@id":"https:\/\/newlooxs.nl\/fr\/des-produits\/accessoires\/","url":"https:\/\/newlooxs.nl\/fr\/des-produits\/accessoires\/","name":"Accessoires - New Looxs","isPartOf":{"@id":"https:\/\/newlooxs.nl\/fr\/#website"},"primaryImageOfPage":{"@id":"https:\/\/newlooxs.nl\/fr\/des-produits\/accessoires\/#primaryimage"},"image":{"@id":"https:\/\/newlooxs.nl\/fr\/des-produits\/accessoires\/#primaryimage"},"thumbnailUrl":"https:\/\/newlooxs.nl\/wp-content\/uploads\/2023\/06\/newloox-beeldmerk-50.png","datePublished":"2023-09-12T12:30:10+00:00","dateModified":"2024-08-29T06:54:54+00:00","breadcrumb":{"@id":"https:\/\/newlooxs.nl\/fr\/des-produits\/accessoires\/#breadcrumb"},"inLanguage":"fr-FR","potentialAction":[{"@type":"ReadAction","target":["https:\/\/newlooxs.nl\/fr\/des-produits\/accessoires\/"]}]},{"@type":"ImageObject","inLanguage":"fr-FR","@id":"https:\/\/newlooxs.nl\/fr\/des-produits\/accessoires\/#primaryimage","url":"https:\/\/newlooxs.nl\/wp-content\/uploads\/2023\/06\/newloox-beeldmerk-50.png","contentUrl":"https:\/\/newlooxs.nl\/wp-content\/uploads\/2023\/06\/newloox-beeldmerk-50.png"},{"@type":"BreadcrumbList","@id":"https:\/\/newlooxs.nl\/fr\/des-produits\/accessoires\/#breadcrumb","itemListElement":[{"@type":"ListItem","position":1,"name":"Home","item":"https:\/\/newlooxs.nl\/fr\/"},{"@type":"ListItem","position":2,"name":"Des produits","item":"https:\/\/newlooxs.nl\/fr\/des-produits\/"},{"@type":"ListItem","position":3,"name":"Accessoires"}]},{"@type":"WebSite","@id":"https:\/\/newlooxs.nl\/fr\/#website","url":"https:\/\/newlooxs.nl\/fr\/","name":"New Looxs","description":"","publisher":{"@id":"https:\/\/newlooxs.nl\/fr\/#organization"},"potentialAction":[{"@type":"SearchAction","target":{"@type":"EntryPoint","urlTemplate":"https:\/\/newlooxs.nl\/fr\/?s={search_term_string}"},"query-input":{"@type":"PropertyValueSpecification","valueRequired":true,"valueName":"search_term_string"}}],"inLanguage":"fr-FR"},{"@type":"Organization","@id":"https:\/\/newlooxs.nl\/fr\/#organization","name":"New Looxs","url":"https:\/\/newlooxs.nl\/fr\/","logo":{"@type":"ImageObject","inLanguage":"fr-FR","@id":"https:\/\/newlooxs.nl\/fr\/#\/schema\/logo\/image\/","url":"https:\/\/newlooxs.nl\/wp-content\/uploads\/2023\/06\/logo1.svg","contentUrl":"https:\/\/newlooxs.nl\/wp-content\/uploads\/2023\/06\/logo1.svg","caption":"New Looxs"},"image":{"@id":"https:\/\/newlooxs.nl\/fr\/#\/schema\/logo\/image\/"},"sameAs":["https:\/\/www.facebook.com\/NewLooxs\/","https:\/\/www.instagram.com\/newlooxs\/","https:\/\/www.linkedin.com\/company\/newlooxs\/","https:\/\/www.youtube.com\/@newlooxs-bicyclebagsbaskets"]}]}},"_links":{"self":[{"href":"https:\/\/newlooxs.nl\/fr\/wp-json\/wp\/v2\/pages\/5110","targetHints":{"allow":["GET"]}}],"collection":[{"href":"https:\/\/newlooxs.nl\/fr\/wp-json\/wp\/v2\/pages"}],"about":[{"href":"https:\/\/newlooxs.nl\/fr\/wp-json\/wp\/v2\/types\/page"}],"author":[{"embeddable":true,"href":"https:\/\/newlooxs.nl\/fr\/wp-json\/wp\/v2\/users\/9"}],"replies":[{"embeddable":true,"href":"https:\/\/newlooxs.nl\/fr\/wp-json\/wp\/v2\/comments?post=5110"}],"version-history":[{"count":3,"href":"https:\/\/newlooxs.nl\/fr\/wp-json\/wp\/v2\/pages\/5110\/revisions"}],"predecessor-version":[{"id":32680,"href":"https:\/\/newlooxs.nl\/fr\/wp-json\/wp\/v2\/pages\/5110\/revisions\/32680"}],"up":[{"embeddable":true,"href":"https:\/\/newlooxs.nl\/fr\/wp-json\/wp\/v2\/pages\/5143"}],"wp:attachment":[{"href":"https:\/\/newlooxs.nl\/fr\/wp-json\/wp\/v2\/media?parent=5110"}],"curies":[{"name":"wp","href":"https:\/\/api.w.org\/{rel}","templated":true}]}}