{"id":5114,"date":"2023-09-12T14:29:56","date_gmt":"2023-09-12T12:29:56","guid":{"rendered":"https:\/\/newlooxs.nl\/laptoptassen\/"},"modified":"2025-04-04T14:34:39","modified_gmt":"2025-04-04T12:34:39","slug":"sacs-pour-ordinateurs-portables","status":"publish","type":"page","link":"https:\/\/newlooxs.nl\/fr\/des-produits\/sacs-pour-ordinateurs-portables\/","title":{"rendered":"Sacs pour ordinateurs portables"},"content":{"rendered":"\n<div id=\"algemeen\" class=\"wp-block-group is-layout-constrained wp-block-group-is-layout-constrained\">\n<div id=\"collectie-header\" class=\"wp-block-group is-layout-constrained wp-block-group-is-layout-constrained\">\n<div class=\"wp-block-columns alignfull has-color-4-background-color has-background is-layout-flex wp-container-core-columns-is-layout-763660d3 wp-block-columns-is-layout-flex\" style=\"margin-top:0px;margin-bottom:0px;padding-top:0px;padding-right:0px;padding-bottom:0px;padding-left:0px\">\n<div class=\"wp-block-column column-marge is-layout-flow wp-block-column-is-layout-flow\"><\/div>\n\n\n\n<div class=\"wp-block-column is-vertically-aligned-center column-text has-color-4-background-color has-background is-layout-flow wp-container-core-column-is-layout-58caa531 wp-block-column-is-layout-flow\" style=\"border-left-style:none;border-left-width:0px;padding-top:var(--wp--preset--spacing--50);padding-right:0;padding-bottom:var(--wp--preset--spacing--50);padding-left:var(--wp--preset--spacing--50);flex-basis:660px\">\n<div class=\"wp-block-group has-color-4-background-color has-background is-layout-constrained wp-container-core-group-is-layout-309ce678 wp-block-group-is-layout-constrained\" style=\"border-left-color:var(--wp--preset--color--color-1);border-left-width:30px;margin-top:0px;margin-bottom:0px;padding-top:var(--wp--preset--spacing--80);padding-right:var(--wp--preset--spacing--80);padding-bottom:var(--wp--preset--spacing--80);padding-left:var(--wp--preset--spacing--80)\"><div class=\"yoast-breadcrumbs wp-block-yoast-seo-breadcrumbs\"><span><span><a href=\"https:\/\/newlooxs.nl\/fr\/\">Home<\/a><\/span> \u00bb <span><a href=\"https:\/\/newlooxs.nl\/fr\/des-produits\/\">Des produits<\/a><\/span> \u00bb <span class=\"breadcrumb_last\" aria-current=\"page\">Sacs pour ordinateurs portables<\/span><\/span><\/div>\n\n\n<div style=\"height:40px;--spacer-height:40px\" aria-hidden=\"true\" class=\"wp-block-spacer\"><\/div>\n\n\n\n<div class=\"wp-block-group is-nowrap is-layout-flex wp-container-core-group-is-layout-ee308172 wp-block-group-is-layout-flex\" style=\"margin-top:0px;margin-bottom:0px\">\n<h1 class=\"wp-block-heading collection-title\" id=\"h-sacs-pour-ordinateurs-portables\" style=\"font-size:40px;line-height:1.2\"><mark style=\"background-color:#f04923\" class=\"has-inline-color has-color-5-color\">Sacs pour ordinateurs portables<\/mark><\/h1>\n<\/div>\n\n\n\n<p class=\"has-extra-large-font-size\">Si vous vous rendez r\u00e9guli\u00e8rement au travail \u00e0 v\u00e9lo, il est agr\u00e9able de pouvoir transporter vos affaires de mani\u00e8re confortable, pratique et s\u00fbre. Pour ce faire, une sacoche v\u00e9lo pour les trajets domicile-travail est une bonne solution. New Looxs propose plusieurs sacoches de v\u00e9lo dot\u00e9es d\u2019un compartiment sp\u00e9cial pour transporter votre ordinateur portable en toute s\u00e9curit\u00e9 sur votre v\u00e9lo.<\/p>\n\n\n\n<div class=\"wp-block-buttons is-layout-flex wp-block-buttons-is-layout-flex\">\n<div class=\"wp-block-button is-style-fill\"><a class=\"wp-block-button__link has-color-1-background-color has-background wp-element-button\" href=\"https:\/\/newlooxs.nl\/fr\/des-produits\/?_sft_soort_cat=sacs-pour-ordinateurs-portables\">Voir tous les Sacs pour ordinateurs portables<\/a><\/div>\n\n\n\n<div class=\"wp-block-button is-style-fill\"><a class=\"wp-block-button__link has-color-2-color has-color-5-background-color has-text-color has-background wp-element-button\" href=\"https:\/\/newlooxs.nl\/fr\/adresses-de-vente-new-looxs\/\">Voir les points de vente<\/a><\/div>\n<\/div>\n<\/div>\n<\/div>\n\n\n\n<div class=\"wp-block-column is-layout-flow wp-block-column-is-layout-flow\" style=\"flex-basis:50%\">\n<div class=\"wp-block-cover is-light\" style=\"margin-top:0px;margin-bottom:0px;padding-top:0px;padding-right:0px;padding-bottom:0px;padding-left:0px;min-height:100%;aspect-ratio:unset;\"><span aria-hidden=\"true\" class=\"wp-block-cover__background has-background-dim-0 has-background-dim\"><\/span><img loading=\"lazy\" decoding=\"async\" width=\"2400\" height=\"1600\" class=\"wp-block-cover__image-background wp-image-3881\" alt=\"\" src=\"https:\/\/newlooxs.nl\/wp-content\/uploads\/2023\/09\/00A9193.jpg\" style=\"object-position:43% 85%\" data-object-fit=\"cover\" data-object-position=\"43% 85%\" srcset=\"https:\/\/newlooxs.nl\/wp-content\/uploads\/2023\/09\/00A9193.jpg 2400w, https:\/\/newlooxs.nl\/wp-content\/uploads\/2023\/09\/00A9193-768x512.jpg 768w, https:\/\/newlooxs.nl\/wp-content\/uploads\/2023\/09\/00A9193-1280x853.jpg 1280w, https:\/\/newlooxs.nl\/wp-content\/uploads\/2023\/09\/00A9193-300x200.jpg 300w, https:\/\/newlooxs.nl\/wp-content\/uploads\/2023\/09\/00A9193-1600x1067.jpg 1600w, https:\/\/newlooxs.nl\/wp-content\/uploads\/2023\/09\/00A9193-1536x1024.jpg 1536w, https:\/\/newlooxs.nl\/wp-content\/uploads\/2023\/09\/00A9193-2048x1365.jpg 2048w\" sizes=\"auto, (max-width: 2400px) 100vw, 2400px\" \/><div class=\"wp-block-cover__inner-container is-layout-flow wp-block-cover-is-layout-flow\">\n<p class=\"has-text-align-center has-large-font-size\"><\/p>\n<\/div><\/div>\n<\/div>\n<\/div>\n\n\n\n<div style=\"height:29px;--spacer-height:29px\" aria-hidden=\"true\" class=\"wp-block-spacer\"><\/div>\n<\/div>\n\n\n\n<div id=\"collectie-archive\" class=\"wp-block-group is-layout-constrained wp-block-group-is-layout-constrained\">\r\n<div id=\"block_6f1934ec831f6da8606fc079c6cd887a\" class=\"wp-block-acf-prode-archive alignnone \">\r\n\t<div class=\"container\">\r\n\t\t<div class=\"row cards-wrapper g-2\">\r\n\t\t\t<ul class=\"related-products\"><li>\r\n\t<a href=\"https:\/\/newlooxs.nl\/fr\/produit\/leather-luko-347802\/\">\r\n\t\t\t\t\t<div class=\"img-wrap product-card new-image\">\r\n\t\t\t\t<picture><source srcset=\"https:\/\/newlooxs.nl\/wp-content\/uploads\/product-images\/Collection%20LR\/Leather\/Leather%20Luko\/347802%20Luko%20Cognac%20(1)-card.webp\" type=\"image\/webp\"><img decoding=\"async\" src=\"https:\/\/newlooxs.nl\/product_images_new\/Collection%20LR\/Leather\/Leather%20Luko\/347802%20Luko%20Cognac%20(1).jpg\" alt=\"Leather Luko &#8211; 347,802\" style=\"height: 150px; transform: none;\"><\/picture>\t\t\t\t\t<span class=\"price\">\r\n\t\t\t\t\t\t\u20ac227,95\t\t\t\t\t<\/span>\r\n\t\t\t\t\t\t\t\t<\/div>\r\n\t\t\t\t\t<div class=\"info-wrap\">\r\n\t\t\t<p class=\"has-text-align-left\" style=\"margin-top:0px;margin-right:0px;margin-bottom:0px;margin-left:0px;padding-top:10px;padding-right:0px;padding-bottom:0px;padding-left:0px\">\r\n\t\t\t\tLeather Luko\t\t\t<\/p>\r\n\t\t\t<p class=\"has-text-align-left has-medium-font-size\" style=\"margin-top:0px;margin-right:0px;margin-bottom:0px;margin-left:0px;padding-top:0px;padding-right:0px;padding-bottom:0px;padding-left:0px\">\r\n    \t\t\tPanier, Sacs pour ordinateurs portables\t\t\t\t &#8211; Cognac\t\t\t<\/p>\r\n\r\n\t\t<\/div>\r\n\t<\/a>\r\n<\/li>\r\n<li>\r\n\t<a href=\"https:\/\/newlooxs.nl\/fr\/produit\/leather-fellini-337800\/\">\r\n\t\t\t\t\t<div class=\"img-wrap product-card new-image\">\r\n\t\t\t\t<picture><source srcset=\"https:\/\/newlooxs.nl\/wp-content\/uploads\/product-images\/Collection%20LR\/Leather\/Leather%20Fellini\/337800%20Fellini%20Black%20(1)-card.webp\" type=\"image\/webp\"><img decoding=\"async\" src=\"https:\/\/newlooxs.nl\/product_images_new\/Collection%20LR\/Leather\/Leather%20Fellini\/337800%20Fellini%20Black%20(1).jpg\" alt=\"Leather Fellini &#8211; 337,800\" style=\"height: 150px; transform: none;\"><\/picture>\t\t\t\t\t<span class=\"price\">\r\n\t\t\t\t\t\t\u20ac254,95\t\t\t\t\t<\/span>\r\n\t\t\t\t\t\t\t\t<\/div>\r\n\t\t\t\t\t<div class=\"info-wrap\">\r\n\t\t\t<p class=\"has-text-align-left\" style=\"margin-top:0px;margin-right:0px;margin-bottom:0px;margin-left:0px;padding-top:10px;padding-right:0px;padding-bottom:0px;padding-left:0px\">\r\n\t\t\t\tLeather Fellini\t\t\t<\/p>\r\n\t\t\t<p class=\"has-text-align-left has-medium-font-size\" style=\"margin-top:0px;margin-right:0px;margin-bottom:0px;margin-left:0px;padding-top:0px;padding-right:0px;padding-bottom:0px;padding-left:0px\">\r\n    \t\t\tPanier, Sacs pour ordinateurs portables\t\t\t\t &#8211; Black\t\t\t<\/p>\r\n\r\n\t\t<\/div>\r\n\t<\/a>\r\n<\/li>\r\n<li>\r\n\t<a href=\"https:\/\/newlooxs.nl\/fr\/produit\/nyborg-single-391537\/\">\r\n\t\t\t\t\t<div class=\"img-wrap product-card new-image\">\r\n\t\t\t\t<picture><source srcset=\"https:\/\/newlooxs.nl\/wp-content\/uploads\/product-images\/Collection%20LR\/Nyborg\/Nyborg%20Single\/391537%20Nyborg%20Single%20Light%20Grey%20-%20Black%20(1)-card.webp\" type=\"image\/webp\"><img decoding=\"async\" src=\"https:\/\/newlooxs.nl\/product_images_new\/Collection%20LR\/Nyborg\/Nyborg%20Single\/391537%20Nyborg%20Single%20Light%20Grey%20-%20Black%20(1).JPG\" alt=\"Nyborg Single &#8211; 391,537\" style=\"height: 150px; transform: none;\"><\/picture>\t\t\t\t\t<span class=\"price\">\r\n\t\t\t\t\t\t\u20ac67,95\t\t\t\t\t<\/span>\r\n\t\t\t\t\t\t\t\t<\/div>\r\n\t\t\t\t\t<div class=\"info-wrap\">\r\n\t\t\t<p class=\"has-text-align-left\" style=\"margin-top:0px;margin-right:0px;margin-bottom:0px;margin-left:0px;padding-top:10px;padding-right:0px;padding-bottom:0px;padding-left:0px\">\r\n\t\t\t\tNyborg Single\t\t\t<\/p>\r\n\t\t\t<p class=\"has-text-align-left has-medium-font-size\" style=\"margin-top:0px;margin-right:0px;margin-bottom:0px;margin-left:0px;padding-top:0px;padding-right:0px;padding-bottom:0px;padding-left:0px\">\r\n    \t\t\tPanier, Sacs pour ordinateurs portables\t\t\t\t &#8211; Light Grey \/ Black\t\t\t<\/p>\r\n\r\n\t\t<\/div>\r\n\t<\/a>\r\n<\/li>\r\n<\/ul>\t\t<\/div>\r\n\t<\/div>\r\n<\/div>\r\n\n\n\n<div class=\"wp-block-buttons is-layout-flex wp-block-buttons-is-layout-flex\">\n<div class=\"wp-block-button\"><a class=\"wp-block-button__link wp-element-button\" href=\"https:\/\/newlooxs.nl\/fr\/des-produits\/?_sft_soort_cat=sacs-pour-ordinateurs-portables\">Voir tous les Sacs pour ordinateurs portables<\/a><\/div>\n<\/div>\n<\/div>\n\n\n\n<div style=\"height:29px;--spacer-height:29px\" aria-hidden=\"true\" class=\"wp-block-spacer\"><\/div>\n\n\n\n<div id=\"collectie-tekst\" class=\"wp-block-group is-content-justification-left is-layout-constrained wp-container-core-group-is-layout-3ac27376 wp-block-group-is-layout-constrained\">\n<h2 class=\"wp-block-heading\" id=\"h-compartiment-rembourre-pour-ordinateur-portable\">Compartiment rembourr\u00e9 <mark style=\"background-color:rgba(0, 0, 0, 0)\" class=\"has-inline-color has-color-1-color\"> pour ordinateur portable<\/mark> <\/h2>\n\n\n\n<p>Tous les sacs pour ordinateurs portables sont \u00e9quip\u00e9s d\u2019un compartiment pour les ordinateurs portables de 15\u201d. Si vous avez un mod\u00e8le de plus grande taille, n\u2019h\u00e9sitez pas \u00e0 d\u00e9couvrir le <a href=\"https:\/\/newlooxs.nl\/fr\/producten-archive\/nevada-backpack-242501\/\"> sac \u00e0 dos Nevada<\/a>, qui convient \u00e0 un ordinateur portable de 17\u201d. Le compartiment pour ordinateur portable \u00e9tant rembourr\u00e9, votre ordinateur b\u00e9n\u00e9ficie d\u2019une bonne protection.<\/p>\n\n\n\n<h4 class=\"wp-block-heading\" id=\"h-sacoches-de-velo-etanches\">Sacoches de v\u00e9lo \u00e9tanches<\/h4>\n\n\n\n<p>Bien entendu, vous voulez prot\u00e9ger votre ordinateur portable de la pluie. La plupart des sacs pour ordinateurs portables de chez New Looxs sont livr\u00e9s avec une housse de pluie. Ces <a href=\"https:\/\/newlooxs.nl\/fr\/des-produits\/?_sft_soort_cat=accessoire-fr\">housses de pluie <\/a>peuvent \u00e9galement \u00eatre achet\u00e9es s\u00e9par\u00e9ment. Les sacoches Varo sont \u00e9tanches \u00e0 100 % et ne n\u00e9cessitent pas de housse de pluie. <\/p>\n<\/div>\n\n\n\n<div style=\"height:29px;--spacer-height:29px\" aria-hidden=\"true\" class=\"wp-block-spacer\"><\/div>\n\n\n\n<div id=\"locaties-kaart\" class=\"wp-block-group is-layout-constrained wp-block-group-is-layout-constrained\">\n<div class=\"wp-block-columns is-layout-flex wp-container-core-columns-is-layout-51c0b34d wp-block-columns-is-layout-flex\" style=\"padding-top:var(--wp--preset--spacing--50);padding-bottom:var(--wp--preset--spacing--50);gap:32px\">\n<div class=\"wp-block-column is-vertically-aligned-center is-layout-flow wp-block-column-is-layout-flow\" style=\"flex-basis:35%\">\n<h2 class=\"wp-block-heading has-color-2-color has-text-color\" id=\"h-trouvez-un-magasin-a-proximite\">Trouvez un <mark style=\"background-color:rgba(0, 0, 0, 0)\" class=\"has-inline-color has-color-1-color\">magasin<\/mark> \u00e0 proximit\u00e9!<\/h2>\n\n\n\n<p class=\"has-color-2-color has-text-color has-extra-large-font-size\">\u00cates-vous int\u00e9ress\u00e9 par un sac de la collection New Looxs ? Cliquez sur le bouton ci-dessous pour trouver un magasin pr\u00e8s de chez vous.<\/p>\n\n\n\n<div class=\"wp-block-buttons is-content-justification-left is-layout-flex wp-container-core-buttons-is-layout-fc4fd283 wp-block-buttons-is-layout-flex\">\n<div class=\"wp-block-button\"><a class=\"wp-block-button__link has-color-5-color has-color-1-background-color has-text-color has-background has-text-align-center wp-element-button\" href=\"https:\/\/newlooxs.nl\/fr\/adresses-de-vente-new-looxs\/\">Trouver un revendeur<\/a><\/div>\n<\/div>\n<\/div>\n\n\n\n<div class=\"wp-block-column is-layout-flow wp-block-column-is-layout-flow\">\n<figure class=\"wp-block-image size-large is-resized\"><a href=\"https:\/\/newlooxs.nl\/fr\/adresses-de-vente-new-looxs\/\"><img decoding=\"async\" src=\"https:\/\/newlooxs.nl\/wp-content\/uploads\/2023\/06\/afbeelding-1.png\"alt=\"New Looxs - afbeelding-1\"style=\"width:404px;height:auto\"\/><\/a><\/figure>\n<\/div>\n<\/div>\n<\/div>\n<\/div>\n","protected":false},"excerpt":{"rendered":"<p>Sacs pour ordinateurs portables Si vous vous rendez r\u00e9guli\u00e8rement au travail \u00e0 v\u00e9lo, il est agr\u00e9able de pouvoir transporter vos affaires de mani\u00e8re confortable, pratique et s\u00fbre. Pour ce faire, une sacoche v\u00e9lo pour les trajets domicile-travail est une bonne solution. New Looxs propose plusieurs sacoches de v\u00e9lo dot\u00e9es d\u2019un compartiment sp\u00e9cial pour transporter votre [&hellip;]<\/p>\n","protected":false},"author":9,"featured_media":27963,"parent":5143,"menu_order":4,"comment_status":"closed","ping_status":"closed","template":"","meta":{"_acf_changed":false,"_eb_attr":"","_relevanssi_hide_post":"","_relevanssi_hide_content":"","_relevanssi_pin_for_all":"","_relevanssi_pin_keywords":"","_relevanssi_unpin_keywords":"","_relevanssi_related_keywords":"","_relevanssi_related_include_ids":"","_relevanssi_related_exclude_ids":"","_relevanssi_related_no_append":"","_relevanssi_related_not_related":"","_relevanssi_related_posts":"3843,3714,31814,31640,31961","_relevanssi_noindex_reason":"","inline_featured_image":false,"footnotes":""},"class_list":["post-5114","page","type-page","status-publish","has-post-thumbnail","hentry"],"acf":[],"yoast_head":"<!-- This site is optimized with the Yoast SEO Premium plugin v22.0 (Yoast SEO v27.5) - https:\/\/yoast.com\/product\/yoast-seo-premium-wordpress\/ -->\n<title>Sacs v\u00e9lo pour ordinateur \u2013 \u00c9l\u00e9gants &amp; pratiques | New Looxs<\/title>\n<meta name=\"description\" content=\"D\u00e9couvrez les sacs \u00e0 dos v\u00e9lo pour ordinateurs portable New Looxs : confort, style et s\u00e9curit\u00e9 pour vos trajets quotidiens et votre \u00e9quipement.\" \/>\n<meta name=\"robots\" content=\"index, follow, max-snippet:-1, max-image-preview:large, max-video-preview:-1\" \/>\n<link rel=\"canonical\" href=\"https:\/\/newlooxs.nl\/fr\/des-produits\/sacs-pour-ordinateurs-portables\/\" \/>\n<meta property=\"og:locale\" content=\"fr_FR\" \/>\n<meta property=\"og:type\" content=\"article\" \/>\n<meta property=\"og:title\" content=\"Sacs pour ordinateurs portables\" \/>\n<meta property=\"og:description\" content=\"D\u00e9couvrez les sacs \u00e0 dos v\u00e9lo pour ordinateurs portable New Looxs : confort, style et s\u00e9curit\u00e9 pour vos trajets quotidiens et votre \u00e9quipement.\" \/>\n<meta property=\"og:url\" content=\"https:\/\/newlooxs.nl\/fr\/des-produits\/sacs-pour-ordinateurs-portables\/\" \/>\n<meta property=\"og:site_name\" content=\"New Looxs\" \/>\n<meta property=\"article:publisher\" content=\"https:\/\/www.facebook.com\/NewLooxs\/\" \/>\n<meta property=\"article:modified_time\" content=\"2025-04-04T12:34:39+00:00\" \/>\n<meta property=\"og:image\" content=\"https:\/\/newlooxs.nl\/wp-content\/uploads\/2023\/09\/337800-Fellini-Black-3-scaled.jpg\" \/>\n\t<meta property=\"og:image:width\" content=\"2560\" \/>\n\t<meta property=\"og:image:height\" content=\"1707\" \/>\n\t<meta property=\"og:image:type\" content=\"image\/jpeg\" \/>\n<meta name=\"twitter:card\" content=\"summary_large_image\" \/>\n<meta name=\"twitter:label1\" content=\"Dur\u00e9e de lecture estim\u00e9e\" \/>\n\t<meta name=\"twitter:data1\" content=\"3 minutes\" \/>\n<script type=\"application\/ld+json\" class=\"yoast-schema-graph\">{\"@context\":\"https:\\\/\\\/schema.org\",\"@graph\":[{\"@type\":\"WebPage\",\"@id\":\"https:\\\/\\\/newlooxs.nl\\\/fr\\\/des-produits\\\/sacs-pour-ordinateurs-portables\\\/\",\"url\":\"https:\\\/\\\/newlooxs.nl\\\/fr\\\/des-produits\\\/sacs-pour-ordinateurs-portables\\\/\",\"name\":\"Sacs v\u00e9lo pour ordinateur \u2013 \u00c9l\u00e9gants & pratiques | New Looxs\",\"isPartOf\":{\"@id\":\"https:\\\/\\\/newlooxs.nl\\\/fr\\\/#website\"},\"primaryImageOfPage\":{\"@id\":\"https:\\\/\\\/newlooxs.nl\\\/fr\\\/des-produits\\\/sacs-pour-ordinateurs-portables\\\/#primaryimage\"},\"image\":{\"@id\":\"https:\\\/\\\/newlooxs.nl\\\/fr\\\/des-produits\\\/sacs-pour-ordinateurs-portables\\\/#primaryimage\"},\"thumbnailUrl\":\"https:\\\/\\\/newlooxs.nl\\\/wp-content\\\/uploads\\\/2023\\\/09\\\/337800-Fellini-Black-3-scaled.jpg\",\"datePublished\":\"2023-09-12T12:29:56+00:00\",\"dateModified\":\"2025-04-04T12:34:39+00:00\",\"description\":\"D\u00e9couvrez les sacs \u00e0 dos v\u00e9lo pour ordinateurs portable New Looxs : confort, style et s\u00e9curit\u00e9 pour vos trajets quotidiens et votre \u00e9quipement.\",\"breadcrumb\":{\"@id\":\"https:\\\/\\\/newlooxs.nl\\\/fr\\\/des-produits\\\/sacs-pour-ordinateurs-portables\\\/#breadcrumb\"},\"inLanguage\":\"fr-FR\",\"potentialAction\":[{\"@type\":\"ReadAction\",\"target\":[\"https:\\\/\\\/newlooxs.nl\\\/fr\\\/des-produits\\\/sacs-pour-ordinateurs-portables\\\/\"]}]},{\"@type\":\"ImageObject\",\"inLanguage\":\"fr-FR\",\"@id\":\"https:\\\/\\\/newlooxs.nl\\\/fr\\\/des-produits\\\/sacs-pour-ordinateurs-portables\\\/#primaryimage\",\"url\":\"https:\\\/\\\/newlooxs.nl\\\/wp-content\\\/uploads\\\/2023\\\/09\\\/337800-Fellini-Black-3-scaled.jpg\",\"contentUrl\":\"https:\\\/\\\/newlooxs.nl\\\/wp-content\\\/uploads\\\/2023\\\/09\\\/337800-Fellini-Black-3-scaled.jpg\",\"width\":2560,\"height\":1707},{\"@type\":\"BreadcrumbList\",\"@id\":\"https:\\\/\\\/newlooxs.nl\\\/fr\\\/des-produits\\\/sacs-pour-ordinateurs-portables\\\/#breadcrumb\",\"itemListElement\":[{\"@type\":\"ListItem\",\"position\":1,\"name\":\"Home\",\"item\":\"https:\\\/\\\/newlooxs.nl\\\/fr\\\/\"},{\"@type\":\"ListItem\",\"position\":2,\"name\":\"Des produits\",\"item\":\"https:\\\/\\\/newlooxs.nl\\\/fr\\\/des-produits\\\/\"},{\"@type\":\"ListItem\",\"position\":3,\"name\":\"Sacs pour ordinateurs portables\"}]},{\"@type\":\"WebSite\",\"@id\":\"https:\\\/\\\/newlooxs.nl\\\/fr\\\/#website\",\"url\":\"https:\\\/\\\/newlooxs.nl\\\/fr\\\/\",\"name\":\"New Looxs\",\"description\":\"\",\"publisher\":{\"@id\":\"https:\\\/\\\/newlooxs.nl\\\/fr\\\/#organization\"},\"potentialAction\":[{\"@type\":\"SearchAction\",\"target\":{\"@type\":\"EntryPoint\",\"urlTemplate\":\"https:\\\/\\\/newlooxs.nl\\\/fr\\\/?s={search_term_string}\"},\"query-input\":{\"@type\":\"PropertyValueSpecification\",\"valueRequired\":true,\"valueName\":\"search_term_string\"}}],\"inLanguage\":\"fr-FR\"},{\"@type\":\"Organization\",\"@id\":\"https:\\\/\\\/newlooxs.nl\\\/fr\\\/#organization\",\"name\":\"New Looxs\",\"url\":\"https:\\\/\\\/newlooxs.nl\\\/fr\\\/\",\"logo\":{\"@type\":\"ImageObject\",\"inLanguage\":\"fr-FR\",\"@id\":\"https:\\\/\\\/newlooxs.nl\\\/fr\\\/#\\\/schema\\\/logo\\\/image\\\/\",\"url\":\"https:\\\/\\\/newlooxs.nl\\\/wp-content\\\/uploads\\\/2023\\\/06\\\/logo1.svg\",\"contentUrl\":\"https:\\\/\\\/newlooxs.nl\\\/wp-content\\\/uploads\\\/2023\\\/06\\\/logo1.svg\",\"caption\":\"New Looxs\"},\"image\":{\"@id\":\"https:\\\/\\\/newlooxs.nl\\\/fr\\\/#\\\/schema\\\/logo\\\/image\\\/\"},\"sameAs\":[\"https:\\\/\\\/www.facebook.com\\\/NewLooxs\\\/\",\"https:\\\/\\\/www.instagram.com\\\/newlooxs\\\/\",\"https:\\\/\\\/www.linkedin.com\\\/company\\\/newlooxs\\\/\",\"https:\\\/\\\/www.youtube.com\\\/@newlooxs-bicyclebagsbaskets\"]}]}<\/script>\n<!-- \/ Yoast SEO Premium plugin. -->","yoast_head_json":{"title":"Sacs v\u00e9lo pour ordinateur \u2013 \u00c9l\u00e9gants & pratiques | New Looxs","description":"D\u00e9couvrez les sacs \u00e0 dos v\u00e9lo pour ordinateurs portable New Looxs : confort, style et s\u00e9curit\u00e9 pour vos trajets quotidiens et votre \u00e9quipement.","robots":{"index":"index","follow":"follow","max-snippet":"max-snippet:-1","max-image-preview":"max-image-preview:large","max-video-preview":"max-video-preview:-1"},"canonical":"https:\/\/newlooxs.nl\/fr\/des-produits\/sacs-pour-ordinateurs-portables\/","og_locale":"fr_FR","og_type":"article","og_title":"Sacs pour ordinateurs portables","og_description":"D\u00e9couvrez les sacs \u00e0 dos v\u00e9lo pour ordinateurs portable New Looxs : confort, style et s\u00e9curit\u00e9 pour vos trajets quotidiens et votre \u00e9quipement.","og_url":"https:\/\/newlooxs.nl\/fr\/des-produits\/sacs-pour-ordinateurs-portables\/","og_site_name":"New Looxs","article_publisher":"https:\/\/www.facebook.com\/NewLooxs\/","article_modified_time":"2025-04-04T12:34:39+00:00","og_image":[{"width":2560,"height":1707,"url":"https:\/\/newlooxs.nl\/wp-content\/uploads\/2023\/09\/337800-Fellini-Black-3-scaled.jpg","type":"image\/jpeg"}],"twitter_card":"summary_large_image","twitter_misc":{"Dur\u00e9e de lecture estim\u00e9e":"3 minutes"},"schema":{"@context":"https:\/\/schema.org","@graph":[{"@type":"WebPage","@id":"https:\/\/newlooxs.nl\/fr\/des-produits\/sacs-pour-ordinateurs-portables\/","url":"https:\/\/newlooxs.nl\/fr\/des-produits\/sacs-pour-ordinateurs-portables\/","name":"Sacs v\u00e9lo pour ordinateur \u2013 \u00c9l\u00e9gants & pratiques | New Looxs","isPartOf":{"@id":"https:\/\/newlooxs.nl\/fr\/#website"},"primaryImageOfPage":{"@id":"https:\/\/newlooxs.nl\/fr\/des-produits\/sacs-pour-ordinateurs-portables\/#primaryimage"},"image":{"@id":"https:\/\/newlooxs.nl\/fr\/des-produits\/sacs-pour-ordinateurs-portables\/#primaryimage"},"thumbnailUrl":"https:\/\/newlooxs.nl\/wp-content\/uploads\/2023\/09\/337800-Fellini-Black-3-scaled.jpg","datePublished":"2023-09-12T12:29:56+00:00","dateModified":"2025-04-04T12:34:39+00:00","description":"D\u00e9couvrez les sacs \u00e0 dos v\u00e9lo pour ordinateurs portable New Looxs : confort, style et s\u00e9curit\u00e9 pour vos trajets quotidiens et votre \u00e9quipement.","breadcrumb":{"@id":"https:\/\/newlooxs.nl\/fr\/des-produits\/sacs-pour-ordinateurs-portables\/#breadcrumb"},"inLanguage":"fr-FR","potentialAction":[{"@type":"ReadAction","target":["https:\/\/newlooxs.nl\/fr\/des-produits\/sacs-pour-ordinateurs-portables\/"]}]},{"@type":"ImageObject","inLanguage":"fr-FR","@id":"https:\/\/newlooxs.nl\/fr\/des-produits\/sacs-pour-ordinateurs-portables\/#primaryimage","url":"https:\/\/newlooxs.nl\/wp-content\/uploads\/2023\/09\/337800-Fellini-Black-3-scaled.jpg","contentUrl":"https:\/\/newlooxs.nl\/wp-content\/uploads\/2023\/09\/337800-Fellini-Black-3-scaled.jpg","width":2560,"height":1707},{"@type":"BreadcrumbList","@id":"https:\/\/newlooxs.nl\/fr\/des-produits\/sacs-pour-ordinateurs-portables\/#breadcrumb","itemListElement":[{"@type":"ListItem","position":1,"name":"Home","item":"https:\/\/newlooxs.nl\/fr\/"},{"@type":"ListItem","position":2,"name":"Des produits","item":"https:\/\/newlooxs.nl\/fr\/des-produits\/"},{"@type":"ListItem","position":3,"name":"Sacs pour ordinateurs portables"}]},{"@type":"WebSite","@id":"https:\/\/newlooxs.nl\/fr\/#website","url":"https:\/\/newlooxs.nl\/fr\/","name":"New Looxs","description":"","publisher":{"@id":"https:\/\/newlooxs.nl\/fr\/#organization"},"potentialAction":[{"@type":"SearchAction","target":{"@type":"EntryPoint","urlTemplate":"https:\/\/newlooxs.nl\/fr\/?s={search_term_string}"},"query-input":{"@type":"PropertyValueSpecification","valueRequired":true,"valueName":"search_term_string"}}],"inLanguage":"fr-FR"},{"@type":"Organization","@id":"https:\/\/newlooxs.nl\/fr\/#organization","name":"New Looxs","url":"https:\/\/newlooxs.nl\/fr\/","logo":{"@type":"ImageObject","inLanguage":"fr-FR","@id":"https:\/\/newlooxs.nl\/fr\/#\/schema\/logo\/image\/","url":"https:\/\/newlooxs.nl\/wp-content\/uploads\/2023\/06\/logo1.svg","contentUrl":"https:\/\/newlooxs.nl\/wp-content\/uploads\/2023\/06\/logo1.svg","caption":"New Looxs"},"image":{"@id":"https:\/\/newlooxs.nl\/fr\/#\/schema\/logo\/image\/"},"sameAs":["https:\/\/www.facebook.com\/NewLooxs\/","https:\/\/www.instagram.com\/newlooxs\/","https:\/\/www.linkedin.com\/company\/newlooxs\/","https:\/\/www.youtube.com\/@newlooxs-bicyclebagsbaskets"]}]}},"_links":{"self":[{"href":"https:\/\/newlooxs.nl\/fr\/wp-json\/wp\/v2\/pages\/5114","targetHints":{"allow":["GET"]}}],"collection":[{"href":"https:\/\/newlooxs.nl\/fr\/wp-json\/wp\/v2\/pages"}],"about":[{"href":"https:\/\/newlooxs.nl\/fr\/wp-json\/wp\/v2\/types\/page"}],"author":[{"embeddable":true,"href":"https:\/\/newlooxs.nl\/fr\/wp-json\/wp\/v2\/users\/9"}],"replies":[{"embeddable":true,"href":"https:\/\/newlooxs.nl\/fr\/wp-json\/wp\/v2\/comments?post=5114"}],"version-history":[{"count":5,"href":"https:\/\/newlooxs.nl\/fr\/wp-json\/wp\/v2\/pages\/5114\/revisions"}],"predecessor-version":[{"id":33986,"href":"https:\/\/newlooxs.nl\/fr\/wp-json\/wp\/v2\/pages\/5114\/revisions\/33986"}],"up":[{"embeddable":true,"href":"https:\/\/newlooxs.nl\/fr\/wp-json\/wp\/v2\/pages\/5143"}],"wp:featuredmedia":[{"embeddable":true,"href":"https:\/\/newlooxs.nl\/fr\/wp-json\/wp\/v2\/media\/27963"}],"wp:attachment":[{"href":"https:\/\/newlooxs.nl\/fr\/wp-json\/wp\/v2\/media?parent=5114"}],"curies":[{"name":"wp","href":"https:\/\/api.w.org\/{rel}","templated":true}]}}