{"id":5117,"date":"2023-09-12T14:29:41","date_gmt":"2023-09-12T12:29:41","guid":{"rendered":"https:\/\/newlooxs.nl\/fietsmanden\/"},"modified":"2024-08-29T08:41:08","modified_gmt":"2024-08-29T06:41:08","slug":"panier-de-velo","status":"publish","type":"page","link":"https:\/\/newlooxs.nl\/fr\/des-produits\/panier-de-velo\/","title":{"rendered":"Panier de v\u00e9lo"},"content":{"rendered":"\n<div id=\"algemeen\" class=\"wp-block-group is-layout-constrained wp-block-group-is-layout-constrained\">\n<div id=\"collectie-header\" class=\"wp-block-group is-layout-constrained wp-block-group-is-layout-constrained\">\n<div class=\"wp-block-columns alignfull has-color-4-background-color has-background is-layout-flex wp-container-core-columns-is-layout-763660d3 wp-block-columns-is-layout-flex\" style=\"margin-top:0px;margin-bottom:0px;padding-top:0px;padding-right:0px;padding-bottom:0px;padding-left:0px\">\n<div class=\"wp-block-column column-marge is-layout-flow wp-block-column-is-layout-flow\"><\/div>\n\n\n\n<div class=\"wp-block-column is-vertically-aligned-center column-text has-color-4-background-color has-background is-layout-flow wp-container-core-column-is-layout-58caa531 wp-block-column-is-layout-flow\" style=\"border-left-style:none;border-left-width:0px;padding-top:var(--wp--preset--spacing--50);padding-right:0;padding-bottom:var(--wp--preset--spacing--50);padding-left:var(--wp--preset--spacing--50);flex-basis:660px\">\n<div class=\"wp-block-group has-color-4-background-color has-background is-layout-constrained wp-container-core-group-is-layout-309ce678 wp-block-group-is-layout-constrained\" style=\"border-left-color:var(--wp--preset--color--color-1);border-left-width:30px;margin-top:0px;margin-bottom:0px;padding-top:var(--wp--preset--spacing--80);padding-right:var(--wp--preset--spacing--80);padding-bottom:var(--wp--preset--spacing--80);padding-left:var(--wp--preset--spacing--80)\"><div class=\"yoast-breadcrumbs wp-block-yoast-seo-breadcrumbs\"><span><span><a href=\"https:\/\/newlooxs.nl\/fr\/\">Home<\/a><\/span> \u00bb <span><a href=\"https:\/\/newlooxs.nl\/fr\/des-produits\/\">Des produits<\/a><\/span> \u00bb <span class=\"breadcrumb_last\" aria-current=\"page\">Panier de v\u00e9lo<\/span><\/span><\/div>\n\n\n<div style=\"height:40px;--spacer-height:40px\" aria-hidden=\"true\" class=\"wp-block-spacer\"><\/div>\n\n\n\n<div class=\"wp-block-group is-nowrap is-layout-flex wp-container-core-group-is-layout-ee308172 wp-block-group-is-layout-flex\" style=\"margin-top:0px;margin-bottom:0px\">\n<h1 class=\"wp-block-heading collection-title\" id=\"h-paniers-a-velo\" style=\"font-size:40px;line-height:1.2\"><mark style=\"background-color:#f04923\" class=\"has-inline-color has-color-5-color\">Paniers \u00e0 v\u00e9lo<\/mark> <\/h1>\n\n\n\n<figure class=\"wp-block-image size-full title-logo\"><img loading=\"lazy\" decoding=\"async\" width=\"50\" height=\"45\" src=\"https:\/\/newlooxs.nl\/wp-content\/uploads\/2023\/06\/newloox-beeldmerk-50.png\"alt=\"New Looxs - newloox-beeldmerk-50\"class=\"wp-image-1286\"\/><\/figure>\n<\/div>\n\n\n\n<p class=\"has-extra-large-font-size\">Vous \u00eates \u00e0 la recherche d\u2019un panier de v\u00e9lo robuste qui s\u2019installe \u00e0 l\u2019avant ou \u00e0 l\u2019arri\u00e8re de votre v\u00e9lo ? Les paniers \u00e0 v\u00e9lo New Looxs allient style et fonctionnalit\u00e9. Il y en a pour tous les go\u00fbts gr\u00e2ce au large choix de types, de tailles et de mat\u00e9riaux.<\/p>\n\n\n\n<div class=\"wp-block-buttons is-layout-flex wp-block-buttons-is-layout-flex\">\n<div class=\"wp-block-button is-style-fill\"><a class=\"wp-block-button__link has-color-1-background-color has-background wp-element-button\" href=\"https:\/\/newlooxs.nl\/fr\/des-produits\/?_sft_soort_cat=panier-pour-les-velos\">Voir tous les Paniers \u00e0 v\u00e9lo<\/a><\/div>\n\n\n\n<div class=\"wp-block-button is-style-fill\"><a class=\"wp-block-button__link has-color-2-color has-color-5-background-color has-text-color has-background wp-element-button\" href=\"https:\/\/newlooxs.nl\/fr\/adresses-de-vente-new-looxs\/\">Voir les points de vente<\/a><\/div>\n<\/div>\n<\/div>\n<\/div>\n\n\n\n<div class=\"wp-block-column is-layout-flow wp-block-column-is-layout-flow\" style=\"flex-basis:50%\">\n<div class=\"wp-block-cover is-light\" style=\"margin-top:0px;margin-bottom:0px;padding-top:0px;padding-right:0px;padding-bottom:0px;padding-left:0px;min-height:100%;aspect-ratio:unset;\"><span aria-hidden=\"true\" class=\"wp-block-cover__background has-background-dim-0 has-background-dim\" style=\"background-color:#c1c1c1\"><\/span><img loading=\"lazy\" decoding=\"async\" width=\"1772\" height=\"1182\" class=\"wp-block-cover__image-background wp-image-28284\" alt=\"\" src=\"https:\/\/newlooxs.nl\/wp-content\/uploads\/2024\/01\/700.811_Mood_Clipper-Green-Shopping-Package-2-2.jpg\" data-object-fit=\"cover\" srcset=\"https:\/\/newlooxs.nl\/wp-content\/uploads\/2024\/01\/700.811_Mood_Clipper-Green-Shopping-Package-2-2.jpg 1772w, https:\/\/newlooxs.nl\/wp-content\/uploads\/2024\/01\/700.811_Mood_Clipper-Green-Shopping-Package-2-2-768x512.jpg 768w, https:\/\/newlooxs.nl\/wp-content\/uploads\/2024\/01\/700.811_Mood_Clipper-Green-Shopping-Package-2-2-1280x854.jpg 1280w, https:\/\/newlooxs.nl\/wp-content\/uploads\/2024\/01\/700.811_Mood_Clipper-Green-Shopping-Package-2-2-300x200.jpg 300w, https:\/\/newlooxs.nl\/wp-content\/uploads\/2024\/01\/700.811_Mood_Clipper-Green-Shopping-Package-2-2-50x33.jpg 50w, https:\/\/newlooxs.nl\/wp-content\/uploads\/2024\/01\/700.811_Mood_Clipper-Green-Shopping-Package-2-2-1600x1067.jpg 1600w, https:\/\/newlooxs.nl\/wp-content\/uploads\/2024\/01\/700.811_Mood_Clipper-Green-Shopping-Package-2-2-1536x1025.jpg 1536w\" sizes=\"auto, (max-width: 1772px) 100vw, 1772px\" \/><div class=\"wp-block-cover__inner-container is-layout-flow wp-block-cover-is-layout-flow\">\n<p class=\"has-text-align-center has-large-font-size\"><\/p>\n<\/div><\/div>\n<\/div>\n<\/div>\n\n\n\n<div style=\"height:29px;--spacer-height:29px\" aria-hidden=\"true\" class=\"wp-block-spacer\"><\/div>\n<\/div>\n\n\n\r\n<div id=\"block_8978f05cbfaf6d9ce7363d83b6bef7e2\" class=\"wp-block-acf-prode-archive alignnone \">\r\n\t<div class=\"container\">\r\n\t\t<div class=\"row cards-wrapper g-2\">\r\n\t\t\t<ul class=\"related-products\"><li>\r\n\t<a href=\"https:\/\/newlooxs.nl\/fr\/produit\/clipper-with-handle-mik-700-810mik\/\">\r\n\t\t\t\t\t<div class=\"img-wrap product-card new-image\">\r\n\t\t\t\t<img decoding=\"async\" src=\"https:\/\/newlooxs.nl\/product_images_new\/Collection%20LR\/Clipper\/Clipper%20with%20handle%20MIK\/700810MIK%20Clipper%20MIK%20Anthracite%20(1).JPG\" alt=\"Clipper with handle MIK &#8211; 700.810MIK\" style=\"height: 150px; transform: none;\">\r\n\t\t\t\t\t\t\t\t\t<span class=\"price\">\r\n\t\t\t\t\t\t\u20ac117,95\t\t\t\t\t<\/span>\r\n\t\t\t\t\t\t\t\t<\/div>\r\n\t\t\t\t\t<div class=\"info-wrap\">\r\n\t\t\t<p class=\"has-text-align-left\" style=\"margin-top:0px;margin-right:0px;margin-bottom:0px;margin-left:0px;padding-top:10px;padding-right:0px;padding-bottom:0px;padding-left:0px\">\r\n\t\t\t\tClipper with handle MIK\t\t\t<\/p>\r\n\t\t\t<p class=\"has-text-align-left has-medium-font-size\" style=\"margin-top:0px;margin-right:0px;margin-bottom:0px;margin-left:0px;padding-top:0px;padding-right:0px;padding-bottom:0px;padding-left:0px\">\r\n    \t\t\tPanier pour les v\u00e9los\t\t\t\t &#8211; Anthracite\t\t\t<\/p>\r\n\r\n\t\t<\/div>\r\n\t<\/a>\r\n<\/li>\r\n<li>\r\n\t<a href=\"https:\/\/newlooxs.nl\/fr\/produit\/clipper-with-handle-700811\/\">\r\n\t\t\t\t\t<div class=\"img-wrap product-card new-image\">\r\n\t\t\t\t<img decoding=\"async\" src=\"https:\/\/newlooxs.nl\/product_images_new\/Collection%20LR\/Accessoire\/Clipper%20with%20handle\/700811%20Clipper%20Green%20(1).jpg\" alt=\"Clipper with handle &#8211; 700,811\" style=\"height: 150px; transform: none;\">\r\n\t\t\t\t\t\t\t\t\t<span class=\"price\">\r\n\t\t\t\t\t\t\u20ac93,95\t\t\t\t\t<\/span>\r\n\t\t\t\t\t\t\t\t<\/div>\r\n\t\t\t\t\t<div class=\"info-wrap\">\r\n\t\t\t<p class=\"has-text-align-left\" style=\"margin-top:0px;margin-right:0px;margin-bottom:0px;margin-left:0px;padding-top:10px;padding-right:0px;padding-bottom:0px;padding-left:0px\">\r\n\t\t\t\tClipper with handle\t\t\t<\/p>\r\n\t\t\t<p class=\"has-text-align-left has-medium-font-size\" style=\"margin-top:0px;margin-right:0px;margin-bottom:0px;margin-left:0px;padding-top:0px;padding-right:0px;padding-bottom:0px;padding-left:0px\">\r\n    \t\t\tPanier pour les v\u00e9los\t\t\t\t &#8211; Green\t\t\t<\/p>\r\n\r\n\t\t<\/div>\r\n\t<\/a>\r\n<\/li>\r\n<li>\r\n\t<a href=\"https:\/\/newlooxs.nl\/fr\/produit\/toscane-smartlock-100030701\/\">\r\n\t\t\t\t\t<div class=\"img-wrap product-card new-image\">\r\n\t\t\t\t<img decoding=\"async\" src=\"https:\/\/newlooxs.nl\/product_images_new\/Collection%20LR\/Baskets\/Toscane%20SmartLock\/100030701%20Toscane%20Smartlock%20Black%20(1).JPG\" alt=\"Toscane SmartLock &#8211; 100,030,701\" style=\"height: 150px; transform: none;\">\r\n\t\t\t\t\t\t\t\t\t<span class=\"price\">\r\n\t\t\t\t\t\t\u20ac38,95\t\t\t\t\t<\/span>\r\n\t\t\t\t\t\t\t\t<\/div>\r\n\t\t\t\t\t<div class=\"info-wrap\">\r\n\t\t\t<p class=\"has-text-align-left\" style=\"margin-top:0px;margin-right:0px;margin-bottom:0px;margin-left:0px;padding-top:10px;padding-right:0px;padding-bottom:0px;padding-left:0px\">\r\n\t\t\t\tToscane SmartLock\t\t\t<\/p>\r\n\t\t\t<p class=\"has-text-align-left has-medium-font-size\" style=\"margin-top:0px;margin-right:0px;margin-bottom:0px;margin-left:0px;padding-top:0px;padding-right:0px;padding-bottom:0px;padding-left:0px\">\r\n    \t\t\tPanier pour les v\u00e9los\t\t\t\t &#8211; Black\t\t\t<\/p>\r\n\r\n\t\t<\/div>\r\n\t<\/a>\r\n<\/li>\r\n<li>\r\n\t<a href=\"https:\/\/newlooxs.nl\/fr\/produit\/asti-girls-basket-100082205\/\">\r\n\t\t\t\t\t<div class=\"img-wrap product-card new-image\">\r\n\t\t\t\t<img decoding=\"async\" src=\"https:\/\/newlooxs.nl\/product_images_new\/Collection%20LR\/Baskets\/Asti%20Girls%20basket\/100082205%20Asti%20Girls%20Basket%20Arabella%20Pink%20(1).JPG\" alt=\"Asti Girls basket &#8211; 100,082,205\" style=\"height: 150px; transform: none;\">\r\n\t\t\t\t\t\t\t\t\t<span class=\"price\">\r\n\t\t\t\t\t\t\u20ac19,95\t\t\t\t\t<\/span>\r\n\t\t\t\t\t\t\t\t<\/div>\r\n\t\t\t\t\t<div class=\"info-wrap\">\r\n\t\t\t<p class=\"has-text-align-left\" style=\"margin-top:0px;margin-right:0px;margin-bottom:0px;margin-left:0px;padding-top:10px;padding-right:0px;padding-bottom:0px;padding-left:0px\">\r\n\t\t\t\tAsti Girls basket\t\t\t<\/p>\r\n\t\t\t<p class=\"has-text-align-left has-medium-font-size\" style=\"margin-top:0px;margin-right:0px;margin-bottom:0px;margin-left:0px;padding-top:0px;padding-right:0px;padding-bottom:0px;padding-left:0px\">\r\n    \t\t\tPanier pour les v\u00e9los\t\t\t\t &#8211; Arabella Orange\t\t\t<\/p>\r\n\r\n\t\t<\/div>\r\n\t<\/a>\r\n<\/li>\r\n<\/ul>\t\t<\/div>\r\n\t<\/div>\r\n<\/div>\r\n\n\n\n<div class=\"wp-block-buttons is-layout-flex wp-block-buttons-is-layout-flex\">\n<div class=\"wp-block-button\"><a class=\"wp-block-button__link wp-element-button\" href=\"https:\/\/newlooxs.nl\/fr\/des-produits\/?_sft_soort_cat=panier-pour-les-velos\">Voir tous les Paniers \u00e0 v\u00e9lo<\/a><\/div>\n<\/div>\n\n\n\n<div style=\"height:29px;--spacer-height:29px\" aria-hidden=\"true\" class=\"wp-block-spacer\"><\/div>\n\n\n\n<div id=\"collectie-tekst\" class=\"wp-block-group is-content-justification-left is-layout-constrained wp-container-core-group-is-layout-3ac27376 wp-block-group-is-layout-constrained\">\n<h2 class=\"wp-block-heading\" id=\"h-paniers-a-velo-0\"><mark style=\"background-color:rgba(0, 0, 0, 0)\" class=\"has-inline-color has-color-1-color\">Paniers \u00e0 v\u00e9lo<\/mark> <\/h2>\n\n\n\n<p>Un panier de v\u00e9lo New Looxs est un moyen facile de transporter des objets rapidement. Vous choisissez la taille de votre panier \u00e0 v\u00e9lo en fonction de la quantit\u00e9 de choses que vous souhaitez transporter et de la taille de votre v\u00e9lo.<\/p>\n\n\n\n<h4 class=\"wp-block-heading\" id=\"h-panier-a-velo-avant-ou-arriere\">Panier \u00e0 v\u00e9lo avant ou arri\u00e8re<\/h4>\n\n\n\n<p>New Looxs propose des paniers de v\u00e9lo avant et arri\u00e8re. Tout d\u00e9pend de vos pr\u00e9f\u00e9rences. Un panier \u00e0 v\u00e9lo avant se fixe sur un porte-bagages avant ou sur le guidon. Ainsi, vous avez toujours vos affaires \u00e0 port\u00e9e de vue. \u00c0 l\u2019arri\u00e8re du v\u00e9lo, New Looxs propose des paniers stables avec diff\u00e9rents syst\u00e8mes de fixation, de sorte qu\u2019il y en a toujours un qui s\u2019adapte \u00e0 votre v\u00e9lo.<\/p>\n<\/div>\n\n\n\n<div style=\"height:29px;--spacer-height:29px\" aria-hidden=\"true\" class=\"wp-block-spacer\"><\/div>\n\n\n\n<div id=\"locaties-kaart\" class=\"wp-block-group is-layout-constrained wp-block-group-is-layout-constrained\">\n<div class=\"wp-block-columns is-layout-flex wp-container-core-columns-is-layout-51c0b34d wp-block-columns-is-layout-flex\" style=\"padding-top:var(--wp--preset--spacing--50);padding-bottom:var(--wp--preset--spacing--50);gap:32px\">\n<div class=\"wp-block-column is-vertically-aligned-center is-layout-flow wp-block-column-is-layout-flow\" style=\"flex-basis:35%\">\n<h2 class=\"wp-block-heading has-color-2-color has-text-color\" id=\"h-trouvez-un-magasin-a-proximite\">Trouvez un <mark style=\"background-color:rgba(0, 0, 0, 0)\" class=\"has-inline-color has-color-1-color\">magasin<\/mark> \u00e0 proximit\u00e9!<\/h2>\n\n\n\n<p class=\"has-color-2-color has-text-color has-extra-large-font-size\">\u00cates-vous int\u00e9ress\u00e9 par un sac de la collection New Looxs ? Cliquez sur le bouton ci-dessous pour trouver un magasin pr\u00e8s de chez vous.<\/p>\n\n\n\n<div class=\"wp-block-buttons is-content-justification-left is-layout-flex wp-container-core-buttons-is-layout-fc4fd283 wp-block-buttons-is-layout-flex\">\n<div class=\"wp-block-button\"><a class=\"wp-block-button__link has-color-5-color has-color-1-background-color has-text-color has-background has-text-align-center wp-element-button\" href=\"https:\/\/newlooxs.nl\/fr\/adresses-de-vente-new-looxs\/\">Trouver un revendeur<\/a><\/div>\n<\/div>\n<\/div>\n\n\n\n<div class=\"wp-block-column is-layout-flow wp-block-column-is-layout-flow\">\n<figure class=\"wp-block-image size-large is-resized\"><a href=\"https:\/\/newlooxs.nl\/fr\/adresses-de-vente-new-looxs\/\"><img decoding=\"async\" src=\"https:\/\/newlooxs.nl\/wp-content\/uploads\/2023\/06\/afbeelding-1.png\"alt=\"New Looxs - afbeelding-1\"style=\"width:404px;height:auto\"\/><\/a><\/figure>\n<\/div>\n<\/div>\n<\/div>\n<\/div>\n","protected":false},"excerpt":{"rendered":"<p>Paniers \u00e0 v\u00e9lo Vous \u00eates \u00e0 la recherche d\u2019un panier de v\u00e9lo robuste qui s\u2019installe \u00e0 l\u2019avant ou \u00e0 l\u2019arri\u00e8re de votre v\u00e9lo ? Les paniers \u00e0 v\u00e9lo New Looxs allient style et fonctionnalit\u00e9. Il y en a pour tous les go\u00fbts gr\u00e2ce au large choix de types, de tailles et de mat\u00e9riaux. Paniers \u00e0 [&hellip;]<\/p>\n","protected":false},"author":9,"featured_media":0,"parent":5143,"menu_order":5,"comment_status":"closed","ping_status":"closed","template":"","meta":{"_acf_changed":false,"_eb_attr":"","_relevanssi_hide_post":"","_relevanssi_hide_content":"","_relevanssi_pin_for_all":"","_relevanssi_pin_keywords":"","_relevanssi_unpin_keywords":"","_relevanssi_related_keywords":"","_relevanssi_related_include_ids":"","_relevanssi_related_exclude_ids":"","_relevanssi_related_no_append":"","_relevanssi_related_not_related":"","_relevanssi_related_posts":"3843,3714","_relevanssi_noindex_reason":"","inline_featured_image":false,"footnotes":""},"class_list":["post-5117","page","type-page","status-publish","hentry"],"acf":[],"yoast_head":"<!-- This site is optimized with the Yoast SEO Premium plugin v22.0 (Yoast SEO v27.4) - https:\/\/yoast.com\/product\/yoast-seo-premium-wordpress\/ -->\n<title>Panier de v\u00e9lo - New Looxs<\/title>\n<meta name=\"robots\" content=\"index, follow, max-snippet:-1, max-image-preview:large, max-video-preview:-1\" \/>\n<link rel=\"canonical\" href=\"https:\/\/newlooxs.nl\/fr\/des-produits\/panier-de-velo\/\" \/>\n<meta property=\"og:locale\" content=\"fr_FR\" \/>\n<meta property=\"og:type\" content=\"article\" \/>\n<meta property=\"og:title\" content=\"Panier de v\u00e9lo\" \/>\n<meta property=\"og:description\" content=\"Paniers \u00e0 v\u00e9lo Vous \u00eates \u00e0 la recherche d\u2019un panier de v\u00e9lo robuste qui s\u2019installe \u00e0 l\u2019avant ou \u00e0 l\u2019arri\u00e8re de votre v\u00e9lo ? Les paniers \u00e0 v\u00e9lo New Looxs allient style et fonctionnalit\u00e9. Il y en a pour tous les go\u00fbts gr\u00e2ce au large choix de types, de tailles et de mat\u00e9riaux. Paniers \u00e0 [&hellip;]\" \/>\n<meta property=\"og:url\" content=\"https:\/\/newlooxs.nl\/fr\/des-produits\/panier-de-velo\/\" \/>\n<meta property=\"og:site_name\" content=\"New Looxs\" \/>\n<meta property=\"article:publisher\" content=\"https:\/\/www.facebook.com\/NewLooxs\/\" \/>\n<meta property=\"article:modified_time\" content=\"2024-08-29T06:41:08+00:00\" \/>\n<meta property=\"og:image\" content=\"https:\/\/newlooxs.nl\/wp-content\/uploads\/2023\/06\/newloox-beeldmerk-50.png\" \/>\n<meta name=\"twitter:card\" content=\"summary_large_image\" \/>\n<meta name=\"twitter:label1\" content=\"Dur\u00e9e de lecture estim\u00e9e\" \/>\n\t<meta name=\"twitter:data1\" content=\"3 minutes\" \/>\n<script type=\"application\/ld+json\" class=\"yoast-schema-graph\">{\"@context\":\"https:\\\/\\\/schema.org\",\"@graph\":[{\"@type\":\"WebPage\",\"@id\":\"https:\\\/\\\/newlooxs.nl\\\/fr\\\/des-produits\\\/panier-de-velo\\\/\",\"url\":\"https:\\\/\\\/newlooxs.nl\\\/fr\\\/des-produits\\\/panier-de-velo\\\/\",\"name\":\"Panier de v\u00e9lo - New Looxs\",\"isPartOf\":{\"@id\":\"https:\\\/\\\/newlooxs.nl\\\/fr\\\/#website\"},\"primaryImageOfPage\":{\"@id\":\"https:\\\/\\\/newlooxs.nl\\\/fr\\\/des-produits\\\/panier-de-velo\\\/#primaryimage\"},\"image\":{\"@id\":\"https:\\\/\\\/newlooxs.nl\\\/fr\\\/des-produits\\\/panier-de-velo\\\/#primaryimage\"},\"thumbnailUrl\":\"https:\\\/\\\/newlooxs.nl\\\/wp-content\\\/uploads\\\/2023\\\/06\\\/newloox-beeldmerk-50.png\",\"datePublished\":\"2023-09-12T12:29:41+00:00\",\"dateModified\":\"2024-08-29T06:41:08+00:00\",\"breadcrumb\":{\"@id\":\"https:\\\/\\\/newlooxs.nl\\\/fr\\\/des-produits\\\/panier-de-velo\\\/#breadcrumb\"},\"inLanguage\":\"fr-FR\",\"potentialAction\":[{\"@type\":\"ReadAction\",\"target\":[\"https:\\\/\\\/newlooxs.nl\\\/fr\\\/des-produits\\\/panier-de-velo\\\/\"]}]},{\"@type\":\"ImageObject\",\"inLanguage\":\"fr-FR\",\"@id\":\"https:\\\/\\\/newlooxs.nl\\\/fr\\\/des-produits\\\/panier-de-velo\\\/#primaryimage\",\"url\":\"https:\\\/\\\/newlooxs.nl\\\/wp-content\\\/uploads\\\/2023\\\/06\\\/newloox-beeldmerk-50.png\",\"contentUrl\":\"https:\\\/\\\/newlooxs.nl\\\/wp-content\\\/uploads\\\/2023\\\/06\\\/newloox-beeldmerk-50.png\"},{\"@type\":\"BreadcrumbList\",\"@id\":\"https:\\\/\\\/newlooxs.nl\\\/fr\\\/des-produits\\\/panier-de-velo\\\/#breadcrumb\",\"itemListElement\":[{\"@type\":\"ListItem\",\"position\":1,\"name\":\"Home\",\"item\":\"https:\\\/\\\/newlooxs.nl\\\/fr\\\/\"},{\"@type\":\"ListItem\",\"position\":2,\"name\":\"Des produits\",\"item\":\"https:\\\/\\\/newlooxs.nl\\\/fr\\\/des-produits\\\/\"},{\"@type\":\"ListItem\",\"position\":3,\"name\":\"Panier de v\u00e9lo\"}]},{\"@type\":\"WebSite\",\"@id\":\"https:\\\/\\\/newlooxs.nl\\\/fr\\\/#website\",\"url\":\"https:\\\/\\\/newlooxs.nl\\\/fr\\\/\",\"name\":\"New Looxs\",\"description\":\"\",\"publisher\":{\"@id\":\"https:\\\/\\\/newlooxs.nl\\\/fr\\\/#organization\"},\"potentialAction\":[{\"@type\":\"SearchAction\",\"target\":{\"@type\":\"EntryPoint\",\"urlTemplate\":\"https:\\\/\\\/newlooxs.nl\\\/fr\\\/?s={search_term_string}\"},\"query-input\":{\"@type\":\"PropertyValueSpecification\",\"valueRequired\":true,\"valueName\":\"search_term_string\"}}],\"inLanguage\":\"fr-FR\"},{\"@type\":\"Organization\",\"@id\":\"https:\\\/\\\/newlooxs.nl\\\/fr\\\/#organization\",\"name\":\"New Looxs\",\"url\":\"https:\\\/\\\/newlooxs.nl\\\/fr\\\/\",\"logo\":{\"@type\":\"ImageObject\",\"inLanguage\":\"fr-FR\",\"@id\":\"https:\\\/\\\/newlooxs.nl\\\/fr\\\/#\\\/schema\\\/logo\\\/image\\\/\",\"url\":\"https:\\\/\\\/newlooxs.nl\\\/wp-content\\\/uploads\\\/2023\\\/06\\\/logo1.svg\",\"contentUrl\":\"https:\\\/\\\/newlooxs.nl\\\/wp-content\\\/uploads\\\/2023\\\/06\\\/logo1.svg\",\"caption\":\"New Looxs\"},\"image\":{\"@id\":\"https:\\\/\\\/newlooxs.nl\\\/fr\\\/#\\\/schema\\\/logo\\\/image\\\/\"},\"sameAs\":[\"https:\\\/\\\/www.facebook.com\\\/NewLooxs\\\/\",\"https:\\\/\\\/www.instagram.com\\\/newlooxs\\\/\",\"https:\\\/\\\/www.linkedin.com\\\/company\\\/newlooxs\\\/\",\"https:\\\/\\\/www.youtube.com\\\/@newlooxs-bicyclebagsbaskets\"]}]}<\/script>\n<!-- \/ Yoast SEO Premium plugin. -->","yoast_head_json":{"title":"Panier de v\u00e9lo - New Looxs","robots":{"index":"index","follow":"follow","max-snippet":"max-snippet:-1","max-image-preview":"max-image-preview:large","max-video-preview":"max-video-preview:-1"},"canonical":"https:\/\/newlooxs.nl\/fr\/des-produits\/panier-de-velo\/","og_locale":"fr_FR","og_type":"article","og_title":"Panier de v\u00e9lo","og_description":"Paniers \u00e0 v\u00e9lo Vous \u00eates \u00e0 la recherche d\u2019un panier de v\u00e9lo robuste qui s\u2019installe \u00e0 l\u2019avant ou \u00e0 l\u2019arri\u00e8re de votre v\u00e9lo ? Les paniers \u00e0 v\u00e9lo New Looxs allient style et fonctionnalit\u00e9. Il y en a pour tous les go\u00fbts gr\u00e2ce au large choix de types, de tailles et de mat\u00e9riaux. Paniers \u00e0 [&hellip;]","og_url":"https:\/\/newlooxs.nl\/fr\/des-produits\/panier-de-velo\/","og_site_name":"New Looxs","article_publisher":"https:\/\/www.facebook.com\/NewLooxs\/","article_modified_time":"2024-08-29T06:41:08+00:00","og_image":[{"url":"https:\/\/newlooxs.nl\/wp-content\/uploads\/2023\/06\/newloox-beeldmerk-50.png","type":"","width":"","height":""}],"twitter_card":"summary_large_image","twitter_misc":{"Dur\u00e9e de lecture estim\u00e9e":"3 minutes"},"schema":{"@context":"https:\/\/schema.org","@graph":[{"@type":"WebPage","@id":"https:\/\/newlooxs.nl\/fr\/des-produits\/panier-de-velo\/","url":"https:\/\/newlooxs.nl\/fr\/des-produits\/panier-de-velo\/","name":"Panier de v\u00e9lo - New Looxs","isPartOf":{"@id":"https:\/\/newlooxs.nl\/fr\/#website"},"primaryImageOfPage":{"@id":"https:\/\/newlooxs.nl\/fr\/des-produits\/panier-de-velo\/#primaryimage"},"image":{"@id":"https:\/\/newlooxs.nl\/fr\/des-produits\/panier-de-velo\/#primaryimage"},"thumbnailUrl":"https:\/\/newlooxs.nl\/wp-content\/uploads\/2023\/06\/newloox-beeldmerk-50.png","datePublished":"2023-09-12T12:29:41+00:00","dateModified":"2024-08-29T06:41:08+00:00","breadcrumb":{"@id":"https:\/\/newlooxs.nl\/fr\/des-produits\/panier-de-velo\/#breadcrumb"},"inLanguage":"fr-FR","potentialAction":[{"@type":"ReadAction","target":["https:\/\/newlooxs.nl\/fr\/des-produits\/panier-de-velo\/"]}]},{"@type":"ImageObject","inLanguage":"fr-FR","@id":"https:\/\/newlooxs.nl\/fr\/des-produits\/panier-de-velo\/#primaryimage","url":"https:\/\/newlooxs.nl\/wp-content\/uploads\/2023\/06\/newloox-beeldmerk-50.png","contentUrl":"https:\/\/newlooxs.nl\/wp-content\/uploads\/2023\/06\/newloox-beeldmerk-50.png"},{"@type":"BreadcrumbList","@id":"https:\/\/newlooxs.nl\/fr\/des-produits\/panier-de-velo\/#breadcrumb","itemListElement":[{"@type":"ListItem","position":1,"name":"Home","item":"https:\/\/newlooxs.nl\/fr\/"},{"@type":"ListItem","position":2,"name":"Des produits","item":"https:\/\/newlooxs.nl\/fr\/des-produits\/"},{"@type":"ListItem","position":3,"name":"Panier de v\u00e9lo"}]},{"@type":"WebSite","@id":"https:\/\/newlooxs.nl\/fr\/#website","url":"https:\/\/newlooxs.nl\/fr\/","name":"New Looxs","description":"","publisher":{"@id":"https:\/\/newlooxs.nl\/fr\/#organization"},"potentialAction":[{"@type":"SearchAction","target":{"@type":"EntryPoint","urlTemplate":"https:\/\/newlooxs.nl\/fr\/?s={search_term_string}"},"query-input":{"@type":"PropertyValueSpecification","valueRequired":true,"valueName":"search_term_string"}}],"inLanguage":"fr-FR"},{"@type":"Organization","@id":"https:\/\/newlooxs.nl\/fr\/#organization","name":"New Looxs","url":"https:\/\/newlooxs.nl\/fr\/","logo":{"@type":"ImageObject","inLanguage":"fr-FR","@id":"https:\/\/newlooxs.nl\/fr\/#\/schema\/logo\/image\/","url":"https:\/\/newlooxs.nl\/wp-content\/uploads\/2023\/06\/logo1.svg","contentUrl":"https:\/\/newlooxs.nl\/wp-content\/uploads\/2023\/06\/logo1.svg","caption":"New Looxs"},"image":{"@id":"https:\/\/newlooxs.nl\/fr\/#\/schema\/logo\/image\/"},"sameAs":["https:\/\/www.facebook.com\/NewLooxs\/","https:\/\/www.instagram.com\/newlooxs\/","https:\/\/www.linkedin.com\/company\/newlooxs\/","https:\/\/www.youtube.com\/@newlooxs-bicyclebagsbaskets"]}]}},"_links":{"self":[{"href":"https:\/\/newlooxs.nl\/fr\/wp-json\/wp\/v2\/pages\/5117","targetHints":{"allow":["GET"]}}],"collection":[{"href":"https:\/\/newlooxs.nl\/fr\/wp-json\/wp\/v2\/pages"}],"about":[{"href":"https:\/\/newlooxs.nl\/fr\/wp-json\/wp\/v2\/types\/page"}],"author":[{"embeddable":true,"href":"https:\/\/newlooxs.nl\/fr\/wp-json\/wp\/v2\/users\/9"}],"replies":[{"embeddable":true,"href":"https:\/\/newlooxs.nl\/fr\/wp-json\/wp\/v2\/comments?post=5117"}],"version-history":[{"count":3,"href":"https:\/\/newlooxs.nl\/fr\/wp-json\/wp\/v2\/pages\/5117\/revisions"}],"predecessor-version":[{"id":32674,"href":"https:\/\/newlooxs.nl\/fr\/wp-json\/wp\/v2\/pages\/5117\/revisions\/32674"}],"up":[{"embeddable":true,"href":"https:\/\/newlooxs.nl\/fr\/wp-json\/wp\/v2\/pages\/5143"}],"wp:attachment":[{"href":"https:\/\/newlooxs.nl\/fr\/wp-json\/wp\/v2\/media?parent=5117"}],"curies":[{"name":"wp","href":"https:\/\/api.w.org\/{rel}","templated":true}]}}