{"id":5130,"date":"2023-09-12T14:23:55","date_gmt":"2023-09-12T12:23:55","guid":{"rendered":"https:\/\/newlooxs.nl\/over-ons\/"},"modified":"2024-06-26T11:44:07","modified_gmt":"2024-06-26T09:44:07","slug":"a-propos-de-nous","status":"publish","type":"page","link":"https:\/\/newlooxs.nl\/fr\/a-propos-de-nous\/","title":{"rendered":"\u00c0 propos de nous"},"content":{"rendered":"\n<div id=\"over-ons\" class=\"wp-block-group is-layout-constrained wp-block-group-is-layout-constrained\">\n<div id=\"header-algemeen\" class=\"wp-block-group is-layout-constrained wp-block-group-is-layout-constrained\">\n<div class=\"wp-block-cover alignfull is-light\" style=\"margin-top:0px;margin-bottom:0px;padding-top:0px;padding-right:0px;padding-bottom:0px;padding-left:0px\"><span aria-hidden=\"true\" class=\"wp-block-cover__background has-background-dim-100 has-background-dim has-background-gradient\" style=\"background:linear-gradient(270deg,rgb(255,255,255) 37%,rgb(243,243,243) 37%)\"><\/span><div class=\"wp-block-cover__inner-container is-layout-flow wp-block-cover-is-layout-flow\">\n<div class=\"wp-block-group is-layout-constrained wp-block-group-is-layout-constrained\">\n<div class=\"wp-block-columns alignfull is-layout-flex wp-container-core-columns-is-layout-6c7bba7e wp-block-columns-is-layout-flex\" style=\"margin-top:0px;margin-bottom:0px;padding-top:0px;padding-right:0px;padding-bottom:0px;padding-left:0px;gap:32px\">\n<div class=\"wp-block-column is-layout-flow wp-block-column-is-layout-flow\"><\/div>\n\n\n\n<div class=\"wp-block-column is-vertically-aligned-center is-layout-flow wp-block-column-is-layout-flow\" style=\"flex-basis:520px\">\n<h1 class=\"wp-block-heading\" id=\"h-a-propos-de-new-looxs\">\u00c0 propos de <mark style=\"background-color:rgba(0, 0, 0, 0)\" class=\"has-inline-color has-color-1-color\">New Looxs<\/mark><\/h1>\n\n\n\n<p>Les meilleurs tissus, les meilleurs designs et les solutions les plus intelligentes; ce sont la les ingr\u00e9dients standards de chaque nouvelle collection New Looxs. En tant qu&rsquo;entreprise familiale, nous ne pouvons que suivre notre ADN. Le souci du d\u00e9tail et le savoir-faire passionn\u00e9 du fondateur, Wim Burgers, sont transmis avec fiert\u00e9 de g\u00e9n\u00e9ration en g\u00e9n\u00e9ration.<\/p>\n\n\n\n<div class=\"wp-block-buttons is-layout-flex wp-container-core-buttons-is-layout-fbcf6490 wp-block-buttons-is-layout-flex\">\n<div class=\"wp-block-button is-style-fill\"><a class=\"wp-block-button__link has-white-color has-text-color wp-element-button\" href=\"https:\/\/newlooxs.nl\/fr\/collections\/\">Voir les collections<\/a><\/div>\n\n\n\n<div class=\"wp-block-button is-style-fill\"><a class=\"wp-block-button__link has-color-2-color has-color-5-background-color has-text-color has-background wp-element-button\" href=\"https:\/\/newlooxs.nl\/fr\/contact\/\">Contactez nous s&rsquo;il vous plait<\/a><\/div>\n<\/div>\n<\/div>\n\n\n\n<div class=\"wp-block-column is-layout-flow wp-block-column-is-layout-flow\" style=\"flex-basis:50%\">\n<div class=\"wp-block-cover is-light\" style=\"min-height:477px;aspect-ratio:unset;\"><span aria-hidden=\"true\" class=\"wp-block-cover__background has-background-dim-0 has-background-dim\"><\/span><img loading=\"lazy\" decoding=\"async\" width=\"800\" height=\"533\" class=\"wp-block-cover__image-background wp-image-4582\" alt=\"Over New Looxs\" src=\"https:\/\/newlooxs.nl\/wp-content\/uploads\/2023\/09\/NewLooxsWijchen_1867-1-800x0-c-default1.jpg\" data-object-fit=\"cover\" srcset=\"https:\/\/newlooxs.nl\/wp-content\/uploads\/2023\/09\/NewLooxsWijchen_1867-1-800x0-c-default1.jpg 800w, https:\/\/newlooxs.nl\/wp-content\/uploads\/2023\/09\/NewLooxsWijchen_1867-1-800x0-c-default1-768x512.jpg 768w, https:\/\/newlooxs.nl\/wp-content\/uploads\/2023\/09\/NewLooxsWijchen_1867-1-800x0-c-default1-300x200.jpg 300w\" sizes=\"auto, (max-width: 800px) 100vw, 800px\" \/><div class=\"wp-block-cover__inner-container is-layout-flow wp-block-cover-is-layout-flow\">\n<p class=\"has-text-align-center has-large-font-size\"><\/p>\n<\/div><\/div>\n<\/div>\n<\/div>\n<\/div>\n<\/div><\/div>\n\n\n\n<div style=\"height:30px;--spacer-height:30px\" aria-hidden=\"true\" class=\"wp-block-spacer\"><\/div>\n<\/div>\n\n\n\n<div id=\"over-tekst\" class=\"wp-block-group is-content-justification-left is-layout-constrained wp-container-core-group-is-layout-3ac27376 wp-block-group-is-layout-constrained\">\n<p>Que vous alliez au travail, faire les courses ou faire une journ\u00e9e de cyclisme, New Looxs propose une Sacoche aussi \u00e9l\u00e9gante que pratique pour tous les cyclistes. Les Sacoches \u00e9taient encore fabriqu\u00e9s \u00e0 la main aux Pays-Bas en 1947, maintenant nous travaillons avec des partenaires internationaux qui r\u00e9pondent \u00e0 nos exigences de qualit\u00e9 et partagent notre passion.<\/p>\n\n\n\n<div style=\"height:50px;--spacer-height:50px\" aria-hidden=\"true\" class=\"wp-block-spacer\"><\/div>\n<\/div>\n\n\n\n<figure class=\"wp-block-gallery alignwide has-nested-images columns-default is-cropped wp-block-gallery-1 is-layout-flex wp-block-gallery-is-layout-flex\">\n<figure class=\"wp-block-image size-full\"><img loading=\"lazy\" decoding=\"async\" width=\"600\" height=\"410\" data-id=\"4585\" src=\"https:\/\/newlooxs.nl\/wp-content\/uploads\/2023\/09\/NewLooxsWijchen_1854-600x410-c-default1.jpg\" alt=\"Over NEw Looxs - fietstas ontwerp\" class=\"wp-image-4585\" srcset=\"https:\/\/newlooxs.nl\/wp-content\/uploads\/2023\/09\/NewLooxsWijchen_1854-600x410-c-default1.jpg 600w, https:\/\/newlooxs.nl\/wp-content\/uploads\/2023\/09\/NewLooxsWijchen_1854-600x410-c-default1-300x205.jpg 300w\" sizes=\"auto, (max-width: 600px) 100vw, 600px\" \/><\/figure>\n\n\n\n<figure class=\"wp-block-image size-full\"><img loading=\"lazy\" decoding=\"async\" width=\"800\" height=\"533\" data-id=\"4545\" src=\"https:\/\/newlooxs.nl\/wp-content\/uploads\/2023\/09\/NewLooxsWijchen_1896-800x0-c-default1.jpg\" alt=\"Over New Looxs familiebedrijf\" class=\"wp-image-4545\" srcset=\"https:\/\/newlooxs.nl\/wp-content\/uploads\/2023\/09\/NewLooxsWijchen_1896-800x0-c-default1.jpg 800w, https:\/\/newlooxs.nl\/wp-content\/uploads\/2023\/09\/NewLooxsWijchen_1896-800x0-c-default1-768x512.jpg 768w, https:\/\/newlooxs.nl\/wp-content\/uploads\/2023\/09\/NewLooxsWijchen_1896-800x0-c-default1-300x200.jpg 300w\" sizes=\"auto, (max-width: 800px) 100vw, 800px\" \/><\/figure>\n\n\n\n<figure class=\"wp-block-image size-full\"><img loading=\"lazy\" decoding=\"async\" width=\"831\" height=\"739\" data-id=\"4262\" src=\"https:\/\/newlooxs.nl\/wp-content\/uploads\/2023\/09\/Julia-Burgers.jpg\" alt=\"\u00c0 propos de New Looxs - vieux m\u00e9tier\" class=\"wp-image-4262\" srcset=\"https:\/\/newlooxs.nl\/wp-content\/uploads\/2023\/09\/Julia-Burgers.jpg 831w, https:\/\/newlooxs.nl\/wp-content\/uploads\/2023\/09\/Julia-Burgers-576x512.jpg 576w, https:\/\/newlooxs.nl\/wp-content\/uploads\/2023\/09\/Julia-Burgers-300x267.jpg 300w, https:\/\/newlooxs.nl\/wp-content\/uploads\/2023\/09\/Julia-Burgers-768x683.jpg 768w\" sizes=\"auto, (max-width: 831px) 100vw, 831px\" \/><\/figure>\n<\/figure>\n\n\n\n<div id=\"over-tekst\" class=\"wp-block-group is-content-justification-left is-layout-constrained wp-container-core-group-is-layout-3ac27376 wp-block-group-is-layout-constrained\">\n<div style=\"height:50px;--spacer-height:50px\" aria-hidden=\"true\" class=\"wp-block-spacer\"><\/div>\n\n\n\n<h2 class=\"wp-block-heading\" id=\"h-comment-un-vieil-artisanat-vit\">Comment un <mark style=\"background-color:rgba(0, 0, 0, 0)\" class=\"has-inline-color has-color-1-color\">vieil artisanat<\/mark> vit<\/h2>\n\n\n\n<h4 class=\"wp-block-heading\" id=\"h-le-debut-1948\">Le d\u00e9but: 1948<\/h4>\n\n\n\n<p>Comment la tradition d\u2019un artisanat ancien se perp\u00e9tue Aux Pays-Bas d\u2019apr\u00e8s-guerre, on reprend le fil de la vie. La reconstruction engendre une activit\u00e9 importante, et offre aux petites et moyennes entreprises de nombreuses occasions de pratiquer \u00e0 nouveau l\u2019artisanat.\n\nC\u2019est \u00e9galement le cas \u00e0 Wijchen, une petite ville situ\u00e9e sous les fum\u00e9es de Nim\u00e8gue et limitrophe de la r\u00e9gion des tanneurs du Brabant du Nord. C\u2019est l\u00e0 que, dans une petite remise derri\u00e8re sa maison, mon grand-p\u00e8re, Wim Burgers, s\u2019est mis \u00e0 fabriquer des articles de maroquinerie artisanaux. Utilisant une seule machine \u00e0 coudre, il a entre autres confectionn\u00e9 des b\u00e2ches pour tracteurs, des manchons et des sacoches de v\u00e9los. C\u2019\u00e9tait un homme de m\u00e9tier comp\u00e9tent, ayant le sens du d\u00e9tail, et qui ne recourait qu\u2019aux meilleurs mat\u00e9riaux.<\/p>\n\n\n\n<h4 class=\"wp-block-heading\" id=\"h-seulement-la-meilleure-qualite\"><strong>Seulement la <mark style=\"background-color:rgba(0, 0, 0, 0)\" class=\"has-inline-color has-color-1-color\">meilleure qualit\u00e9 <\/mark><\/strong><\/h4>\n\n\n\n<p>De par la qualit\u00e9 de ses ouvrages de maroquinerie, il s\u2019est rapidement distingu\u00e9 des autres et a vu son entreprise prendre son envol. Des machines \u00e0 coudre suppl\u00e9mentaires furent utilis\u00e9es et l\u2019accent fut enti\u00e8rement mis sur les sacoches de v\u00e9los. Les mat\u00e9riaux se transform\u00e8rent, mais, avec Burgers Lederwaren, mon grand-p\u00e8re resta fid\u00e8le \u00e0 lui-m\u00eame : son m\u00e9tier, son savoir-faire et, surtout, son amour pour la profession, rest\u00e8rent intacts.<\/p>\n\n\n\n<h4 class=\"wp-block-heading\" id=\"h-comme-une-petite-fille-nbsp\"><strong>Comme une petite fille \u2026&nbsp;<\/strong><\/h4>\n\n\n\n<p>Petite, je passais beaucoup de temps dans l\u2019atelier, et j\u2019observais comment mon grand-p\u00e8re, et, plus tard, mon p\u00e8re, parvenaient, coup sur coup, \u00e0 cr\u00e9er quelque chose de parfait. Je d\u00e9couvrais comment, arm\u00e9s d\u2019une patience infinie, ils pers\u00e9v\u00e9raient jusqu\u2019\u00e0 ce que chaque d\u00e9tail d\u2019une sacoche co\u00efncide. J\u2019\u00e9coutais les r\u00e9cits de mon grand-p\u00e8re sur les premi\u00e8res ann\u00e9es de l\u2019entreprise, pendant lesquelles il v\u00e9cut des moments tr\u00e8s difficiles mais n\u2019abandonna jamais sa recherche de la qualit\u00e9.<\/p>\n<\/div>\n\n\n\n<div id=\"over-tekst\" class=\"wp-block-group is-content-justification-left is-layout-constrained wp-container-core-group-is-layout-3ac27376 wp-block-group-is-layout-constrained\">\n<h4 class=\"wp-block-heading\" id=\"h-troisieme-generation-nbsp-burgers-lederwaren\"><strong><mark style=\"background-color:rgba(0, 0, 0, 0)\" class=\"has-inline-color has-color-1-color\">Troisi\u00e8me g\u00e9n\u00e9ration<\/mark>&nbsp;Burgers Lederwaren<\/strong><\/h4>\n\n\n\n<p>Au fil des ann\u00e9es, Burgers Lederwaren s\u2019est modernis\u00e9. J\u2019ai \u00e9t\u00e9 t\u00e9moin de l\u2019introduction du textile comme compl\u00e9ment aux articles de maroquinerie, \u00e0 notre \u00e9volution vers une collaboration avec nos partenaires, et \u00e0 nos premiers pas au-del\u00e0 de la fronti\u00e8re. En m\u00eame temps, je me rends compte que, au fond, notre entreprise familiale est toujours la m\u00eame, et j\u2019en suis fi\u00e8re. Avec mon mari, je repr\u00e9sente la troisi\u00e8me g\u00e9n\u00e9ration de Burgers qui dirige l\u2019entreprise, et je constate que, bien que nous nous soyons adapt\u00e9s \u00e0 chaque changement, nous sommes rest\u00e9s fid\u00e8les aux valeurs de mon grand-p\u00e8re : la qualit\u00e9, le savoir-faire et la passion du m\u00e9tier.<\/p>\n\n\n\n<h4 class=\"wp-block-heading\" id=\"h-new-looxs\"><strong>New Looxs<\/strong><\/h4>\n\n\n\n<p>Sous l\u2019enseigne internationale \u00ab New Looxs \u00bb, nous commercialisons une large collection de sacoches de v\u00e9los, qui combinent le meilleur de deux mondes. Une conception technique parfaite, le sens du d\u00e9tail et, parall\u00e8lement, un aspect tr\u00e8s tendance. Des sacoches, dans lesquelles vous emportez ais\u00e9ment vos affaire personnelles, et profitez en toute \u00e9l\u00e9gance des diff\u00e9rents types d\u2019excursions que vous pouvez faire en v\u00e9lo ; fonctionnelles, distrayantes et vers votre lieu de travail. Nous parcourons le monde \u00e0 la recherche des plus belles \u00e9toffes, et collaborons uniquement avec des partenaires en mesure de fabriquer des sacoches comme si nous les avions faites nous m\u00eames. Parce que ce n\u2019est qu\u2019\u00e0 ce moment-l\u00e0 qu\u2019elles sont dignes de \u201cBurgers Lederwaren\u201d.<\/p>\n\n\n\n<p><em>\u2014 Laura Burgers<\/em><\/p>\n\n\n\n<div style=\"height:50px;--spacer-height:50px\" aria-hidden=\"true\" class=\"wp-block-spacer\"><\/div>\n<\/div>\n<\/div>\n","protected":false},"excerpt":{"rendered":"<p>Que vous alliez au travail, faire les courses ou faire une journ\u00e9e de cyclisme, New Looxs propose une Sacoche aussi \u00e9l\u00e9gante que pratique pour tous les cyclistes. Les Sacoches \u00e9taient encore fabriqu\u00e9s \u00e0 la main aux Pays-Bas en 1947, maintenant nous travaillons avec des partenaires internationaux qui r\u00e9pondent \u00e0 nos exigences de qualit\u00e9 et partagent [&hellip;]<\/p>\n","protected":false},"author":9,"featured_media":0,"parent":0,"menu_order":3,"comment_status":"closed","ping_status":"closed","template":"","meta":{"_acf_changed":false,"_eb_attr":"","_relevanssi_hide_post":"","_relevanssi_hide_content":"","_relevanssi_pin_for_all":"","_relevanssi_pin_keywords":"","_relevanssi_unpin_keywords":"","_relevanssi_related_keywords":"","_relevanssi_related_include_ids":"","_relevanssi_related_exclude_ids":"","_relevanssi_related_no_append":"","_relevanssi_related_not_related":"","_relevanssi_related_posts":"","_relevanssi_noindex_reason":"","inline_featured_image":false,"footnotes":""},"class_list":["post-5130","page","type-page","status-publish","hentry"],"acf":[],"yoast_head":"<!-- This site is optimized with the Yoast SEO Premium plugin v22.0 (Yoast SEO v27.4) - https:\/\/yoast.com\/product\/yoast-seo-premium-wordpress\/ -->\n<title>\u00c0 propos de nous - New Looxs<\/title>\n<meta name=\"robots\" content=\"index, follow, max-snippet:-1, max-image-preview:large, max-video-preview:-1\" \/>\n<link rel=\"canonical\" href=\"https:\/\/newlooxs.nl\/fr\/a-propos-de-nous\/\" \/>\n<meta property=\"og:locale\" content=\"fr_FR\" \/>\n<meta property=\"og:type\" content=\"article\" \/>\n<meta property=\"og:title\" content=\"\u00c0 propos de nous\" \/>\n<meta property=\"og:description\" content=\"Que vous alliez au travail, faire les courses ou faire une journ\u00e9e de cyclisme, New Looxs propose une Sacoche aussi \u00e9l\u00e9gante que pratique pour tous les cyclistes. Les Sacoches \u00e9taient encore fabriqu\u00e9s \u00e0 la main aux Pays-Bas en 1947, maintenant nous travaillons avec des partenaires internationaux qui r\u00e9pondent \u00e0 nos exigences de qualit\u00e9 et partagent [&hellip;]\" \/>\n<meta property=\"og:url\" content=\"https:\/\/newlooxs.nl\/fr\/a-propos-de-nous\/\" \/>\n<meta property=\"og:site_name\" content=\"New Looxs\" \/>\n<meta property=\"article:publisher\" content=\"https:\/\/www.facebook.com\/NewLooxs\/\" \/>\n<meta property=\"article:modified_time\" content=\"2024-06-26T09:44:07+00:00\" \/>\n<meta property=\"og:image\" content=\"https:\/\/newlooxs.nl\/wp-content\/uploads\/2023\/09\/NewLooxsWijchen_1867-1-800x0-c-default1.jpg\" \/>\n<meta name=\"twitter:card\" content=\"summary_large_image\" \/>\n<meta name=\"twitter:label1\" content=\"Dur\u00e9e de lecture estim\u00e9e\" \/>\n\t<meta name=\"twitter:data1\" content=\"4 minutes\" \/>\n<script type=\"application\/ld+json\" class=\"yoast-schema-graph\">{\"@context\":\"https:\\\/\\\/schema.org\",\"@graph\":[{\"@type\":\"WebPage\",\"@id\":\"https:\\\/\\\/newlooxs.nl\\\/fr\\\/a-propos-de-nous\\\/\",\"url\":\"https:\\\/\\\/newlooxs.nl\\\/fr\\\/a-propos-de-nous\\\/\",\"name\":\"\u00c0 propos de nous - New Looxs\",\"isPartOf\":{\"@id\":\"https:\\\/\\\/newlooxs.nl\\\/fr\\\/#website\"},\"primaryImageOfPage\":{\"@id\":\"https:\\\/\\\/newlooxs.nl\\\/fr\\\/a-propos-de-nous\\\/#primaryimage\"},\"image\":{\"@id\":\"https:\\\/\\\/newlooxs.nl\\\/fr\\\/a-propos-de-nous\\\/#primaryimage\"},\"thumbnailUrl\":\"https:\\\/\\\/newlooxs.nl\\\/wp-content\\\/uploads\\\/2023\\\/09\\\/NewLooxsWijchen_1867-1-800x0-c-default1.jpg\",\"datePublished\":\"2023-09-12T12:23:55+00:00\",\"dateModified\":\"2024-06-26T09:44:07+00:00\",\"breadcrumb\":{\"@id\":\"https:\\\/\\\/newlooxs.nl\\\/fr\\\/a-propos-de-nous\\\/#breadcrumb\"},\"inLanguage\":\"fr-FR\",\"potentialAction\":[{\"@type\":\"ReadAction\",\"target\":[\"https:\\\/\\\/newlooxs.nl\\\/fr\\\/a-propos-de-nous\\\/\"]}]},{\"@type\":\"ImageObject\",\"inLanguage\":\"fr-FR\",\"@id\":\"https:\\\/\\\/newlooxs.nl\\\/fr\\\/a-propos-de-nous\\\/#primaryimage\",\"url\":\"https:\\\/\\\/newlooxs.nl\\\/wp-content\\\/uploads\\\/2023\\\/09\\\/NewLooxsWijchen_1867-1-800x0-c-default1.jpg\",\"contentUrl\":\"https:\\\/\\\/newlooxs.nl\\\/wp-content\\\/uploads\\\/2023\\\/09\\\/NewLooxsWijchen_1867-1-800x0-c-default1.jpg\"},{\"@type\":\"BreadcrumbList\",\"@id\":\"https:\\\/\\\/newlooxs.nl\\\/fr\\\/a-propos-de-nous\\\/#breadcrumb\",\"itemListElement\":[{\"@type\":\"ListItem\",\"position\":1,\"name\":\"Home\",\"item\":\"https:\\\/\\\/newlooxs.nl\\\/fr\\\/\"},{\"@type\":\"ListItem\",\"position\":2,\"name\":\"\u00c0 propos de nous\"}]},{\"@type\":\"WebSite\",\"@id\":\"https:\\\/\\\/newlooxs.nl\\\/fr\\\/#website\",\"url\":\"https:\\\/\\\/newlooxs.nl\\\/fr\\\/\",\"name\":\"New Looxs\",\"description\":\"\",\"publisher\":{\"@id\":\"https:\\\/\\\/newlooxs.nl\\\/fr\\\/#organization\"},\"potentialAction\":[{\"@type\":\"SearchAction\",\"target\":{\"@type\":\"EntryPoint\",\"urlTemplate\":\"https:\\\/\\\/newlooxs.nl\\\/fr\\\/?s={search_term_string}\"},\"query-input\":{\"@type\":\"PropertyValueSpecification\",\"valueRequired\":true,\"valueName\":\"search_term_string\"}}],\"inLanguage\":\"fr-FR\"},{\"@type\":\"Organization\",\"@id\":\"https:\\\/\\\/newlooxs.nl\\\/fr\\\/#organization\",\"name\":\"New Looxs\",\"url\":\"https:\\\/\\\/newlooxs.nl\\\/fr\\\/\",\"logo\":{\"@type\":\"ImageObject\",\"inLanguage\":\"fr-FR\",\"@id\":\"https:\\\/\\\/newlooxs.nl\\\/fr\\\/#\\\/schema\\\/logo\\\/image\\\/\",\"url\":\"https:\\\/\\\/newlooxs.nl\\\/wp-content\\\/uploads\\\/2023\\\/06\\\/logo1.svg\",\"contentUrl\":\"https:\\\/\\\/newlooxs.nl\\\/wp-content\\\/uploads\\\/2023\\\/06\\\/logo1.svg\",\"caption\":\"New Looxs\"},\"image\":{\"@id\":\"https:\\\/\\\/newlooxs.nl\\\/fr\\\/#\\\/schema\\\/logo\\\/image\\\/\"},\"sameAs\":[\"https:\\\/\\\/www.facebook.com\\\/NewLooxs\\\/\",\"https:\\\/\\\/www.instagram.com\\\/newlooxs\\\/\",\"https:\\\/\\\/www.linkedin.com\\\/company\\\/newlooxs\\\/\",\"https:\\\/\\\/www.youtube.com\\\/@newlooxs-bicyclebagsbaskets\"]}]}<\/script>\n<!-- \/ Yoast SEO Premium plugin. -->","yoast_head_json":{"title":"\u00c0 propos de nous - New Looxs","robots":{"index":"index","follow":"follow","max-snippet":"max-snippet:-1","max-image-preview":"max-image-preview:large","max-video-preview":"max-video-preview:-1"},"canonical":"https:\/\/newlooxs.nl\/fr\/a-propos-de-nous\/","og_locale":"fr_FR","og_type":"article","og_title":"\u00c0 propos de nous","og_description":"Que vous alliez au travail, faire les courses ou faire une journ\u00e9e de cyclisme, New Looxs propose une Sacoche aussi \u00e9l\u00e9gante que pratique pour tous les cyclistes. Les Sacoches \u00e9taient encore fabriqu\u00e9s \u00e0 la main aux Pays-Bas en 1947, maintenant nous travaillons avec des partenaires internationaux qui r\u00e9pondent \u00e0 nos exigences de qualit\u00e9 et partagent [&hellip;]","og_url":"https:\/\/newlooxs.nl\/fr\/a-propos-de-nous\/","og_site_name":"New Looxs","article_publisher":"https:\/\/www.facebook.com\/NewLooxs\/","article_modified_time":"2024-06-26T09:44:07+00:00","og_image":[{"url":"https:\/\/newlooxs.nl\/wp-content\/uploads\/2023\/09\/NewLooxsWijchen_1867-1-800x0-c-default1.jpg","type":"","width":"","height":""}],"twitter_card":"summary_large_image","twitter_misc":{"Dur\u00e9e de lecture estim\u00e9e":"4 minutes"},"schema":{"@context":"https:\/\/schema.org","@graph":[{"@type":"WebPage","@id":"https:\/\/newlooxs.nl\/fr\/a-propos-de-nous\/","url":"https:\/\/newlooxs.nl\/fr\/a-propos-de-nous\/","name":"\u00c0 propos de nous - New Looxs","isPartOf":{"@id":"https:\/\/newlooxs.nl\/fr\/#website"},"primaryImageOfPage":{"@id":"https:\/\/newlooxs.nl\/fr\/a-propos-de-nous\/#primaryimage"},"image":{"@id":"https:\/\/newlooxs.nl\/fr\/a-propos-de-nous\/#primaryimage"},"thumbnailUrl":"https:\/\/newlooxs.nl\/wp-content\/uploads\/2023\/09\/NewLooxsWijchen_1867-1-800x0-c-default1.jpg","datePublished":"2023-09-12T12:23:55+00:00","dateModified":"2024-06-26T09:44:07+00:00","breadcrumb":{"@id":"https:\/\/newlooxs.nl\/fr\/a-propos-de-nous\/#breadcrumb"},"inLanguage":"fr-FR","potentialAction":[{"@type":"ReadAction","target":["https:\/\/newlooxs.nl\/fr\/a-propos-de-nous\/"]}]},{"@type":"ImageObject","inLanguage":"fr-FR","@id":"https:\/\/newlooxs.nl\/fr\/a-propos-de-nous\/#primaryimage","url":"https:\/\/newlooxs.nl\/wp-content\/uploads\/2023\/09\/NewLooxsWijchen_1867-1-800x0-c-default1.jpg","contentUrl":"https:\/\/newlooxs.nl\/wp-content\/uploads\/2023\/09\/NewLooxsWijchen_1867-1-800x0-c-default1.jpg"},{"@type":"BreadcrumbList","@id":"https:\/\/newlooxs.nl\/fr\/a-propos-de-nous\/#breadcrumb","itemListElement":[{"@type":"ListItem","position":1,"name":"Home","item":"https:\/\/newlooxs.nl\/fr\/"},{"@type":"ListItem","position":2,"name":"\u00c0 propos de nous"}]},{"@type":"WebSite","@id":"https:\/\/newlooxs.nl\/fr\/#website","url":"https:\/\/newlooxs.nl\/fr\/","name":"New Looxs","description":"","publisher":{"@id":"https:\/\/newlooxs.nl\/fr\/#organization"},"potentialAction":[{"@type":"SearchAction","target":{"@type":"EntryPoint","urlTemplate":"https:\/\/newlooxs.nl\/fr\/?s={search_term_string}"},"query-input":{"@type":"PropertyValueSpecification","valueRequired":true,"valueName":"search_term_string"}}],"inLanguage":"fr-FR"},{"@type":"Organization","@id":"https:\/\/newlooxs.nl\/fr\/#organization","name":"New Looxs","url":"https:\/\/newlooxs.nl\/fr\/","logo":{"@type":"ImageObject","inLanguage":"fr-FR","@id":"https:\/\/newlooxs.nl\/fr\/#\/schema\/logo\/image\/","url":"https:\/\/newlooxs.nl\/wp-content\/uploads\/2023\/06\/logo1.svg","contentUrl":"https:\/\/newlooxs.nl\/wp-content\/uploads\/2023\/06\/logo1.svg","caption":"New Looxs"},"image":{"@id":"https:\/\/newlooxs.nl\/fr\/#\/schema\/logo\/image\/"},"sameAs":["https:\/\/www.facebook.com\/NewLooxs\/","https:\/\/www.instagram.com\/newlooxs\/","https:\/\/www.linkedin.com\/company\/newlooxs\/","https:\/\/www.youtube.com\/@newlooxs-bicyclebagsbaskets"]}]}},"_links":{"self":[{"href":"https:\/\/newlooxs.nl\/fr\/wp-json\/wp\/v2\/pages\/5130","targetHints":{"allow":["GET"]}}],"collection":[{"href":"https:\/\/newlooxs.nl\/fr\/wp-json\/wp\/v2\/pages"}],"about":[{"href":"https:\/\/newlooxs.nl\/fr\/wp-json\/wp\/v2\/types\/page"}],"author":[{"embeddable":true,"href":"https:\/\/newlooxs.nl\/fr\/wp-json\/wp\/v2\/users\/9"}],"replies":[{"embeddable":true,"href":"https:\/\/newlooxs.nl\/fr\/wp-json\/wp\/v2\/comments?post=5130"}],"version-history":[{"count":1,"href":"https:\/\/newlooxs.nl\/fr\/wp-json\/wp\/v2\/pages\/5130\/revisions"}],"predecessor-version":[{"id":32051,"href":"https:\/\/newlooxs.nl\/fr\/wp-json\/wp\/v2\/pages\/5130\/revisions\/32051"}],"wp:attachment":[{"href":"https:\/\/newlooxs.nl\/fr\/wp-json\/wp\/v2\/media?parent=5130"}],"curies":[{"name":"wp","href":"https:\/\/api.w.org\/{rel}","templated":true}]}}