{"id":5156,"date":"2023-01-24T13:59:07","date_gmt":"2023-01-24T12:59:07","guid":{"rendered":"https:\/\/newlooxs.nl\/nieuws\/"},"modified":"2024-08-27T14:50:08","modified_gmt":"2024-08-27T12:50:08","slug":"nieuws-new-looxs","status":"publish","type":"page","link":"https:\/\/newlooxs.nl\/fr\/nieuws-new-looxs\/","title":{"rendered":"Nouvelles"},"content":{"rendered":"\n<div style=\"height:30px;--spacer-height:30px\" aria-hidden=\"true\" class=\"wp-block-spacer\"><\/div>\n\n<h1 class=\"wp-block-heading\" style=\"font-size:40px\">Actualit\u00e9s<\/h1>\n\r\n<div id=\"block_68a68b3cbd384d6252db7a26d33fb0b3\" class=\"wp-block-acf-prode-archive alignnone \">\r\n\t<div class=\"container\">\r\n\t\t<div class=\"row cards-wrapper g-5\">\r\n\t\t\t\t\t\t\t\t<div class=\"col-12 col-md-4 d-flex\">\r\n\t\t\t\t\t\t<a href=\"https:\/\/newlooxs.nl\/fr\/tout-sur-le-systeme-mik-et-le-mik-2-0-fixation-intelligente-en-un-clic\/\" class=\"prode-card\" style=\"background-color: #FFFFFF; font-size: 16px\">\r\n\t\t\t\t\t\t\t<img loading=\"lazy\" src=\"https:\/\/newlooxs.nl\/wp-content\/uploads\/2025\/08\/15A1699-768x512.jpg\" class=\"wp-post-image\" alt=\"Tout sur le syst\u00e8me MIK et le MIK 2.0 : fixation intelligente en un clic\" decoding=\"async\" style=\"height: 250px;\"><span class=\"meta date has-icon px-2 pt-2\">07-01-2026<\/span><h2 class=\"px-2\">Tout sur le syst\u00e8me MIK et le MIK 2.0 : fixation intelligente en un clic<\/h2><p class=\"px-2\">Que vous alliez au travail \u00e0 v\u00e9lo tous les jours, que vous fassiez vos courses ou que vous rouliez simplement pour le plaisir, le syst\u00e8me\u2026<\/p><div class=\"wp-block-button is-style-fill read-more px-2 pb-2\"><span class=\"wp-block-button__link wp-element-button\">En savoir plus<\/span><\/div>\t\t\t\t\t\t<\/a>\r\n\t\t\t\t\t<\/div>\r\n\t\t\t\t\t\t\t\t\t\t<div class=\"col-12 col-md-4 d-flex\">\r\n\t\t\t\t\t\t<a href=\"https:\/\/newlooxs.nl\/fr\/collection-2026\/\" class=\"prode-card\" style=\"background-color: #FFFFFF; font-size: 16px\">\r\n\t\t\t\t\t\t\t<img loading=\"lazy\" src=\"https:\/\/newlooxs.nl\/wp-content\/uploads\/2025\/12\/Mix_collectie_752x362-2.png\" class=\"wp-post-image\" alt=\"Collection 2026\" decoding=\"async\" style=\"height: 250px;\"><span class=\"meta date has-icon px-2 pt-2\">07-01-2026<\/span><h2 class=\"px-2\">Collection 2026<\/h2><p class=\"px-2\">D\u00e9couvrez la polyvalence de nos sacoches de v\u00e9lo La nouvelle collection New Looxs 2026 : un sac pour chaque occasion. Plus qu&rsquo;une simple sacoche de\u2026<\/p><div class=\"wp-block-button is-style-fill read-more px-2 pb-2\"><span class=\"wp-block-button__link wp-element-button\">En savoir plus<\/span><\/div>\t\t\t\t\t\t<\/a>\r\n\t\t\t\t\t<\/div>\r\n\t\t\t\t\t\t\t\t\t\t<div class=\"col-12 col-md-4 d-flex\">\r\n\t\t\t\t\t\t<a href=\"https:\/\/newlooxs.nl\/fr\/new-looxs-a-leurobike-2025-venez-nous-rendre-visite\/\" class=\"prode-card\" style=\"background-color: #FFFFFF; font-size: 16px\">\r\n\t\t\t\t\t\t\t<img loading=\"lazy\" src=\"https:\/\/newlooxs.nl\/wp-content\/uploads\/2025\/06\/EB25_ShareImage_1200x630px_DE-768x403.jpg\" class=\"wp-post-image\" alt=\"New Looxs \u00e0 l&rsquo;Eurobike 2025 \u2013 Venez nous rendre visite !\" decoding=\"async\" style=\"height: 250px;\"><span class=\"meta date has-icon px-2 pt-2\">04-06-2025<\/span><h2 class=\"px-2\">New Looxs \u00e0 l&rsquo;Eurobike 2025 \u2013 Venez nous rendre visite !<\/h2><p class=\"px-2\">Bien s\u00fbr, New Looxs sera \u00e9galement pr\u00e9sent \u00e0 l&rsquo;Eurobike cette ann\u00e9e. Nous vous invitons chaleureusement \u00e0 venir d\u00e9couvrir nos nouvelles collections \u2013 autour d&rsquo;une bonne\u2026<\/p><div class=\"wp-block-button is-style-fill read-more px-2 pb-2\"><span class=\"wp-block-button__link wp-element-button\">En savoir plus<\/span><\/div>\t\t\t\t\t\t<\/a>\r\n\t\t\t\t\t<\/div>\r\n\t\t\t\t\t\t\t\t\t\t<div class=\"col-12 col-md-4 d-flex\">\r\n\t\t\t\t\t\t<a href=\"https:\/\/newlooxs.nl\/fr\/collection-2025\/\" class=\"prode-card\" style=\"background-color: #FFFFFF; font-size: 16px\">\r\n\t\t\t\t\t\t\t<img loading=\"lazy\" src=\"https:\/\/newlooxs.nl\/wp-content\/uploads\/2024\/09\/LR_15A9674-768x512.jpg\" class=\"wp-post-image\" alt=\"Collection 2025\" decoding=\"async\" style=\"height: 250px;\"><span class=\"meta date has-icon px-2 pt-2\">19-11-2024<\/span><h2 class=\"px-2\">Collection 2025<\/h2><p class=\"px-2\">Durable, multifonctionnel et color\u00e9 Nous sommes fiers de pr\u00e9senter notre nouvelle New Looxs collection 2025 ainsi que l&rsquo;ajout d&rsquo;une nouvelle couleur \u00e0 la collection Odense\u2026<\/p><div class=\"wp-block-button is-style-fill read-more px-2 pb-2\"><span class=\"wp-block-button__link wp-element-button\">En savoir plus<\/span><\/div>\t\t\t\t\t\t<\/a>\r\n\t\t\t\t\t<\/div>\r\n\t\t\t\t\t\t\t\t\t\t<div class=\"col-12 col-md-4 d-flex\">\r\n\t\t\t\t\t\t<a href=\"https:\/\/newlooxs.nl\/fr\/new-looxs-eurobike-2024\/\" class=\"prode-card\" style=\"background-color: #FFFFFF; font-size: 16px\">\r\n\t\t\t\t\t\t\t<img loading=\"lazy\" src=\"https:\/\/newlooxs.nl\/wp-content\/uploads\/2024\/05\/EB24_OGImage_1200x630px_EN-768x403.jpg\" class=\"wp-post-image\" alt=\"New Looxs Eurobike 2024\" decoding=\"async\" style=\"height: 250px;\"><span class=\"meta date has-icon px-2 pt-2\">31-05-2024<\/span><h2 class=\"px-2\">New Looxs Eurobike 2024<\/h2><p class=\"px-2\">Hello Future &#8211; New Looxs Eurobike 2024 Bien s\u00fbr, New Looxs sera pr\u00e9sent \u00e0 l&rsquo;Eurobike cette ann\u00e9e. Nous vous invitons chaleureusement \u00e0 venir nous rendre\u2026<\/p><div class=\"wp-block-button is-style-fill read-more px-2 pb-2\"><span class=\"wp-block-button__link wp-element-button\">En savoir plus<\/span><\/div>\t\t\t\t\t\t<\/a>\r\n\t\t\t\t\t<\/div>\r\n\t\t\t\t\t\t\t\t\t\t<div class=\"col-12 col-md-4 d-flex\">\r\n\t\t\t\t\t\t<a href=\"https:\/\/newlooxs.nl\/fr\/downloadmanager-new-looxs\/\" class=\"prode-card\" style=\"background-color: #FFFFFF; font-size: 16px\">\r\n\t\t\t\t\t\t\t<img loading=\"lazy\" src=\"https:\/\/newlooxs.nl\/wp-content\/uploads\/2024\/05\/FR_Website-vierkant-12.7-x-9-cm-722x512.jpg\" class=\"wp-post-image\" alt=\"Downloadmanager &#8211; Informations sur New Looxs\" decoding=\"async\" style=\"height: 250px;\"><span class=\"meta date has-icon px-2 pt-2\">01-05-2024<\/span><h2 class=\"px-2\">Downloadmanager &#8211; Informations sur New Looxs<\/h2><p class=\"px-2\">Nous recevons r\u00e9guli\u00e8rement des demandes de la part de concessionnaires de v\u00e9los ou de grossistes : \u00ab\u00a0Puis-je t\u00e9l\u00e9charger quelque part des photos de produits ou\u2026<\/p><div class=\"wp-block-button is-style-fill read-more px-2 pb-2\"><span class=\"wp-block-button__link wp-element-button\">En savoir plus<\/span><\/div>\t\t\t\t\t\t<\/a>\r\n\t\t\t\t\t<\/div>\r\n\t\t\t\t\t\t\t\t\t\t<div class=\"col-12 col-md-4 d-flex\">\r\n\t\t\t\t\t\t<a href=\"https:\/\/newlooxs.nl\/fr\/nouveaux-collegues\/\" class=\"prode-card\" style=\"background-color: #FFFFFF; font-size: 16px\">\r\n\t\t\t\t\t\t\t<img loading=\"lazy\" src=\"https:\/\/newlooxs.nl\/wp-content\/uploads\/2024\/04\/Voorstellen-collegas_website-25-x-15-cm-768x461.jpg\" class=\"wp-post-image\" alt=\"Expansion de l&rsquo;\u00e9quipe New Looxs\" decoding=\"async\" style=\"height: 250px;\"><span class=\"meta date has-icon px-2 pt-2\">25-04-2024<\/span><h2 class=\"px-2\">Expansion de l&rsquo;\u00e9quipe New Looxs<\/h2><p class=\"px-2\">Nouvelles acquisitions En plus de nouveaux sacs, New Looxs ajoute \u00e9galement de nouveaux coll\u00e8gues \u00e0 l&rsquo;\u00e9quipe. Ils se pr\u00e9sentent bri\u00e8vement : Kevin Un vrai dynamique\u2026<\/p><div class=\"wp-block-button is-style-fill read-more px-2 pb-2\"><span class=\"wp-block-button__link wp-element-button\">En savoir plus<\/span><\/div>\t\t\t\t\t\t<\/a>\r\n\t\t\t\t\t<\/div>\r\n\t\t\t\t\t\t\t\t\t\t<div class=\"col-12 col-md-4 d-flex\">\r\n\t\t\t\t\t\t<a href=\"https:\/\/newlooxs.nl\/fr\/new-looxs-presente-la-nouvelle-collection-polyvalente\/\" class=\"prode-card\" style=\"background-color: #FFFFFF; font-size: 16px\">\r\n\t\t\t\t\t\t\t<img loading=\"lazy\" src=\"https:\/\/newlooxs.nl\/wp-content\/uploads\/2023\/09\/226511-Odense-Backpack-Green-8-768x512.jpg\" class=\"wp-post-image\" alt=\"New Looxs pr\u00e9sente la nouvelle collection polyvalente\" decoding=\"async\" style=\"height: 250px;\"><span class=\"meta date has-icon px-2 pt-2\">04-11-2020<\/span><h2 class=\"px-2\">New Looxs pr\u00e9sente la nouvelle collection polyvalente<\/h2><p class=\"px-2\">Demande accrue de sacs pour navetteurs Pratique, contemporain et s\u00fbr. Voil\u00e0 la meilleure fa\u00e7on de d\u00e9crire notre nouvelle collection de sacoches. La collection 2021 comprend\u2026<\/p><div class=\"wp-block-button is-style-fill read-more px-2 pb-2\"><span class=\"wp-block-button__link wp-element-button\">En savoir plus<\/span><\/div>\t\t\t\t\t\t<\/a>\r\n\t\t\t\t\t<\/div>\r\n\t\t\t\t\t\t\t\t\t\t<div class=\"col-12 col-md-4 d-flex\">\r\n\t\t\t\t\t\t<a href=\"https:\/\/newlooxs.nl\/fr\/plus-fort-grace-a-la-collaboration\/\" class=\"prode-card\" style=\"background-color: #FFFFFF; font-size: 16px\">\r\n\t\t\t\t\t\t\t<img loading=\"lazy\" src=\"https:\/\/newlooxs.nl\/wp-content\/uploads\/2023\/09\/Nova-dbl-Racktime-1-768x512.jpg\" class=\"wp-post-image\" alt=\"Plus fort gr\u00e2ce \u00e0 la collaboration\" decoding=\"async\" style=\"height: 250px;\"><span class=\"meta date has-icon px-2 pt-2\">08-05-2019<\/span><h2 class=\"px-2\">Plus fort gr\u00e2ce \u00e0 la collaboration<\/h2><p class=\"px-2\">New Looxs cooperates with well-known suppliers of fastening systems for their bicycle bags. \u00ab\u00a0Des marques telles que Racktime et Klickfix sont des experts absolus des\u2026<\/p><div class=\"wp-block-button is-style-fill read-more px-2 pb-2\"><span class=\"wp-block-button__link wp-element-button\">En savoir plus<\/span><\/div>\t\t\t\t\t\t<\/a>\r\n\t\t\t\t\t<\/div>\r\n\t\t\t\t\t\t\t<\/div>\r\n\t<\/div>\r\n<\/div>\r\n","protected":false},"excerpt":{"rendered":"<p>Actualit\u00e9s<\/p>\n","protected":false},"author":9,"featured_media":0,"parent":0,"menu_order":6,"comment_status":"closed","ping_status":"closed","template":"","meta":{"_acf_changed":false,"_eb_attr":"","_relevanssi_hide_post":"","_relevanssi_hide_content":"","_relevanssi_pin_for_all":"","_relevanssi_pin_keywords":"","_relevanssi_unpin_keywords":"","_relevanssi_related_keywords":"","_relevanssi_related_include_ids":"","_relevanssi_related_exclude_ids":"","_relevanssi_related_no_append":"","_relevanssi_related_not_related":"","_relevanssi_related_posts":"31640,31961,3843,31814,3714","_relevanssi_noindex_reason":"","inline_featured_image":false,"footnotes":""},"class_list":["post-5156","page","type-page","status-publish","hentry"],"acf":[],"yoast_head":"<!-- This site is optimized with the Yoast SEO Premium plugin v22.0 (Yoast SEO v27.4) - https:\/\/yoast.com\/product\/yoast-seo-premium-wordpress\/ -->\n<title>Lees het laatste nieuws en interessante artikelen van New Looxs<\/title>\n<meta name=\"description\" content=\"Blijf op de hoogte en lees hier het laatste nieuws en interessante weetjes over fietsen, fietstassen en de collectie van New Looxs.\" \/>\n<meta name=\"robots\" content=\"index, follow, max-snippet:-1, max-image-preview:large, max-video-preview:-1\" \/>\n<link rel=\"canonical\" href=\"https:\/\/newlooxs.nl\/fr\/nieuws-new-looxs\/\" \/>\n<meta property=\"og:locale\" content=\"fr_FR\" \/>\n<meta property=\"og:type\" content=\"article\" \/>\n<meta property=\"og:title\" content=\"Nouvelles\" \/>\n<meta property=\"og:description\" content=\"Blijf op de hoogte en lees hier het laatste nieuws en interessante weetjes over fietsen, fietstassen en de collectie van New Looxs.\" \/>\n<meta property=\"og:url\" content=\"https:\/\/newlooxs.nl\/fr\/nieuws-new-looxs\/\" \/>\n<meta property=\"og:site_name\" content=\"New Looxs\" \/>\n<meta property=\"article:publisher\" content=\"https:\/\/www.facebook.com\/NewLooxs\/\" \/>\n<meta property=\"article:modified_time\" content=\"2024-08-27T12:50:08+00:00\" \/>\n<meta name=\"twitter:card\" content=\"summary_large_image\" \/>\n<meta name=\"twitter:label1\" content=\"Dur\u00e9e de lecture estim\u00e9e\" \/>\n\t<meta name=\"twitter:data1\" content=\"1 minute\" \/>\n<script type=\"application\/ld+json\" class=\"yoast-schema-graph\">{\"@context\":\"https:\\\/\\\/schema.org\",\"@graph\":[{\"@type\":\"WebPage\",\"@id\":\"https:\\\/\\\/newlooxs.nl\\\/fr\\\/nieuws-new-looxs\\\/\",\"url\":\"https:\\\/\\\/newlooxs.nl\\\/fr\\\/nieuws-new-looxs\\\/\",\"name\":\"Lees het laatste nieuws en interessante artikelen van New Looxs\",\"isPartOf\":{\"@id\":\"https:\\\/\\\/newlooxs.nl\\\/fr\\\/#website\"},\"datePublished\":\"2023-01-24T12:59:07+00:00\",\"dateModified\":\"2024-08-27T12:50:08+00:00\",\"description\":\"Blijf op de hoogte en lees hier het laatste nieuws en interessante weetjes over fietsen, fietstassen en de collectie van New Looxs.\",\"breadcrumb\":{\"@id\":\"https:\\\/\\\/newlooxs.nl\\\/fr\\\/nieuws-new-looxs\\\/#breadcrumb\"},\"inLanguage\":\"fr-FR\",\"potentialAction\":[{\"@type\":\"ReadAction\",\"target\":[\"https:\\\/\\\/newlooxs.nl\\\/fr\\\/nieuws-new-looxs\\\/\"]}]},{\"@type\":\"BreadcrumbList\",\"@id\":\"https:\\\/\\\/newlooxs.nl\\\/fr\\\/nieuws-new-looxs\\\/#breadcrumb\",\"itemListElement\":[{\"@type\":\"ListItem\",\"position\":1,\"name\":\"Home\",\"item\":\"https:\\\/\\\/newlooxs.nl\\\/fr\\\/\"},{\"@type\":\"ListItem\",\"position\":2,\"name\":\"Nouvelles\"}]},{\"@type\":\"WebSite\",\"@id\":\"https:\\\/\\\/newlooxs.nl\\\/fr\\\/#website\",\"url\":\"https:\\\/\\\/newlooxs.nl\\\/fr\\\/\",\"name\":\"New Looxs\",\"description\":\"\",\"publisher\":{\"@id\":\"https:\\\/\\\/newlooxs.nl\\\/fr\\\/#organization\"},\"potentialAction\":[{\"@type\":\"SearchAction\",\"target\":{\"@type\":\"EntryPoint\",\"urlTemplate\":\"https:\\\/\\\/newlooxs.nl\\\/fr\\\/?s={search_term_string}\"},\"query-input\":{\"@type\":\"PropertyValueSpecification\",\"valueRequired\":true,\"valueName\":\"search_term_string\"}}],\"inLanguage\":\"fr-FR\"},{\"@type\":\"Organization\",\"@id\":\"https:\\\/\\\/newlooxs.nl\\\/fr\\\/#organization\",\"name\":\"New Looxs\",\"url\":\"https:\\\/\\\/newlooxs.nl\\\/fr\\\/\",\"logo\":{\"@type\":\"ImageObject\",\"inLanguage\":\"fr-FR\",\"@id\":\"https:\\\/\\\/newlooxs.nl\\\/fr\\\/#\\\/schema\\\/logo\\\/image\\\/\",\"url\":\"https:\\\/\\\/newlooxs.nl\\\/wp-content\\\/uploads\\\/2023\\\/06\\\/logo1.svg\",\"contentUrl\":\"https:\\\/\\\/newlooxs.nl\\\/wp-content\\\/uploads\\\/2023\\\/06\\\/logo1.svg\",\"caption\":\"New Looxs\"},\"image\":{\"@id\":\"https:\\\/\\\/newlooxs.nl\\\/fr\\\/#\\\/schema\\\/logo\\\/image\\\/\"},\"sameAs\":[\"https:\\\/\\\/www.facebook.com\\\/NewLooxs\\\/\",\"https:\\\/\\\/www.instagram.com\\\/newlooxs\\\/\",\"https:\\\/\\\/www.linkedin.com\\\/company\\\/newlooxs\\\/\",\"https:\\\/\\\/www.youtube.com\\\/@newlooxs-bicyclebagsbaskets\"]}]}<\/script>\n<!-- \/ Yoast SEO Premium plugin. -->","yoast_head_json":{"title":"Lees het laatste nieuws en interessante artikelen van New Looxs","description":"Blijf op de hoogte en lees hier het laatste nieuws en interessante weetjes over fietsen, fietstassen en de collectie van New Looxs.","robots":{"index":"index","follow":"follow","max-snippet":"max-snippet:-1","max-image-preview":"max-image-preview:large","max-video-preview":"max-video-preview:-1"},"canonical":"https:\/\/newlooxs.nl\/fr\/nieuws-new-looxs\/","og_locale":"fr_FR","og_type":"article","og_title":"Nouvelles","og_description":"Blijf op de hoogte en lees hier het laatste nieuws en interessante weetjes over fietsen, fietstassen en de collectie van New Looxs.","og_url":"https:\/\/newlooxs.nl\/fr\/nieuws-new-looxs\/","og_site_name":"New Looxs","article_publisher":"https:\/\/www.facebook.com\/NewLooxs\/","article_modified_time":"2024-08-27T12:50:08+00:00","twitter_card":"summary_large_image","twitter_misc":{"Dur\u00e9e de lecture estim\u00e9e":"1 minute"},"schema":{"@context":"https:\/\/schema.org","@graph":[{"@type":"WebPage","@id":"https:\/\/newlooxs.nl\/fr\/nieuws-new-looxs\/","url":"https:\/\/newlooxs.nl\/fr\/nieuws-new-looxs\/","name":"Lees het laatste nieuws en interessante artikelen van New Looxs","isPartOf":{"@id":"https:\/\/newlooxs.nl\/fr\/#website"},"datePublished":"2023-01-24T12:59:07+00:00","dateModified":"2024-08-27T12:50:08+00:00","description":"Blijf op de hoogte en lees hier het laatste nieuws en interessante weetjes over fietsen, fietstassen en de collectie van New Looxs.","breadcrumb":{"@id":"https:\/\/newlooxs.nl\/fr\/nieuws-new-looxs\/#breadcrumb"},"inLanguage":"fr-FR","potentialAction":[{"@type":"ReadAction","target":["https:\/\/newlooxs.nl\/fr\/nieuws-new-looxs\/"]}]},{"@type":"BreadcrumbList","@id":"https:\/\/newlooxs.nl\/fr\/nieuws-new-looxs\/#breadcrumb","itemListElement":[{"@type":"ListItem","position":1,"name":"Home","item":"https:\/\/newlooxs.nl\/fr\/"},{"@type":"ListItem","position":2,"name":"Nouvelles"}]},{"@type":"WebSite","@id":"https:\/\/newlooxs.nl\/fr\/#website","url":"https:\/\/newlooxs.nl\/fr\/","name":"New Looxs","description":"","publisher":{"@id":"https:\/\/newlooxs.nl\/fr\/#organization"},"potentialAction":[{"@type":"SearchAction","target":{"@type":"EntryPoint","urlTemplate":"https:\/\/newlooxs.nl\/fr\/?s={search_term_string}"},"query-input":{"@type":"PropertyValueSpecification","valueRequired":true,"valueName":"search_term_string"}}],"inLanguage":"fr-FR"},{"@type":"Organization","@id":"https:\/\/newlooxs.nl\/fr\/#organization","name":"New Looxs","url":"https:\/\/newlooxs.nl\/fr\/","logo":{"@type":"ImageObject","inLanguage":"fr-FR","@id":"https:\/\/newlooxs.nl\/fr\/#\/schema\/logo\/image\/","url":"https:\/\/newlooxs.nl\/wp-content\/uploads\/2023\/06\/logo1.svg","contentUrl":"https:\/\/newlooxs.nl\/wp-content\/uploads\/2023\/06\/logo1.svg","caption":"New Looxs"},"image":{"@id":"https:\/\/newlooxs.nl\/fr\/#\/schema\/logo\/image\/"},"sameAs":["https:\/\/www.facebook.com\/NewLooxs\/","https:\/\/www.instagram.com\/newlooxs\/","https:\/\/www.linkedin.com\/company\/newlooxs\/","https:\/\/www.youtube.com\/@newlooxs-bicyclebagsbaskets"]}]}},"_links":{"self":[{"href":"https:\/\/newlooxs.nl\/fr\/wp-json\/wp\/v2\/pages\/5156","targetHints":{"allow":["GET"]}}],"collection":[{"href":"https:\/\/newlooxs.nl\/fr\/wp-json\/wp\/v2\/pages"}],"about":[{"href":"https:\/\/newlooxs.nl\/fr\/wp-json\/wp\/v2\/types\/page"}],"author":[{"embeddable":true,"href":"https:\/\/newlooxs.nl\/fr\/wp-json\/wp\/v2\/users\/9"}],"replies":[{"embeddable":true,"href":"https:\/\/newlooxs.nl\/fr\/wp-json\/wp\/v2\/comments?post=5156"}],"version-history":[{"count":4,"href":"https:\/\/newlooxs.nl\/fr\/wp-json\/wp\/v2\/pages\/5156\/revisions"}],"predecessor-version":[{"id":32603,"href":"https:\/\/newlooxs.nl\/fr\/wp-json\/wp\/v2\/pages\/5156\/revisions\/32603"}],"wp:attachment":[{"href":"https:\/\/newlooxs.nl\/fr\/wp-json\/wp\/v2\/media?parent=5156"}],"curies":[{"name":"wp","href":"https:\/\/api.w.org\/{rel}","templated":true}]}}