{"id":5163,"date":"2023-01-24T13:51:57","date_gmt":"2023-01-24T12:51:57","guid":{"rendered":"https:\/\/newlooxs.nl\/privacyverklaring\/"},"modified":"2025-08-08T14:59:56","modified_gmt":"2025-08-08T12:59:56","slug":"politique-de-confidentialite","status":"publish","type":"page","link":"https:\/\/newlooxs.nl\/fr\/politique-de-confidentialite\/","title":{"rendered":"Politique de confidentialit\u00e9"},"content":{"rendered":"\n<div style=\"height:50px;--spacer-height:50px\" aria-hidden=\"true\" class=\"wp-block-spacer\"><\/div>\n\n\n\n<div class=\"wp-block-columns is-layout-flex wp-container-core-columns-is-layout-28f84493 wp-block-columns-is-layout-flex\" style=\"gap:32px\">\n<div class=\"wp-block-column is-layout-flow wp-block-column-is-layout-flow\" style=\"flex-basis:70%\">\n<h1 class=\"wp-block-heading\" id=\"h-politique-de-confidentialite\" style=\"font-size:40px\"><mark style=\"background-color:#f04923\" class=\"has-inline-color has-color-5-color\">Politique de confidentialit\u00e9<\/mark><\/h1>\n\n\n\n<p>Burgers Lederwarenfabriek B.V., \u00e9tablie \u00e0 Bijsterhuizen 2430 6604 LL Wijchen, est responsable du traitement des donn\u00e9es \u00e0 caract\u00e8re personnel tel que d\u00e9crit dans la pr\u00e9sente d\u00e9claration de confidentialit\u00e9.<\/p>\n\n\n\n<h2 class=\"wp-block-heading has-extra-large-font-size\" id=\"h-coordonnees\">Coordonn\u00e9es:<\/h2>\n\n\n\n<p>Bijsterhuizen 2430 <br>6604 LL Wijchen \u2013 Pays-Bas<br>+31 (0)24 641 33 47<br><a href=\"mailto:info@newlooxs.nl\">info@newlooxs.nl<\/a><\/p>\n\n\n\n<h2 class=\"wp-block-heading has-extra-large-font-size\" id=\"h-donnees-personnelles-que-nous-traitons\">Donn\u00e9es personnelles que nous traitons:<\/h2>\n\n\n\n<p>Burgers Lederwarenfabriek B.V. traite vos donn\u00e9es personnelles sur le site web parce que vous utilisez nos services et\/ou parce que vous nous les fournissez vous-m\u00eame, par exemple en remplissant le formulaire de contact. Vous trouverez ci-dessous un aper\u00e7u des donn\u00e9es personnelles que nous sommes susceptibles de traiter :<\/p>\n\n\n\n<ul class=\"wp-block-list\">\n<li>Nom et pr\u00e9nom<\/li>\n\n\n\n<li>Telefoonnummer<\/li>\n\n\n\n<li>Adresse e-mail<\/li>\n\n\n\n<li>Overige persoonsgegevens die u actief verstrekt bijvoorbeeld in correspondentie en telefonisch<\/li>\n\n\n\n<li>Gegevens over uw activiteiten op onze website<\/li>\n<\/ul>\n\n\n\n<h2 class=\"wp-block-heading has-extra-large-font-size\" id=\"h-dans-quel-but-et-sur-quelle-base-traitons-nous-les-donnees-a-caractere-personnel\">Dans quel but et sur quelle base traitons-nous les donn\u00e9es \u00e0 caract\u00e8re personnel ?<\/h2>\n\n\n\n<p>Burgers Lederwarenfabriek B.V. traite vos donn\u00e9es \u00e0 caract\u00e8re personnel aux fins suivantes :<\/p>\n\n\n\n<ul class=\"wp-block-list\">\n<li>Envoi de notre newsletter et\/ou de notre brochure publicitaire.<\/li>\n\n\n\n<li>Pour pouvoir vous appeler ou vous envoyer un e-mail si cela s&rsquo;av\u00e8re n\u00e9cessaire pour pouvoir fournir nos services.<\/li>\n\n\n\n<li>Pour vous informer des modifications apport\u00e9es \u00e0 nos services et produits.<\/li>\n\n\n\n<li>Burgers Lederwarenfabriek B.V. traite \u00e9galement des donn\u00e9es \u00e0 caract\u00e8re personnel lorsque nous y sommes l\u00e9galement tenus, comme les donn\u00e9es dont nous avons besoin pour notre d\u00e9claration fiscale.<\/li>\n<\/ul>\n\n\n\n<h2 class=\"wp-block-heading has-extra-large-font-size\" id=\"h-hoe-lang-we-persoonsgegevens-bewaren\">Hoe lang we persoonsgegevens bewaren<\/h2>\n\n\n\n<p>Burgers Lederwarenfabriek B.V. bewaart uw persoonsgegevens niet langer dan strikt nodig is om de doelen te realiseren waarvoor uw gegevens worden verzameld.<\/p>\n\n\n\n<h2 class=\"wp-block-heading has-extra-large-font-size\" id=\"h-delen-van-persoonsgegevens-met-derden\">Delen van persoonsgegevens met derden<\/h2>\n\n\n\n<p>Burgers Lederwarenfabriek B.V. verstrekt uitsluitend aan derden en alleen als dit nodig is voor de uitvoering van onze overeenkomst met u of om te voldoen aan een wettelijke verplichting.<\/p>\n\n\n\n<h2 class=\"wp-block-heading has-extra-large-font-size\" id=\"h-cookies-of-vergelijkbare-technieken-die-wij-gebruiken\">Cookies, of vergelijkbare technieken, die wij gebruiken<\/h2>\n\n\n\n<p>Burgers Lederwarenfabriek B.V. gebruikt alleen technische en functionele cookies. En analytische cookies (Google Analytics) die zo ingesteld zijn dat ze geen inbreuk maken op uw privacy. Een cookie is een klein tekstbestand dat bij het eerste bezoek aan deze website wordt opgeslagen op uw computer, tablet of smartphone. De cookies die wij gebruiken zijn noodzakelijk voor de technische werking van de website en uw gebruiksgemak. Ze zorgen ervoor dat de website naar behoren werkt en onthouden bijvoorbeeld uw voorkeursinstellingen. Ook kunnen wij hiermee onze website optimaliseren. U kunt zich afmelden voor cookies door uw internetbrowser zo in te stellen dat deze geen cookies meer opslaat. Daarnaast kunt u ook alle informatie die eerder is opgeslagen via de instellingen van uw browser verwijderen.<\/p>\n\n\n\n<h2 class=\"wp-block-heading has-extra-large-font-size\" id=\"h-gegevens-inzien-aanpassen-of-verwijderen\">Gegevens inzien, aanpassen of verwijderen<\/h2>\n\n\n\n<p>U heeft het recht om uw persoonsgegevens in te zien, te corrigeren of te verwijderen. Daarnaast heeft u het recht om uw eventuele toestemming voor de gegevensverwerking in te trekken of bezwaar te maken tegen de verwerking van uw persoonsgegevens door Burgers Lederwarenfabriek B.V. en heeft u het recht op gegevensoverdraagbaarheid. Dat betekent dat u bij ons een verzoek kunt indienen om de persoonsgegevens die wij van u beschikken in een computerbestand naar u of een ander, door u genoemde organisatie, te sturen. U kunt een verzoek tot inzage, correctie, verwijdering, gegevensoverdraging van uw persoonsgegevens of verzoek tot intrekking van uw toestemming of bezwaar op de verwerking van uw persoonsgegevens sturen naar <a href=\"mailto:info@newlooxs.nl\">info@newlooxs.nl<\/a>.<\/p>\n\n\n\n<p>Om er zeker van te zijn dat het verzoek tot inzage door u is gedaan, vragen wij u een kopie van uw identiteitsbewijs met het verzoek mee te sturen. Maak in deze kopie uw pasfoto, MRZ (machine readable zone, de strook met nummers onderaan het paspoort), paspoortnummer en Burgerservicenummer (BSN) zwart. Dit ter bescherming van uw privacy. We reageren zo snel mogelijk, maar binnen vier weken, op uw verzoek. Burgers Lederwarenfabriek B.V. wil u er tevens op wijzen dat u de mogelijkheid heeft om een <a href=\"https:\/\/autoriteitpersoonsgegevens.nl\/nl\/contact-met-de-autoriteit-persoonsgegevens\/tip-ons\" target=\"_blank\" rel=\"noreferrer noopener\">klacht in te dienen<\/a> bij de nationale toezichthouder, de Autoriteit Persoonsgegevens.<\/p>\n\n\n\n<h2 class=\"wp-block-heading has-extra-large-font-size\" id=\"h-hoe-wij-persoonsgegevens-beveiligen\">Hoe wij persoonsgegevens beveiligen<\/h2>\n\n\n\n<p>Burgers Lederwarenfabriek B.V. neemt de bescherming van uw gegevens serieus en neemt passende maatregelen om misbruik, verlies, onbevoegde toegang, ongewenste openbaarmaking en ongeoorloofde wijziging tegen te gaan. Als u de indruk heeft dat uw gegevens niet goed beveiligd zijn of er aanwijzingen zijn van misbruik, neem dan contact op met onze klantenservice of via <a href=\"mailto:info@newlooxs.nl\">info@newlooxs.nl<\/a>.<\/p>\n<\/div>\n\n\n\n<div class=\"wp-block-column is-layout-flow wp-block-column-is-layout-flow\"><\/div>\n<\/div>\n\n\n\n<div style=\"height:50px;--spacer-height:50px\" aria-hidden=\"true\" class=\"wp-block-spacer\"><\/div>\n","protected":false},"excerpt":{"rendered":"<p>Politique de confidentialit\u00e9 Burgers Lederwarenfabriek B.V., \u00e9tablie \u00e0 Bijsterhuizen 2430 6604 LL Wijchen, est responsable du traitement des donn\u00e9es \u00e0 caract\u00e8re personnel tel que d\u00e9crit dans la pr\u00e9sente d\u00e9claration de confidentialit\u00e9. Coordonn\u00e9es: Bijsterhuizen 2430 6604 LL Wijchen \u2013 Pays-Bas+31 (0)24 641 33 47info@newlooxs.nl Donn\u00e9es personnelles que nous traitons: Burgers Lederwarenfabriek B.V. traite vos donn\u00e9es personnelles [&hellip;]<\/p>\n","protected":false},"author":9,"featured_media":0,"parent":0,"menu_order":11,"comment_status":"closed","ping_status":"closed","template":"","meta":{"_acf_changed":false,"_eb_attr":"","_relevanssi_hide_post":"","_relevanssi_hide_content":"","_relevanssi_pin_for_all":"","_relevanssi_pin_keywords":"","_relevanssi_unpin_keywords":"","_relevanssi_related_keywords":"","_relevanssi_related_include_ids":"","_relevanssi_related_exclude_ids":"","_relevanssi_related_no_append":"","_relevanssi_related_not_related":"","_relevanssi_related_posts":"31640,31961,3843,3714,31814","_relevanssi_noindex_reason":"Yoast SEO Relevanssi index exclude","inline_featured_image":false,"footnotes":""},"class_list":["post-5163","page","type-page","status-publish","hentry"],"acf":[],"yoast_head":"<!-- This site is optimized with the Yoast SEO Premium plugin v22.0 (Yoast SEO v27.5) - https:\/\/yoast.com\/product\/yoast-seo-premium-wordpress\/ -->\n<title>Politique de confidentialit\u00e9 - New Looxs<\/title>\n<meta name=\"robots\" content=\"noindex, follow\" \/>\n<meta property=\"og:locale\" content=\"fr_FR\" \/>\n<meta property=\"og:type\" content=\"article\" \/>\n<meta property=\"og:title\" content=\"Politique de confidentialit\u00e9\" \/>\n<meta property=\"og:description\" content=\"Politique de confidentialit\u00e9 Burgers Lederwarenfabriek B.V., \u00e9tablie \u00e0 Bijsterhuizen 2430 6604 LL Wijchen, est responsable du traitement des donn\u00e9es \u00e0 caract\u00e8re personnel tel que d\u00e9crit dans la pr\u00e9sente d\u00e9claration de confidentialit\u00e9. Coordonn\u00e9es: Bijsterhuizen 2430 6604 LL Wijchen \u2013 Pays-Bas+31 (0)24 641 33 47info@newlooxs.nl Donn\u00e9es personnelles que nous traitons: Burgers Lederwarenfabriek B.V. traite vos donn\u00e9es personnelles [&hellip;]\" \/>\n<meta property=\"og:url\" content=\"https:\/\/newlooxs.nl\/fr\/politique-de-confidentialite\/\" \/>\n<meta property=\"og:site_name\" content=\"New Looxs\" \/>\n<meta property=\"article:publisher\" content=\"https:\/\/www.facebook.com\/NewLooxs\/\" \/>\n<meta property=\"article:modified_time\" content=\"2025-08-08T12:59:56+00:00\" \/>\n<meta name=\"twitter:card\" content=\"summary_large_image\" \/>\n<meta name=\"twitter:label1\" content=\"Dur\u00e9e de lecture estim\u00e9e\" \/>\n\t<meta name=\"twitter:data1\" content=\"4 minutes\" \/>\n<script type=\"application\/ld+json\" class=\"yoast-schema-graph\">{\"@context\":\"https:\\\/\\\/schema.org\",\"@graph\":[{\"@type\":\"WebPage\",\"@id\":\"https:\\\/\\\/newlooxs.nl\\\/fr\\\/politique-de-confidentialite\\\/\",\"url\":\"https:\\\/\\\/newlooxs.nl\\\/fr\\\/politique-de-confidentialite\\\/\",\"name\":\"Politique de confidentialit\u00e9 - New Looxs\",\"isPartOf\":{\"@id\":\"https:\\\/\\\/newlooxs.nl\\\/fr\\\/#website\"},\"datePublished\":\"2023-01-24T12:51:57+00:00\",\"dateModified\":\"2025-08-08T12:59:56+00:00\",\"breadcrumb\":{\"@id\":\"https:\\\/\\\/newlooxs.nl\\\/fr\\\/politique-de-confidentialite\\\/#breadcrumb\"},\"inLanguage\":\"fr-FR\",\"potentialAction\":[{\"@type\":\"ReadAction\",\"target\":[\"https:\\\/\\\/newlooxs.nl\\\/fr\\\/politique-de-confidentialite\\\/\"]}]},{\"@type\":\"BreadcrumbList\",\"@id\":\"https:\\\/\\\/newlooxs.nl\\\/fr\\\/politique-de-confidentialite\\\/#breadcrumb\",\"itemListElement\":[{\"@type\":\"ListItem\",\"position\":1,\"name\":\"Home\",\"item\":\"https:\\\/\\\/newlooxs.nl\\\/fr\\\/\"},{\"@type\":\"ListItem\",\"position\":2,\"name\":\"Politique de confidentialit\u00e9\"}]},{\"@type\":\"WebSite\",\"@id\":\"https:\\\/\\\/newlooxs.nl\\\/fr\\\/#website\",\"url\":\"https:\\\/\\\/newlooxs.nl\\\/fr\\\/\",\"name\":\"New Looxs\",\"description\":\"\",\"publisher\":{\"@id\":\"https:\\\/\\\/newlooxs.nl\\\/fr\\\/#organization\"},\"potentialAction\":[{\"@type\":\"SearchAction\",\"target\":{\"@type\":\"EntryPoint\",\"urlTemplate\":\"https:\\\/\\\/newlooxs.nl\\\/fr\\\/?s={search_term_string}\"},\"query-input\":{\"@type\":\"PropertyValueSpecification\",\"valueRequired\":true,\"valueName\":\"search_term_string\"}}],\"inLanguage\":\"fr-FR\"},{\"@type\":\"Organization\",\"@id\":\"https:\\\/\\\/newlooxs.nl\\\/fr\\\/#organization\",\"name\":\"New Looxs\",\"url\":\"https:\\\/\\\/newlooxs.nl\\\/fr\\\/\",\"logo\":{\"@type\":\"ImageObject\",\"inLanguage\":\"fr-FR\",\"@id\":\"https:\\\/\\\/newlooxs.nl\\\/fr\\\/#\\\/schema\\\/logo\\\/image\\\/\",\"url\":\"https:\\\/\\\/newlooxs.nl\\\/wp-content\\\/uploads\\\/2023\\\/06\\\/logo1.svg\",\"contentUrl\":\"https:\\\/\\\/newlooxs.nl\\\/wp-content\\\/uploads\\\/2023\\\/06\\\/logo1.svg\",\"caption\":\"New Looxs\"},\"image\":{\"@id\":\"https:\\\/\\\/newlooxs.nl\\\/fr\\\/#\\\/schema\\\/logo\\\/image\\\/\"},\"sameAs\":[\"https:\\\/\\\/www.facebook.com\\\/NewLooxs\\\/\",\"https:\\\/\\\/www.instagram.com\\\/newlooxs\\\/\",\"https:\\\/\\\/www.linkedin.com\\\/company\\\/newlooxs\\\/\",\"https:\\\/\\\/www.youtube.com\\\/@newlooxs-bicyclebagsbaskets\"]}]}<\/script>\n<!-- \/ Yoast SEO Premium plugin. -->","yoast_head_json":{"title":"Politique de confidentialit\u00e9 - New Looxs","robots":{"index":"noindex","follow":"follow"},"og_locale":"fr_FR","og_type":"article","og_title":"Politique de confidentialit\u00e9","og_description":"Politique de confidentialit\u00e9 Burgers Lederwarenfabriek B.V., \u00e9tablie \u00e0 Bijsterhuizen 2430 6604 LL Wijchen, est responsable du traitement des donn\u00e9es \u00e0 caract\u00e8re personnel tel que d\u00e9crit dans la pr\u00e9sente d\u00e9claration de confidentialit\u00e9. Coordonn\u00e9es: Bijsterhuizen 2430 6604 LL Wijchen \u2013 Pays-Bas+31 (0)24 641 33 47info@newlooxs.nl Donn\u00e9es personnelles que nous traitons: Burgers Lederwarenfabriek B.V. traite vos donn\u00e9es personnelles [&hellip;]","og_url":"https:\/\/newlooxs.nl\/fr\/politique-de-confidentialite\/","og_site_name":"New Looxs","article_publisher":"https:\/\/www.facebook.com\/NewLooxs\/","article_modified_time":"2025-08-08T12:59:56+00:00","twitter_card":"summary_large_image","twitter_misc":{"Dur\u00e9e de lecture estim\u00e9e":"4 minutes"},"schema":{"@context":"https:\/\/schema.org","@graph":[{"@type":"WebPage","@id":"https:\/\/newlooxs.nl\/fr\/politique-de-confidentialite\/","url":"https:\/\/newlooxs.nl\/fr\/politique-de-confidentialite\/","name":"Politique de confidentialit\u00e9 - New Looxs","isPartOf":{"@id":"https:\/\/newlooxs.nl\/fr\/#website"},"datePublished":"2023-01-24T12:51:57+00:00","dateModified":"2025-08-08T12:59:56+00:00","breadcrumb":{"@id":"https:\/\/newlooxs.nl\/fr\/politique-de-confidentialite\/#breadcrumb"},"inLanguage":"fr-FR","potentialAction":[{"@type":"ReadAction","target":["https:\/\/newlooxs.nl\/fr\/politique-de-confidentialite\/"]}]},{"@type":"BreadcrumbList","@id":"https:\/\/newlooxs.nl\/fr\/politique-de-confidentialite\/#breadcrumb","itemListElement":[{"@type":"ListItem","position":1,"name":"Home","item":"https:\/\/newlooxs.nl\/fr\/"},{"@type":"ListItem","position":2,"name":"Politique de confidentialit\u00e9"}]},{"@type":"WebSite","@id":"https:\/\/newlooxs.nl\/fr\/#website","url":"https:\/\/newlooxs.nl\/fr\/","name":"New Looxs","description":"","publisher":{"@id":"https:\/\/newlooxs.nl\/fr\/#organization"},"potentialAction":[{"@type":"SearchAction","target":{"@type":"EntryPoint","urlTemplate":"https:\/\/newlooxs.nl\/fr\/?s={search_term_string}"},"query-input":{"@type":"PropertyValueSpecification","valueRequired":true,"valueName":"search_term_string"}}],"inLanguage":"fr-FR"},{"@type":"Organization","@id":"https:\/\/newlooxs.nl\/fr\/#organization","name":"New Looxs","url":"https:\/\/newlooxs.nl\/fr\/","logo":{"@type":"ImageObject","inLanguage":"fr-FR","@id":"https:\/\/newlooxs.nl\/fr\/#\/schema\/logo\/image\/","url":"https:\/\/newlooxs.nl\/wp-content\/uploads\/2023\/06\/logo1.svg","contentUrl":"https:\/\/newlooxs.nl\/wp-content\/uploads\/2023\/06\/logo1.svg","caption":"New Looxs"},"image":{"@id":"https:\/\/newlooxs.nl\/fr\/#\/schema\/logo\/image\/"},"sameAs":["https:\/\/www.facebook.com\/NewLooxs\/","https:\/\/www.instagram.com\/newlooxs\/","https:\/\/www.linkedin.com\/company\/newlooxs\/","https:\/\/www.youtube.com\/@newlooxs-bicyclebagsbaskets"]}]}},"_links":{"self":[{"href":"https:\/\/newlooxs.nl\/fr\/wp-json\/wp\/v2\/pages\/5163","targetHints":{"allow":["GET"]}}],"collection":[{"href":"https:\/\/newlooxs.nl\/fr\/wp-json\/wp\/v2\/pages"}],"about":[{"href":"https:\/\/newlooxs.nl\/fr\/wp-json\/wp\/v2\/types\/page"}],"author":[{"embeddable":true,"href":"https:\/\/newlooxs.nl\/fr\/wp-json\/wp\/v2\/users\/9"}],"replies":[{"embeddable":true,"href":"https:\/\/newlooxs.nl\/fr\/wp-json\/wp\/v2\/comments?post=5163"}],"version-history":[{"count":4,"href":"https:\/\/newlooxs.nl\/fr\/wp-json\/wp\/v2\/pages\/5163\/revisions"}],"predecessor-version":[{"id":34834,"href":"https:\/\/newlooxs.nl\/fr\/wp-json\/wp\/v2\/pages\/5163\/revisions\/34834"}],"wp:attachment":[{"href":"https:\/\/newlooxs.nl\/fr\/wp-json\/wp\/v2\/media?parent=5163"}],"curies":[{"name":"wp","href":"https:\/\/api.w.org\/{rel}","templated":true}]}}